{"id":160,"date":"2013-11-15T13:23:03","date_gmt":"2013-11-15T12:23:03","guid":{"rendered":"http:\/\/blocs.xtec.cat\/plantillacda\/?page_id=160"},"modified":"2025-12-19T10:17:11","modified_gmt":"2025-12-19T09:17:11","slug":"projectes","status":"publish","type":"page","link":"https:\/\/serveiseducatius.xtec.cat\/cda-altbergueda\/modalitats\/projectes\/","title":{"rendered":"Projectes compartits"},"content":{"rendered":"\n<figure class=\"wp-block-image aligncenter\"><img loading=\"lazy\" decoding=\"async\" width=\"993\" height=\"247\" src=\"https:\/\/serveiseducatius.xtec.cat\/cda-altbergueda\/wp-content\/uploads\/usu1364\/2024\/06\/projectes-compartits.png\" alt=\"\" class=\"wp-image-14037\" srcset=\"https:\/\/serveiseducatius.xtec.cat\/cda-altbergueda\/wp-content\/uploads\/usu1364\/2024\/06\/projectes-compartits.png 993w, https:\/\/serveiseducatius.xtec.cat\/cda-altbergueda\/wp-content\/uploads\/usu1364\/2024\/06\/projectes-compartits-300x75.png 300w, https:\/\/serveiseducatius.xtec.cat\/cda-altbergueda\/wp-content\/uploads\/usu1364\/2024\/06\/projectes-compartits-768x191.png 768w\" sizes=\"auto, (max-width: 993px) 100vw, 993px\" \/><\/figure>\n\n\n\n<p>Els projectes compartits s\u00f3n una modalitat dels CdAs i EdAs de llarga durada. En aquests projectes la coordinaci\u00f3 entre els docents del camp d&#8217;aprenentatge i els dels centres educatius esdev\u00e9 clau per portar-los a bon port. Requereixen d&#8217;una planificaci\u00f3 acurada, que s&#8217;adapta a les necessitats de cada centre. En els projectes compartits els docents del Camp desenvolupen m\u00e9s d&#8217;una sessi\u00f3 amb els alumnes dels grups participants, per\u00f2 tamb\u00e9 \u00e9s necessari que els mestres dels centres portin a terme activitats de preparaci\u00f3, aprofundiment i difusi\u00f3 dels continguts que s&#8217;hi treballen.<\/p>\n\n\n\n<p>Els projectes compartits s\u00f3n un dels eixos de treball que ens marquem com a prioritaris al Camp d&#8217;Aprenentatge de l&#8217;Alt Bergued\u00e0. Ja fa alguns anys que desenvolupem diferents projectes conjuntament amb els centres educatius de la nostra comarca. Requereixen d&#8217;una bona coordinaci\u00f3 entre els mestres dels centres i els docents del CdA. La majoria de projectes involucren m\u00e9s d&#8217;un centre a la vegada, per la qual cosa ofereixen la possibilitat d&#8217;intercanviar informaci\u00f3 entre els alumnes de diferents pobles sobre l&#8217;aven\u00e7 del projecte, i s\u00f3n una bona oportunitat per treballar aspectes relacionats amb les TAC a l&#8217;aula. Ofereixen activitats significatives i vivencials per relacionar-se amb l&#8217;entorn proper dels alumnes i donar-lo a con\u00e8ixer a altres nois i noies o al p\u00fablic en general.<\/p>\n\n\n\n<p>Per sol\u00b7licitar la participaci\u00f3 en aquests projectes, \u00e9s necessari que us inscriviu, dins el termini del 15 al 31 de maig, a trav\u00e9s de l&#8217;<a title=\"Aplicatiu\" href=\"http:\/\/aplitic.xtec.cat\/pls\/apex\/f?p=151:LOGIN:3851290176527432\">aplicatiu del Departament d&#8217;Educaci\u00f3<\/a>.<\/p>\n\n\n\n<p>Actualment els projectes compartits que porta a terme el nostre Camp d&#8217;Aprenentatge s\u00f3n els seg\u00fcents:<\/p>\n\n\n\n<p><strong>Projecte &#8220;Coneix l&#8217;entorn del meu poble&#8221;<\/strong><\/p>\n\n\n\n<figure class=\"wp-block-image aligncenter size-full is-resized\"><a href=\"https:\/\/serveiseducatius.xtec.cat\/cda-altbergueda\/modalitats\/projectes\/coneix-lentorn-del-meu-poble\/\"><img loading=\"lazy\" decoding=\"async\" width=\"768\" height=\"217\" src=\"https:\/\/serveiseducatius.xtec.cat\/cda-altbergueda\/wp-content\/uploads\/usu1364\/2017\/03\/entornLLETRES.png\" alt=\"\" class=\"wp-image-8799\" style=\"width:428px;height:auto\" srcset=\"https:\/\/serveiseducatius.xtec.cat\/cda-altbergueda\/wp-content\/uploads\/usu1364\/2017\/03\/entornLLETRES.png 768w, https:\/\/serveiseducatius.xtec.cat\/cda-altbergueda\/wp-content\/uploads\/usu1364\/2017\/03\/entornLLETRES-300x85.png 300w\" sizes=\"auto, (max-width: 768px) 100vw, 768px\" \/><\/a><\/figure>\n\n\n\n<p>Projecte adre\u00e7at als nois i noies de cicle superior de Prim\u00e0ria de les escoles de la comarca del Bergued\u00e0, a trav\u00e9s del qual els alumnes de les escoles participants realitzen un itinerari pels voltants del seu poble amb l&#8217;objectiu de donar a con\u00e8ixer algun aspecte rellevant del seu municipi. <a href=\"http:\/\/serveiseducatius.xtec.cat\/cda-altbergueda\/ambits\/totes-les-activitats\/coneix-lentorn-del-meu-poble\/\">M\u00e9s informaci\u00f3&#8230;<\/a><\/p>\n\n\n\n<p class=\"has-text-align-center\"><a href=\"http:\/\/serveiseducatius.xtec.cat\/cda-altbergueda\/ambits\/totes-les-activitats\/coneix-lentorn-del-meu-poble\/tots-els-entorns-del-camp-daprenentatge\/\">Enlla\u00e7 als blocs del projecte&nbsp;de cursos anteriors<\/a>.<\/p>\n\n\n\n<p><strong>Projecte &#8220;Hugot: Rius i rieres del Bergued\u00e0&#8221;<\/strong><\/p>\n\n\n\n<figure class=\"wp-block-image aligncenter size-full is-resized\"><a href=\"https:\/\/serveiseducatius.xtec.cat\/cda-altbergueda\/modalitats\/projectes\/projecte-hugot-rius-i-rieres-del-bergueda\/\"><img loading=\"lazy\" decoding=\"async\" width=\"768\" height=\"252\" src=\"https:\/\/serveiseducatius.xtec.cat\/cda-altbergueda\/wp-content\/uploads\/usu1364\/2024\/09\/HUGOT-RIUS-I-RIERES-DEL-BERGUEDA.png\" alt=\"\" class=\"wp-image-14096\" style=\"width:400px;height:auto\" srcset=\"https:\/\/serveiseducatius.xtec.cat\/cda-altbergueda\/wp-content\/uploads\/usu1364\/2024\/09\/HUGOT-RIUS-I-RIERES-DEL-BERGUEDA.png 768w, https:\/\/serveiseducatius.xtec.cat\/cda-altbergueda\/wp-content\/uploads\/usu1364\/2024\/09\/HUGOT-RIUS-I-RIERES-DEL-BERGUEDA-300x98.png 300w\" sizes=\"auto, (max-width: 768px) 100vw, 768px\" \/><\/a><\/figure>\n\n\n\n<p>Projecte adre\u00e7at als alumnes de cicle mitj\u00e0 de les escoles del Bergued\u00e0. \u00c9s un projecte al voltant de l&#8217;aigua on els nens i nenes han d&#8217;analitzar un tram d&#8217;algun riu o riera que tinguin a la vora de l&#8217;escola per tal de decidir quina \u00e9s ala qualitat de l&#8217;aigua a partir de l&#8217;estudi dels macroinvertebrats d&#8217;aigua dol\u00e7a. <a href=\"http:\/\/serveiseducatius.xtec.cat\/cda-altbergueda\/ambits\/totes-les-activitats\/projecte-hugot-rius-i-rieres-del-bergueda\/\">M\u00e9s informaci\u00f3&#8230;<\/a><\/p>\n\n\n\n<p class=\"has-text-align-center\"><a href=\"http:\/\/serveiseducatius.xtec.cat\/cda-altbergueda\/modalitats\/projectes\/projecte-hugot-rius-i-rieres-del-bergueda\/tots-els-rius-i-les-rieres-de-lhugot\/\">Enlla\u00e7 als blocs del projecte&nbsp;de cursos anteriors<\/a>.<\/p>\n\n\n\n<p><strong>Projecte &#8220;Boscos del Bergued\u00e0&#8221;<\/strong><\/p>\n\n\n\n<figure class=\"wp-block-image aligncenter size-large is-resized\"><a href=\"https:\/\/serveiseducatius.xtec.cat\/cda-altbergueda\/modalitats\/projectes\/projecte-boscos-del-bergueda\/\"><img loading=\"lazy\" decoding=\"async\" width=\"1024\" height=\"326\" src=\"https:\/\/serveiseducatius.xtec.cat\/cda-altbergueda\/wp-content\/uploads\/usu1364\/2021\/01\/logo_bosc-1024x326.jpg\" alt=\"\" class=\"wp-image-11400\" style=\"width:388px;height:auto\" srcset=\"https:\/\/serveiseducatius.xtec.cat\/cda-altbergueda\/wp-content\/uploads\/usu1364\/2021\/01\/logo_bosc-1024x326.jpg 1024w, https:\/\/serveiseducatius.xtec.cat\/cda-altbergueda\/wp-content\/uploads\/usu1364\/2021\/01\/logo_bosc-300x96.jpg 300w, https:\/\/serveiseducatius.xtec.cat\/cda-altbergueda\/wp-content\/uploads\/usu1364\/2021\/01\/logo_bosc-768x245.jpg 768w\" sizes=\"auto, (max-width: 1024px) 100vw, 1024px\" \/><\/a><\/figure>\n\n\n\n<p>Projecte adre\u00e7at als alumnes de Cicle Inicial de Prim\u00e0ria de les escoles del Bergued\u00e0. En aquest projecte, que dura tot un curs escolar, es pret\u00e9n con\u00e8ixer millor l&#8217;ecosistema bosc, les relacions que s&#8217;hi estableixen entre els diferents components, els \u00e9ssers vius que els habiten, i la relaci\u00f3 que hi establim les persones. Cada escola participant ha d&#8217;escollir un bosc proper al centre, on ens hi despla\u00e7arem durant diferents moments de l&#8217;any per veure com va canviant i per fer-hi diferents activitats. <a href=\"https:\/\/serveiseducatius.xtec.cat\/cda-altbergueda\/modalitats\/projectes\/projecte-boscos-del-bergueda\/\">M\u00e9s informaci\u00f3&#8230;<\/a><\/p>\n\n\n\n<p class=\"has-text-align-center\"><a href=\"https:\/\/serveiseducatius.xtec.cat\/cda-altbergueda\/modalitats\/projectes\/projecte-boscos-del-bergueda\/tots-els-boscos-del-bergueda\/\">Enlla\u00e7 als blocs del projecte&nbsp;de cursos anteriors<\/a>.<\/p>\n\n\n\n<p><strong>Suport al &#8220;Projecte Adoptem el Nostre Patrimoni&#8221;<\/strong><\/p>\n\n\n\n<figure class=\"wp-block-image aligncenter is-resized\"><img loading=\"lazy\" decoding=\"async\" width=\"640\" height=\"480\" src=\"https:\/\/serveiseducatius.xtec.cat\/cda-altbergueda\/wp-content\/uploads\/usu1364\/2024\/01\/logo-ANP-2.jpg\" alt=\"\" class=\"wp-image-13367\" style=\"width:216px;height:auto\" srcset=\"https:\/\/serveiseducatius.xtec.cat\/cda-altbergueda\/wp-content\/uploads\/usu1364\/2024\/01\/logo-ANP-2.jpg 640w, https:\/\/serveiseducatius.xtec.cat\/cda-altbergueda\/wp-content\/uploads\/usu1364\/2024\/01\/logo-ANP-2-300x225.jpg 300w, https:\/\/serveiseducatius.xtec.cat\/cda-altbergueda\/wp-content\/uploads\/usu1364\/2024\/01\/logo-ANP-2-200x150.jpg 200w\" sizes=\"auto, (max-width: 640px) 100vw, 640px\" \/><\/figure>\n\n\n\n<p>Aquest projecte, cuinat pel&nbsp;<a href=\"http:\/\/serveiseducatius.xtec.cat\/cda-noguera\/\">Camp d&#8217;Aprenentatge de la Noguera<\/a>, s&#8217;ha anat escampant per la nostra geografia. Des del CdA de l&#8217;Alt Bergued\u00e0 oferim col\u00b7laboraci\u00f3 amb els centres propers que ho desitgin per realitzar el disseny i la posada en marxa d&#8217;aquest projecte als centres. Adre\u00e7at a alumnes de CS de Prim\u00e0ria o primer cicle d&#8217;ESO. <a href=\"https:\/\/drive.google.com\/a\/xtec.cat\/file\/d\/0B3bKbe2nPP6oMHoyQTFTVVU4ZHc\/edit?usp=sharing\">DOCUMENT<\/a>.&nbsp; <a href=\"https:\/\/serveiseducatius.xtec.cat\/cda-altbergueda\/ambits\/totes-les-activitats\/projecte-educatiu-dadopcio-de-monuments\/\">M\u00c9S INFORMACI\u00d3<\/a><\/p>\n\n\n\n<p><strong>Projecte impacte ambiental: construcci\u00f3 d&#8217;un embassament<\/strong><\/p>\n\n\n\n<p>Dirigit a l&#8217;alumnat de batxillerat que fa estada al Camp d&#8217;Aprenentatge, tamb\u00e9 es podria adaptar a 2n cicle d&#8217;ESO. Es tracta de fer un estudi d&#8217;impacte ambiental davant &nbsp;la construcci\u00f3 d&#8217;un hipot\u00e8tic embassament al curs alt del riu Llobregat. <a href=\"https:\/\/drive.google.com\/a\/xtec.cat\/file\/d\/0B3bKbe2nPP6oY0dOaWc0c0RTNjg\/edit?usp=sharing\" target=\"_blank\" rel=\"noopener noreferrer\">Enlla\u00e7<\/a>.<\/p>\n\n\n\n<p><strong>Projecte &#8220;L&#8217;hort escolar. Propostes d&#8217;activitats complement\u00e0ries&#8221;<\/strong><\/p>\n\n\n\n<figure class=\"wp-block-image aligncenter is-resized\"><img loading=\"lazy\" decoding=\"async\" width=\"1024\" height=\"580\" src=\"https:\/\/serveiseducatius.xtec.cat\/cda-altbergueda\/wp-content\/uploads\/usu1364\/2017\/03\/hortlogoLLETRES.png\" alt=\"\" class=\"wp-image-8800\" style=\"width:222px;height:auto\" srcset=\"https:\/\/serveiseducatius.xtec.cat\/cda-altbergueda\/wp-content\/uploads\/usu1364\/2017\/03\/hortlogoLLETRES.png 1024w, https:\/\/serveiseducatius.xtec.cat\/cda-altbergueda\/wp-content\/uploads\/usu1364\/2017\/03\/hortlogoLLETRES-300x170.png 300w, https:\/\/serveiseducatius.xtec.cat\/cda-altbergueda\/wp-content\/uploads\/usu1364\/2017\/03\/hortlogoLLETRES-768x435.png 768w\" sizes=\"auto, (max-width: 1024px) 100vw, 1024px\" \/><\/figure>\n\n\n\n<p>Aquest projecte pret\u00e9n incidir a trav\u00e9s de propostes de caire pr\u00e0ctic, en continguts educatius relacionats amb la vida de les plantes de forma sempre respectuosa amb el medi. Algunes de les experi\u00e8ncies tenen com a base les suggerides a &#8220;L&#8217;hort escolar ecol\u00f2gic&#8221; de la Montse Escutia. &nbsp;<a href=\"https:\/\/hortcdaaltbergueda.blogspot.com\/\">Enlla\u00e7 al bloc del projecte. &nbsp; <\/a><a href=\"https:\/\/serveiseducatius.xtec.cat\/cda-altbergueda\/ambits\/totes-les-activitats\/lhort-2\/\">M\u00e9s informaci\u00f3<\/a><\/p>\n\n\n\n<p><strong>Projecte &#8220;Llobregat&#8221;<\/strong><\/p>\n\n\n\n<figure class=\"wp-block-image aligncenter is-resized\"><img loading=\"lazy\" decoding=\"async\" width=\"430\" height=\"344\" src=\"https:\/\/serveiseducatius.xtec.cat\/cda-altbergueda\/wp-content\/uploads\/usu1364\/2021\/01\/fonts-del-llobregat.jpg\" alt=\"\" class=\"wp-image-11386\" style=\"width:203px;height:auto\" srcset=\"https:\/\/serveiseducatius.xtec.cat\/cda-altbergueda\/wp-content\/uploads\/usu1364\/2021\/01\/fonts-del-llobregat.jpg 430w, https:\/\/serveiseducatius.xtec.cat\/cda-altbergueda\/wp-content\/uploads\/usu1364\/2021\/01\/fonts-del-llobregat-300x240.jpg 300w\" sizes=\"auto, (max-width: 430px) 100vw, 430px\" \/><\/figure>\n\n\n\n<p>El Projecte Llobregat \u00e9s un projecte compartit entre tres escoles i els tres Camps d&#8217;Aprenentatge de la conca del Llobregat per tal de con\u00e8ixer, aprendre i valorar tota una s\u00e8rie d&#8217;aspectes a l&#8217;entorn del riu Llobregat.&nbsp;<a href=\"https:\/\/sites.google.com\/site\/prollobregat\/\">Enlla\u00e7<\/a>&nbsp;al web del projecte.<\/p>\n\n\n\n<p><strong>Propostes de centres<\/strong><\/p>\n\n\n\n<p>Si algun centre t\u00e9 pensat algun projecte a desenvolupar i necessita la nostra col\u00b7laboraci\u00f3, es pot posar en contacte amb nosaltres i valorarem la proposta conjuntament.<\/p>\n","protected":false},"excerpt":{"rendered":"<p>Els projectes compartits s\u00f3n una modalitat dels CdAs i EdAs de llarga durada. En aquests projectes la coordinaci\u00f3 entre els docents del camp d&#8217;aprenentatge i els dels centres educatius esdev\u00e9 clau per portar-los a bon port. Requereixen d&#8217;una planificaci\u00f3 acurada, que s&#8217;adapta a les necessitats de cada centre. En els projectes compartits els docents del [&hellip;]<\/p>\n","protected":false},"author":1,"featured_media":0,"parent":8260,"menu_order":30,"comment_status":"closed","ping_status":"closed","template":"","meta":{"_bbp_topic_count":0,"_bbp_reply_count":0,"_bbp_total_topic_count":0,"_bbp_total_reply_count":0,"_bbp_voice_count":0,"_bbp_anonymous_reply_count":0,"_bbp_topic_count_hidden":0,"_bbp_reply_count_hidden":0,"_bbp_forum_subforum_count":0,"site-sidebar-layout":"default","site-content-layout":"","ast-site-content-layout":"default","site-content-style":"default","site-sidebar-style":"default","ast-global-header-display":"","ast-banner-title-visibility":"","ast-main-header-display":"","ast-hfb-above-header-display":"","ast-hfb-below-header-display":"","ast-hfb-mobile-header-display":"","site-post-title":"","ast-breadcrumbs-content":"","ast-featured-img":"","footer-sml-layout":"","theme-transparent-header-meta":"","adv-header-id-meta":"","stick-header-meta":"","header-above-stick-meta":"","header-main-stick-meta":"","header-below-stick-meta":"","astra-migrate-meta-layouts":"set","ast-page-background-enabled":"default","ast-page-background-meta":{"desktop":{"background-color":"var(--ast-global-color-4)","background-image":"","background-repeat":"repeat","background-position":"center center","background-size":"auto","background-attachment":"scroll","background-type":"","background-media":"","overlay-type":"","overlay-color":"","overlay-opacity":"","overlay-gradient":""},"tablet":{"background-color":"","background-image":"","background-repeat":"repeat","background-position":"center center","background-size":"auto","background-attachment":"scroll","background-type":"","background-media":"","overlay-type":"","overlay-color":"","overlay-opacity":"","overlay-gradient":""},"mobile":{"background-color":"","background-image":"","background-repeat":"repeat","background-position":"center center","background-size":"auto","background-attachment":"scroll","background-type":"","background-media":"","overlay-type":"","overlay-color":"","overlay-opacity":"","overlay-gradient":""}},"ast-content-background-meta":{"desktop":{"background-color":"var(--ast-global-color-5)","background-image":"","background-repeat":"repeat","background-position":"center center","background-size":"auto","background-attachment":"scroll","background-type":"","background-media":"","overlay-type":"","overlay-color":"","overlay-opacity":"","overlay-gradient":""},"tablet":{"background-color":"var(--ast-global-color-5)","background-image":"","background-repeat":"repeat","background-position":"center center","background-size":"auto","background-attachment":"scroll","background-type":"","background-media":"","overlay-type":"","overlay-color":"","overlay-opacity":"","overlay-gradient":""},"mobile":{"background-color":"var(--ast-global-color-5)","background-image":"","background-repeat":"repeat","background-position":"center center","background-size":"auto","background-attachment":"scroll","background-type":"","background-media":"","overlay-type":"","overlay-color":"","overlay-opacity":"","overlay-gradient":""}},"footnotes":""},"class_list":["post-160","page","type-page","status-publish","hentry"],"post_mailing_queue_ids":[],"_links":{"self":[{"href":"https:\/\/serveiseducatius.xtec.cat\/cda-altbergueda\/wp-json\/wp\/v2\/pages\/160","targetHints":{"allow":["GET"]}}],"collection":[{"href":"https:\/\/serveiseducatius.xtec.cat\/cda-altbergueda\/wp-json\/wp\/v2\/pages"}],"about":[{"href":"https:\/\/serveiseducatius.xtec.cat\/cda-altbergueda\/wp-json\/wp\/v2\/types\/page"}],"author":[{"embeddable":true,"href":"https:\/\/serveiseducatius.xtec.cat\/cda-altbergueda\/wp-json\/wp\/v2\/users\/1"}],"replies":[{"embeddable":true,"href":"https:\/\/serveiseducatius.xtec.cat\/cda-altbergueda\/wp-json\/wp\/v2\/comments?post=160"}],"version-history":[{"count":6,"href":"https:\/\/serveiseducatius.xtec.cat\/cda-altbergueda\/wp-json\/wp\/v2\/pages\/160\/revisions"}],"predecessor-version":[{"id":15395,"href":"https:\/\/serveiseducatius.xtec.cat\/cda-altbergueda\/wp-json\/wp\/v2\/pages\/160\/revisions\/15395"}],"up":[{"embeddable":true,"href":"https:\/\/serveiseducatius.xtec.cat\/cda-altbergueda\/wp-json\/wp\/v2\/pages\/8260"}],"wp:attachment":[{"href":"https:\/\/serveiseducatius.xtec.cat\/cda-altbergueda\/wp-json\/wp\/v2\/media?parent=160"}],"curies":[{"name":"wp","href":"https:\/\/api.w.org\/{rel}","templated":true}]}}