{"id":157,"date":"2013-11-15T13:22:03","date_gmt":"2013-11-15T12:22:03","guid":{"rendered":"http:\/\/blocs.xtec.cat\/plantillacda\/?page_id=157"},"modified":"2026-04-15T09:55:28","modified_gmt":"2026-04-15T07:55:28","slug":"estades","status":"publish","type":"page","link":"https:\/\/serveiseducatius.xtec.cat\/cda-altbergueda\/modalitats\/estades\/","title":{"rendered":"Estades"},"content":{"rendered":"\n<figure class=\"wp-block-image aligncenter size-full is-resized\"><img loading=\"lazy\" decoding=\"async\" width=\"995\" height=\"247\" src=\"https:\/\/serveiseducatius.xtec.cat\/cda-altbergueda\/wp-content\/uploads\/usu1364\/2024\/06\/estades.png\" alt=\"\" class=\"wp-image-14030\" style=\"width:753px;height:auto\" srcset=\"https:\/\/serveiseducatius.xtec.cat\/cda-altbergueda\/wp-content\/uploads\/usu1364\/2024\/06\/estades.png 995w, https:\/\/serveiseducatius.xtec.cat\/cda-altbergueda\/wp-content\/uploads\/usu1364\/2024\/06\/estades-300x74.png 300w, https:\/\/serveiseducatius.xtec.cat\/cda-altbergueda\/wp-content\/uploads\/usu1364\/2024\/06\/estades-768x191.png 768w\" sizes=\"auto, (max-width: 995px) 100vw, 995px\" \/><\/figure>\n\n\n\n<p>El CdA de l&#8217;Alt Bergued\u00e0 ofereix aquesta modalitat de treball per grups de <strong>Prim\u00e0ria<\/strong>, <strong>Secund\u00e0ria<\/strong>, <strong>Batxillerat<\/strong> i <strong>Cicles Formatius<\/strong> dels centres p\u00fablics de Catalunya. Els centres que vingueu a fer estada al CdA de l&#8217;Alt Bergued\u00e0 us allotjareu a l&#8217;alberg la Sala, gestionat per la Fundaci\u00f3 Pere Tarr\u00e9s. El nombre m\u00e0xim d&#8217;alumnes que podem atendre en una estada \u00e9s de 45.<\/p>\n\n\n\n<p>La modalitat d&#8217;<strong>estada<\/strong> permet als centres educatius de tot Catalunya venir a passar uns dies al CdA de l&#8217;Alt Bergued\u00e0 per con\u00e8ixer i aprofundir en l&#8217;entorn i la comarca del Bergued\u00e0. Oferim estades de 2 a 5 dies on treballarem diferents continguts i metodologies a trav\u00e9s de les activitats que decidim conjuntament a la trobada de coordinaci\u00f3 inicial. Per a venir a fer estada <strong>\u00e9s imprescindible que us apunteu als CdA durant el per\u00edode de preinscripci\u00f3 (mes de maig)<\/strong> a trav\u00e9s de <a href=\"https:\/\/xtec.gencat.cat\/ca\/serveis\/sesc\/cda\/inscripcio\/\">l&#8217;aplicatiu<\/a> que el Departament d&#8217;Ensenyament t\u00e9 per a aquest fi.<\/p>\n\n\n\n<p>Venir a fer una estada al CdA suposa <strong>l&#8217;acceptaci\u00f3 per part del centre educatiu de portar a terme la seq\u00fc\u00e8ncia did\u00e0ctica completa<\/strong> per tal que les activitats durant l&#8217;estada siguin significatives per a l&#8217;alumne i ajudin a <strong>treballar les compet\u00e8ncies del curr\u00edculum<\/strong> escollides i prioritzades pel centre educatiu. Abans de venir a fer una estada, b\u00e9 a principis de setembre o durant el mes de gener, segons les dates que us haguem adjudicat, realitzarem les <strong>trobades de coordinaci\u00f3<\/strong> amb els centres i dissenyarem conjuntament les activitats de la seq\u00fc\u00e8ncia did\u00e0ctica de la vostra estada.<\/p>\n\n\n\n<p><strong>Totes les estades es desenvolupen en una seq\u00fc\u00e8ncia did\u00e0ctica que inclou activitats pr\u00e8vies i posteriors a l&#8217;estada. <\/strong>Els centres estadants <strong>adquireixen&nbsp;el comprom\u00eds<\/strong> de fer-nos arribar els treballs posteriors que realitzin.<\/p>\n\n\n\n<p>Podeu consultar els diferents <strong>itineraris d&#8217;estada <\/strong>que oferim al camp d&#8217;aprenentatge de l&#8217;Alt Bergued\u00e0 <a href=\"http:\/\/serveiseducatius.xtec.cat\/cda-altbergueda\/modalitats\/estades\/itineraris-destada\/\" target=\"_blank\" rel=\"noopener noreferrer\">aqu\u00ed<\/a>.<\/p>\n","protected":false},"excerpt":{"rendered":"<p>El CdA de l&#8217;Alt Bergued\u00e0 ofereix aquesta modalitat de treball per grups de Prim\u00e0ria, Secund\u00e0ria, Batxillerat i Cicles Formatius dels centres p\u00fablics de Catalunya. Els centres que vingueu a fer estada al CdA de l&#8217;Alt Bergued\u00e0 us allotjareu a l&#8217;alberg la Sala, gestionat per la Fundaci\u00f3 Pere Tarr\u00e9s. El nombre m\u00e0xim d&#8217;alumnes que podem atendre [&hellip;]<\/p>\n","protected":false},"author":1,"featured_media":0,"parent":8260,"menu_order":10,"comment_status":"closed","ping_status":"closed","template":"","meta":{"_bbp_topic_count":0,"_bbp_reply_count":0,"_bbp_total_topic_count":0,"_bbp_total_reply_count":0,"_bbp_voice_count":0,"_bbp_anonymous_reply_count":0,"_bbp_topic_count_hidden":0,"_bbp_reply_count_hidden":0,"_bbp_forum_subforum_count":0,"site-sidebar-layout":"default","site-content-layout":"","ast-site-content-layout":"default","site-content-style":"default","site-sidebar-style":"default","ast-global-header-display":"","ast-banner-title-visibility":"","ast-main-header-display":"","ast-hfb-above-header-display":"","ast-hfb-below-header-display":"","ast-hfb-mobile-header-display":"","site-post-title":"","ast-breadcrumbs-content":"","ast-featured-img":"","footer-sml-layout":"","theme-transparent-header-meta":"","adv-header-id-meta":"","stick-header-meta":"","header-above-stick-meta":"","header-main-stick-meta":"","header-below-stick-meta":"","astra-migrate-meta-layouts":"set","ast-page-background-enabled":"default","ast-page-background-meta":{"desktop":{"background-color":"var(--ast-global-color-4)","background-image":"","background-repeat":"repeat","background-position":"center center","background-size":"auto","background-attachment":"scroll","background-type":"","background-media":"","overlay-type":"","overlay-color":"","overlay-opacity":"","overlay-gradient":""},"tablet":{"background-color":"","background-image":"","background-repeat":"repeat","background-position":"center center","background-size":"auto","background-attachment":"scroll","background-type":"","background-media":"","overlay-type":"","overlay-color":"","overlay-opacity":"","overlay-gradient":""},"mobile":{"background-color":"","background-image":"","background-repeat":"repeat","background-position":"center center","background-size":"auto","background-attachment":"scroll","background-type":"","background-media":"","overlay-type":"","overlay-color":"","overlay-opacity":"","overlay-gradient":""}},"ast-content-background-meta":{"desktop":{"background-color":"var(--ast-global-color-5)","background-image":"","background-repeat":"repeat","background-position":"center center","background-size":"auto","background-attachment":"scroll","background-type":"","background-media":"","overlay-type":"","overlay-color":"","overlay-opacity":"","overlay-gradient":""},"tablet":{"background-color":"var(--ast-global-color-5)","background-image":"","background-repeat":"repeat","background-position":"center center","background-size":"auto","background-attachment":"scroll","background-type":"","background-media":"","overlay-type":"","overlay-color":"","overlay-opacity":"","overlay-gradient":""},"mobile":{"background-color":"var(--ast-global-color-5)","background-image":"","background-repeat":"repeat","background-position":"center center","background-size":"auto","background-attachment":"scroll","background-type":"","background-media":"","overlay-type":"","overlay-color":"","overlay-opacity":"","overlay-gradient":""}},"footnotes":""},"class_list":["post-157","page","type-page","status-publish","hentry"],"post_mailing_queue_ids":[],"_links":{"self":[{"href":"https:\/\/serveiseducatius.xtec.cat\/cda-altbergueda\/wp-json\/wp\/v2\/pages\/157","targetHints":{"allow":["GET"]}}],"collection":[{"href":"https:\/\/serveiseducatius.xtec.cat\/cda-altbergueda\/wp-json\/wp\/v2\/pages"}],"about":[{"href":"https:\/\/serveiseducatius.xtec.cat\/cda-altbergueda\/wp-json\/wp\/v2\/types\/page"}],"author":[{"embeddable":true,"href":"https:\/\/serveiseducatius.xtec.cat\/cda-altbergueda\/wp-json\/wp\/v2\/users\/1"}],"replies":[{"embeddable":true,"href":"https:\/\/serveiseducatius.xtec.cat\/cda-altbergueda\/wp-json\/wp\/v2\/comments?post=157"}],"version-history":[{"count":6,"href":"https:\/\/serveiseducatius.xtec.cat\/cda-altbergueda\/wp-json\/wp\/v2\/pages\/157\/revisions"}],"predecessor-version":[{"id":15599,"href":"https:\/\/serveiseducatius.xtec.cat\/cda-altbergueda\/wp-json\/wp\/v2\/pages\/157\/revisions\/15599"}],"up":[{"embeddable":true,"href":"https:\/\/serveiseducatius.xtec.cat\/cda-altbergueda\/wp-json\/wp\/v2\/pages\/8260"}],"wp:attachment":[{"href":"https:\/\/serveiseducatius.xtec.cat\/cda-altbergueda\/wp-json\/wp\/v2\/media?parent=157"}],"curies":[{"name":"wp","href":"https:\/\/api.w.org\/{rel}","templated":true}]}}