{"id":15551,"date":"2026-04-14T17:19:00","date_gmt":"2026-04-14T15:19:00","guid":{"rendered":"https:\/\/serveiseducatius.xtec.cat\/cda-altbergueda\/?page_id=15551"},"modified":"2026-04-29T11:25:38","modified_gmt":"2026-04-29T09:25:38","slug":"el-grau-i-la-riera-de-la-rovira","status":"publish","type":"page","link":"https:\/\/serveiseducatius.xtec.cat\/cda-altbergueda\/tematiques\/el-grau-i-la-riera-de-la-rovira\/","title":{"rendered":"Activitat: El Grau i la riera de la Rovira"},"content":{"rendered":"\n<figure class=\"wp-block-image size-full\"><a href=\"https:\/\/serveiseducatius.xtec.cat\/cda-altbergueda\/wp-content\/uploads\/usu1364\/2026\/04\/el-grau.png\"><img loading=\"lazy\" decoding=\"async\" width=\"988\" height=\"246\" src=\"https:\/\/serveiseducatius.xtec.cat\/cda-altbergueda\/wp-content\/uploads\/usu1364\/2026\/04\/el-grau.png\" alt=\"\" class=\"wp-image-15633\" srcset=\"https:\/\/serveiseducatius.xtec.cat\/cda-altbergueda\/wp-content\/uploads\/usu1364\/2026\/04\/el-grau.png 988w, https:\/\/serveiseducatius.xtec.cat\/cda-altbergueda\/wp-content\/uploads\/usu1364\/2026\/04\/el-grau-300x75.png 300w, https:\/\/serveiseducatius.xtec.cat\/cda-altbergueda\/wp-content\/uploads\/usu1364\/2026\/04\/el-grau-768x191.png 768w\" sizes=\"auto, (max-width: 988px) 100vw, 988px\" \/><\/a><\/figure>\n\n\n\n<figure class=\"wp-block-table\"><table class=\"has-background has-fixed-layout\" style=\"background-color:#96c856;border-style:none;border-width:0px\"><tbody><tr><td><strong>MODALITATS:<\/strong><\/td><\/tr><tr><td>Sortida d&#8217;un dia<\/td><\/tr><\/tbody><\/table><\/figure>\n\n\n\n<h5 class=\"wp-block-heading\"><strong>Nivells: (cliqueu per visualitzar la fitxa de l&#8217;activitat)<\/strong><\/h5>\n\n\n\n<p><a href=\"https:\/\/drive.google.com\/file\/d\/1TvjzPVzru8YsaPWdFaFu1xTj7FRJuoSC\/view?usp=sharing\" target=\"_blank\" rel=\"noreferrer noopener\">Educaci\u00f3 Prim\u00e0ria (CS)<\/a><\/p>\n\n\n\n<p>Educaci\u00f3 Secund\u00e0ria (adaptable)<\/p>\n\n\n\n<p><\/p>\n\n\n\n<h5 class=\"wp-block-heading\"><strong>Desenvolupament de l&#8217;activitat:<\/strong><\/h5>\n\n\n\n<p>Aquesta activitat la realitzarem en dos dies diferents. A la vegada, tamb\u00e9 farem dues tasques diferents. Una relacionada amb l&#8217;aigua i l&#8217;altra relacionada amb l&#8217;itinerari.<\/p>\n\n\n\n<p>DIA 1:<\/p>\n\n\n\n<p>Analitzarem l&#8217;aigua en dos punts diferents: al costat de la carretera i als tolls del Grau. Caracter\u00edstiques f\u00edsiques com poden ser el color, l&#8217;olor, l&#8217;escuma, o la terbolesa. Tamb\u00e9 la Temperatura. I aspectes f\u00edsics com el PH, la conductivitat,  la mineralitzaci\u00f3 l&#8217;oxigen, els nitrats i els fosfats.<\/p>\n\n\n\n<p>Pel que fa a l&#8217;itinerari, el gravarem amb GPS, en marcarem els punts d&#8217;inter\u00e8s i el documentarem amb imatges i videos.<\/p>\n\n\n\n<p>DIA 2:<\/p>\n\n\n\n<p>Repetirem l&#8217;an\u00e0lisi dels mateixos par\u00e0metres per\u00f2 aquesta vegada a la font de la Rovira i a la riera al seu pas per sota l&#8217;escola.<\/p>\n\n\n\n<p>Despr\u00e9s, un cop a l&#8217;aula, farem el buidatge de les dades que hem obtingut durant les dues sortides en els diferents punts d&#8217;an\u00e0lisi i ho recollim en una <a href=\"https:\/\/drive.google.com\/file\/d\/1vxVNdAEmfDU4hX_yLYSheTwccTLLecqv\/view?usp=sharing\">fitxa <\/a>com aquesta.<\/p>\n\n\n\n<p>Documentarem l&#8217;itinerari amb mapes de Google, a partir dels tracks i els punts d&#8217;inter\u00e8s, farem un v\u00eddeo de l&#8217;itinerari i uns \u00e0lbums amb un resum d&#8217;imatges caracter\u00edstiques de l&#8217;itinerari al Grau.<\/p>\n\n\n\n<h5 class=\"wp-block-heading\"><strong>Producte final:<\/strong><\/h5>\n\n\n\n<p>Una descripci\u00f3 detallada de l&#8217;itinerari a partir de les dades del GPS i els punts d&#8217;inter\u00e8s obtinguts durant la sortida.<\/p>\n\n\n\n<p>O un dec\u00e0leg amb diferents accions que podem fer per tenir cura de l&#8217;estat de salut de les nostres rieres.<\/p>\n\n\n\n<h5 class=\"wp-block-heading\"><strong>Observacions:<\/strong><\/h5>\n\n\n\n<p>La primera sortida ser\u00e0 de tot el dia. Per tant, l&#8217;alumnat haur\u00e0 de portar esmorzar i dinar. Tamb\u00e9 la roba adequada per caminar.<\/p>\n\n\n\n<p>Tot el material necessari per fer l\u2019activitat el portar\u00e0 el CdA.<\/p>\n","protected":false},"excerpt":{"rendered":"<p>MODALITATS: Sortida d&#8217;un dia Nivells: (cliqueu per visualitzar la fitxa de l&#8217;activitat) Educaci\u00f3 Prim\u00e0ria (CS) Educaci\u00f3 Secund\u00e0ria (adaptable) Desenvolupament de l&#8217;activitat: Aquesta activitat la realitzarem en dos dies diferents. A la vegada, tamb\u00e9 farem dues tasques diferents. Una relacionada amb l&#8217;aigua i l&#8217;altra relacionada amb l&#8217;itinerari. DIA 1: Analitzarem l&#8217;aigua en dos punts diferents: al [&hellip;]<\/p>\n","protected":false},"author":1,"featured_media":0,"parent":8235,"menu_order":65,"comment_status":"closed","ping_status":"closed","template":"","meta":{"_bbp_topic_count":0,"_bbp_reply_count":0,"_bbp_total_topic_count":0,"_bbp_total_reply_count":0,"_bbp_voice_count":0,"_bbp_anonymous_reply_count":0,"_bbp_topic_count_hidden":0,"_bbp_reply_count_hidden":0,"_bbp_forum_subforum_count":0,"site-sidebar-layout":"default","site-content-layout":"","ast-site-content-layout":"default","site-content-style":"default","site-sidebar-style":"default","ast-global-header-display":"","ast-banner-title-visibility":"","ast-main-header-display":"","ast-hfb-above-header-display":"","ast-hfb-below-header-display":"","ast-hfb-mobile-header-display":"","site-post-title":"","ast-breadcrumbs-content":"","ast-featured-img":"","footer-sml-layout":"","theme-transparent-header-meta":"","adv-header-id-meta":"","stick-header-meta":"","header-above-stick-meta":"","header-main-stick-meta":"","header-below-stick-meta":"","astra-migrate-meta-layouts":"set","ast-page-background-enabled":"default","ast-page-background-meta":{"desktop":{"background-color":"var(--ast-global-color-4)","background-image":"","background-repeat":"repeat","background-position":"center center","background-size":"auto","background-attachment":"scroll","background-type":"","background-media":"","overlay-type":"","overlay-color":"","overlay-opacity":"","overlay-gradient":""},"tablet":{"background-color":"","background-image":"","background-repeat":"repeat","background-position":"center center","background-size":"auto","background-attachment":"scroll","background-type":"","background-media":"","overlay-type":"","overlay-color":"","overlay-opacity":"","overlay-gradient":""},"mobile":{"background-color":"","background-image":"","background-repeat":"repeat","background-position":"center center","background-size":"auto","background-attachment":"scroll","background-type":"","background-media":"","overlay-type":"","overlay-color":"","overlay-opacity":"","overlay-gradient":""}},"ast-content-background-meta":{"desktop":{"background-color":"var(--ast-global-color-5)","background-image":"","background-repeat":"repeat","background-position":"center center","background-size":"auto","background-attachment":"scroll","background-type":"","background-media":"","overlay-type":"","overlay-color":"","overlay-opacity":"","overlay-gradient":""},"tablet":{"background-color":"var(--ast-global-color-5)","background-image":"","background-repeat":"repeat","background-position":"center center","background-size":"auto","background-attachment":"scroll","background-type":"","background-media":"","overlay-type":"","overlay-color":"","overlay-opacity":"","overlay-gradient":""},"mobile":{"background-color":"var(--ast-global-color-5)","background-image":"","background-repeat":"repeat","background-position":"center center","background-size":"auto","background-attachment":"scroll","background-type":"","background-media":"","overlay-type":"","overlay-color":"","overlay-opacity":"","overlay-gradient":""}},"footnotes":""},"class_list":["post-15551","page","type-page","status-publish","hentry"],"post_mailing_queue_ids":[],"_links":{"self":[{"href":"https:\/\/serveiseducatius.xtec.cat\/cda-altbergueda\/wp-json\/wp\/v2\/pages\/15551","targetHints":{"allow":["GET"]}}],"collection":[{"href":"https:\/\/serveiseducatius.xtec.cat\/cda-altbergueda\/wp-json\/wp\/v2\/pages"}],"about":[{"href":"https:\/\/serveiseducatius.xtec.cat\/cda-altbergueda\/wp-json\/wp\/v2\/types\/page"}],"author":[{"embeddable":true,"href":"https:\/\/serveiseducatius.xtec.cat\/cda-altbergueda\/wp-json\/wp\/v2\/users\/1"}],"replies":[{"embeddable":true,"href":"https:\/\/serveiseducatius.xtec.cat\/cda-altbergueda\/wp-json\/wp\/v2\/comments?post=15551"}],"version-history":[{"count":6,"href":"https:\/\/serveiseducatius.xtec.cat\/cda-altbergueda\/wp-json\/wp\/v2\/pages\/15551\/revisions"}],"predecessor-version":[{"id":15634,"href":"https:\/\/serveiseducatius.xtec.cat\/cda-altbergueda\/wp-json\/wp\/v2\/pages\/15551\/revisions\/15634"}],"up":[{"embeddable":true,"href":"https:\/\/serveiseducatius.xtec.cat\/cda-altbergueda\/wp-json\/wp\/v2\/pages\/8235"}],"wp:attachment":[{"href":"https:\/\/serveiseducatius.xtec.cat\/cda-altbergueda\/wp-json\/wp\/v2\/media?parent=15551"}],"curies":[{"name":"wp","href":"https:\/\/api.w.org\/{rel}","templated":true}]}}