{"id":15540,"date":"2026-04-14T16:38:11","date_gmt":"2026-04-14T14:38:11","guid":{"rendered":"https:\/\/serveiseducatius.xtec.cat\/cda-altbergueda\/?page_id=15540"},"modified":"2026-04-29T12:20:26","modified_gmt":"2026-04-29T10:20:26","slug":"historia","status":"publish","type":"page","link":"https:\/\/serveiseducatius.xtec.cat\/cda-altbergueda\/tematiques\/historia\/","title":{"rendered":"HIST\u00d2RIA"},"content":{"rendered":"\n<figure class=\"wp-block-image size-full\"><a href=\"https:\/\/serveiseducatius.xtec.cat\/cda-altbergueda\/wp-content\/uploads\/usu1364\/2026\/04\/Historia.png\"><img loading=\"lazy\" decoding=\"async\" width=\"991\" height=\"246\" src=\"https:\/\/serveiseducatius.xtec.cat\/cda-altbergueda\/wp-content\/uploads\/usu1364\/2026\/04\/Historia.png\" alt=\"\" class=\"wp-image-15635\" srcset=\"https:\/\/serveiseducatius.xtec.cat\/cda-altbergueda\/wp-content\/uploads\/usu1364\/2026\/04\/Historia.png 991w, https:\/\/serveiseducatius.xtec.cat\/cda-altbergueda\/wp-content\/uploads\/usu1364\/2026\/04\/Historia-300x74.png 300w, https:\/\/serveiseducatius.xtec.cat\/cda-altbergueda\/wp-content\/uploads\/usu1364\/2026\/04\/Historia-768x191.png 768w\" sizes=\"auto, (max-width: 991px) 100vw, 991px\" \/><\/a><\/figure>\n\n\n\n<p>L\u2019\u00e0mbit d\u2019hist\u00f2ria del Camp d\u2019Aprenentatge de l\u2019Alt Bergued\u00e0 proposa activitats que permeten a l\u2019alumnat con\u00e8ixer i interpretar el passat a partir de l\u2019observaci\u00f3 directa de l\u2019entorn. A trav\u00e9s del treball de camp, es posa en valor el patrimoni hist\u00f2ric i cultural de la comarca, convertint-lo en una font d\u2019aprenentatge significativa.<\/p>\n\n\n\n<p>Aquestes activitats fomenten una aproximaci\u00f3 activa a la hist\u00f2ria, en qu\u00e8 l\u2019alumnat investiga, observa i analitza elements reals del territori per comprendre com vivien les persones en altres \u00e8poques i com ha evolucionat el paisatge al llarg del temps. D\u2019aquesta manera, es promou una visi\u00f3 global que integra passat i present.<\/p>\n\n\n\n<p>Es tracta d&#8217;un treball competencial, on a partir de situacions d&#8217;aprenentatge, l\u2019alumnat participa de manera activa i construeix el seu propi coneixement, desenvolupant habilitats d\u2019observaci\u00f3, interpretaci\u00f3 i pensament cr\u00edtic.<\/p>\n\n\n\n<p><strong>Activitats relacionades:<\/strong><\/p>\n\n\n\n<ul class=\"wp-block-list\">\n<li><a href=\"https:\/\/serveiseducatius.xtec.cat\/cda-altbergueda\/tematiques\/activitat-baga-una-vila-medieval\/\">Bag\u00e0 una vila medieval (Escape Town)<\/a><\/li>\n\n\n\n<li><a href=\"https:\/\/serveiseducatius.xtec.cat\/cda-altbergueda\/tematiques\/activitat-ledat-mitjana-a-lalt-bergueda\/\">L\u2019Edat mitjana a l\u2019Alt Bergued\u00e0<\/a><\/li>\n\n\n\n<li><a href=\"https:\/\/serveiseducatius.xtec.cat\/cda-altbergueda\/ambits\/totes-les-activitats\/activitat-colonies-textils\/\">Les col\u00f2nies t\u00e8xtils<\/a><\/li>\n\n\n\n<li><a href=\"https:\/\/serveiseducatius.xtec.cat\/cda-altbergueda\/tematiques\/activitat-un-tomb-per-berga\/\">Un tomb per Berga<\/a><\/li>\n<\/ul>\n\n\n\n<p><strong>Projectes compartits relacionats:<\/strong><\/p>\n\n\n\n<ul class=\"wp-block-list\">\n<li><a href=\"http:\/\/serveiseducatius.xtec.cat\/cda-altbergueda\/ambits\/totes-les-activitats\/coneix-lentorn-del-meu-poble\/\">Projecte entorn: Coneix l\u2019entorn del meu poble<\/a><\/li>\n<\/ul>\n\n\n\n<p><strong>Recursos relacionats:<\/strong><\/p>\n\n\n\n<ul class=\"wp-block-list\">\n<li><a href=\"https:\/\/view.genially.com\/696e03ffc9ed0da58fdb37a0\" target=\"_blank\" rel=\"noreferrer noopener\">Una vida a la col\u00f2nia (Cal Rosal)<\/a><\/li>\n\n\n\n<li><a href=\"https:\/\/view.genially.com\/667c0aa22472a50014b50db7\" target=\"_blank\" rel=\"noreferrer noopener\">Una vida a la col\u00f2nia (Cal Pons)<\/a><\/li>\n\n\n\n<li><a href=\"https:\/\/view.genially.com\/618e2e18912d480d7e9117e6\" target=\"_blank\" rel=\"noreferrer noopener\">Una vida a la col\u00f2nia (Viladomiu Nou)<\/a><\/li>\n<\/ul>\n\n\n\n<p><\/p>\n","protected":false},"excerpt":{"rendered":"<p>L\u2019\u00e0mbit d\u2019hist\u00f2ria del Camp d\u2019Aprenentatge de l\u2019Alt Bergued\u00e0 proposa activitats que permeten a l\u2019alumnat con\u00e8ixer i interpretar el passat a partir de l\u2019observaci\u00f3 directa de l\u2019entorn. A trav\u00e9s del treball de camp, es posa en valor el patrimoni hist\u00f2ric i cultural de la comarca, convertint-lo en una font d\u2019aprenentatge significativa. Aquestes activitats fomenten una aproximaci\u00f3 [&hellip;]<\/p>\n","protected":false},"author":1,"featured_media":0,"parent":8235,"menu_order":40,"comment_status":"closed","ping_status":"closed","template":"","meta":{"_bbp_topic_count":0,"_bbp_reply_count":0,"_bbp_total_topic_count":0,"_bbp_total_reply_count":0,"_bbp_voice_count":0,"_bbp_anonymous_reply_count":0,"_bbp_topic_count_hidden":0,"_bbp_reply_count_hidden":0,"_bbp_forum_subforum_count":0,"site-sidebar-layout":"default","site-content-layout":"","ast-site-content-layout":"default","site-content-style":"default","site-sidebar-style":"default","ast-global-header-display":"","ast-banner-title-visibility":"","ast-main-header-display":"","ast-hfb-above-header-display":"","ast-hfb-below-header-display":"","ast-hfb-mobile-header-display":"","site-post-title":"","ast-breadcrumbs-content":"","ast-featured-img":"","footer-sml-layout":"","theme-transparent-header-meta":"","adv-header-id-meta":"","stick-header-meta":"","header-above-stick-meta":"","header-main-stick-meta":"","header-below-stick-meta":"","astra-migrate-meta-layouts":"set","ast-page-background-enabled":"default","ast-page-background-meta":{"desktop":{"background-color":"var(--ast-global-color-4)","background-image":"","background-repeat":"repeat","background-position":"center center","background-size":"auto","background-attachment":"scroll","background-type":"","background-media":"","overlay-type":"","overlay-color":"","overlay-opacity":"","overlay-gradient":""},"tablet":{"background-color":"","background-image":"","background-repeat":"repeat","background-position":"center center","background-size":"auto","background-attachment":"scroll","background-type":"","background-media":"","overlay-type":"","overlay-color":"","overlay-opacity":"","overlay-gradient":""},"mobile":{"background-color":"","background-image":"","background-repeat":"repeat","background-position":"center center","background-size":"auto","background-attachment":"scroll","background-type":"","background-media":"","overlay-type":"","overlay-color":"","overlay-opacity":"","overlay-gradient":""}},"ast-content-background-meta":{"desktop":{"background-color":"var(--ast-global-color-5)","background-image":"","background-repeat":"repeat","background-position":"center center","background-size":"auto","background-attachment":"scroll","background-type":"","background-media":"","overlay-type":"","overlay-color":"","overlay-opacity":"","overlay-gradient":""},"tablet":{"background-color":"var(--ast-global-color-5)","background-image":"","background-repeat":"repeat","background-position":"center center","background-size":"auto","background-attachment":"scroll","background-type":"","background-media":"","overlay-type":"","overlay-color":"","overlay-opacity":"","overlay-gradient":""},"mobile":{"background-color":"var(--ast-global-color-5)","background-image":"","background-repeat":"repeat","background-position":"center center","background-size":"auto","background-attachment":"scroll","background-type":"","background-media":"","overlay-type":"","overlay-color":"","overlay-opacity":"","overlay-gradient":""}},"footnotes":""},"class_list":["post-15540","page","type-page","status-publish","hentry"],"post_mailing_queue_ids":[],"_links":{"self":[{"href":"https:\/\/serveiseducatius.xtec.cat\/cda-altbergueda\/wp-json\/wp\/v2\/pages\/15540","targetHints":{"allow":["GET"]}}],"collection":[{"href":"https:\/\/serveiseducatius.xtec.cat\/cda-altbergueda\/wp-json\/wp\/v2\/pages"}],"about":[{"href":"https:\/\/serveiseducatius.xtec.cat\/cda-altbergueda\/wp-json\/wp\/v2\/types\/page"}],"author":[{"embeddable":true,"href":"https:\/\/serveiseducatius.xtec.cat\/cda-altbergueda\/wp-json\/wp\/v2\/users\/1"}],"replies":[{"embeddable":true,"href":"https:\/\/serveiseducatius.xtec.cat\/cda-altbergueda\/wp-json\/wp\/v2\/comments?post=15540"}],"version-history":[{"count":4,"href":"https:\/\/serveiseducatius.xtec.cat\/cda-altbergueda\/wp-json\/wp\/v2\/pages\/15540\/revisions"}],"predecessor-version":[{"id":15637,"href":"https:\/\/serveiseducatius.xtec.cat\/cda-altbergueda\/wp-json\/wp\/v2\/pages\/15540\/revisions\/15637"}],"up":[{"embeddable":true,"href":"https:\/\/serveiseducatius.xtec.cat\/cda-altbergueda\/wp-json\/wp\/v2\/pages\/8235"}],"wp:attachment":[{"href":"https:\/\/serveiseducatius.xtec.cat\/cda-altbergueda\/wp-json\/wp\/v2\/media?parent=15540"}],"curies":[{"name":"wp","href":"https:\/\/api.w.org\/{rel}","templated":true}]}}