{"id":155,"date":"2013-11-15T13:21:33","date_gmt":"2013-11-15T12:21:33","guid":{"rendered":"http:\/\/blocs.xtec.cat\/plantillacda\/?page_id=155"},"modified":"2025-12-17T23:58:17","modified_gmt":"2025-12-17T22:58:17","slug":"sortides","status":"publish","type":"page","link":"https:\/\/serveiseducatius.xtec.cat\/cda-altbergueda\/modalitats\/sortides\/","title":{"rendered":"Sortides"},"content":{"rendered":"\n<figure class=\"wp-block-image size-full\"><a href=\"https:\/\/serveiseducatius.xtec.cat\/cda-altbergueda\/wp-content\/uploads\/usu1364\/2024\/06\/sortides.png\"><img loading=\"lazy\" decoding=\"async\" width=\"993\" height=\"246\" src=\"https:\/\/serveiseducatius.xtec.cat\/cda-altbergueda\/wp-content\/uploads\/usu1364\/2024\/06\/sortides.png\" alt=\"\" class=\"wp-image-14033\" srcset=\"https:\/\/serveiseducatius.xtec.cat\/cda-altbergueda\/wp-content\/uploads\/usu1364\/2024\/06\/sortides.png 993w, https:\/\/serveiseducatius.xtec.cat\/cda-altbergueda\/wp-content\/uploads\/usu1364\/2024\/06\/sortides-300x74.png 300w, https:\/\/serveiseducatius.xtec.cat\/cda-altbergueda\/wp-content\/uploads\/usu1364\/2024\/06\/sortides-768x190.png 768w\" sizes=\"auto, (max-width: 993px) 100vw, 993px\" \/><\/a><\/figure>\n\n\n\n<p>Les <strong>sortides <\/strong>s\u00f3n activitats d&#8217;un dia i s&#8217;adrecen principalment\u00a0als centres de la comarca del Bergued\u00e0 i de les comarques properes. Les activitats s&#8217;adapten a l&#8217;<strong>horari lectiu<\/strong>. Cal coordinar-se amb el CdA per concretar els aspectes log\u00edstics de cada activitat. El cost \u00e9s de <strong>3\u20ac<\/strong> <strong>per alumne<\/strong>.<\/p>\n\n\n\n<p><strong>El despla\u00e7ament fins al punt d&#8217;inici de l&#8217;activitat \u00e9s responsabilitat del centre educatiu<\/strong>\u00a0(anada i tornada).<\/p>\n\n\n\n<p>Podeu consultar tota l&#8217;oferta d&#8217;activitats&nbsp;de la modalitat <strong>sortida <\/strong><a href=\"http:\/\/serveiseducatius.xtec.cat\/cda-altbergueda\/ambits\/totes-les-activitats\/\">aqu\u00ed<\/a>.<\/p>\n\n\n\n<p><strong>Principals activitats relacionades:<\/strong><\/p>\n\n\n\n<ul class=\"wp-block-list\">\n<li><a href=\"http:\/\/serveiseducatius.xtec.cat\/cda-altbergueda\/ambits\/totes-les-activitats\/activitat-la-cova-de-la-tuta-les-fonts-del-llobregat\/\">Cova de la Tuta i Fonts del Llobregat<\/a><\/li>\n\n\n\n<li><a href=\"http:\/\/serveiseducatius.xtec.cat\/cda-altbergueda\/ambits\/totes-les-activitats\/activitat-el-paisatge-del-pedraforca\/\">El paisatge del Pedraforca<\/a><\/li>\n\n\n\n<li><a href=\"http:\/\/serveiseducatius.xtec.cat\/cda-altbergueda\/ambits\/totes-les-activitats\/activitat-itinerari-geologic-a-coll-de-pal\/\">Geologia a Coll de Pal<\/a><\/li>\n\n\n\n<li><a href=\"http:\/\/serveiseducatius.xtec.cat\/cda-altbergueda\/ambits\/el-bosc\/\">El bosc<\/a><\/li>\n\n\n\n<li><a href=\"http:\/\/serveiseducatius.xtec.cat\/cda-altbergueda\/ambits\/totes-les-activitats\/activitat-el-bosc-estudi-dun-ecosistema\/\">Estudi d&#8217;un ecosistema<\/a><\/li>\n\n\n\n<li><a href=\"http:\/\/serveiseducatius.xtec.cat\/cda-altbergueda\/ambits\/totes-les-activitats\/activitat-analisi-fisicoquimic-i-biologic-de-laigua-del-riu-llobregat\/\">An\u00e0lisi f\u00edsic, qu\u00edmic i biol\u00f2gic de l&#8217;aigua del riu Llobregat<\/a><\/li>\n\n\n\n<li><a href=\"http:\/\/serveiseducatius.xtec.cat\/cda-altbergueda\/ambits\/totes-les-activitats\/activitat-fem-dalquimistes\/\">Fem d&#8217;alquimistes<\/a><\/li>\n\n\n\n<li><a href=\"http:\/\/serveiseducatius.xtec.cat\/cda-altbergueda\/ambits\/totes-les-activitats\/activitat-iniciacio-a-lus-del-gps\/\">Iniciaci\u00f3 a l&#8217;\u00fas del GPS<\/a><\/li>\n<\/ul>\n","protected":false},"excerpt":{"rendered":"<p>Les sortides s\u00f3n activitats d&#8217;un dia i s&#8217;adrecen principalment\u00a0als centres de la comarca del Bergued\u00e0 i de les comarques properes. Les activitats s&#8217;adapten a l&#8217;horari lectiu. Cal coordinar-se amb el CdA per concretar els aspectes log\u00edstics de cada activitat. El cost \u00e9s de 3\u20ac per alumne. El despla\u00e7ament fins al punt d&#8217;inici de l&#8217;activitat \u00e9s [&hellip;]<\/p>\n","protected":false},"author":1,"featured_media":0,"parent":8260,"menu_order":20,"comment_status":"closed","ping_status":"closed","template":"","meta":{"_bbp_topic_count":0,"_bbp_reply_count":0,"_bbp_total_topic_count":0,"_bbp_total_reply_count":0,"_bbp_voice_count":0,"_bbp_anonymous_reply_count":0,"_bbp_topic_count_hidden":0,"_bbp_reply_count_hidden":0,"_bbp_forum_subforum_count":0,"site-sidebar-layout":"default","site-content-layout":"","ast-site-content-layout":"default","site-content-style":"default","site-sidebar-style":"default","ast-global-header-display":"","ast-banner-title-visibility":"","ast-main-header-display":"","ast-hfb-above-header-display":"","ast-hfb-below-header-display":"","ast-hfb-mobile-header-display":"","site-post-title":"","ast-breadcrumbs-content":"","ast-featured-img":"","footer-sml-layout":"","theme-transparent-header-meta":"","adv-header-id-meta":"","stick-header-meta":"","header-above-stick-meta":"","header-main-stick-meta":"","header-below-stick-meta":"","astra-migrate-meta-layouts":"set","ast-page-background-enabled":"default","ast-page-background-meta":{"desktop":{"background-color":"var(--ast-global-color-4)","background-image":"","background-repeat":"repeat","background-position":"center center","background-size":"auto","background-attachment":"scroll","background-type":"","background-media":"","overlay-type":"","overlay-color":"","overlay-opacity":"","overlay-gradient":""},"tablet":{"background-color":"","background-image":"","background-repeat":"repeat","background-position":"center center","background-size":"auto","background-attachment":"scroll","background-type":"","background-media":"","overlay-type":"","overlay-color":"","overlay-opacity":"","overlay-gradient":""},"mobile":{"background-color":"","background-image":"","background-repeat":"repeat","background-position":"center center","background-size":"auto","background-attachment":"scroll","background-type":"","background-media":"","overlay-type":"","overlay-color":"","overlay-opacity":"","overlay-gradient":""}},"ast-content-background-meta":{"desktop":{"background-color":"var(--ast-global-color-5)","background-image":"","background-repeat":"repeat","background-position":"center center","background-size":"auto","background-attachment":"scroll","background-type":"","background-media":"","overlay-type":"","overlay-color":"","overlay-opacity":"","overlay-gradient":""},"tablet":{"background-color":"var(--ast-global-color-5)","background-image":"","background-repeat":"repeat","background-position":"center center","background-size":"auto","background-attachment":"scroll","background-type":"","background-media":"","overlay-type":"","overlay-color":"","overlay-opacity":"","overlay-gradient":""},"mobile":{"background-color":"var(--ast-global-color-5)","background-image":"","background-repeat":"repeat","background-position":"center center","background-size":"auto","background-attachment":"scroll","background-type":"","background-media":"","overlay-type":"","overlay-color":"","overlay-opacity":"","overlay-gradient":""}},"footnotes":""},"class_list":["post-155","page","type-page","status-publish","hentry"],"post_mailing_queue_ids":[],"_links":{"self":[{"href":"https:\/\/serveiseducatius.xtec.cat\/cda-altbergueda\/wp-json\/wp\/v2\/pages\/155","targetHints":{"allow":["GET"]}}],"collection":[{"href":"https:\/\/serveiseducatius.xtec.cat\/cda-altbergueda\/wp-json\/wp\/v2\/pages"}],"about":[{"href":"https:\/\/serveiseducatius.xtec.cat\/cda-altbergueda\/wp-json\/wp\/v2\/types\/page"}],"author":[{"embeddable":true,"href":"https:\/\/serveiseducatius.xtec.cat\/cda-altbergueda\/wp-json\/wp\/v2\/users\/1"}],"replies":[{"embeddable":true,"href":"https:\/\/serveiseducatius.xtec.cat\/cda-altbergueda\/wp-json\/wp\/v2\/comments?post=155"}],"version-history":[{"count":5,"href":"https:\/\/serveiseducatius.xtec.cat\/cda-altbergueda\/wp-json\/wp\/v2\/pages\/155\/revisions"}],"predecessor-version":[{"id":15184,"href":"https:\/\/serveiseducatius.xtec.cat\/cda-altbergueda\/wp-json\/wp\/v2\/pages\/155\/revisions\/15184"}],"up":[{"embeddable":true,"href":"https:\/\/serveiseducatius.xtec.cat\/cda-altbergueda\/wp-json\/wp\/v2\/pages\/8260"}],"wp:attachment":[{"href":"https:\/\/serveiseducatius.xtec.cat\/cda-altbergueda\/wp-json\/wp\/v2\/media?parent=155"}],"curies":[{"name":"wp","href":"https:\/\/api.w.org\/{rel}","templated":true}]}}