{"id":13967,"date":"2024-05-31T13:16:52","date_gmt":"2024-05-31T11:16:52","guid":{"rendered":"https:\/\/serveiseducatius.xtec.cat\/cda-altbergueda\/?page_id=13967"},"modified":"2026-04-15T09:42:42","modified_gmt":"2026-04-15T07:42:42","slug":"activitat-un-tomb-per-berga","status":"publish","type":"page","link":"https:\/\/serveiseducatius.xtec.cat\/cda-altbergueda\/tematiques\/activitat-un-tomb-per-berga\/","title":{"rendered":"Activitat: Un tomb per Berga"},"content":{"rendered":"\n<figure class=\"wp-block-image aligncenter is-resized\"><img loading=\"lazy\" decoding=\"async\" width=\"999\" height=\"251\" src=\"https:\/\/serveiseducatius.xtec.cat\/cda-altbergueda\/wp-content\/uploads\/usu1364\/2024\/05\/tombperberga.png\" alt=\"\" class=\"wp-image-13981\" style=\"width:649px;height:auto\" srcset=\"https:\/\/serveiseducatius.xtec.cat\/cda-altbergueda\/wp-content\/uploads\/usu1364\/2024\/05\/tombperberga.png 999w, https:\/\/serveiseducatius.xtec.cat\/cda-altbergueda\/wp-content\/uploads\/usu1364\/2024\/05\/tombperberga-300x75.png 300w, https:\/\/serveiseducatius.xtec.cat\/cda-altbergueda\/wp-content\/uploads\/usu1364\/2024\/05\/tombperberga-768x193.png 768w\" sizes=\"auto, (max-width: 999px) 100vw, 999px\" \/><\/figure>\n\n\n\n<figure class=\"wp-block-table\"><table class=\"has-background has-fixed-layout\" style=\"background-color:#96c856;border-style:none;border-width:0px\"><tbody><tr><td><strong>MODALITAT:<\/strong><\/td><\/tr><tr><td>Sortida d&#8217;un dia<\/td><\/tr><\/tbody><\/table><\/figure>\n\n\n\n<h5 class=\"wp-block-heading\"><strong>Nivells:<\/strong><\/h5>\n\n\n\n<p>Educaci\u00f3 Prim\u00e0ria CM<\/p>\n\n\n\n<p><em>*Adaptable a Cicle Inicial i Superior<\/em><\/p>\n\n\n\n<h5 class=\"wp-block-heading\"><strong>Desenvolupament de l&#8217;activitat:<\/strong><\/h5>\n\n\n\n<p>Per tal de con\u00e8ixer i treballar el poble o la ciutat, hem preparat 2 itineraris, en aquest cas serien per con\u00e8ixer la ciutat de Berga<\/p>\n\n\n\n<p>Aquests itineraris giren al voltant de dos centres d&#8217;inter\u00e8s. Per una banda tot el que fa refer\u00e8ncia al barri antic que tindria un caire m\u00e9s hist\u00f2ric, seguint l&#8217;itinerari dissenyat per l&#8217;ajuntament: <a href=\"http:\/\/www.turismeberga.cat\/que-fer\/un-tomb-per-berga\">&#8220;Un tomb per Berga&#8221;<\/a>. I un altre de caire m\u00e9s econ\u00f2mic i actual que faria referencia al sector de serveis i equipaments municipals.<\/p>\n\n\n\n<p>Per fer l&#8217;activitat ens dividim amb dos grups, un per cada itinerari. De cada grup en fem petits grups els quals hauran de fer 3 tasques diferents:<\/p>\n\n\n\n<ul class=\"wp-block-list\">\n<li>Gravar el track de l&#8217;itinerari i marcar els diferents punts d&#8217;inter\u00e8s. Ho faran amb l&#8217;aplicaci\u00f3 Wikiloc i una tauleta digital.<\/li>\n\n\n\n<li>Fer una o m\u00e9s fotos dels diferents punts d&#8217;inter\u00e8s (tauleta).<\/li>\n\n\n\n<li>Resseguir amb un llapis el recorregut realitzat damunt un mapa en format paper.<\/li>\n<\/ul>\n\n\n\n<p>Podeu veure amb detall aquests itineraris a l\u2019aplicaci\u00f3 WIKILOC:<\/p>\n\n\n\n<p><a href=\"https:\/\/ca.wikiloc.com\/rutes-a-peu\/un-tomb-per-berga-ruta-a-61258647\">Un tomb per Berga ruta A<\/a> i <a href=\"https:\/\/ca.wikiloc.com\/rutes-a-peu\/un-tomb-per-berga-b-61258522\">Un tomb per Berga ruta B<\/a><\/p>\n\n\n\n<p>I els mapes amb els diferents punt d&#8217;inter\u00e8s que hauran de passar:<\/p>\n\n\n<div class=\"h5p-iframe-wrapper\"><iframe id=\"h5p-iframe-10\" class=\"h5p-iframe\" data-content-id=\"10\" style=\"height:1px\" src=\"about:blank\" frameBorder=\"0\" scrolling=\"no\" title=\"MAPES UN TOMB PER BERGA\"><\/iframe><\/div>\n\n\n\n<h5 class=\"wp-block-heading\"><strong>Treball previ:<\/strong><\/h5>\n\n\n\n<p>No es requereix treball previ sempre que la sortida serveixi com a punt de partida per treballar el tema posteriorment a l&#8217;aula. Per\u00f2 sempre va b\u00e9 con\u00e8ixer i saber interpretar una mica els mapes topogr\u00e0fics i&nbsp; tenir amb compte alguns <a href=\"https:\/\/www.canva.com\/design\/DAFS3J0S-wA\/view\">consells<\/a> per a realitzar unes bones fotografies.<\/p>\n\n\n\n<h5 class=\"wp-block-heading\"><strong>Treball posterior:<\/strong><\/h5>\n\n\n\n<p>A partir de l&#8217;activitat es genera informaci\u00f3 per poder treballar a l&#8217;aula el poble o en aquest cas la ciutat de Berga. Per una banda les dues rutes que tenim publicades a Wikiloc: Un tomb per Berga ruta A i Un tomb per Berga ruta B, els mapes de Google Maps amb el track de cada grup, els \u00e0lbums amb les respectives fotografies de cada itinerari i els mapes en format paper i digital.<\/p>\n\n\n\n<h5 class=\"wp-block-heading\"><strong>Observacions:<\/strong><\/h5>\n\n\n\n<p>L\u2019activitat \u00e9s d&#8217;un mat\u00ed de durada.<\/p>\n","protected":false},"excerpt":{"rendered":"<p>MODALITAT: Sortida d&#8217;un dia Nivells: Educaci\u00f3 Prim\u00e0ria CM *Adaptable a Cicle Inicial i Superior Desenvolupament de l&#8217;activitat: Per tal de con\u00e8ixer i treballar el poble o la ciutat, hem preparat 2 itineraris, en aquest cas serien per con\u00e8ixer la ciutat de Berga Aquests itineraris giren al voltant de dos centres d&#8217;inter\u00e8s. Per una banda tot [&hellip;]<\/p>\n","protected":false},"author":1,"featured_media":0,"parent":8235,"menu_order":44,"comment_status":"closed","ping_status":"closed","template":"","meta":{"_bbp_topic_count":0,"_bbp_reply_count":0,"_bbp_total_topic_count":0,"_bbp_total_reply_count":0,"_bbp_voice_count":0,"_bbp_anonymous_reply_count":0,"_bbp_topic_count_hidden":0,"_bbp_reply_count_hidden":0,"_bbp_forum_subforum_count":0,"site-sidebar-layout":"default","site-content-layout":"","ast-site-content-layout":"default","site-content-style":"default","site-sidebar-style":"default","ast-global-header-display":"","ast-banner-title-visibility":"","ast-main-header-display":"","ast-hfb-above-header-display":"","ast-hfb-below-header-display":"","ast-hfb-mobile-header-display":"","site-post-title":"","ast-breadcrumbs-content":"","ast-featured-img":"","footer-sml-layout":"","theme-transparent-header-meta":"","adv-header-id-meta":"","stick-header-meta":"","header-above-stick-meta":"","header-main-stick-meta":"","header-below-stick-meta":"","astra-migrate-meta-layouts":"set","ast-page-background-enabled":"default","ast-page-background-meta":{"desktop":{"background-color":"var(--ast-global-color-4)","background-image":"","background-repeat":"repeat","background-position":"center center","background-size":"auto","background-attachment":"scroll","background-type":"","background-media":"","overlay-type":"","overlay-color":"","overlay-opacity":"","overlay-gradient":""},"tablet":{"background-color":"","background-image":"","background-repeat":"repeat","background-position":"center center","background-size":"auto","background-attachment":"scroll","background-type":"","background-media":"","overlay-type":"","overlay-color":"","overlay-opacity":"","overlay-gradient":""},"mobile":{"background-color":"","background-image":"","background-repeat":"repeat","background-position":"center center","background-size":"auto","background-attachment":"scroll","background-type":"","background-media":"","overlay-type":"","overlay-color":"","overlay-opacity":"","overlay-gradient":""}},"ast-content-background-meta":{"desktop":{"background-color":"var(--ast-global-color-5)","background-image":"","background-repeat":"repeat","background-position":"center center","background-size":"auto","background-attachment":"scroll","background-type":"","background-media":"","overlay-type":"","overlay-color":"","overlay-opacity":"","overlay-gradient":""},"tablet":{"background-color":"var(--ast-global-color-5)","background-image":"","background-repeat":"repeat","background-position":"center center","background-size":"auto","background-attachment":"scroll","background-type":"","background-media":"","overlay-type":"","overlay-color":"","overlay-opacity":"","overlay-gradient":""},"mobile":{"background-color":"var(--ast-global-color-5)","background-image":"","background-repeat":"repeat","background-position":"center center","background-size":"auto","background-attachment":"scroll","background-type":"","background-media":"","overlay-type":"","overlay-color":"","overlay-opacity":"","overlay-gradient":""}},"footnotes":""},"class_list":["post-13967","page","type-page","status-publish","hentry"],"post_mailing_queue_ids":[],"_links":{"self":[{"href":"https:\/\/serveiseducatius.xtec.cat\/cda-altbergueda\/wp-json\/wp\/v2\/pages\/13967","targetHints":{"allow":["GET"]}}],"collection":[{"href":"https:\/\/serveiseducatius.xtec.cat\/cda-altbergueda\/wp-json\/wp\/v2\/pages"}],"about":[{"href":"https:\/\/serveiseducatius.xtec.cat\/cda-altbergueda\/wp-json\/wp\/v2\/types\/page"}],"author":[{"embeddable":true,"href":"https:\/\/serveiseducatius.xtec.cat\/cda-altbergueda\/wp-json\/wp\/v2\/users\/1"}],"replies":[{"embeddable":true,"href":"https:\/\/serveiseducatius.xtec.cat\/cda-altbergueda\/wp-json\/wp\/v2\/comments?post=13967"}],"version-history":[{"count":6,"href":"https:\/\/serveiseducatius.xtec.cat\/cda-altbergueda\/wp-json\/wp\/v2\/pages\/13967\/revisions"}],"predecessor-version":[{"id":15581,"href":"https:\/\/serveiseducatius.xtec.cat\/cda-altbergueda\/wp-json\/wp\/v2\/pages\/13967\/revisions\/15581"}],"up":[{"embeddable":true,"href":"https:\/\/serveiseducatius.xtec.cat\/cda-altbergueda\/wp-json\/wp\/v2\/pages\/8235"}],"wp:attachment":[{"href":"https:\/\/serveiseducatius.xtec.cat\/cda-altbergueda\/wp-json\/wp\/v2\/media?parent=13967"}],"curies":[{"name":"wp","href":"https:\/\/api.w.org\/{rel}","templated":true}]}}