{"id":13932,"date":"2024-05-30T13:45:52","date_gmt":"2024-05-30T11:45:52","guid":{"rendered":"https:\/\/serveiseducatius.xtec.cat\/cda-altbergueda\/?page_id=13932"},"modified":"2026-04-14T16:53:27","modified_gmt":"2026-04-14T14:53:27","slug":"projecte-boscos-del-bergueda-ci","status":"publish","type":"page","link":"https:\/\/serveiseducatius.xtec.cat\/cda-altbergueda\/tematiques\/projecte-boscos-del-bergueda-ci\/","title":{"rendered":"Projecte Bosc: Boscos del Bergued\u00e0"},"content":{"rendered":"<p>&nbsp;<\/p>\n<p><img loading=\"lazy\" decoding=\"async\" class=\"aligncenter size-full wp-image-12864\" src=\"https:\/\/serveiseducatius.xtec.cat\/cda-altbergueda\/wp-content\/uploads\/usu1364\/2023\/01\/NODES-EXPLICACIO.jpg\" alt=\"\" width=\"945\" height=\"228\" srcset=\"https:\/\/serveiseducatius.xtec.cat\/cda-altbergueda\/wp-content\/uploads\/usu1364\/2023\/01\/NODES-EXPLICACIO.jpg 945w, https:\/\/serveiseducatius.xtec.cat\/cda-altbergueda\/wp-content\/uploads\/usu1364\/2023\/01\/NODES-EXPLICACIO-300x72.jpg 300w, https:\/\/serveiseducatius.xtec.cat\/cda-altbergueda\/wp-content\/uploads\/usu1364\/2023\/01\/NODES-EXPLICACIO-768x185.jpg 768w\" sizes=\"auto, (max-width: 945px) 100vw, 945px\" \/><\/p>\n<p>&nbsp;<\/p>\n<p style=\"text-align: justify;\">El\u00a0<strong>Projecte Boscos del Bergued\u00e0<\/strong> sorgeix de la conflu\u00e8ncia entre la necessitat de completar tota la etapa de prim\u00e0ria amb oferta de projectes compartits, juntament amb la gran demanda d&#8217;activitats al voltant de la tem\u00e0tica de la vegetaci\u00f3 i el bosc com a ecosistema.<\/p>\n<p><span style=\"font-family: inherit; font-size: 1em; text-align: justify;\">Aquest projecte doncs, pret\u00e9n ser una <strong>guia pautada<\/strong> sobre els diferents aspectes importants que cal fixar-se per con\u00e8ixer el <strong>bosc com a ecosistema<\/strong> i com a entorn d&#8217;aprenentatge. Si pensem en el Bergued\u00e0, segurament ens imaginarem un paisatge dominat per muntanyes i per boscos, i \u00e9s per aquest motiu que cal donar-li la import\u00e0ncia que es mereix.<\/span><\/p>\n<p>El projecte s&#8217;allarga durant els <strong>tres trimestres del curs<\/strong>, ja que creiem imprescindible veure l&#8217;evoluci\u00f3 del bosc al llarg de les estacions, i combina activitats que ha de realitzar l&#8217;escola aut\u00f2nomament, amb d&#8217;altres on seran els mestres del CdA, els que donaran suport al mestre del grup d&#8217;alumnes. Est\u00e0 pensat per alumnes de <strong>CICLE INICIAL, <\/strong>tot i que en el cas de les ZERs es pot adaptar a l&#8217;agrupament que tinguin predefinit.<\/p>\n<p>El <strong>bosc d&#8217;estudi<\/strong> sobre el que se centrar\u00e0 cada escola el trien els propis alumnes, i ser\u00e0 el bosc apadrinat que estudiaran durant tot el curs. Per exemple, veuran com canvia aquell bosc durant l&#8217;any, quins usos se&#8217;n fa, si sempre ha estat igual, quines esp\u00e8cies hi viuen&#8230;<\/p>\n<p>Durant tot el curs, a trav\u00e9s de missatges de correu electr\u00f2nic,\u00a0<strong>la Fam\u00edlia Forest a trav\u00e9s d&#8217;uns v\u00eddeos, <\/strong>ens presentaran els diferents habitants del bosc, qui encomanaran a l&#8217;alumnat les tasques que han de realitzar. A m\u00e9s, com a suport durant tot el projecte, els centres disposaran d&#8217;un <strong>SITES<\/strong> (entorn virtual d&#8217;aprenentatge) on s&#8217;aniran obrint les diferents tasques amb els materials de suport corresponents. All\u00e0, tamb\u00e9 \u00e9s on els docents tenen les fitxes de treball de les diferents tasques, aix\u00ed com tamb\u00e9 materials opcionals per treballar altres aspectes del bosc.<\/p>\n<p>Per tal de fomentar l&#8217;<strong>intercanvi d&#8217;informaci\u00f3 entre els diferents centres<\/strong>, el SITES disposa d&#8217;un espai on penjar els productes finals que realitzen de cada tasca, per aix\u00ed veure si hi ha difer\u00e8ncies entre centres, o per exemple, entre Alt i Baix Bergued\u00e0.<\/p>\n<p>El projecte consta actualment de <strong>9 tasques aut\u00f2nomes<\/strong> (3 per trimestre) i <strong>3 sortides al bosc<\/strong> amb el CdA. Tamb\u00e9 se&#8217;ls plantegen altres <strong>activitats opcionals,<\/strong> per tal de donar possibilitat a aquells centres que vulguin, d&#8217;aprofundir o d&#8217;indagar sobre altres aspectes.<\/p>\n<p>S&#8217;intenta que les tasques siguin de tem\u00e0tica variada per tenir una visi\u00f3 hol\u00edstica del bosc, treballant-lo des de diferents punts de vista, i sobretot tamb\u00e9 amb metodologies diverses, fomentant sobretot la<strong> curiositat cient\u00edfica <\/strong>(introduint certs aspectes del m\u00e8tode cient\u00edfic)<strong> i la creativitat<\/strong>. El disseny i les activitats del projecte aposten clarament pel <strong>treball cooperatiu<\/strong> a l\u2019aula i fomenten l\u2019<strong>\u00fas de les TAC<\/strong><\/p>\n<p>El producte final del projecte que es proposa al final del projecte \u00e9s fer un <strong>LandArt<\/strong>, que consisteix en una creaci\u00f3 art\u00edstica amb materials del propi bosc, que contingui en s\u00ed mateix, un missatge de sensibilitzaci\u00f3 en la conservaci\u00f3 de l&#8217;ecosistema bosc.<\/p>\n<p style=\"text-align: justify;\">A <strong>principis de setembre hi haur\u00e0 una trobada de coordinaci\u00f3<\/strong> a la seu del CdA per tal de planificar i exposar les tasques del projecte als mestres participants.<\/p>\n<p><a href=\"https:\/\/sites.google.com\/view\/boscosdelbergueda2223\/dossier-projecte-23-24\">Enlla\u00e7 al document del projecte del curs 2023-2024<\/a><\/p>\n<p><a href=\"https:\/\/serveiseducatius.xtec.cat\/cda-altbergueda\/modalitats\/projectes\/projecte-boscos-del-bergueda\/tots-els-boscos-del-bergueda\/\">Enlla\u00e7 als blocs o Sites del projecte fins el curs 2022-2023<\/a><\/p>\n","protected":false},"excerpt":{"rendered":"<p>&nbsp; &nbsp; El\u00a0Projecte Boscos del Bergued\u00e0 sorgeix de la conflu\u00e8ncia entre la necessitat de completar tota la etapa de prim\u00e0ria amb oferta de projectes compartits, juntament amb la gran demanda d&#8217;activitats al voltant de la tem\u00e0tica de la vegetaci\u00f3 i el bosc com a ecosistema. Aquest projecte doncs, pret\u00e9n ser una guia pautada sobre els [&hellip;]<\/p>\n","protected":false},"author":1,"featured_media":0,"parent":8235,"menu_order":71,"comment_status":"closed","ping_status":"closed","template":"","meta":{"_bbp_topic_count":0,"_bbp_reply_count":0,"_bbp_total_topic_count":0,"_bbp_total_reply_count":0,"_bbp_voice_count":0,"_bbp_anonymous_reply_count":0,"_bbp_topic_count_hidden":0,"_bbp_reply_count_hidden":0,"_bbp_forum_subforum_count":0,"site-sidebar-layout":"default","site-content-layout":"","ast-site-content-layout":"","site-content-style":"default","site-sidebar-style":"default","ast-global-header-display":"","ast-banner-title-visibility":"","ast-main-header-display":"","ast-hfb-above-header-display":"","ast-hfb-below-header-display":"","ast-hfb-mobile-header-display":"","site-post-title":"","ast-breadcrumbs-content":"","ast-featured-img":"","footer-sml-layout":"","theme-transparent-header-meta":"","adv-header-id-meta":"","stick-header-meta":"","header-above-stick-meta":"","header-main-stick-meta":"","header-below-stick-meta":"","astra-migrate-meta-layouts":"default","ast-page-background-enabled":"default","ast-page-background-meta":{"desktop":{"background-color":"var(--ast-global-color-4)","background-image":"","background-repeat":"repeat","background-position":"center center","background-size":"auto","background-attachment":"scroll","background-type":"","background-media":"","overlay-type":"","overlay-color":"","overlay-opacity":"","overlay-gradient":""},"tablet":{"background-color":"","background-image":"","background-repeat":"repeat","background-position":"center center","background-size":"auto","background-attachment":"scroll","background-type":"","background-media":"","overlay-type":"","overlay-color":"","overlay-opacity":"","overlay-gradient":""},"mobile":{"background-color":"","background-image":"","background-repeat":"repeat","background-position":"center center","background-size":"auto","background-attachment":"scroll","background-type":"","background-media":"","overlay-type":"","overlay-color":"","overlay-opacity":"","overlay-gradient":""}},"ast-content-background-meta":{"desktop":{"background-color":"var(--ast-global-color-5)","background-image":"","background-repeat":"repeat","background-position":"center center","background-size":"auto","background-attachment":"scroll","background-type":"","background-media":"","overlay-type":"","overlay-color":"","overlay-opacity":"","overlay-gradient":""},"tablet":{"background-color":"var(--ast-global-color-5)","background-image":"","background-repeat":"repeat","background-position":"center center","background-size":"auto","background-attachment":"scroll","background-type":"","background-media":"","overlay-type":"","overlay-color":"","overlay-opacity":"","overlay-gradient":""},"mobile":{"background-color":"var(--ast-global-color-5)","background-image":"","background-repeat":"repeat","background-position":"center center","background-size":"auto","background-attachment":"scroll","background-type":"","background-media":"","overlay-type":"","overlay-color":"","overlay-opacity":"","overlay-gradient":""}},"footnotes":""},"class_list":["post-13932","page","type-page","status-publish","hentry"],"post_mailing_queue_ids":[],"_links":{"self":[{"href":"https:\/\/serveiseducatius.xtec.cat\/cda-altbergueda\/wp-json\/wp\/v2\/pages\/13932","targetHints":{"allow":["GET"]}}],"collection":[{"href":"https:\/\/serveiseducatius.xtec.cat\/cda-altbergueda\/wp-json\/wp\/v2\/pages"}],"about":[{"href":"https:\/\/serveiseducatius.xtec.cat\/cda-altbergueda\/wp-json\/wp\/v2\/types\/page"}],"author":[{"embeddable":true,"href":"https:\/\/serveiseducatius.xtec.cat\/cda-altbergueda\/wp-json\/wp\/v2\/users\/1"}],"replies":[{"embeddable":true,"href":"https:\/\/serveiseducatius.xtec.cat\/cda-altbergueda\/wp-json\/wp\/v2\/comments?post=13932"}],"version-history":[{"count":3,"href":"https:\/\/serveiseducatius.xtec.cat\/cda-altbergueda\/wp-json\/wp\/v2\/pages\/13932\/revisions"}],"predecessor-version":[{"id":13960,"href":"https:\/\/serveiseducatius.xtec.cat\/cda-altbergueda\/wp-json\/wp\/v2\/pages\/13932\/revisions\/13960"}],"up":[{"embeddable":true,"href":"https:\/\/serveiseducatius.xtec.cat\/cda-altbergueda\/wp-json\/wp\/v2\/pages\/8235"}],"wp:attachment":[{"href":"https:\/\/serveiseducatius.xtec.cat\/cda-altbergueda\/wp-json\/wp\/v2\/media?parent=13932"}],"curies":[{"name":"wp","href":"https:\/\/api.w.org\/{rel}","templated":true}]}}