{"id":13807,"date":"2024-05-21T12:42:50","date_gmt":"2024-05-21T10:42:50","guid":{"rendered":"https:\/\/serveiseducatius.xtec.cat\/cda-altbergueda\/?page_id=13807"},"modified":"2025-12-19T13:27:23","modified_gmt":"2025-12-19T12:27:23","slug":"qui-som-2","status":"publish","type":"page","link":"https:\/\/serveiseducatius.xtec.cat\/cda-altbergueda\/el-camp\/qui-som-2\/","title":{"rendered":"Qui som?"},"content":{"rendered":"\n<figure class=\"wp-block-image aligncenter\"><img loading=\"lazy\" decoding=\"async\" width=\"1000\" height=\"250\" src=\"https:\/\/serveiseducatius.xtec.cat\/cda-altbergueda\/wp-content\/uploads\/usu1364\/2024\/05\/CdA.png\" alt=\"\" class=\"wp-image-13884\" srcset=\"https:\/\/serveiseducatius.xtec.cat\/cda-altbergueda\/wp-content\/uploads\/usu1364\/2024\/05\/CdA.png 1000w, https:\/\/serveiseducatius.xtec.cat\/cda-altbergueda\/wp-content\/uploads\/usu1364\/2024\/05\/CdA-300x75.png 300w, https:\/\/serveiseducatius.xtec.cat\/cda-altbergueda\/wp-content\/uploads\/usu1364\/2024\/05\/CdA-768x192.png 768w\" sizes=\"auto, (max-width: 1000px) 100vw, 1000px\" \/><\/figure>\n\n\n\n<h2 class=\"wp-block-heading\">Camp d&#8217;Aprenentatge de l&#8217;Alt Bergued\u00e0<\/h2>\n\n\n\n<h2 class=\"wp-block-heading has-text-align-center\"><iframe loading=\"lazy\" title=\"YouTube video player\" src=\"https:\/\/www.youtube.com\/embed\/ytfFsEzFEio?si=7xg5iwvInFGIloIc\" width=\"560\" height=\"315\" frameborder=\"0\" allowfullscreen=\"allowfullscreen\"><\/iframe><\/h2>\n\n\n\n<p>El CdA de l&#8217;Alt Bergued\u00e0 \u00e9s un servei educatiu de suport curricular, situat a Guardiola de Bergued\u00e0. T\u00e9 com a objectiu <strong>&nbsp;treballar el curr\u00edculum de manera competencial, tan a prim\u00e0ria com a secundaria secund\u00e0ria<\/strong> , oferint un <strong>entorn singular i activitats en diferents paratges naturals<\/strong> de l&#8217;Alt Bergued\u00e0 on poder fer aquest treball curricular m\u00e9s viu i directe per a l&#8217;alumnat. Estem enfocats al <strong>treball competencial<\/strong>&nbsp;i volem que els alumnes que ens visitin s&#8217;emportin un bon record de les activitats que els oferim. Per aix\u00f2 intentem que les nostres <strong>activitats<\/strong> siguin <strong>actives, significatives i que promoguin el contacte directe amb l&#8217;objecte d&#8217;estudi<\/strong>: el medi natural, social i el patrimoni cultural de la nostra comarca.<\/p>\n\n\n\n<p>Ja fa una bona colla d&#8217;anys, des de l&#8217;any 1992, que el CdA de l&#8217;Alt Bergued\u00e0 dissenya i ofereix activitats educatives als centres p\u00fablics de Catalunya, tant de Prim\u00e0ria com de Secund\u00e0ria. Al llarg dels anys, el nostre CdA, s&#8217;ha anat orientant cap a les <strong>activitats al voltant de la natura i el medi ambient<\/strong>. Amb la intenci\u00f3 d&#8217;apropar i posar a l&#8217;abast el <strong>treball cient\u00edfic i el treball de camp<\/strong> als alumnes als quals dirigim els nostres esfor\u00e7os. Aquestes activitats les portem a terme en diferents indrets de la comarca del Bergued\u00e0, com ara el mass\u00eds del Pedraforca, Coll de Pal, les Fonts del Llobregat, el Parc Natural del Cad\u00ed-Moixer\u00f3&#8230; Aprofitem els magn\u00edfics indrets que tenim a la comarca per anar introduint els alumnes en el coneixement i el respecte pel medi natural. Actualment al Camp d&#8217;Aprenentatge de l&#8217;Alt Bergued\u00e0 hi treballem 3 docents del Departament d&#8217;Educaci\u00f3 de la Generalitat de Catalunya: 2 docents mestres de Prim\u00e0ria i 1 professora de Secund\u00e0ria.<\/p>\n\n\n\n<h3 class=\"wp-block-heading has-text-align-center\"><figure><img loading=\"lazy\" decoding=\"async\" class=\"aligncenter wp-image-13880\" src=\"https:\/\/serveiseducatius.xtec.cat\/cda-altbergueda\/wp-content\/uploads\/usu1364\/2024\/05\/IMG-20220701-WA0056.jpg\" alt=\"\" width=\"510\" height=\"297\" data-wp-editing=\"1\" srcset=\"https:\/\/serveiseducatius.xtec.cat\/cda-altbergueda\/wp-content\/uploads\/usu1364\/2024\/05\/IMG-20220701-WA0056.jpg 1023w, https:\/\/serveiseducatius.xtec.cat\/cda-altbergueda\/wp-content\/uploads\/usu1364\/2024\/05\/IMG-20220701-WA0056-300x175.jpg 300w, https:\/\/serveiseducatius.xtec.cat\/cda-altbergueda\/wp-content\/uploads\/usu1364\/2024\/05\/IMG-20220701-WA0056-768x447.jpg 768w\" sizes=\"auto, (max-width: 510px) 100vw, 510px\" \/><\/figure><\/h3>\n\n\n\n<h3 class=\"wp-block-heading\">Modalitats<\/h3>\n\n\n\n<p>Desenvolupem la nostra tasca amb els alumnes des de&nbsp;<strong>tres punts de partida<\/strong> diferents:<\/p>\n\n\n\n<p>D&#8217;una banda les <strong>estades<\/strong> que realitzen grups d&#8217;alumnes de tot Catalunya a l&#8217;alberg de la Sala situat a La Pobla de Lillet. S\u00f3n estades d&#8217;entre 2 i 5 dies que permeten un contacte m\u00e9s directe amb l&#8217;alumnat i el poder treballar d&#8217;una manera m\u00e9s llarga i continuada amb un mateix grup d&#8217;alumnes. Les activitats de les estades les dissenyem conjuntament amb els mestres o professors dels centres estadants durant una <em><strong>trobada de coordinaci\u00f3<\/strong><\/em> inicial, que se sol celebrar al setembre o al gener, segons les dates de l&#8217;estada. Es poden escollir tres <strong><a href=\"https:\/\/serveiseducatius.xtec.cat\/cda-altbergueda\/modalitats\/estades\/itineraris-destada\/\">itineraris<\/a><\/strong>diferents d&#8217;estada: Riu, paisatge o ecosistemes. Venir a fer una estada al CdA comporta l&#8217;acceptaci\u00f3 d&#8217;un <em><strong>comprom\u00eds per part del&nbsp;centre educatiu<\/strong><\/em> per a realitzar tota la seq\u00fc\u00e8ncia d&#8217;activitats que ajudaran a fer significativa i enriquidora l&#8217;estada al grup d&#8217;alumnes, seq\u00fc\u00e8ncia que no nom\u00e9s contempla les activitats que es portaran a terme durant l&#8217;estada, sin\u00f3 tamb\u00e9 les pr\u00e8vies per posar en context l&#8217;estada, i les posteriors d&#8217;aplicaci\u00f3 al centre de les compet\u00e8ncies treballades. Per con\u00e8ixer&nbsp;m\u00e9s detalls de com funciona una estada seguiu aquest <strong><a href=\"http:\/\/serveiseducatius.xtec.cat\/cda-altbergueda\/modalitats\/estades\/\">enlla\u00e7<\/a>.<\/strong><\/p>\n\n\n\n<p>La segona modalitat que oferim s\u00f3n els <strong>projectes compartits<\/strong> amb els centres educatius. Aquests projectes estan pensants per portar a terme amb &nbsp;alumnes de la comarca del Bergued\u00e0. Requereixen d&#8217;un treball continuat del grup d&#8217;alumnes durant un cert per\u00edode de temps. El contacte entre els mestres del CdA i els dels grups participants al projecte \u00e9s constant, tant de manera presencial com virtual. Actualment tenim tres projectes compartits en marxa: <strong><em>&#8220;Coneix l&#8217;entorn del meu poble&#8221;<\/em><\/strong> (CS de Prim\u00e0ria),<strong><em> &#8220;Projecte Hugot: rius i rieres del Bergued\u00e0&#8221;<\/em><\/strong> (CM de Prim\u00e0ria) i el <strong><em>&#8220;Projecte boscos del Bergued\u00e0&#8221;<\/em><\/strong> (CI de Prim\u00e0ria). Per\u00f2 estem oberts a la possibilitat d&#8217;engegar-ne m\u00e9s amb els centres que tinguin ganes d&#8217;embrancar-s&#8217;hi. Per saber-ne m\u00e9s dels projectes compartits seguiu aquest <strong><a href=\"http:\/\/serveiseducatius.xtec.cat\/cda-altbergueda\/modalitats\/projectes\/\">enlla\u00e7<\/a><\/strong>.<\/p>\n\n\n\n<p>La darrera&nbsp;possibilitat s\u00f3n les <strong>sortides d&#8217;un dia<\/strong>. Algunes de les nostres activitats es poden desenvolupar en el format d&#8217;un sol dia d&#8217;activitat. En aquest cas, cal igualment fer la sol\u00b7licitud durant el mes de maig del curs anterior al qual es vol fer la sortida. S\u00f3n activitats que han d&#8217;estar inserides dins al programaci\u00f3 del centre i integrades a la programaci\u00f3 del curs en q\u00fcesti\u00f3, amb l&#8217;objectiu que tinguin un sentit pels alumnes. Igualment, la coordinaci\u00f3 i comunicaci\u00f3 amb els mestres o professors del grup \u00e9s imprescindible per portar-les a bon port. Depenent de l&#8217;activitat la realitzem a l&#8217;entorn del centre, o ens desplacem a l&#8217;indret de la comarca on la portarem a terme. Podeu consultar la nostra oferta de sortides d&#8217;un dia seguint aquest <strong><a href=\"http:\/\/serveiseducatius.xtec.cat\/cda-altbergueda\/modalitats\/sortides\/\"><strong>enlla\u00e7<\/strong><\/a>.<\/strong><\/p>\n\n\n\n<p><strong>Inscripci\u00f3 i dades de contacte<\/strong><\/p>\n\n\n\n<p>Els mestres i professors tutors dels centres educatius que es vulguin inscriure a alguna de les nostres activitats, ja siguin estades, sortides o projectes compartits, ho hauran de fer des de <strong>l&#8217;<a href=\"https:\/\/xtec.gencat.cat\/ca\/serveis\/sesc\/cda\/inscripcio\/\">aplicatiu<\/a> <\/strong>que habilita el Departament d&#8217;Educaci\u00f3 <strong>&nbsp;al mes de maig. <\/strong>En cas que el per\u00edode d&#8217;inscripci\u00f3 s&#8217;hagi exhaurit, podeu posar-vos en contacte amb nosaltres per <a href=\"http:\/\/serveiseducatius.xtec.cat\/cda-altbergueda\/el-camp\/inscripcio\/inscripcio-fora-de-termini\/\"><strong>consultar<\/strong><\/a> la disponibilitat de dates.<\/p>\n\n\n\n<p>La nostra seu \u00e9s a Guardiola de Bergued\u00e0.<\/p>\n\n\n\n<p>Adre\u00e7a: Carrer del Carrilet,1<br>08694 &#8211; Guardiola de Bergued\u00e0<\/p>\n\n\n\n<p>Telf.: <strong>93 822 76 96 \/ 634791700<\/strong><\/p>\n\n\n\n<p>Correu electr\u00f2nic: <strong>a8902081@xtec.cat<\/strong><\/p>\n","protected":false},"excerpt":{"rendered":"<p>Camp d&#8217;Aprenentatge de l&#8217;Alt Bergued\u00e0 El CdA de l&#8217;Alt Bergued\u00e0 \u00e9s un servei educatiu de suport curricular, situat a Guardiola de Bergued\u00e0. T\u00e9 com a objectiu &nbsp;treballar el curr\u00edculum de manera competencial, tan a prim\u00e0ria com a secundaria secund\u00e0ria , oferint un entorn singular i activitats en diferents paratges naturals de l&#8217;Alt Bergued\u00e0 on poder [&hellip;]<\/p>\n","protected":false},"author":1,"featured_media":0,"parent":8225,"menu_order":2,"comment_status":"closed","ping_status":"closed","template":"","meta":{"_bbp_topic_count":0,"_bbp_reply_count":0,"_bbp_total_topic_count":0,"_bbp_total_reply_count":0,"_bbp_voice_count":0,"_bbp_anonymous_reply_count":0,"_bbp_topic_count_hidden":0,"_bbp_reply_count_hidden":0,"_bbp_forum_subforum_count":0,"site-sidebar-layout":"default","site-content-layout":"","ast-site-content-layout":"default","site-content-style":"default","site-sidebar-style":"default","ast-global-header-display":"","ast-banner-title-visibility":"","ast-main-header-display":"","ast-hfb-above-header-display":"","ast-hfb-below-header-display":"","ast-hfb-mobile-header-display":"","site-post-title":"","ast-breadcrumbs-content":"","ast-featured-img":"","footer-sml-layout":"","theme-transparent-header-meta":"","adv-header-id-meta":"","stick-header-meta":"","header-above-stick-meta":"","header-main-stick-meta":"","header-below-stick-meta":"","astra-migrate-meta-layouts":"set","ast-page-background-enabled":"default","ast-page-background-meta":{"desktop":{"background-color":"var(--ast-global-color-4)","background-image":"","background-repeat":"repeat","background-position":"center center","background-size":"auto","background-attachment":"scroll","background-type":"","background-media":"","overlay-type":"","overlay-color":"","overlay-opacity":"","overlay-gradient":""},"tablet":{"background-color":"","background-image":"","background-repeat":"repeat","background-position":"center center","background-size":"auto","background-attachment":"scroll","background-type":"","background-media":"","overlay-type":"","overlay-color":"","overlay-opacity":"","overlay-gradient":""},"mobile":{"background-color":"","background-image":"","background-repeat":"repeat","background-position":"center center","background-size":"auto","background-attachment":"scroll","background-type":"","background-media":"","overlay-type":"","overlay-color":"","overlay-opacity":"","overlay-gradient":""}},"ast-content-background-meta":{"desktop":{"background-color":"var(--ast-global-color-5)","background-image":"","background-repeat":"repeat","background-position":"center center","background-size":"auto","background-attachment":"scroll","background-type":"","background-media":"","overlay-type":"","overlay-color":"","overlay-opacity":"","overlay-gradient":""},"tablet":{"background-color":"var(--ast-global-color-5)","background-image":"","background-repeat":"repeat","background-position":"center center","background-size":"auto","background-attachment":"scroll","background-type":"","background-media":"","overlay-type":"","overlay-color":"","overlay-opacity":"","overlay-gradient":""},"mobile":{"background-color":"var(--ast-global-color-5)","background-image":"","background-repeat":"repeat","background-position":"center center","background-size":"auto","background-attachment":"scroll","background-type":"","background-media":"","overlay-type":"","overlay-color":"","overlay-opacity":"","overlay-gradient":""}},"footnotes":""},"class_list":["post-13807","page","type-page","status-publish","hentry"],"post_mailing_queue_ids":[],"_links":{"self":[{"href":"https:\/\/serveiseducatius.xtec.cat\/cda-altbergueda\/wp-json\/wp\/v2\/pages\/13807","targetHints":{"allow":["GET"]}}],"collection":[{"href":"https:\/\/serveiseducatius.xtec.cat\/cda-altbergueda\/wp-json\/wp\/v2\/pages"}],"about":[{"href":"https:\/\/serveiseducatius.xtec.cat\/cda-altbergueda\/wp-json\/wp\/v2\/types\/page"}],"author":[{"embeddable":true,"href":"https:\/\/serveiseducatius.xtec.cat\/cda-altbergueda\/wp-json\/wp\/v2\/users\/1"}],"replies":[{"embeddable":true,"href":"https:\/\/serveiseducatius.xtec.cat\/cda-altbergueda\/wp-json\/wp\/v2\/comments?post=13807"}],"version-history":[{"count":6,"href":"https:\/\/serveiseducatius.xtec.cat\/cda-altbergueda\/wp-json\/wp\/v2\/pages\/13807\/revisions"}],"predecessor-version":[{"id":15466,"href":"https:\/\/serveiseducatius.xtec.cat\/cda-altbergueda\/wp-json\/wp\/v2\/pages\/13807\/revisions\/15466"}],"up":[{"embeddable":true,"href":"https:\/\/serveiseducatius.xtec.cat\/cda-altbergueda\/wp-json\/wp\/v2\/pages\/8225"}],"wp:attachment":[{"href":"https:\/\/serveiseducatius.xtec.cat\/cda-altbergueda\/wp-json\/wp\/v2\/media?parent=13807"}],"curies":[{"name":"wp","href":"https:\/\/api.w.org\/{rel}","templated":true}]}}