{"id":13803,"date":"2024-05-21T12:34:58","date_gmt":"2024-05-21T10:34:58","guid":{"rendered":"https:\/\/serveiseducatius.xtec.cat\/cda-altbergueda\/?page_id=13803"},"modified":"2026-04-14T16:49:52","modified_gmt":"2026-04-14T14:49:52","slug":"el-bosc-2","status":"publish","type":"page","link":"https:\/\/serveiseducatius.xtec.cat\/cda-altbergueda\/tematiques\/el-bosc-2\/","title":{"rendered":"BOSC"},"content":{"rendered":"\n<figure class=\"wp-block-image aligncenter\"><a href=\"https:\/\/serveiseducatius.xtec.cat\/cda-altbergueda\/wp-content\/uploads\/usu1364\/2024\/05\/BOSC.png\"><img loading=\"lazy\" decoding=\"async\" width=\"995\" height=\"244\" src=\"https:\/\/serveiseducatius.xtec.cat\/cda-altbergueda\/wp-content\/uploads\/usu1364\/2024\/05\/BOSC.png\" alt=\"\" class=\"wp-image-13893\" srcset=\"https:\/\/serveiseducatius.xtec.cat\/cda-altbergueda\/wp-content\/uploads\/usu1364\/2024\/05\/BOSC.png 995w, https:\/\/serveiseducatius.xtec.cat\/cda-altbergueda\/wp-content\/uploads\/usu1364\/2024\/05\/BOSC-300x74.png 300w, https:\/\/serveiseducatius.xtec.cat\/cda-altbergueda\/wp-content\/uploads\/usu1364\/2024\/05\/BOSC-768x188.png 768w\" sizes=\"auto, (max-width: 995px) 100vw, 995px\" \/><\/a><\/figure>\n\n\n\n<p>El Bergued\u00e0 \u00e9s una comarca muntanyosa i boscosa. Part de les nostres activitats estant relacionades amb aquest entorn. Segons el nivell dels alumnes la mirada cap al bosc prendr\u00e0 un o altre enfocament. Depenent de l&#8217;\u00e8poca de l&#8217;any el bosc ens ofereix diferents possibilitats educatives que intentem aprofitar. La recol\u00b7lecci\u00f3 de bolets, la identificaci\u00f3 d&#8217;esp\u00e8cies vegetals a trav\u00e9s de guies, l&#8217;estudi de rastres, l&#8217;ecosistema bosc, el bosc de muntanya mitjana&#8230; Diferents visions i grau d&#8217;aprofundiment per treballar el bosc d&#8217;una manera vivencial i experimental.<\/p>\n\n\n\n<p><strong>Activitats relacionades:<\/strong><\/p>\n\n\n\n<ul class=\"wp-block-list\">\n<li><a href=\"http:\/\/serveiseducatius.xtec.cat\/cda-altbergueda\/ambits\/totes-les-activitats\/fongs-bolets\/\"><span style=\"line-height: 15px;\">Els fongs i els bolets<\/span><\/a><\/li>\n\n\n\n<li><a href=\"https:\/\/serveiseducatius.xtec.cat\/cda-altbergueda\/ambits\/totes-les-activitats\/activitat-vegetacio-dun-bosc-proper\/\">Vegetaci\u00f3 d&#8217;un bosc proper<\/a><\/li>\n\n\n\n<li><a href=\"https:\/\/serveiseducatius.xtec.cat\/cda-altbergueda\/ambits\/totes-les-activitats\/activitat-estudi-del-bosc-de-la-sala\/\">Estudi del bosc de la Sala<\/a><\/li>\n\n\n\n<li><a href=\"https:\/\/serveiseducatius.xtec.cat\/cda-altbergueda\/ambits\/totes-les-activitats\/activitat-estatges-de-vegetacio\/\">Estatges de vegetaci\u00f3 (Coll de Pal)<\/a><\/li>\n\n\n\n<li><a href=\"http:\/\/serveiseducatius.xtec.cat\/cda-altbergueda\/ambits\/totes-les-activitats\/activitat-el-bosc-estudi-dun-ecosistema\/\">Biomassa, gesti\u00f3 d&#8217;un espai forestal<\/a><\/li>\n<\/ul>\n\n\n\n<p><strong>Projectes compartits relacionats:<\/strong><\/p>\n\n\n\n<ul class=\"wp-block-list\">\n<li><a href=\"https:\/\/serveiseducatius.xtec.cat\/cda-altbergueda\/modalitats\/projectes\/projecte-boscos-del-bergueda\/\">Projecte Bosc: Boscos del Bergued\u00e0<\/a><\/li>\n<\/ul>\n\n\n\n<p><strong>Recursos relacionats:<\/strong><\/p>\n\n\n\n<ul class=\"wp-block-list\">\n<li><a href=\"http:\/\/serveiseducatius.xtec.cat\/cda-altbergueda\/materials\/herbari-del-bergueda\/\">Herbaris&nbsp;del Bergued\u00e0<\/a><\/li>\n\n\n\n<li><a href=\"http:\/\/serveiseducatius.xtec.cat\/cda-altbergueda\/materials\/bestiari\/\">Bestiari del Bergued\u00e0<\/a><\/li>\n<\/ul>\n","protected":false},"excerpt":{"rendered":"<p>El Bergued\u00e0 \u00e9s una comarca muntanyosa i boscosa. Part de les nostres activitats estant relacionades amb aquest entorn. Segons el nivell dels alumnes la mirada cap al bosc prendr\u00e0 un o altre enfocament. Depenent de l&#8217;\u00e8poca de l&#8217;any el bosc ens ofereix diferents possibilitats educatives que intentem aprofitar. La recol\u00b7lecci\u00f3 de bolets, la identificaci\u00f3 d&#8217;esp\u00e8cies [&hellip;]<\/p>\n","protected":false},"author":1,"featured_media":0,"parent":8235,"menu_order":20,"comment_status":"closed","ping_status":"closed","template":"","meta":{"_bbp_topic_count":0,"_bbp_reply_count":0,"_bbp_total_topic_count":0,"_bbp_total_reply_count":0,"_bbp_voice_count":0,"_bbp_anonymous_reply_count":0,"_bbp_topic_count_hidden":0,"_bbp_reply_count_hidden":0,"_bbp_forum_subforum_count":0,"site-sidebar-layout":"default","site-content-layout":"","ast-site-content-layout":"default","site-content-style":"default","site-sidebar-style":"default","ast-global-header-display":"","ast-banner-title-visibility":"","ast-main-header-display":"","ast-hfb-above-header-display":"","ast-hfb-below-header-display":"","ast-hfb-mobile-header-display":"","site-post-title":"","ast-breadcrumbs-content":"","ast-featured-img":"","footer-sml-layout":"","theme-transparent-header-meta":"","adv-header-id-meta":"","stick-header-meta":"","header-above-stick-meta":"","header-main-stick-meta":"","header-below-stick-meta":"","astra-migrate-meta-layouts":"set","ast-page-background-enabled":"default","ast-page-background-meta":{"desktop":{"background-color":"var(--ast-global-color-4)","background-image":"","background-repeat":"repeat","background-position":"center center","background-size":"auto","background-attachment":"scroll","background-type":"","background-media":"","overlay-type":"","overlay-color":"","overlay-opacity":"","overlay-gradient":""},"tablet":{"background-color":"","background-image":"","background-repeat":"repeat","background-position":"center center","background-size":"auto","background-attachment":"scroll","background-type":"","background-media":"","overlay-type":"","overlay-color":"","overlay-opacity":"","overlay-gradient":""},"mobile":{"background-color":"","background-image":"","background-repeat":"repeat","background-position":"center center","background-size":"auto","background-attachment":"scroll","background-type":"","background-media":"","overlay-type":"","overlay-color":"","overlay-opacity":"","overlay-gradient":""}},"ast-content-background-meta":{"desktop":{"background-color":"var(--ast-global-color-5)","background-image":"","background-repeat":"repeat","background-position":"center center","background-size":"auto","background-attachment":"scroll","background-type":"","background-media":"","overlay-type":"","overlay-color":"","overlay-opacity":"","overlay-gradient":""},"tablet":{"background-color":"var(--ast-global-color-5)","background-image":"","background-repeat":"repeat","background-position":"center center","background-size":"auto","background-attachment":"scroll","background-type":"","background-media":"","overlay-type":"","overlay-color":"","overlay-opacity":"","overlay-gradient":""},"mobile":{"background-color":"var(--ast-global-color-5)","background-image":"","background-repeat":"repeat","background-position":"center center","background-size":"auto","background-attachment":"scroll","background-type":"","background-media":"","overlay-type":"","overlay-color":"","overlay-opacity":"","overlay-gradient":""}},"footnotes":""},"class_list":["post-13803","page","type-page","status-publish","hentry"],"post_mailing_queue_ids":[],"_links":{"self":[{"href":"https:\/\/serveiseducatius.xtec.cat\/cda-altbergueda\/wp-json\/wp\/v2\/pages\/13803","targetHints":{"allow":["GET"]}}],"collection":[{"href":"https:\/\/serveiseducatius.xtec.cat\/cda-altbergueda\/wp-json\/wp\/v2\/pages"}],"about":[{"href":"https:\/\/serveiseducatius.xtec.cat\/cda-altbergueda\/wp-json\/wp\/v2\/types\/page"}],"author":[{"embeddable":true,"href":"https:\/\/serveiseducatius.xtec.cat\/cda-altbergueda\/wp-json\/wp\/v2\/users\/1"}],"replies":[{"embeddable":true,"href":"https:\/\/serveiseducatius.xtec.cat\/cda-altbergueda\/wp-json\/wp\/v2\/comments?post=13803"}],"version-history":[{"count":6,"href":"https:\/\/serveiseducatius.xtec.cat\/cda-altbergueda\/wp-json\/wp\/v2\/pages\/13803\/revisions"}],"predecessor-version":[{"id":15544,"href":"https:\/\/serveiseducatius.xtec.cat\/cda-altbergueda\/wp-json\/wp\/v2\/pages\/13803\/revisions\/15544"}],"up":[{"embeddable":true,"href":"https:\/\/serveiseducatius.xtec.cat\/cda-altbergueda\/wp-json\/wp\/v2\/pages\/8235"}],"wp:attachment":[{"href":"https:\/\/serveiseducatius.xtec.cat\/cda-altbergueda\/wp-json\/wp\/v2\/media?parent=13803"}],"curies":[{"name":"wp","href":"https:\/\/api.w.org\/{rel}","templated":true}]}}