{"id":13794,"date":"2024-05-21T12:25:30","date_gmt":"2024-05-21T10:25:30","guid":{"rendered":"https:\/\/serveiseducatius.xtec.cat\/cda-altbergueda\/?page_id=13794"},"modified":"2026-04-14T16:50:28","modified_gmt":"2026-04-14T14:50:28","slug":"riu-2","status":"publish","type":"page","link":"https:\/\/serveiseducatius.xtec.cat\/cda-altbergueda\/tematiques\/riu-2\/","title":{"rendered":"RIU"},"content":{"rendered":"\n<figure class=\"wp-block-image aligncenter\"><a href=\"https:\/\/serveiseducatius.xtec.cat\/cda-altbergueda\/wp-content\/uploads\/usu1364\/2024\/05\/riu-1.png\"><img loading=\"lazy\" decoding=\"async\" width=\"997\" height=\"250\" src=\"https:\/\/serveiseducatius.xtec.cat\/cda-altbergueda\/wp-content\/uploads\/usu1364\/2024\/05\/riu-1.png\" alt=\"\" class=\"wp-image-13889\" srcset=\"https:\/\/serveiseducatius.xtec.cat\/cda-altbergueda\/wp-content\/uploads\/usu1364\/2024\/05\/riu-1.png 997w, https:\/\/serveiseducatius.xtec.cat\/cda-altbergueda\/wp-content\/uploads\/usu1364\/2024\/05\/riu-1-300x75.png 300w, https:\/\/serveiseducatius.xtec.cat\/cda-altbergueda\/wp-content\/uploads\/usu1364\/2024\/05\/riu-1-768x193.png 768w\" sizes=\"auto, (max-width: 997px) 100vw, 997px\" \/><\/a><\/figure>\n\n\n\n<p>El riu Llobregat travessa de nord a sud la comarca del Bergued\u00e0. \u00c9s l&#8217;eix vertebrador de les comunicacions de la comarca, i un dels centres d&#8217;inter\u00e8s de les activitats que portem a terme al Camp d&#8217;Aprenentatge de l&#8217;Alt Bergued\u00e0. L&#8217;estudi de la qualitat de l&#8217;aigua, an\u00e0lisis f\u00edsics, qu\u00edmics i biol\u00f2gics de l&#8217;aigua del riu en diferents trams, la vegetaci\u00f3 de ribera&#8230; tot plegat adaptat als diferents cicles de prim\u00e0ria i a les etapes de l&#8217;ESO i Batxillerat.<\/p>\n\n\n\n<p><strong>Activitats relacionades:<\/strong><\/p>\n\n\n\n<ul class=\"wp-block-list\">\n<li><a href=\"http:\/\/serveiseducatius.xtec.cat\/cda-altbergueda\/ambits\/totes-les-activitats\/activitat-la-cova-de-la-tuta-les-fonts-del-llobregat\/\"><span style=\"line-height: 15px;\">La cova de la Tuta i les fonts del Llobregat<\/span><\/a><\/li>\n\n\n\n<li><a href=\"http:\/\/serveiseducatius.xtec.cat\/cda-altbergueda\/ambits\/totes-les-activitats\/estudi-del-curs-alt-del-riu-llobregat\/\">Estudi del curs alt del riu Llobregat<\/a><\/li>\n\n\n\n<li><a href=\"http:\/\/serveiseducatius.xtec.cat\/cda-altbergueda\/ambits\/totes-les-activitats\/activitat-analisi-fisicoquimic-de-laigua-del-riu-llobregat\/\">An\u00e0lisi f\u00edsic i qu\u00edmic de l&#8217;aigua riu<\/a><\/li>\n\n\n\n<li><a href=\"http:\/\/serveiseducatius.xtec.cat\/cda-altbergueda\/ambits\/totes-les-activitats\/activitat-analisi-fisicoquimic-i-biologic-de-laigua-del-riu-llobregat\/\">An\u00e0lisi f\u00edsic,&nbsp; qu\u00edmic i biol\u00f2gic de l&#8217;aigua riu<\/a><\/li>\n<\/ul>\n\n\n\n<p><strong>Projectes compartits relacionats:<\/strong><\/p>\n\n\n\n<ul class=\"wp-block-list\">\n<li><a href=\"http:\/\/serveiseducatius.xtec.cat\/cda-altbergueda\/ambits\/totes-les-activitats\/projecte-hugot-rius-i-rieres-del-bergueda\/\">Projecte Hugot: rius i rieres del Bergued\u00e0<\/a><\/li>\n<\/ul>\n\n\n\n<p><strong>Recursos relacionats:<\/strong><\/p>\n\n\n\n<ul class=\"wp-block-list\">\n<li>Activitats interactives: <a href=\"https:\/\/serveiseducatius.xtec.cat\/cda-altbergueda\/el-raco-de-la-lilit\/\">el rac\u00f3 de la Lilit<\/a> (apartats el riu i les truites de riu)<\/li>\n\n\n\n<li>Preparaci\u00f3 de l&#8217;estada: <a href=\"https:\/\/cdaberguedaprimaria.blogspot.com\/\">bloc prim\u00e0ria<\/a>, <a href=\"https:\/\/cdariusec.blogspot.com\/\">bloc secund\u00e0ria<\/a> o <a href=\"https:\/\/sites.google.com\/xtec.cat\/webquestcdabergueda-riu\/inici\">Webquest<\/a><\/li>\n\n\n\n<li><a href=\"https:\/\/serveiseducatius.xtec.cat\/cda-altbergueda\/materials\/fitxes-macroinvertebrats-daigua-dolca\/\">Guies d&#8217;identificaci\u00f3 de macroinvertebrats d&#8217;aigua dol\u00e7a<\/a><\/li>\n\n\n\n<li>Dossiers per les diferents activitats i nivells<\/li>\n\n\n\n<li>Enlla\u00e7os a p\u00e0gines externes<\/li>\n<\/ul>\n\n\n\n<figure class=\"wp-block-image aligncenter\"><a href=\"https:\/\/serveiseducatius.xtec.cat\/cda-altbergueda\/wp-content\/uploads\/usu1364\/2024\/05\/Riu-2.png\"><img loading=\"lazy\" decoding=\"async\" width=\"998\" height=\"251\" src=\"https:\/\/serveiseducatius.xtec.cat\/cda-altbergueda\/wp-content\/uploads\/usu1364\/2024\/05\/Riu-2.png\" alt=\"\" class=\"wp-image-13890\" srcset=\"https:\/\/serveiseducatius.xtec.cat\/cda-altbergueda\/wp-content\/uploads\/usu1364\/2024\/05\/Riu-2.png 998w, https:\/\/serveiseducatius.xtec.cat\/cda-altbergueda\/wp-content\/uploads\/usu1364\/2024\/05\/Riu-2-300x75.png 300w, https:\/\/serveiseducatius.xtec.cat\/cda-altbergueda\/wp-content\/uploads\/usu1364\/2024\/05\/Riu-2-768x193.png 768w\" sizes=\"auto, (max-width: 998px) 100vw, 998px\" \/><\/a><\/figure>\n","protected":false},"excerpt":{"rendered":"<p>El riu Llobregat travessa de nord a sud la comarca del Bergued\u00e0. \u00c9s l&#8217;eix vertebrador de les comunicacions de la comarca, i un dels centres d&#8217;inter\u00e8s de les activitats que portem a terme al Camp d&#8217;Aprenentatge de l&#8217;Alt Bergued\u00e0. L&#8217;estudi de la qualitat de l&#8217;aigua, an\u00e0lisis f\u00edsics, qu\u00edmics i biol\u00f2gics de l&#8217;aigua del riu en [&hellip;]<\/p>\n","protected":false},"author":1,"featured_media":0,"parent":8235,"menu_order":10,"comment_status":"closed","ping_status":"closed","template":"","meta":{"_bbp_topic_count":0,"_bbp_reply_count":0,"_bbp_total_topic_count":0,"_bbp_total_reply_count":0,"_bbp_voice_count":0,"_bbp_anonymous_reply_count":0,"_bbp_topic_count_hidden":0,"_bbp_reply_count_hidden":0,"_bbp_forum_subforum_count":0,"site-sidebar-layout":"default","site-content-layout":"","ast-site-content-layout":"default","site-content-style":"default","site-sidebar-style":"default","ast-global-header-display":"","ast-banner-title-visibility":"","ast-main-header-display":"","ast-hfb-above-header-display":"","ast-hfb-below-header-display":"","ast-hfb-mobile-header-display":"","site-post-title":"","ast-breadcrumbs-content":"","ast-featured-img":"","footer-sml-layout":"","theme-transparent-header-meta":"","adv-header-id-meta":"","stick-header-meta":"","header-above-stick-meta":"","header-main-stick-meta":"","header-below-stick-meta":"","astra-migrate-meta-layouts":"set","ast-page-background-enabled":"default","ast-page-background-meta":{"desktop":{"background-color":"var(--ast-global-color-4)","background-image":"","background-repeat":"repeat","background-position":"center center","background-size":"auto","background-attachment":"scroll","background-type":"","background-media":"","overlay-type":"","overlay-color":"","overlay-opacity":"","overlay-gradient":""},"tablet":{"background-color":"","background-image":"","background-repeat":"repeat","background-position":"center center","background-size":"auto","background-attachment":"scroll","background-type":"","background-media":"","overlay-type":"","overlay-color":"","overlay-opacity":"","overlay-gradient":""},"mobile":{"background-color":"","background-image":"","background-repeat":"repeat","background-position":"center center","background-size":"auto","background-attachment":"scroll","background-type":"","background-media":"","overlay-type":"","overlay-color":"","overlay-opacity":"","overlay-gradient":""}},"ast-content-background-meta":{"desktop":{"background-color":"var(--ast-global-color-5)","background-image":"","background-repeat":"repeat","background-position":"center center","background-size":"auto","background-attachment":"scroll","background-type":"","background-media":"","overlay-type":"","overlay-color":"","overlay-opacity":"","overlay-gradient":""},"tablet":{"background-color":"var(--ast-global-color-5)","background-image":"","background-repeat":"repeat","background-position":"center center","background-size":"auto","background-attachment":"scroll","background-type":"","background-media":"","overlay-type":"","overlay-color":"","overlay-opacity":"","overlay-gradient":""},"mobile":{"background-color":"var(--ast-global-color-5)","background-image":"","background-repeat":"repeat","background-position":"center center","background-size":"auto","background-attachment":"scroll","background-type":"","background-media":"","overlay-type":"","overlay-color":"","overlay-opacity":"","overlay-gradient":""}},"footnotes":""},"class_list":["post-13794","page","type-page","status-publish","hentry"],"post_mailing_queue_ids":[],"_links":{"self":[{"href":"https:\/\/serveiseducatius.xtec.cat\/cda-altbergueda\/wp-json\/wp\/v2\/pages\/13794","targetHints":{"allow":["GET"]}}],"collection":[{"href":"https:\/\/serveiseducatius.xtec.cat\/cda-altbergueda\/wp-json\/wp\/v2\/pages"}],"about":[{"href":"https:\/\/serveiseducatius.xtec.cat\/cda-altbergueda\/wp-json\/wp\/v2\/types\/page"}],"author":[{"embeddable":true,"href":"https:\/\/serveiseducatius.xtec.cat\/cda-altbergueda\/wp-json\/wp\/v2\/users\/1"}],"replies":[{"embeddable":true,"href":"https:\/\/serveiseducatius.xtec.cat\/cda-altbergueda\/wp-json\/wp\/v2\/comments?post=13794"}],"version-history":[{"count":6,"href":"https:\/\/serveiseducatius.xtec.cat\/cda-altbergueda\/wp-json\/wp\/v2\/pages\/13794\/revisions"}],"predecessor-version":[{"id":15545,"href":"https:\/\/serveiseducatius.xtec.cat\/cda-altbergueda\/wp-json\/wp\/v2\/pages\/13794\/revisions\/15545"}],"up":[{"embeddable":true,"href":"https:\/\/serveiseducatius.xtec.cat\/cda-altbergueda\/wp-json\/wp\/v2\/pages\/8235"}],"wp:attachment":[{"href":"https:\/\/serveiseducatius.xtec.cat\/cda-altbergueda\/wp-json\/wp\/v2\/media?parent=13794"}],"curies":[{"name":"wp","href":"https:\/\/api.w.org\/{rel}","templated":true}]}}