{"id":13672,"date":"2024-05-20T14:07:53","date_gmt":"2024-05-20T12:07:53","guid":{"rendered":"https:\/\/serveiseducatius.xtec.cat\/cda-altbergueda\/?page_id=13672"},"modified":"2025-12-19T10:31:13","modified_gmt":"2025-12-19T09:31:13","slug":"projectes-compartits","status":"publish","type":"page","link":"https:\/\/serveiseducatius.xtec.cat\/cda-altbergueda\/amb-els-centres\/projectes-compartits\/","title":{"rendered":"Projectes compartits"},"content":{"rendered":"\n<figure class=\"wp-block-image aligncenter\"><img loading=\"lazy\" decoding=\"async\" width=\"150\" height=\"150\" src=\"https:\/\/serveiseducatius.xtec.cat\/cda-altbergueda\/wp-content\/uploads\/usu1364\/2024\/06\/compartir-150x150.png\" alt=\"\" class=\"wp-image-14065\" srcset=\"https:\/\/serveiseducatius.xtec.cat\/cda-altbergueda\/wp-content\/uploads\/usu1364\/2024\/06\/compartir-150x150.png 150w, https:\/\/serveiseducatius.xtec.cat\/cda-altbergueda\/wp-content\/uploads\/usu1364\/2024\/06\/compartir-300x300.png 300w, https:\/\/serveiseducatius.xtec.cat\/cda-altbergueda\/wp-content\/uploads\/usu1364\/2024\/06\/compartir.png 512w\" sizes=\"auto, (max-width: 150px) 100vw, 150px\" \/><\/figure>\n\n\n\n<p>Actualment el CdA de l&#8217;Alt Bergued\u00e0 ofereix tres projectes compartits, un per cada cicle d&#8217;educaci\u00f3 prim\u00e0ria:<\/p>\n\n\n\n<figure class=\"wp-block-table aligncenter is-style-stripes\">\n<table class=\"has-fixed-layout\">\n<tbody>\n<tr>\n<td class=\"has-text-align-left\" colspan=\"2\" data-align=\"left\"><strong>CICLE INICIAL:\u00a0 &#8220;Boscos del Bergued\u00e0&#8221;<\/strong><\/td>\n<\/tr>\n<tr>\n<td class=\"has-text-align-left\" colspan=\"2\" data-align=\"left\"><a href=\"https:\/\/serveiseducatius.xtec.cat\/cda-altbergueda\/modalitats\/projectes\/projecte-boscos-del-bergueda\/\"><img loading=\"lazy\" decoding=\"async\" class=\"aligncenter wp-image-11400\" src=\"https:\/\/serveiseducatius.xtec.cat\/cda-altbergueda\/wp-content\/uploads\/usu1364\/2021\/01\/logo_bosc.jpg\" alt=\"\" width=\"511\" height=\"163\" srcset=\"https:\/\/serveiseducatius.xtec.cat\/cda-altbergueda\/wp-content\/uploads\/usu1364\/2021\/01\/logo_bosc.jpg 2880w, https:\/\/serveiseducatius.xtec.cat\/cda-altbergueda\/wp-content\/uploads\/usu1364\/2021\/01\/logo_bosc-300x96.jpg 300w, https:\/\/serveiseducatius.xtec.cat\/cda-altbergueda\/wp-content\/uploads\/usu1364\/2021\/01\/logo_bosc-768x245.jpg 768w, https:\/\/serveiseducatius.xtec.cat\/cda-altbergueda\/wp-content\/uploads\/usu1364\/2021\/01\/logo_bosc-1024x326.jpg 1024w\" sizes=\"auto, (max-width: 511px) 100vw, 511px\" \/><\/a><\/td>\n<\/tr>\n<tr>\n<td class=\"has-text-align-left\" data-align=\"left\"><a href=\"https:\/\/serveiseducatius.xtec.cat\/cda-altbergueda\/modalitats\/projectes\/projecte-boscos-del-bergueda\/\">Informaci\u00f3<\/a><\/td>\n<td><a href=\"https:\/\/drive.google.com\/file\/d\/1XKM9cZgpNkAYYS7GeyrwiIZr1pzHckQo\/view?usp=sharing\">Document base del projecte<\/a><\/td>\n<\/tr>\n<tr>\n<td class=\"has-text-align-left\" colspan=\"2\" data-align=\"left\"><a href=\"https:\/\/serveiseducatius.xtec.cat\/cda-altbergueda\/modalitats\/projectes\/projecte-boscos-del-bergueda\/tots-els-boscos-del-bergueda\/\">Enlla\u00e7 als blocs del projecte\u00a0de cursos anteriors<\/a>.<\/td>\n<\/tr>\n<\/tbody>\n<\/table>\n<\/figure>\n\n\n\n<figure class=\"wp-block-table is-style-stripes\">\n<table class=\"has-fixed-layout\">\n<tbody>\n<tr>\n<td class=\"has-text-align-left\" colspan=\"2\" data-align=\"left\"><span style=\"color: #000000;\"><strong>CICLE MITJ\u00c0 &#8220;Hugot: Rius i rieres\u00a0 del Bergued\u00e0&#8221;<\/strong><\/span><\/td>\n<\/tr>\n<tr>\n<td class=\"has-text-align-left\" colspan=\"2\" data-align=\"left\">\n<figure><a href=\"https:\/\/serveiseducatius.xtec.cat\/cda-altbergueda\/modalitats\/projectes\/projecte-hugot-rius-i-rieres-del-bergueda\/\"><img loading=\"lazy\" decoding=\"async\" class=\"aligncenter wp-image-14096\" src=\"https:\/\/serveiseducatius.xtec.cat\/cda-altbergueda\/wp-content\/uploads\/usu1364\/2024\/09\/HUGOT-RIUS-I-RIERES-DEL-BERGUEDA.png\" alt=\"\" width=\"503\" height=\"165\" srcset=\"https:\/\/serveiseducatius.xtec.cat\/cda-altbergueda\/wp-content\/uploads\/usu1364\/2024\/09\/HUGOT-RIUS-I-RIERES-DEL-BERGUEDA.png 768w, https:\/\/serveiseducatius.xtec.cat\/cda-altbergueda\/wp-content\/uploads\/usu1364\/2024\/09\/HUGOT-RIUS-I-RIERES-DEL-BERGUEDA-300x98.png 300w\" sizes=\"auto, (max-width: 503px) 100vw, 503px\" \/><\/a><\/figure>\n<\/td>\n<\/tr>\n<tr>\n<td class=\"has-text-align-left\" data-align=\"left\"><a href=\"http:\/\/serveiseducatius.xtec.cat\/cda-altbergueda\/ambits\/totes-les-activitats\/projecte-hugot-rius-i-rieres-del-bergueda\/\">Informaci\u00f3<\/a><\/td>\n<td class=\"has-text-align-center\" data-align=\"center\"><a href=\"https:\/\/drive.google.com\/file\/d\/1lGKLZ3papSHAiDyvYyJIAuuCkxFzPUgk\/view?usp=drive_link\">Document base del projecte<\/a><\/td>\n<\/tr>\n<tr>\n<td class=\"has-text-align-left\" colspan=\"2\" data-align=\"left\"><a href=\"http:\/\/serveiseducatius.xtec.cat\/cda-altbergueda\/modalitats\/projectes\/projecte-hugot-rius-i-rieres-del-bergueda\/tots-els-rius-i-les-rieres-de-lhugot\/\">Enlla\u00e7 als blocs del projecte\u00a0de cursos anteriors<\/a>.<\/td>\n<\/tr>\n<\/tbody>\n<\/table>\n<\/figure>\n\n\n\n<figure class=\"wp-block-table aligncenter is-style-stripes\">\n<table class=\"has-fixed-layout\">\n<tbody>\n<tr>\n<td class=\"has-text-align-left\" colspan=\"2\" data-align=\"left\"><span style=\"color: #000000;\"><strong>CICLE SUPERIOR: &#8220;Coneix l&#8217;entorn del meu poble&#8221;<\/strong><\/span><\/td>\n<\/tr>\n<tr>\n<td class=\"has-text-align-left\" colspan=\"2\" data-align=\"left\">\n<figure><a href=\"https:\/\/serveiseducatius.xtec.cat\/cda-altbergueda\/modalitats\/projectes\/coneix-lentorn-del-meu-poble\/\"><img loading=\"lazy\" decoding=\"async\" class=\"aligncenter wp-image-8799\" src=\"https:\/\/serveiseducatius.xtec.cat\/cda-altbergueda\/wp-content\/uploads\/usu1364\/2017\/03\/entornLLETRES.png\" alt=\"\" width=\"513\" height=\"145\" srcset=\"https:\/\/serveiseducatius.xtec.cat\/cda-altbergueda\/wp-content\/uploads\/usu1364\/2017\/03\/entornLLETRES.png 768w, https:\/\/serveiseducatius.xtec.cat\/cda-altbergueda\/wp-content\/uploads\/usu1364\/2017\/03\/entornLLETRES-300x85.png 300w\" sizes=\"auto, (max-width: 513px) 100vw, 513px\" \/><\/a><\/figure>\n<\/td>\n<\/tr>\n<tr>\n<td class=\"has-text-align-left\" data-align=\"left\"><a href=\"http:\/\/serveiseducatius.xtec.cat\/cda-altbergueda\/ambits\/totes-les-activitats\/coneix-lentorn-del-meu-poble\/\">Informaci\u00f3<\/a><\/td>\n<td class=\"has-text-align-center\" data-align=\"center\"><a href=\"https:\/\/drive.google.com\/file\/d\/1NQvEIvMHY5eof9INaAHUmpYrqioK1-_H\/view?usp=drive_link\">Document base del projecte<\/a><\/td>\n<\/tr>\n<tr>\n<td class=\"has-text-align-left\" colspan=\"2\" data-align=\"left\"><a href=\"http:\/\/serveiseducatius.xtec.cat\/cda-altbergueda\/ambits\/totes-les-activitats\/coneix-lentorn-del-meu-poble\/tots-els-entorns-del-camp-daprenentatge\/\">Enlla\u00e7 als blocs del projecte de cursos anteriors<\/a><\/td>\n<\/tr>\n<\/tbody>\n<\/table>\n<\/figure>\n","protected":false},"excerpt":{"rendered":"<p>Actualment el CdA de l&#8217;Alt Bergued\u00e0 ofereix tres projectes compartits, un per cada cicle d&#8217;educaci\u00f3 prim\u00e0ria: CICLE INICIAL:\u00a0 &#8220;Boscos del Bergued\u00e0&#8221; Informaci\u00f3 Document base del projecte Enlla\u00e7 als blocs del projecte\u00a0de cursos anteriors. CICLE MITJ\u00c0 &#8220;Hugot: Rius i rieres\u00a0 del Bergued\u00e0&#8221; Informaci\u00f3 Document base del projecte Enlla\u00e7 als blocs del projecte\u00a0de cursos anteriors. CICLE SUPERIOR: [&hellip;]<\/p>\n","protected":false},"author":1,"featured_media":0,"parent":8272,"menu_order":50,"comment_status":"closed","ping_status":"closed","template":"","meta":{"_bbp_topic_count":0,"_bbp_reply_count":0,"_bbp_total_topic_count":0,"_bbp_total_reply_count":0,"_bbp_voice_count":0,"_bbp_anonymous_reply_count":0,"_bbp_topic_count_hidden":0,"_bbp_reply_count_hidden":0,"_bbp_forum_subforum_count":0,"site-sidebar-layout":"default","site-content-layout":"","ast-site-content-layout":"default","site-content-style":"default","site-sidebar-style":"default","ast-global-header-display":"","ast-banner-title-visibility":"","ast-main-header-display":"","ast-hfb-above-header-display":"","ast-hfb-below-header-display":"","ast-hfb-mobile-header-display":"","site-post-title":"","ast-breadcrumbs-content":"","ast-featured-img":"","footer-sml-layout":"","theme-transparent-header-meta":"","adv-header-id-meta":"","stick-header-meta":"","header-above-stick-meta":"","header-main-stick-meta":"","header-below-stick-meta":"","astra-migrate-meta-layouts":"set","ast-page-background-enabled":"default","ast-page-background-meta":{"desktop":{"background-color":"var(--ast-global-color-4)","background-image":"","background-repeat":"repeat","background-position":"center center","background-size":"auto","background-attachment":"scroll","background-type":"","background-media":"","overlay-type":"","overlay-color":"","overlay-opacity":"","overlay-gradient":""},"tablet":{"background-color":"","background-image":"","background-repeat":"repeat","background-position":"center center","background-size":"auto","background-attachment":"scroll","background-type":"","background-media":"","overlay-type":"","overlay-color":"","overlay-opacity":"","overlay-gradient":""},"mobile":{"background-color":"","background-image":"","background-repeat":"repeat","background-position":"center center","background-size":"auto","background-attachment":"scroll","background-type":"","background-media":"","overlay-type":"","overlay-color":"","overlay-opacity":"","overlay-gradient":""}},"ast-content-background-meta":{"desktop":{"background-color":"var(--ast-global-color-5)","background-image":"","background-repeat":"repeat","background-position":"center center","background-size":"auto","background-attachment":"scroll","background-type":"","background-media":"","overlay-type":"","overlay-color":"","overlay-opacity":"","overlay-gradient":""},"tablet":{"background-color":"var(--ast-global-color-5)","background-image":"","background-repeat":"repeat","background-position":"center center","background-size":"auto","background-attachment":"scroll","background-type":"","background-media":"","overlay-type":"","overlay-color":"","overlay-opacity":"","overlay-gradient":""},"mobile":{"background-color":"var(--ast-global-color-5)","background-image":"","background-repeat":"repeat","background-position":"center center","background-size":"auto","background-attachment":"scroll","background-type":"","background-media":"","overlay-type":"","overlay-color":"","overlay-opacity":"","overlay-gradient":""}},"footnotes":""},"class_list":["post-13672","page","type-page","status-publish","hentry"],"post_mailing_queue_ids":[],"_links":{"self":[{"href":"https:\/\/serveiseducatius.xtec.cat\/cda-altbergueda\/wp-json\/wp\/v2\/pages\/13672","targetHints":{"allow":["GET"]}}],"collection":[{"href":"https:\/\/serveiseducatius.xtec.cat\/cda-altbergueda\/wp-json\/wp\/v2\/pages"}],"about":[{"href":"https:\/\/serveiseducatius.xtec.cat\/cda-altbergueda\/wp-json\/wp\/v2\/types\/page"}],"author":[{"embeddable":true,"href":"https:\/\/serveiseducatius.xtec.cat\/cda-altbergueda\/wp-json\/wp\/v2\/users\/1"}],"replies":[{"embeddable":true,"href":"https:\/\/serveiseducatius.xtec.cat\/cda-altbergueda\/wp-json\/wp\/v2\/comments?post=13672"}],"version-history":[{"count":5,"href":"https:\/\/serveiseducatius.xtec.cat\/cda-altbergueda\/wp-json\/wp\/v2\/pages\/13672\/revisions"}],"predecessor-version":[{"id":15406,"href":"https:\/\/serveiseducatius.xtec.cat\/cda-altbergueda\/wp-json\/wp\/v2\/pages\/13672\/revisions\/15406"}],"up":[{"embeddable":true,"href":"https:\/\/serveiseducatius.xtec.cat\/cda-altbergueda\/wp-json\/wp\/v2\/pages\/8272"}],"wp:attachment":[{"href":"https:\/\/serveiseducatius.xtec.cat\/cda-altbergueda\/wp-json\/wp\/v2\/media?parent=13672"}],"curies":[{"name":"wp","href":"https:\/\/api.w.org\/{rel}","templated":true}]}}