{"id":12849,"date":"2023-02-23T13:59:59","date_gmt":"2023-02-23T12:59:59","guid":{"rendered":"https:\/\/serveiseducatius.xtec.cat\/cda-altbergueda\/?page_id=12849"},"modified":"2026-04-14T16:50:08","modified_gmt":"2026-04-14T14:50:08","slug":"activitat-el-breakout-de-la-sala","status":"publish","type":"page","link":"https:\/\/serveiseducatius.xtec.cat\/cda-altbergueda\/activitat-el-breakout-de-la-sala\/","title":{"rendered":"Activitat: Breakout de la Sala"},"content":{"rendered":"\n<figure class=\"wp-block-image aligncenter size-full has-custom-border\"><img loading=\"lazy\" decoding=\"async\" width=\"979\" height=\"243\" src=\"https:\/\/serveiseducatius.xtec.cat\/cda-altbergueda\/wp-content\/uploads\/usu1364\/2025\/12\/Breakout2.jpg\" alt=\"\" class=\"wp-image-15444\" style=\"border-style:none;border-width:0px;border-radius:0px\" srcset=\"https:\/\/serveiseducatius.xtec.cat\/cda-altbergueda\/wp-content\/uploads\/usu1364\/2025\/12\/Breakout2.jpg 979w, https:\/\/serveiseducatius.xtec.cat\/cda-altbergueda\/wp-content\/uploads\/usu1364\/2025\/12\/Breakout2-300x74.jpg 300w, https:\/\/serveiseducatius.xtec.cat\/cda-altbergueda\/wp-content\/uploads\/usu1364\/2025\/12\/Breakout2-768x191.jpg 768w\" sizes=\"auto, (max-width: 979px) 100vw, 979px\" \/><\/figure>\n\n\n\n<figure class=\"wp-block-table\"><table class=\"has-background has-fixed-layout\" style=\"background-color:#96c856;border-style:none;border-width:0px\"><tbody><tr><td><strong>MODALITAT:<\/strong><\/td><\/tr><tr><td>Estada<\/td><\/tr><\/tbody><\/table><\/figure>\n\n\n\n<h5 class=\"wp-block-heading\"><strong>Nivells:<\/strong><\/h5>\n\n\n\n<p>Educaci\u00f3 Prim\u00e0ria CM i CS<\/p>\n\n\n\n<p>Educaci\u00f3 Secund\u00e0ria (1r i 2n d&#8217;ESO)<\/p>\n\n\n\n<h5 class=\"wp-block-heading\"><strong>Desenvolupament de l&#8217;activitat:<\/strong><\/h5>\n\n\n\n<p>En el &#8220;Tresor de la Lilit&#8221; o &#8220;Breakout de la Sala&#8221; haureu d\u2019obrir una caixa encantada. Per obrir-la, pr\u00e8viament far\u00e0 falta que obriu els cadenats que la tanquen. Cada cadenat \u00e9s diferent i requereix resoldre correctament un o diversos enigmes previs. Disposareu de 1 hora i 30 minuts.<br>Treballareu per grups i sense l\u2019ajuda de mestres i professors. Hi haur\u00e0 per\u00f2 unes excepcions en forma de targetes (Explorer, Clue, Help, Extra Time)<br>Al comen\u00e7ament \u00e9s molt important organitzar-se. I si ho creieu necessari a repartir-se tasques. Encara que hi hagueu de dedicar una mica de temps. Segur que despr\u00e9s hi sortiu guanyant. Sense treballar en equip no ho aconseguireu!<br>S&#8217;han de llegir atentament les pistes, a vegades voler anar molt r\u00e0pid nom\u00e9s ens porta a perdre encara m\u00e9s temps.<br>Aquells que aconsegueixin obrir la caixa obtindran un petit reconeixement&nbsp; per la seva bona feina d\u2019investigaci\u00f3.<br>No forceu la caixa, per obrir-la heu d\u2019aconseguir tots els codis i obrir tots els cadenats. \u00c9s l\u2019\u00fanica manera de fer-ho.<br>\u00c0nims i molta sort! La necessitareu!<\/p>\n\n\n\n<h5 class=\"wp-block-heading\"><strong>Observacions:<\/strong><\/h5>\n\n\n\n<p>Activitat adaptada a la Lilit (el Tresor de la Lilit) o b\u00e9 al bloc (Breakout de la Sala). Activitat d&#8217;un mat\u00ed o d&#8217;una tarda. Habitualment la utilitzem com a alternativa en cas de mal temps.<\/p>\n","protected":false},"excerpt":{"rendered":"<p>MODALITAT: Estada Nivells: Educaci\u00f3 Prim\u00e0ria CM i CS Educaci\u00f3 Secund\u00e0ria (1r i 2n d&#8217;ESO) Desenvolupament de l&#8217;activitat: En el &#8220;Tresor de la Lilit&#8221; o &#8220;Breakout de la Sala&#8221; haureu d\u2019obrir una caixa encantada. Per obrir-la, pr\u00e8viament far\u00e0 falta que obriu els cadenats que la tanquen. Cada cadenat \u00e9s diferent i requereix resoldre correctament un o [&hellip;]<\/p>\n","protected":false},"author":1,"featured_media":0,"parent":0,"menu_order":22,"comment_status":"closed","ping_status":"closed","template":"","meta":{"_bbp_topic_count":0,"_bbp_reply_count":0,"_bbp_total_topic_count":0,"_bbp_total_reply_count":0,"_bbp_voice_count":0,"_bbp_anonymous_reply_count":0,"_bbp_topic_count_hidden":0,"_bbp_reply_count_hidden":0,"_bbp_forum_subforum_count":0,"site-sidebar-layout":"default","site-content-layout":"","ast-site-content-layout":"default","site-content-style":"default","site-sidebar-style":"default","ast-global-header-display":"","ast-banner-title-visibility":"","ast-main-header-display":"","ast-hfb-above-header-display":"","ast-hfb-below-header-display":"","ast-hfb-mobile-header-display":"","site-post-title":"","ast-breadcrumbs-content":"","ast-featured-img":"","footer-sml-layout":"","theme-transparent-header-meta":"","adv-header-id-meta":"","stick-header-meta":"","header-above-stick-meta":"","header-main-stick-meta":"","header-below-stick-meta":"","astra-migrate-meta-layouts":"set","ast-page-background-enabled":"default","ast-page-background-meta":{"desktop":{"background-color":"var(--ast-global-color-4)","background-image":"","background-repeat":"repeat","background-position":"center center","background-size":"auto","background-attachment":"scroll","background-type":"","background-media":"","overlay-type":"","overlay-color":"","overlay-opacity":"","overlay-gradient":""},"tablet":{"background-color":"","background-image":"","background-repeat":"repeat","background-position":"center center","background-size":"auto","background-attachment":"scroll","background-type":"","background-media":"","overlay-type":"","overlay-color":"","overlay-opacity":"","overlay-gradient":""},"mobile":{"background-color":"","background-image":"","background-repeat":"repeat","background-position":"center center","background-size":"auto","background-attachment":"scroll","background-type":"","background-media":"","overlay-type":"","overlay-color":"","overlay-opacity":"","overlay-gradient":""}},"ast-content-background-meta":{"desktop":{"background-color":"var(--ast-global-color-5)","background-image":"","background-repeat":"repeat","background-position":"center center","background-size":"auto","background-attachment":"scroll","background-type":"","background-media":"","overlay-type":"","overlay-color":"","overlay-opacity":"","overlay-gradient":""},"tablet":{"background-color":"var(--ast-global-color-5)","background-image":"","background-repeat":"repeat","background-position":"center center","background-size":"auto","background-attachment":"scroll","background-type":"","background-media":"","overlay-type":"","overlay-color":"","overlay-opacity":"","overlay-gradient":""},"mobile":{"background-color":"var(--ast-global-color-5)","background-image":"","background-repeat":"repeat","background-position":"center center","background-size":"auto","background-attachment":"scroll","background-type":"","background-media":"","overlay-type":"","overlay-color":"","overlay-opacity":"","overlay-gradient":""}},"footnotes":""},"class_list":["post-12849","page","type-page","status-publish","hentry"],"post_mailing_queue_ids":[],"_links":{"self":[{"href":"https:\/\/serveiseducatius.xtec.cat\/cda-altbergueda\/wp-json\/wp\/v2\/pages\/12849","targetHints":{"allow":["GET"]}}],"collection":[{"href":"https:\/\/serveiseducatius.xtec.cat\/cda-altbergueda\/wp-json\/wp\/v2\/pages"}],"about":[{"href":"https:\/\/serveiseducatius.xtec.cat\/cda-altbergueda\/wp-json\/wp\/v2\/types\/page"}],"author":[{"embeddable":true,"href":"https:\/\/serveiseducatius.xtec.cat\/cda-altbergueda\/wp-json\/wp\/v2\/users\/1"}],"replies":[{"embeddable":true,"href":"https:\/\/serveiseducatius.xtec.cat\/cda-altbergueda\/wp-json\/wp\/v2\/comments?post=12849"}],"version-history":[{"count":6,"href":"https:\/\/serveiseducatius.xtec.cat\/cda-altbergueda\/wp-json\/wp\/v2\/pages\/12849\/revisions"}],"predecessor-version":[{"id":15445,"href":"https:\/\/serveiseducatius.xtec.cat\/cda-altbergueda\/wp-json\/wp\/v2\/pages\/12849\/revisions\/15445"}],"wp:attachment":[{"href":"https:\/\/serveiseducatius.xtec.cat\/cda-altbergueda\/wp-json\/wp\/v2\/media?parent=12849"}],"curies":[{"name":"wp","href":"https:\/\/api.w.org\/{rel}","templated":true}]}}