{"id":12141,"date":"2022-02-02T15:23:32","date_gmt":"2022-02-02T14:23:32","guid":{"rendered":"https:\/\/serveiseducatius.xtec.cat\/cda-altbergueda\/?page_id=12141"},"modified":"2025-12-17T23:41:07","modified_gmt":"2025-12-17T22:41:07","slug":"itinerari-ecosistemes","status":"publish","type":"page","link":"https:\/\/serveiseducatius.xtec.cat\/cda-altbergueda\/modalitats\/estades\/itinerari-ecosistemes\/","title":{"rendered":"Itinerari ecosistemes"},"content":{"rendered":"\n<figure class=\"wp-block-image size-full\"><a href=\"https:\/\/serveiseducatius.xtec.cat\/cda-altbergueda\/wp-content\/uploads\/usu1364\/2022\/02\/itinerariecosistemes.png\"><img loading=\"lazy\" decoding=\"async\" width=\"1000\" height=\"250\" src=\"https:\/\/serveiseducatius.xtec.cat\/cda-altbergueda\/wp-content\/uploads\/usu1364\/2022\/02\/itinerariecosistemes.png\" alt=\"\" class=\"wp-image-12155\" srcset=\"https:\/\/serveiseducatius.xtec.cat\/cda-altbergueda\/wp-content\/uploads\/usu1364\/2022\/02\/itinerariecosistemes.png 1000w, https:\/\/serveiseducatius.xtec.cat\/cda-altbergueda\/wp-content\/uploads\/usu1364\/2022\/02\/itinerariecosistemes-300x75.png 300w, https:\/\/serveiseducatius.xtec.cat\/cda-altbergueda\/wp-content\/uploads\/usu1364\/2022\/02\/itinerariecosistemes-768x192.png 768w\" sizes=\"auto, (max-width: 1000px) 100vw, 1000px\" \/><\/a><\/figure>\n\n\n\n<figure class=\"wp-block-table is-style-stripes\"><table class=\"has-fixed-layout\"><tbody><tr><td class=\"has-text-align-center\" data-align=\"center\" colspan=\"4\"><h3>SEQ\u00dc\u00c8NCIES DID\u00c0CTIQUES<\/h3><\/td><\/tr><tr><td class=\"has-text-align-center\" data-align=\"center\"><h4><a href=\"https:\/\/serveiseducatius.xtec.cat\/cda-altbergueda\/docs\/sequencia-didactica-itinerari-ecosistemes-ci\/\">CICLE INICIAL<\/a><\/h4><\/td><td class=\"has-text-align-center\" data-align=\"center\"><h4><a href=\"https:\/\/serveiseducatius.xtec.cat\/cda-altbergueda\/docs\/sequencia-didactica-itinerari-ecosistemes-cm\/\">CICLE MITJ\u00c0<\/a><\/h4><\/td><td class=\"has-text-align-center\" data-align=\"center\"><h4><a href=\"https:\/\/serveiseducatius.xtec.cat\/cda-altbergueda\/docs\/sequencia-didactica-itinerari-ecosistemes-cs\/\">CICLE SUPERIOR<\/a><\/h4><\/td><td class=\"has-text-align-center\" data-align=\"center\"><h4><a href=\"https:\/\/serveiseducatius.xtec.cat\/cda-altbergueda\/docs\/sequencia-didactica-itinerari-ecosistemes-eso\/\">ESO<\/a><\/h4><\/td><\/tr><\/tbody><\/table><\/figure>\n\n\n\n<p>L&#8217;Alt Bergued\u00e0 \u00e9s una zona amb gran varietat de paisatges, amb una flora i una fauna molt riques i for\u00e7a ben conservades. D&#8217;aqu\u00ed en surt\u00a0 l&#8217;itinerari que anomenem: &#8220;<strong>Ecosistemes<\/strong>&#8220;.<\/p>\n\n\n\n<p>Com en totes les estades, treballarem en tres moments:<\/p>\n\n\n\n<p>Un<strong> primer moment al centre (M1):<\/strong><\/p>\n\n\n\n<p>Abans de venir a fer l\u2019estada es proposa treballar amb una cerca d\u2019informaci\u00f3 relacionada amb la comarca del Bergued\u00e0, de manera comuna amb la resta d\u2019itineraris que oferim, i de manera particular per a aquest itinerari aspectes relacionats amb l&#8217;ecosistema riu o amb la pres\u00e8ncia al territori del llop o l&#8217;\u00f3s.<\/p>\n\n\n\n<p>Un <strong>segon moment (M2):<\/strong><\/p>\n\n\n\n<p><strong>Durant l&#8217;estada al CdA<\/strong>, el primer dia, l&#8217;autocar us deixar\u00e0 al Coll de la Creueta i baixarem caminant, tot observant<strong> la flora, la fauna i el paisatge d&#8217;alta muntanya<\/strong>, fins a Castellar de n&#8217;Hug. Visitarem la Cova de la Tuta i, les Fonts del Llobregat. <span style=\"font-family: inherit; font-size: 1em;\">Segons l&#8217;\u00e8poca de l&#8217;any de la vostra estada, podrem fixar-nos en alguns <strong>b<\/strong><b>olets <\/b>caracter\u00edstics de la zona.<\/span><\/p>\n\n\n\n<figure class=\"wp-block-image aligncenter is-resized\"><img loading=\"lazy\" decoding=\"async\" width=\"1023\" height=\"575\" src=\"https:\/\/serveiseducatius.xtec.cat\/cda-altbergueda\/wp-content\/uploads\/usu1364\/2022\/05\/20220526_124127.jpg\" alt=\"\" class=\"wp-image-12361\" style=\"width:443px;height:auto\" srcset=\"https:\/\/serveiseducatius.xtec.cat\/cda-altbergueda\/wp-content\/uploads\/usu1364\/2022\/05\/20220526_124127.jpg 1023w, https:\/\/serveiseducatius.xtec.cat\/cda-altbergueda\/wp-content\/uploads\/usu1364\/2022\/05\/20220526_124127-300x169.jpg 300w, https:\/\/serveiseducatius.xtec.cat\/cda-altbergueda\/wp-content\/uploads\/usu1364\/2022\/05\/20220526_124127-768x432.jpg 768w\" sizes=\"auto, (max-width: 1023px) 100vw, 1023px\" \/><\/figure>\n\n\n\n<p><span style=\"font-family: inherit; font-size: 1em;\">El segon dia d&#8217;estada, l&#8217;<strong>ecosistema fluvial del riu Llobregat <\/strong>ser\u00e0 el protagonista. Observarem i identificarem macroinvertebrats que ens ajudaran a determinar la qualitat de l&#8217;aigua. Tamb\u00e9 analitzarem diferents par\u00e0metres d&#8217;aquest com la temperatura, la terbolesa, el color o l&#8217;olor. Identificarem les principals esp\u00e8cies de vegetaci\u00f3 ribera que hi habiten i les seves caracter\u00edstiques.<\/span><\/p>\n\n\n\n<figure class=\"wp-block-image aligncenter is-resized\"><img loading=\"lazy\" decoding=\"async\" width=\"1023\" height=\"575\" src=\"https:\/\/serveiseducatius.xtec.cat\/cda-altbergueda\/wp-content\/uploads\/usu1364\/2022\/02\/20210422_130628.jpg\" alt=\"\" class=\"wp-image-12142\" style=\"width:439px;height:auto\" srcset=\"https:\/\/serveiseducatius.xtec.cat\/cda-altbergueda\/wp-content\/uploads\/usu1364\/2022\/02\/20210422_130628.jpg 1023w, https:\/\/serveiseducatius.xtec.cat\/cda-altbergueda\/wp-content\/uploads\/usu1364\/2022\/02\/20210422_130628-300x169.jpg 300w, https:\/\/serveiseducatius.xtec.cat\/cda-altbergueda\/wp-content\/uploads\/usu1364\/2022\/02\/20210422_130628-768x432.jpg 768w\" sizes=\"auto, (max-width: 1023px) 100vw, 1023px\" \/><\/figure>\n\n\n\n<p><span style=\"font-family: inherit; font-size: 1em;\">P<span style=\"font-family: inherit; font-size: 1em;\">er acabar l&#8217;estada,\u00a0<\/span>realitzarem\u00a0un estudi del <strong>bosc de mitja muntanya<\/strong> als voltants de la Sala,  per con\u00e8ixer  millor les caracter\u00edstiques de la  vegetaci\u00f3 i de la fauna que habiten en aquest entorn.  i que us hauran acompanyat silenciosament durant els tres dies que haureu passat a l&#8217;Alt Bergued\u00e0<\/span>.<\/p>\n\n\n\n<p>Ja <strong>de tornada ja al centre (M3):<\/strong><\/p>\n\n\n\n<p>Haureu de complementar aquest itinerari amb un<strong> treball posterior<\/strong> que reculli les descobertes i aprenentatges realitzats durant els dies de la vostra estada a l&#8217;Alt Bergued\u00e0. Les opcions s\u00f3n m\u00faltiples: dissenyar un tr\u00edptic del bon boletaire, crear un lapbook amb els aprenentatges de l&#8217;estada o recollir en un p\u00f2ster les caracter\u00edstiques b\u00e0siques dels ecosistemes que heu recorregut durant la vostra estada.<\/p>\n","protected":false},"excerpt":{"rendered":"<p>SEQ\u00dc\u00c8NCIES DID\u00c0CTIQUES CICLE INICIAL CICLE MITJ\u00c0 CICLE SUPERIOR ESO L&#8217;Alt Bergued\u00e0 \u00e9s una zona amb gran varietat de paisatges, amb una flora i una fauna molt riques i for\u00e7a ben conservades. D&#8217;aqu\u00ed en surt\u00a0 l&#8217;itinerari que anomenem: &#8220;Ecosistemes&#8220;. Com en totes les estades, treballarem en tres moments: Un primer moment al centre (M1): Abans de [&hellip;]<\/p>\n","protected":false},"author":1,"featured_media":0,"parent":157,"menu_order":30,"comment_status":"closed","ping_status":"closed","template":"","meta":{"_bbp_topic_count":0,"_bbp_reply_count":0,"_bbp_total_topic_count":0,"_bbp_total_reply_count":0,"_bbp_voice_count":0,"_bbp_anonymous_reply_count":0,"_bbp_topic_count_hidden":0,"_bbp_reply_count_hidden":0,"_bbp_forum_subforum_count":0,"site-sidebar-layout":"default","site-content-layout":"","ast-site-content-layout":"default","site-content-style":"default","site-sidebar-style":"default","ast-global-header-display":"","ast-banner-title-visibility":"","ast-main-header-display":"","ast-hfb-above-header-display":"","ast-hfb-below-header-display":"","ast-hfb-mobile-header-display":"","site-post-title":"","ast-breadcrumbs-content":"","ast-featured-img":"","footer-sml-layout":"","theme-transparent-header-meta":"","adv-header-id-meta":"","stick-header-meta":"","header-above-stick-meta":"","header-main-stick-meta":"","header-below-stick-meta":"","astra-migrate-meta-layouts":"set","ast-page-background-enabled":"default","ast-page-background-meta":{"desktop":{"background-color":"var(--ast-global-color-4)","background-image":"","background-repeat":"repeat","background-position":"center center","background-size":"auto","background-attachment":"scroll","background-type":"","background-media":"","overlay-type":"","overlay-color":"","overlay-opacity":"","overlay-gradient":""},"tablet":{"background-color":"","background-image":"","background-repeat":"repeat","background-position":"center center","background-size":"auto","background-attachment":"scroll","background-type":"","background-media":"","overlay-type":"","overlay-color":"","overlay-opacity":"","overlay-gradient":""},"mobile":{"background-color":"","background-image":"","background-repeat":"repeat","background-position":"center center","background-size":"auto","background-attachment":"scroll","background-type":"","background-media":"","overlay-type":"","overlay-color":"","overlay-opacity":"","overlay-gradient":""}},"ast-content-background-meta":{"desktop":{"background-color":"var(--ast-global-color-5)","background-image":"","background-repeat":"repeat","background-position":"center center","background-size":"auto","background-attachment":"scroll","background-type":"","background-media":"","overlay-type":"","overlay-color":"","overlay-opacity":"","overlay-gradient":""},"tablet":{"background-color":"var(--ast-global-color-5)","background-image":"","background-repeat":"repeat","background-position":"center center","background-size":"auto","background-attachment":"scroll","background-type":"","background-media":"","overlay-type":"","overlay-color":"","overlay-opacity":"","overlay-gradient":""},"mobile":{"background-color":"var(--ast-global-color-5)","background-image":"","background-repeat":"repeat","background-position":"center center","background-size":"auto","background-attachment":"scroll","background-type":"","background-media":"","overlay-type":"","overlay-color":"","overlay-opacity":"","overlay-gradient":""}},"footnotes":""},"class_list":["post-12141","page","type-page","status-publish","hentry"],"post_mailing_queue_ids":[],"_links":{"self":[{"href":"https:\/\/serveiseducatius.xtec.cat\/cda-altbergueda\/wp-json\/wp\/v2\/pages\/12141","targetHints":{"allow":["GET"]}}],"collection":[{"href":"https:\/\/serveiseducatius.xtec.cat\/cda-altbergueda\/wp-json\/wp\/v2\/pages"}],"about":[{"href":"https:\/\/serveiseducatius.xtec.cat\/cda-altbergueda\/wp-json\/wp\/v2\/types\/page"}],"author":[{"embeddable":true,"href":"https:\/\/serveiseducatius.xtec.cat\/cda-altbergueda\/wp-json\/wp\/v2\/users\/1"}],"replies":[{"embeddable":true,"href":"https:\/\/serveiseducatius.xtec.cat\/cda-altbergueda\/wp-json\/wp\/v2\/comments?post=12141"}],"version-history":[{"count":6,"href":"https:\/\/serveiseducatius.xtec.cat\/cda-altbergueda\/wp-json\/wp\/v2\/pages\/12141\/revisions"}],"predecessor-version":[{"id":15173,"href":"https:\/\/serveiseducatius.xtec.cat\/cda-altbergueda\/wp-json\/wp\/v2\/pages\/12141\/revisions\/15173"}],"up":[{"embeddable":true,"href":"https:\/\/serveiseducatius.xtec.cat\/cda-altbergueda\/wp-json\/wp\/v2\/pages\/157"}],"wp:attachment":[{"href":"https:\/\/serveiseducatius.xtec.cat\/cda-altbergueda\/wp-json\/wp\/v2\/media?parent=12141"}],"curies":[{"name":"wp","href":"https:\/\/api.w.org\/{rel}","templated":true}]}}