{"id":12110,"date":"2022-01-31T13:09:46","date_gmt":"2022-01-31T12:09:46","guid":{"rendered":"https:\/\/serveiseducatius.xtec.cat\/cda-altbergueda\/?page_id=12110"},"modified":"2026-04-14T16:45:58","modified_gmt":"2026-04-14T14:45:58","slug":"activitat-vegetacio-dun-bosc-proper","status":"publish","type":"page","link":"https:\/\/serveiseducatius.xtec.cat\/cda-altbergueda\/tematiques\/activitat-vegetacio-dun-bosc-proper\/","title":{"rendered":"Activitat: Vegetaci\u00f3 d&#8217;un bosc proper"},"content":{"rendered":"\n<figure class=\"wp-block-image aligncenter\"><img loading=\"lazy\" decoding=\"async\" width=\"1000\" height=\"250\" src=\"https:\/\/serveiseducatius.xtec.cat\/cda-altbergueda\/wp-content\/uploads\/usu1364\/2022\/01\/vgetacioboscproper-1.png\" alt=\"\" class=\"wp-image-12101\" srcset=\"https:\/\/serveiseducatius.xtec.cat\/cda-altbergueda\/wp-content\/uploads\/usu1364\/2022\/01\/vgetacioboscproper-1.png 1000w, https:\/\/serveiseducatius.xtec.cat\/cda-altbergueda\/wp-content\/uploads\/usu1364\/2022\/01\/vgetacioboscproper-1-300x75.png 300w, https:\/\/serveiseducatius.xtec.cat\/cda-altbergueda\/wp-content\/uploads\/usu1364\/2022\/01\/vgetacioboscproper-1-768x192.png 768w\" sizes=\"auto, (max-width: 1000px) 100vw, 1000px\" \/><\/figure>\n\n\n\n<figure class=\"wp-block-table\"><table class=\"has-background has-fixed-layout\" style=\"background-color:#96c856;border-style:none;border-width:0px\"><tbody><tr><td><strong>MODALITATS:<\/strong><\/td><\/tr><tr><td>Estada<\/td><\/tr><tr><td>Sortida d&#8217;un dia<\/td><\/tr><\/tbody><\/table><\/figure>\n\n\n\n<h5 class=\"wp-block-heading\"><strong>Nivells:<\/strong><\/h5>\n\n\n\n<p>Educaci\u00f3 Prim\u00e0ria: CI<\/p>\n\n\n\n<h5 class=\"wp-block-heading\"><strong>Desenvolupament de l&#8217;activitat:<\/strong><\/h5>\n\n\n\n<p>L&#8217;activitat consisteix en un recorregut per un bosc proper al centre, on hi haur\u00e0 diferents cartells i fitxes informatives penjades a les principals plantes que hi habiten. Els alumnes hauran d&#8217;identificar el nom d&#8217;aquestes plantes i alguns dels usos que tradicionalment han tingut. Per identificar cada planta els alumnes comptaran amb l&#8217;ajuda d&#8217;un herbari. En cas que els mestres del centre ho creguin convenient es poden agafar mostres de les plantes amb un cistell, per continuar el treball a l&#8217;aula. Durant l&#8217;activitat el CdA proporcionar\u00e0 c\u00e0meres de fotos als alumnes per tal que puguin fer fotografies de les diferents parts de les plantes identificades.<\/p>\n\n\n\n<h5 class=\"wp-block-heading\"><strong>Treball posterior:<\/strong><\/h5>\n\n\n\n<p>En cas que s&#8217;hagin recollit mostres de les plantes, es pot realitzar un herbari amb els noms de les plantes que habiten al bosc escollit, relacionant-los amb els usos que se&#8217;n deriven. Una altra<\/p>\n\n\n\n<h5 class=\"wp-block-heading\"><strong>Observacions:<\/strong><\/h5>\n\n\n\n<p>L\u2019activitat \u00e9s de mig dia de durada. En cas de necessitar-se, el despla\u00e7ament corre a c\u00e0rrec del centre educatiu. Tot el material necessari per portar a terme l\u2019activitat el proporciona el CdA.<\/p>\n","protected":false},"excerpt":{"rendered":"<p>MODALITATS: Estada Sortida d&#8217;un dia Nivells: Educaci\u00f3 Prim\u00e0ria: CI Desenvolupament de l&#8217;activitat: L&#8217;activitat consisteix en un recorregut per un bosc proper al centre, on hi haur\u00e0 diferents cartells i fitxes informatives penjades a les principals plantes que hi habiten. Els alumnes hauran d&#8217;identificar el nom d&#8217;aquestes plantes i alguns dels usos que tradicionalment han tingut. [&hellip;]<\/p>\n","protected":false},"author":1,"featured_media":0,"parent":8235,"menu_order":22,"comment_status":"closed","ping_status":"closed","template":"","meta":{"_bbp_topic_count":0,"_bbp_reply_count":0,"_bbp_total_topic_count":0,"_bbp_total_reply_count":0,"_bbp_voice_count":0,"_bbp_anonymous_reply_count":0,"_bbp_topic_count_hidden":0,"_bbp_reply_count_hidden":0,"_bbp_forum_subforum_count":0,"site-sidebar-layout":"default","site-content-layout":"","ast-site-content-layout":"default","site-content-style":"default","site-sidebar-style":"default","ast-global-header-display":"","ast-banner-title-visibility":"","ast-main-header-display":"","ast-hfb-above-header-display":"","ast-hfb-below-header-display":"","ast-hfb-mobile-header-display":"","site-post-title":"","ast-breadcrumbs-content":"","ast-featured-img":"","footer-sml-layout":"","theme-transparent-header-meta":"","adv-header-id-meta":"","stick-header-meta":"","header-above-stick-meta":"","header-main-stick-meta":"","header-below-stick-meta":"","astra-migrate-meta-layouts":"set","ast-page-background-enabled":"default","ast-page-background-meta":{"desktop":{"background-color":"var(--ast-global-color-4)","background-image":"","background-repeat":"repeat","background-position":"center center","background-size":"auto","background-attachment":"scroll","background-type":"","background-media":"","overlay-type":"","overlay-color":"","overlay-opacity":"","overlay-gradient":""},"tablet":{"background-color":"","background-image":"","background-repeat":"repeat","background-position":"center center","background-size":"auto","background-attachment":"scroll","background-type":"","background-media":"","overlay-type":"","overlay-color":"","overlay-opacity":"","overlay-gradient":""},"mobile":{"background-color":"","background-image":"","background-repeat":"repeat","background-position":"center center","background-size":"auto","background-attachment":"scroll","background-type":"","background-media":"","overlay-type":"","overlay-color":"","overlay-opacity":"","overlay-gradient":""}},"ast-content-background-meta":{"desktop":{"background-color":"var(--ast-global-color-5)","background-image":"","background-repeat":"repeat","background-position":"center center","background-size":"auto","background-attachment":"scroll","background-type":"","background-media":"","overlay-type":"","overlay-color":"","overlay-opacity":"","overlay-gradient":""},"tablet":{"background-color":"var(--ast-global-color-5)","background-image":"","background-repeat":"repeat","background-position":"center center","background-size":"auto","background-attachment":"scroll","background-type":"","background-media":"","overlay-type":"","overlay-color":"","overlay-opacity":"","overlay-gradient":""},"mobile":{"background-color":"var(--ast-global-color-5)","background-image":"","background-repeat":"repeat","background-position":"center center","background-size":"auto","background-attachment":"scroll","background-type":"","background-media":"","overlay-type":"","overlay-color":"","overlay-opacity":"","overlay-gradient":""}},"footnotes":""},"class_list":["post-12110","page","type-page","status-publish","hentry"],"post_mailing_queue_ids":[],"_links":{"self":[{"href":"https:\/\/serveiseducatius.xtec.cat\/cda-altbergueda\/wp-json\/wp\/v2\/pages\/12110","targetHints":{"allow":["GET"]}}],"collection":[{"href":"https:\/\/serveiseducatius.xtec.cat\/cda-altbergueda\/wp-json\/wp\/v2\/pages"}],"about":[{"href":"https:\/\/serveiseducatius.xtec.cat\/cda-altbergueda\/wp-json\/wp\/v2\/types\/page"}],"author":[{"embeddable":true,"href":"https:\/\/serveiseducatius.xtec.cat\/cda-altbergueda\/wp-json\/wp\/v2\/users\/1"}],"replies":[{"embeddable":true,"href":"https:\/\/serveiseducatius.xtec.cat\/cda-altbergueda\/wp-json\/wp\/v2\/comments?post=12110"}],"version-history":[{"count":2,"href":"https:\/\/serveiseducatius.xtec.cat\/cda-altbergueda\/wp-json\/wp\/v2\/pages\/12110\/revisions"}],"predecessor-version":[{"id":15407,"href":"https:\/\/serveiseducatius.xtec.cat\/cda-altbergueda\/wp-json\/wp\/v2\/pages\/12110\/revisions\/15407"}],"up":[{"embeddable":true,"href":"https:\/\/serveiseducatius.xtec.cat\/cda-altbergueda\/wp-json\/wp\/v2\/pages\/8235"}],"wp:attachment":[{"href":"https:\/\/serveiseducatius.xtec.cat\/cda-altbergueda\/wp-json\/wp\/v2\/media?parent=12110"}],"curies":[{"name":"wp","href":"https:\/\/api.w.org\/{rel}","templated":true}]}}