{"id":12106,"date":"2022-01-31T12:53:57","date_gmt":"2022-01-31T11:53:57","guid":{"rendered":"https:\/\/serveiseducatius.xtec.cat\/cda-altbergueda\/?page_id=12106"},"modified":"2026-04-14T16:49:00","modified_gmt":"2026-04-14T14:49:00","slug":"activitat-colonies-textils","status":"publish","type":"page","link":"https:\/\/serveiseducatius.xtec.cat\/cda-altbergueda\/tematiques\/activitat-colonies-textils\/","title":{"rendered":"Activitat: Les col\u00f2nies t\u00e8xtils"},"content":{"rendered":"\n<figure class=\"wp-block-image aligncenter\"><img loading=\"lazy\" decoding=\"async\" width=\"1000\" height=\"250\" src=\"https:\/\/serveiseducatius.xtec.cat\/cda-altbergueda\/wp-content\/uploads\/usu1364\/2022\/01\/Coloniestextils-3.png\" alt=\"\" class=\"wp-image-12102\" srcset=\"https:\/\/serveiseducatius.xtec.cat\/cda-altbergueda\/wp-content\/uploads\/usu1364\/2022\/01\/Coloniestextils-3.png 1000w, https:\/\/serveiseducatius.xtec.cat\/cda-altbergueda\/wp-content\/uploads\/usu1364\/2022\/01\/Coloniestextils-3-300x75.png 300w, https:\/\/serveiseducatius.xtec.cat\/cda-altbergueda\/wp-content\/uploads\/usu1364\/2022\/01\/Coloniestextils-3-768x192.png 768w\" sizes=\"auto, (max-width: 1000px) 100vw, 1000px\" \/><\/figure>\n\n\n\n<figure class=\"wp-block-table\"><table class=\"has-background has-fixed-layout\" style=\"background-color:#96c856;border-style:none;border-width:0px\"><tbody><tr><td><strong>MODALITATS:<\/strong><\/td><\/tr><tr><td>Estada<\/td><\/tr><tr><td>Sortida d&#8217;un dia<\/td><\/tr><\/tbody><\/table><\/figure>\n\n\n\n<h5 class=\"wp-block-heading\"><strong>Nivells:<\/strong><\/h5>\n\n\n\n<p>Educaci\u00f3 Prim\u00e0ria CS<\/p>\n\n\n\n<p>Educaci\u00f3 Secund\u00e0ria (1r i 2n d&#8217;ESO)<\/p>\n\n\n\n<h5 class=\"wp-block-heading\"><strong>Desenvolupament de l&#8217;activitat:<\/strong><\/h5>\n\n\n\n<p>Farem un recorregut per alguna de les col\u00f2nies t\u00e8xtils del riu Llobregat al Bergued\u00e0, per identificar els principals edificis que trob\u00e0vem a aquestes col\u00f2nies, la seva funci\u00f3 i alguns aspectes hist\u00f2rics d&#8217;aquest per\u00edode a la nostra comarca i a Catalunya en general. <strong>L&#8217;activitat es pot portar a terme a les col\u00f2nies de Cal Pons i Cal Mar\u00e7al,&nbsp; Viladomiu Nou o Cal Rosal<\/strong>, cal posar-se en contacte amb el CdA per concretar quina de les col\u00f2nies t\u00e8xtils es vol treballar.<\/p>\n\n\n\n<p>L&#8217;activitat consta d&#8217;un recorregut per la col\u00f2nia que els alumnes realitzen de manera aut\u00f2noma per dins el recinte de la col\u00f2nia, amb un mapa i un GPS amb els punts geolocalitzats. A cada punt han de respondre un petit repte relacionat amb l&#8217;edifici d&#8217;inter\u00e8s.<\/p>\n\n\n\n<h5 class=\"wp-block-heading\"><strong>Treball previ:<\/strong><\/h5>\n\n\n\n<p>Hi ha la possibilita que pr\u00e8viament a l&#8217;activitat es dediqui una sessi\u00f3 a l&#8217;aula a nivell introductori per preparar la sortida a partir de la hist\u00f2ria <a href=\"https:\/\/drive.google.com\/file\/d\/1X0l1kJwM2ZCgf9QNcXnoPjQUXMvdnXOW\/view?usp=sharing\">&#8220;<em>Una vida a la col\u00f2nia&#8221;<\/em><\/a> de Tom\u00e0s Carb\u00f3, en Tomasset.<\/p>\n\n\n\n<h5 class=\"wp-block-heading\"><strong>Treball posterior:<\/strong><\/h5>\n\n\n\n<p>Aquesta activitat est\u00e0 pensada com a introducci\u00f3 al m\u00f3n de les col\u00f2nies t\u00e8xtils i a aquest per\u00edode hist\u00f2ric. Es proposa continuar la investigaci\u00f3 a l&#8217;aula per tal d&#8217;aprofundir en la industrialitzaci\u00f3, visitant altres elements patrimonials propers al centre o engegant algun projecte per contextualitzar aquesta \u00e8poca.<\/p>\n\n\n\n<h5 class=\"wp-block-heading\"><strong>Observacions:<\/strong><\/h5>\n\n\n\n<p>L\u2019activitat \u00e9s de mig dia de durada. El despla\u00e7ament corre a c\u00e0rrec del centre educatiu. Tot el material necessari per portar a terme l\u2019activitat corre a c\u00e0rrec del CdA.<\/p>\n\n\n\n<h5 class=\"wp-block-heading\"><strong>Localitzacions de l&#8217;activitat:<\/strong><\/h5>\n\n\n\n<iframe loading=\"lazy\" src=\"https:\/\/www.google.com\/maps\/d\/u\/0\/embed?mid=1ic07dAmJQBKTdNbFLwig_TjGa0W8HU0&#038;ehbc=2E312F\" width=\"640\" height=\"480\"><\/iframe>\n","protected":false},"excerpt":{"rendered":"<p>MODALITATS: Estada Sortida d&#8217;un dia Nivells: Educaci\u00f3 Prim\u00e0ria CS Educaci\u00f3 Secund\u00e0ria (1r i 2n d&#8217;ESO) Desenvolupament de l&#8217;activitat: Farem un recorregut per alguna de les col\u00f2nies t\u00e8xtils del riu Llobregat al Bergued\u00e0, per identificar els principals edificis que trob\u00e0vem a aquestes col\u00f2nies, la seva funci\u00f3 i alguns aspectes hist\u00f2rics d&#8217;aquest per\u00edode a la nostra comarca [&hellip;]<\/p>\n","protected":false},"author":1,"featured_media":0,"parent":8235,"menu_order":43,"comment_status":"closed","ping_status":"closed","template":"","meta":{"_bbp_topic_count":0,"_bbp_reply_count":0,"_bbp_total_topic_count":0,"_bbp_total_reply_count":0,"_bbp_voice_count":0,"_bbp_anonymous_reply_count":0,"_bbp_topic_count_hidden":0,"_bbp_reply_count_hidden":0,"_bbp_forum_subforum_count":0,"site-sidebar-layout":"default","site-content-layout":"","ast-site-content-layout":"default","site-content-style":"default","site-sidebar-style":"default","ast-global-header-display":"","ast-banner-title-visibility":"","ast-main-header-display":"","ast-hfb-above-header-display":"","ast-hfb-below-header-display":"","ast-hfb-mobile-header-display":"","site-post-title":"","ast-breadcrumbs-content":"","ast-featured-img":"","footer-sml-layout":"","theme-transparent-header-meta":"","adv-header-id-meta":"","stick-header-meta":"","header-above-stick-meta":"","header-main-stick-meta":"","header-below-stick-meta":"","astra-migrate-meta-layouts":"set","ast-page-background-enabled":"default","ast-page-background-meta":{"desktop":{"background-color":"var(--ast-global-color-4)","background-image":"","background-repeat":"repeat","background-position":"center center","background-size":"auto","background-attachment":"scroll","background-type":"","background-media":"","overlay-type":"","overlay-color":"","overlay-opacity":"","overlay-gradient":""},"tablet":{"background-color":"","background-image":"","background-repeat":"repeat","background-position":"center center","background-size":"auto","background-attachment":"scroll","background-type":"","background-media":"","overlay-type":"","overlay-color":"","overlay-opacity":"","overlay-gradient":""},"mobile":{"background-color":"","background-image":"","background-repeat":"repeat","background-position":"center center","background-size":"auto","background-attachment":"scroll","background-type":"","background-media":"","overlay-type":"","overlay-color":"","overlay-opacity":"","overlay-gradient":""}},"ast-content-background-meta":{"desktop":{"background-color":"var(--ast-global-color-5)","background-image":"","background-repeat":"repeat","background-position":"center center","background-size":"auto","background-attachment":"scroll","background-type":"","background-media":"","overlay-type":"","overlay-color":"","overlay-opacity":"","overlay-gradient":""},"tablet":{"background-color":"var(--ast-global-color-5)","background-image":"","background-repeat":"repeat","background-position":"center center","background-size":"auto","background-attachment":"scroll","background-type":"","background-media":"","overlay-type":"","overlay-color":"","overlay-opacity":"","overlay-gradient":""},"mobile":{"background-color":"var(--ast-global-color-5)","background-image":"","background-repeat":"repeat","background-position":"center center","background-size":"auto","background-attachment":"scroll","background-type":"","background-media":"","overlay-type":"","overlay-color":"","overlay-opacity":"","overlay-gradient":""}},"footnotes":""},"class_list":["post-12106","page","type-page","status-publish","hentry"],"post_mailing_queue_ids":[],"_links":{"self":[{"href":"https:\/\/serveiseducatius.xtec.cat\/cda-altbergueda\/wp-json\/wp\/v2\/pages\/12106","targetHints":{"allow":["GET"]}}],"collection":[{"href":"https:\/\/serveiseducatius.xtec.cat\/cda-altbergueda\/wp-json\/wp\/v2\/pages"}],"about":[{"href":"https:\/\/serveiseducatius.xtec.cat\/cda-altbergueda\/wp-json\/wp\/v2\/types\/page"}],"author":[{"embeddable":true,"href":"https:\/\/serveiseducatius.xtec.cat\/cda-altbergueda\/wp-json\/wp\/v2\/users\/1"}],"replies":[{"embeddable":true,"href":"https:\/\/serveiseducatius.xtec.cat\/cda-altbergueda\/wp-json\/wp\/v2\/comments?post=12106"}],"version-history":[{"count":6,"href":"https:\/\/serveiseducatius.xtec.cat\/cda-altbergueda\/wp-json\/wp\/v2\/pages\/12106\/revisions"}],"predecessor-version":[{"id":15432,"href":"https:\/\/serveiseducatius.xtec.cat\/cda-altbergueda\/wp-json\/wp\/v2\/pages\/12106\/revisions\/15432"}],"up":[{"embeddable":true,"href":"https:\/\/serveiseducatius.xtec.cat\/cda-altbergueda\/wp-json\/wp\/v2\/pages\/8235"}],"wp:attachment":[{"href":"https:\/\/serveiseducatius.xtec.cat\/cda-altbergueda\/wp-json\/wp\/v2\/media?parent=12106"}],"curies":[{"name":"wp","href":"https:\/\/api.w.org\/{rel}","templated":true}]}}