{"id":1109,"date":"2015-06-19T11:44:02","date_gmt":"2015-06-19T09:44:02","guid":{"rendered":"http:\/\/blocs.xtec.cat\/cdaaltbergueda\/?page_id=1109"},"modified":"2025-12-18T09:48:08","modified_gmt":"2025-12-18T08:48:08","slug":"herbari-del-bergueda","status":"publish","type":"page","link":"https:\/\/serveiseducatius.xtec.cat\/cda-altbergueda\/materials\/herbari-del-bergueda\/","title":{"rendered":"Herbaris del Bergued\u00e0"},"content":{"rendered":"\n<figure class=\"wp-block-image aligncenter\"><img loading=\"lazy\" decoding=\"async\" width=\"1000\" height=\"250\" src=\"http:\/\/serveiseducatius.xtec.cat\/cda-altbergueda\/wp-content\/uploads\/usu1364\/2017\/03\/fulles.png\" alt=\"\" class=\"wp-image-8820\" srcset=\"https:\/\/serveiseducatius.xtec.cat\/cda-altbergueda\/wp-content\/uploads\/usu1364\/2017\/03\/fulles.png 1000w, https:\/\/serveiseducatius.xtec.cat\/cda-altbergueda\/wp-content\/uploads\/usu1364\/2017\/03\/fulles-300x75.png 300w, https:\/\/serveiseducatius.xtec.cat\/cda-altbergueda\/wp-content\/uploads\/usu1364\/2017\/03\/fulles-768x192.png 768w\" sizes=\"auto, (max-width: 1000px) 100vw, 1000px\" \/><\/figure>\n\n\n\n<h3 class=\"wp-block-heading has-text-align-center has-medium-font-size\">ATENCI\u00d3! Ens agradaria que en cas que f\u00e9ssiu \u00fas d&#8217;algun d&#8217;aquests materials ompl\u00edssiu el formulari que trobareu en aquest <a href=\"https:\/\/forms.gle\/MSxHjnvWVx8hyJMn9\">enlla\u00e7<\/a>, no us portar\u00e0 m\u00e9s de 2 minuts.&nbsp;<\/h3>\n\n\n\n<h3 class=\"wp-block-heading\">Herbari complet<\/h3>\n\n\n\n<p><a href=\"https:\/\/drive.google.com\/file\/d\/1KluTNEFN3trHVNKiBGnqUPylGxae0Cpg\/view?usp=sharing\" target=\"_blank\" rel=\"noopener\">Enlla\u00e7 per descarregar (pdf)<\/a><\/p>\n\n\n\n<p class=\"has-text-align-left\"><a href=\"https:\/\/drive.google.com\/file\/d\/0B5qQ1yj1nCOIREFSWXFXckdRWXc\/view?usp=sharing\" target=\"_blank\" rel=\"noopener\">Enlla\u00e7 per descarregar (Presentaci\u00f3 diapositives)<\/a><\/p>\n\n\n\n<h3 class=\"wp-block-heading\">Herbari vegetaci\u00f3 de ribera<\/h3>\n\n\n\n<div style=\"text-align: center;\">\n<div style=\"margin: 8px 0px 4px;\"><a href=\"http:\/\/www.calameo.com\/books\/00011173817636df4859f\" target=\"_blank\" rel=\"noopener\">Herbari Ribera<\/a><\/div>\n<p><iframe loading=\"lazy\" style=\"margin: 0 auto;\" src=\"\/\/v.calameo.com\/?bkcode=00011173817636df4859f&amp;mode=viewer&amp;view=slide\" width=\"560\" height=\"350\" frameborder=\"0\" scrolling=\"no\" allowfullscreen=\"allowfullscreen\"><\/iframe><\/p>\n<\/div>\n\n\n\n<p class=\"has-text-align-center\"><a href=\"https:\/\/drive.google.com\/file\/d\/0B5qQ1yj1nCOIajhYRE5aYnNqQ00\/view?usp=sharing\">Enlla\u00e7 per descarregar (pdf)<\/a><\/p>\n","protected":false},"excerpt":{"rendered":"<p>ATENCI\u00d3! Ens agradaria que en cas que f\u00e9ssiu \u00fas d&#8217;algun d&#8217;aquests materials ompl\u00edssiu el formulari que trobareu en aquest enlla\u00e7, no us portar\u00e0 m\u00e9s de 2 minuts.&nbsp; Herbari complet Enlla\u00e7 per descarregar (pdf) Enlla\u00e7 per descarregar (Presentaci\u00f3 diapositives) Herbari vegetaci\u00f3 de ribera Herbari Ribera Enlla\u00e7 per descarregar (pdf)<\/p>\n","protected":false},"author":1,"featured_media":0,"parent":1101,"menu_order":10,"comment_status":"closed","ping_status":"closed","template":"","meta":{"_bbp_topic_count":0,"_bbp_reply_count":0,"_bbp_total_topic_count":0,"_bbp_total_reply_count":0,"_bbp_voice_count":0,"_bbp_anonymous_reply_count":0,"_bbp_topic_count_hidden":0,"_bbp_reply_count_hidden":0,"_bbp_forum_subforum_count":0,"site-sidebar-layout":"default","site-content-layout":"","ast-site-content-layout":"default","site-content-style":"default","site-sidebar-style":"default","ast-global-header-display":"","ast-banner-title-visibility":"","ast-main-header-display":"","ast-hfb-above-header-display":"","ast-hfb-below-header-display":"","ast-hfb-mobile-header-display":"","site-post-title":"","ast-breadcrumbs-content":"","ast-featured-img":"","footer-sml-layout":"","theme-transparent-header-meta":"","adv-header-id-meta":"","stick-header-meta":"","header-above-stick-meta":"","header-main-stick-meta":"","header-below-stick-meta":"","astra-migrate-meta-layouts":"set","ast-page-background-enabled":"default","ast-page-background-meta":{"desktop":{"background-color":"var(--ast-global-color-4)","background-image":"","background-repeat":"repeat","background-position":"center center","background-size":"auto","background-attachment":"scroll","background-type":"","background-media":"","overlay-type":"","overlay-color":"","overlay-opacity":"","overlay-gradient":""},"tablet":{"background-color":"","background-image":"","background-repeat":"repeat","background-position":"center center","background-size":"auto","background-attachment":"scroll","background-type":"","background-media":"","overlay-type":"","overlay-color":"","overlay-opacity":"","overlay-gradient":""},"mobile":{"background-color":"","background-image":"","background-repeat":"repeat","background-position":"center center","background-size":"auto","background-attachment":"scroll","background-type":"","background-media":"","overlay-type":"","overlay-color":"","overlay-opacity":"","overlay-gradient":""}},"ast-content-background-meta":{"desktop":{"background-color":"var(--ast-global-color-5)","background-image":"","background-repeat":"repeat","background-position":"center center","background-size":"auto","background-attachment":"scroll","background-type":"","background-media":"","overlay-type":"","overlay-color":"","overlay-opacity":"","overlay-gradient":""},"tablet":{"background-color":"var(--ast-global-color-5)","background-image":"","background-repeat":"repeat","background-position":"center center","background-size":"auto","background-attachment":"scroll","background-type":"","background-media":"","overlay-type":"","overlay-color":"","overlay-opacity":"","overlay-gradient":""},"mobile":{"background-color":"var(--ast-global-color-5)","background-image":"","background-repeat":"repeat","background-position":"center center","background-size":"auto","background-attachment":"scroll","background-type":"","background-media":"","overlay-type":"","overlay-color":"","overlay-opacity":"","overlay-gradient":""}},"footnotes":""},"class_list":["post-1109","page","type-page","status-publish","hentry"],"post_mailing_queue_ids":[],"_links":{"self":[{"href":"https:\/\/serveiseducatius.xtec.cat\/cda-altbergueda\/wp-json\/wp\/v2\/pages\/1109","targetHints":{"allow":["GET"]}}],"collection":[{"href":"https:\/\/serveiseducatius.xtec.cat\/cda-altbergueda\/wp-json\/wp\/v2\/pages"}],"about":[{"href":"https:\/\/serveiseducatius.xtec.cat\/cda-altbergueda\/wp-json\/wp\/v2\/types\/page"}],"author":[{"embeddable":true,"href":"https:\/\/serveiseducatius.xtec.cat\/cda-altbergueda\/wp-json\/wp\/v2\/users\/1"}],"replies":[{"embeddable":true,"href":"https:\/\/serveiseducatius.xtec.cat\/cda-altbergueda\/wp-json\/wp\/v2\/comments?post=1109"}],"version-history":[{"count":6,"href":"https:\/\/serveiseducatius.xtec.cat\/cda-altbergueda\/wp-json\/wp\/v2\/pages\/1109\/revisions"}],"predecessor-version":[{"id":15215,"href":"https:\/\/serveiseducatius.xtec.cat\/cda-altbergueda\/wp-json\/wp\/v2\/pages\/1109\/revisions\/15215"}],"up":[{"embeddable":true,"href":"https:\/\/serveiseducatius.xtec.cat\/cda-altbergueda\/wp-json\/wp\/v2\/pages\/1101"}],"wp:attachment":[{"href":"https:\/\/serveiseducatius.xtec.cat\/cda-altbergueda\/wp-json\/wp\/v2\/media?parent=1109"}],"curies":[{"name":"wp","href":"https:\/\/api.w.org\/{rel}","templated":true}]}}