{"id":1101,"date":"2015-06-19T11:23:01","date_gmt":"2015-06-19T09:23:01","guid":{"rendered":"http:\/\/blocs.xtec.cat\/cdaaltbergueda\/?page_id=1101"},"modified":"2025-12-18T10:49:50","modified_gmt":"2025-12-18T09:49:50","slug":"materials","status":"publish","type":"page","link":"https:\/\/serveiseducatius.xtec.cat\/cda-altbergueda\/materials\/","title":{"rendered":"MATERIALS"},"content":{"rendered":"\n<figure class=\"wp-block-image aligncenter size-full is-resized\"><img loading=\"lazy\" decoding=\"async\" width=\"993\" height=\"245\" src=\"https:\/\/serveiseducatius.xtec.cat\/cda-altbergueda\/wp-content\/uploads\/usu1364\/2024\/06\/materials.png\" alt=\"\" class=\"wp-image-14041\" style=\"width:969px;height:auto\" srcset=\"https:\/\/serveiseducatius.xtec.cat\/cda-altbergueda\/wp-content\/uploads\/usu1364\/2024\/06\/materials.png 993w, https:\/\/serveiseducatius.xtec.cat\/cda-altbergueda\/wp-content\/uploads\/usu1364\/2024\/06\/materials-300x74.png 300w, https:\/\/serveiseducatius.xtec.cat\/cda-altbergueda\/wp-content\/uploads\/usu1364\/2024\/06\/materials-768x189.png 768w\" sizes=\"auto, (max-width: 993px) 100vw, 993px\" \/><\/figure>\n\n\n\n<p>Posem a la vostra disposici\u00f3 un seguit de materials que hem anat elaborant al llarg del anys i en cursos successius. La majoria dels materials impresos que ha elaborat i fa servir el CdA actualment, els podreu trobar a aquesta p\u00e0gina del web. Les diferents guies d&#8217;identificaci\u00f3 de macroinvertebrats, un herbari del Bergued\u00e0, un bestiari i diferents materials sobre l&#8217;orientaci\u00f3 i l&#8217;\u00fas de la br\u00faixola&#8230; Amb la voluntat que siguin d&#8217;utilitat m\u00e9s enll\u00e0 del nostre CdA, els posem a la vostra disposici\u00f3. Els podeu utilitzar com cregueu m\u00e9s convenient. Si us han estat \u00fatils ens agradaria que ens envi\u00e9ssiu alguna mostra (imatges, resultats, activitats) del qu\u00e8 hagueu fet o treballat amb ells. I si teniu alguna sugger\u00e8ncia de millora tamb\u00e9 ser\u00e0 benvinguda.<\/p>\n\n\n\n<p>A banda, tamb\u00e9 disposem de <a href=\"http:\/\/serveiseducatius.xtec.cat\/cda-altbergueda\/materials\/materials-de-prestec\/\">materials en pr\u00e9stec<\/a>, d&#8217;una banda instrumental i eines diverses per desenvolupar activitats de diferents tipologies, i de l&#8217;altra maletes did\u00e0ctiques sorgides de grups de treball on ha participat el CdA. Feu-hi un cop d&#8217;ull, i no dubteu a fer-nos qualsevol consulta al respecte.<\/p>\n\n\n\n<h3 class=\"wp-block-heading has-text-align-center has-medium-font-size\"><strong>ATENCI\u00d3! Ens agradaria que en cas que f\u00e9ssiu \u00fas d&#8217;algun d&#8217;aquests materials ompl\u00edssiu el formulari que trobareu en aquest <a href=\"https:\/\/forms.gle\/MSxHjnvWVx8hyJMn9\">enlla\u00e7<\/a>, no us portar\u00e0 m\u00e9s de 2 minuts.&nbsp;<\/strong><\/h3>\n\n\n\n<p><a href=\"http:\/\/serveiseducatius.xtec.cat\/cda-altbergueda\/materials\/herbari-del-bergueda\/\">Herbaris<\/a><\/p>\n\n\n\n<p><a href=\"http:\/\/serveiseducatius.xtec.cat\/cda-altbergueda\/materials\/bestiari\/\">Bestiari<\/a><\/p>\n\n\n\n<p><a href=\"http:\/\/serveiseducatius.xtec.cat\/cda-altbergueda\/materials\/fitxes-macroinvertebrats-daigua-dolca\/\">Macroinvertebrats d&#8217;aigua dol\u00e7a<\/a><\/p>\n\n\n\n<p><a href=\"http:\/\/serveiseducatius.xtec.cat\/cda-altbergueda\/materials\/tutorials-orientacio-i-topografia\/\">Tutorials orientaci\u00f3 i topografia<\/a><\/p>\n","protected":false},"excerpt":{"rendered":"<p>Posem a la vostra disposici\u00f3 un seguit de materials que hem anat elaborant al llarg del anys i en cursos successius. La majoria dels materials impresos que ha elaborat i fa servir el CdA actualment, els podreu trobar a aquesta p\u00e0gina del web. Les diferents guies d&#8217;identificaci\u00f3 de macroinvertebrats, un herbari del Bergued\u00e0, un bestiari [&hellip;]<\/p>\n","protected":false},"author":1,"featured_media":0,"parent":0,"menu_order":0,"comment_status":"closed","ping_status":"closed","template":"","meta":{"_bbp_topic_count":0,"_bbp_reply_count":0,"_bbp_total_topic_count":0,"_bbp_total_reply_count":0,"_bbp_voice_count":0,"_bbp_anonymous_reply_count":0,"_bbp_topic_count_hidden":0,"_bbp_reply_count_hidden":0,"_bbp_forum_subforum_count":0,"site-sidebar-layout":"default","site-content-layout":"","ast-site-content-layout":"default","site-content-style":"default","site-sidebar-style":"default","ast-global-header-display":"","ast-banner-title-visibility":"","ast-main-header-display":"","ast-hfb-above-header-display":"","ast-hfb-below-header-display":"","ast-hfb-mobile-header-display":"","site-post-title":"","ast-breadcrumbs-content":"","ast-featured-img":"","footer-sml-layout":"","theme-transparent-header-meta":"","adv-header-id-meta":"","stick-header-meta":"","header-above-stick-meta":"","header-main-stick-meta":"","header-below-stick-meta":"","astra-migrate-meta-layouts":"set","ast-page-background-enabled":"default","ast-page-background-meta":{"desktop":{"background-color":"var(--ast-global-color-4)","background-image":"","background-repeat":"repeat","background-position":"center center","background-size":"auto","background-attachment":"scroll","background-type":"","background-media":"","overlay-type":"","overlay-color":"","overlay-opacity":"","overlay-gradient":""},"tablet":{"background-color":"","background-image":"","background-repeat":"repeat","background-position":"center center","background-size":"auto","background-attachment":"scroll","background-type":"","background-media":"","overlay-type":"","overlay-color":"","overlay-opacity":"","overlay-gradient":""},"mobile":{"background-color":"","background-image":"","background-repeat":"repeat","background-position":"center center","background-size":"auto","background-attachment":"scroll","background-type":"","background-media":"","overlay-type":"","overlay-color":"","overlay-opacity":"","overlay-gradient":""}},"ast-content-background-meta":{"desktop":{"background-color":"var(--ast-global-color-5)","background-image":"","background-repeat":"repeat","background-position":"center center","background-size":"auto","background-attachment":"scroll","background-type":"","background-media":"","overlay-type":"","overlay-color":"","overlay-opacity":"","overlay-gradient":""},"tablet":{"background-color":"var(--ast-global-color-5)","background-image":"","background-repeat":"repeat","background-position":"center center","background-size":"auto","background-attachment":"scroll","background-type":"","background-media":"","overlay-type":"","overlay-color":"","overlay-opacity":"","overlay-gradient":""},"mobile":{"background-color":"var(--ast-global-color-5)","background-image":"","background-repeat":"repeat","background-position":"center center","background-size":"auto","background-attachment":"scroll","background-type":"","background-media":"","overlay-type":"","overlay-color":"","overlay-opacity":"","overlay-gradient":""}},"footnotes":""},"class_list":["post-1101","page","type-page","status-publish","hentry"],"post_mailing_queue_ids":[],"_links":{"self":[{"href":"https:\/\/serveiseducatius.xtec.cat\/cda-altbergueda\/wp-json\/wp\/v2\/pages\/1101","targetHints":{"allow":["GET"]}}],"collection":[{"href":"https:\/\/serveiseducatius.xtec.cat\/cda-altbergueda\/wp-json\/wp\/v2\/pages"}],"about":[{"href":"https:\/\/serveiseducatius.xtec.cat\/cda-altbergueda\/wp-json\/wp\/v2\/types\/page"}],"author":[{"embeddable":true,"href":"https:\/\/serveiseducatius.xtec.cat\/cda-altbergueda\/wp-json\/wp\/v2\/users\/1"}],"replies":[{"embeddable":true,"href":"https:\/\/serveiseducatius.xtec.cat\/cda-altbergueda\/wp-json\/wp\/v2\/comments?post=1101"}],"version-history":[{"count":6,"href":"https:\/\/serveiseducatius.xtec.cat\/cda-altbergueda\/wp-json\/wp\/v2\/pages\/1101\/revisions"}],"predecessor-version":[{"id":15242,"href":"https:\/\/serveiseducatius.xtec.cat\/cda-altbergueda\/wp-json\/wp\/v2\/pages\/1101\/revisions\/15242"}],"wp:attachment":[{"href":"https:\/\/serveiseducatius.xtec.cat\/cda-altbergueda\/wp-json\/wp\/v2\/media?parent=1101"}],"curies":[{"name":"wp","href":"https:\/\/api.w.org\/{rel}","templated":true}]}}