{"id":10911,"date":"2019-12-18T14:34:42","date_gmt":"2019-12-18T13:34:42","guid":{"rendered":"http:\/\/serveiseducatius.xtec.cat\/cda-altbergueda\/?page_id=10911"},"modified":"2025-12-18T10:28:47","modified_gmt":"2025-12-18T09:28:47","slug":"treballs-posteriors-a-lestada","status":"publish","type":"page","link":"https:\/\/serveiseducatius.xtec.cat\/cda-altbergueda\/amb-els-centres\/treballs-posteriors-a-lestada\/","title":{"rendered":"Treballs posteriors a l&#8217;estada"},"content":{"rendered":"\n<figure class=\"wp-block-image aligncenter is-resized is-style-default\"><img loading=\"lazy\" decoding=\"async\" width=\"560\" height=\"292\" src=\"https:\/\/serveiseducatius.xtec.cat\/cda-altbergueda\/wp-content\/uploads\/usu1364\/2019\/12\/wip.jpg\" alt=\"\" class=\"wp-image-10934\" style=\"width:338px;height:auto\" srcset=\"https:\/\/serveiseducatius.xtec.cat\/cda-altbergueda\/wp-content\/uploads\/usu1364\/2019\/12\/wip.jpg 560w, https:\/\/serveiseducatius.xtec.cat\/cda-altbergueda\/wp-content\/uploads\/usu1364\/2019\/12\/wip-300x156.jpg 300w\" sizes=\"auto, (max-width: 560px) 100vw, 560px\" \/><\/figure>\n\n\n\n<p>L&#8217;estada al CdA forma part d&#8217;una seq\u00fc\u00e8ncia did\u00e0ctica desenvolupada al llarg de 3 moments. Els treballs previs a l&#8217;estada que es duran a terme al propi centre (<strong><em>M1<\/em><\/strong>), les activitats que fareu amb nosaltres els dies d&#8217;estada a la Sala (<em><strong>M2<\/strong><\/em>) i el moment posterior a l&#8217;estada un cop de nou al centre i que servir\u00e0 per tancar i finalitzar aquesta seq\u00fc\u00e8ncia did\u00e0ctica (<strong><em>M3<\/em><\/strong>).<\/p>\n\n\n\n<p>Aquests treballs posteriors s&#8217;hauran acordat pr\u00e8viament a la trobada de coordinaci\u00f3 amb el centre durant l&#8217;<strong><em>M1<\/em><\/strong> i quedaran reflectits en el document d&#8217;acords d&#8217;aquesta trobada a la carpeta compartida entre el CdA i el centre.<\/p>\n\n\n\n<p>Un cop finalitzada la vostra estada al Bergued\u00e0, ser\u00e0 important enviar aquest treball posterior al CdA pels mitjans pr\u00e8viament acordats a la Trobada de Coordinaci\u00f3 o al llarg dels diferents moments de l&#8217;estada.<\/p>\n\n\n\n<p>Aquest treball posterior variar\u00e0 en funci\u00f3 de l&#8217;itinerari escollit per fer durant l&#8217;estada: riu, paisatge o ecosistemes.<\/p>\n\n\n\n<p>Podeu consultar els treballs posteriors dels centres que han completat la seq\u00fc\u00e8ncia clicant <a href=\"https:\/\/serveiseducatius.xtec.cat\/cda-altbergueda\/treballs-posteriors\/\" target=\"_blank\" rel=\"noopener noreferrer\">aqu\u00ed<\/a>.<\/p>\n\n\n\n<p>Aqu\u00ed sota us en deixem alguns exemples:<\/p>\n\n\n\n<h6 class=\"wp-block-heading\"><strong><a href=\"https:\/\/serveiseducatius.xtec.cat\/cda-altbergueda\/general\/treball-posterior-escola-salipota\/\">Escola Salipota (CM curs 2024-2025)<\/a><\/strong><\/h6>\n\n\n\n<h6 class=\"wp-block-heading\"><strong><a href=\"https:\/\/serveiseducatius.xtec.cat\/cda-altbergueda\/general\/treball-posterior-roques-blaves\/\">Roques Blaves (CM curs 2021-2022)<\/a><\/strong><\/h6>\n\n\n\n<h6 class=\"wp-block-heading\"><strong><a href=\"https:\/\/serveiseducatius.xtec.cat\/cda-altbergueda\/general\/treball-posterior-escola-serra-i-hunter\/\">Serra i H\u00fanter (CS curs 2019-2020)<\/a><\/strong><\/h6>\n\n\n\n<h6 class=\"wp-block-heading\"><strong><a href=\"https:\/\/serveiseducatius.xtec.cat\/cda-altbergueda\/general\/treball-posterior-a-lestada-escola-sant-jordi\/\">Escola Sant Jordi (CM curs 19-20)<\/a><\/strong><\/h6>\n\n\n\n<h6 class=\"wp-block-heading\"><strong><a href=\"https:\/\/serveiseducatius.xtec.cat\/cda-altbergueda\/general\/exemples-de-treball-previ-i-posterior-duna-estada\/\">Creu Alta (CS curs 2018-2019)<\/a><\/strong><\/h6>\n\n\n\n<h6 class=\"wp-block-heading\"><strong><a href=\"https:\/\/serveiseducatius.xtec.cat\/cda-altbergueda\/general\/seva-i-el-riu-gurri\/\">Farigola (CI curs 2018-2019)<\/a><\/strong><\/h6>\n\n\n\n<h6 class=\"wp-block-heading\"><strong><a href=\"https:\/\/serveiseducatius.xtec.cat\/cda-altbergueda\/general\/riu-anoia\/\">Garcia i Fossas (CS curs 2017-2018)<\/a><\/strong><\/h6>\n\n\n\n<h6 class=\"wp-block-heading\"><strong><a href=\"https:\/\/serveiseducatius.xtec.cat\/cda-altbergueda\/general\/el-treball-posterior-de-lescola-josep-orriols-i-roca\/\">Josep Orriols i Roca (CM curs 2017-2018)<\/a><\/strong><\/h6>\n\n\n\n<h6 class=\"wp-block-heading\"><strong><a href=\"https:\/\/serveiseducatius.xtec.cat\/cda-altbergueda\/general\/murals-i-videos-escola-la-monjoia\/\">La Monjoia (CM i CS curs 2017-2018)<\/a><\/strong><\/h6>\n\n\n\n<h6 class=\"wp-block-heading\"><strong><a href=\"https:\/\/serveiseducatius.xtec.cat\/cda-altbergueda\/general\/els-alumnes-de-2n-deso-de-lescola-cooperativa-el-puig-desparreguera-ens-presenten-el-treball-posterior\/\">El Puig (ESO curs 2017-2018)<\/a><\/strong><\/h6>\n\n\n\n<h6 class=\"wp-block-heading\"><strong><a href=\"https:\/\/serveiseducatius.xtec.cat\/cda-altbergueda\/general\/de-lescola-bellpuig-als-habitats-del-mon\/\">Bellpuig (CI curs 2017-2018)<\/a><\/strong><\/h6>\n\n\n\n<h6 class=\"wp-block-heading\"><strong><a href=\"https:\/\/serveiseducatius.xtec.cat\/cda-altbergueda\/general\/treball-posterior-de-lestada-de-lescola-emili-valles\/\">Emili Vall\u00e8s (CI curs 2016-2017)<\/a><\/strong><\/h6>\n","protected":false},"excerpt":{"rendered":"<p>L&#8217;estada al CdA forma part d&#8217;una seq\u00fc\u00e8ncia did\u00e0ctica desenvolupada al llarg de 3 moments. Els treballs previs a l&#8217;estada que es duran a terme al propi centre (M1), les activitats que fareu amb nosaltres els dies d&#8217;estada a la Sala (M2) i el moment posterior a l&#8217;estada un cop de nou al centre i que [&hellip;]<\/p>\n","protected":false},"author":1,"featured_media":0,"parent":8272,"menu_order":40,"comment_status":"closed","ping_status":"closed","template":"","meta":{"_bbp_topic_count":0,"_bbp_reply_count":0,"_bbp_total_topic_count":0,"_bbp_total_reply_count":0,"_bbp_voice_count":0,"_bbp_anonymous_reply_count":0,"_bbp_topic_count_hidden":0,"_bbp_reply_count_hidden":0,"_bbp_forum_subforum_count":0,"site-sidebar-layout":"default","site-content-layout":"","ast-site-content-layout":"default","site-content-style":"default","site-sidebar-style":"default","ast-global-header-display":"","ast-banner-title-visibility":"","ast-main-header-display":"","ast-hfb-above-header-display":"","ast-hfb-below-header-display":"","ast-hfb-mobile-header-display":"","site-post-title":"","ast-breadcrumbs-content":"","ast-featured-img":"","footer-sml-layout":"","theme-transparent-header-meta":"","adv-header-id-meta":"","stick-header-meta":"","header-above-stick-meta":"","header-main-stick-meta":"","header-below-stick-meta":"","astra-migrate-meta-layouts":"set","ast-page-background-enabled":"default","ast-page-background-meta":{"desktop":{"background-color":"var(--ast-global-color-4)","background-image":"","background-repeat":"repeat","background-position":"center center","background-size":"auto","background-attachment":"scroll","background-type":"","background-media":"","overlay-type":"","overlay-color":"","overlay-opacity":"","overlay-gradient":""},"tablet":{"background-color":"","background-image":"","background-repeat":"repeat","background-position":"center center","background-size":"auto","background-attachment":"scroll","background-type":"","background-media":"","overlay-type":"","overlay-color":"","overlay-opacity":"","overlay-gradient":""},"mobile":{"background-color":"","background-image":"","background-repeat":"repeat","background-position":"center center","background-size":"auto","background-attachment":"scroll","background-type":"","background-media":"","overlay-type":"","overlay-color":"","overlay-opacity":"","overlay-gradient":""}},"ast-content-background-meta":{"desktop":{"background-color":"var(--ast-global-color-5)","background-image":"","background-repeat":"repeat","background-position":"center center","background-size":"auto","background-attachment":"scroll","background-type":"","background-media":"","overlay-type":"","overlay-color":"","overlay-opacity":"","overlay-gradient":""},"tablet":{"background-color":"var(--ast-global-color-5)","background-image":"","background-repeat":"repeat","background-position":"center center","background-size":"auto","background-attachment":"scroll","background-type":"","background-media":"","overlay-type":"","overlay-color":"","overlay-opacity":"","overlay-gradient":""},"mobile":{"background-color":"var(--ast-global-color-5)","background-image":"","background-repeat":"repeat","background-position":"center center","background-size":"auto","background-attachment":"scroll","background-type":"","background-media":"","overlay-type":"","overlay-color":"","overlay-opacity":"","overlay-gradient":""}},"footnotes":""},"class_list":["post-10911","page","type-page","status-publish","hentry"],"post_mailing_queue_ids":[],"_links":{"self":[{"href":"https:\/\/serveiseducatius.xtec.cat\/cda-altbergueda\/wp-json\/wp\/v2\/pages\/10911","targetHints":{"allow":["GET"]}}],"collection":[{"href":"https:\/\/serveiseducatius.xtec.cat\/cda-altbergueda\/wp-json\/wp\/v2\/pages"}],"about":[{"href":"https:\/\/serveiseducatius.xtec.cat\/cda-altbergueda\/wp-json\/wp\/v2\/types\/page"}],"author":[{"embeddable":true,"href":"https:\/\/serveiseducatius.xtec.cat\/cda-altbergueda\/wp-json\/wp\/v2\/users\/1"}],"replies":[{"embeddable":true,"href":"https:\/\/serveiseducatius.xtec.cat\/cda-altbergueda\/wp-json\/wp\/v2\/comments?post=10911"}],"version-history":[{"count":5,"href":"https:\/\/serveiseducatius.xtec.cat\/cda-altbergueda\/wp-json\/wp\/v2\/pages\/10911\/revisions"}],"predecessor-version":[{"id":15234,"href":"https:\/\/serveiseducatius.xtec.cat\/cda-altbergueda\/wp-json\/wp\/v2\/pages\/10911\/revisions\/15234"}],"up":[{"embeddable":true,"href":"https:\/\/serveiseducatius.xtec.cat\/cda-altbergueda\/wp-json\/wp\/v2\/pages\/8272"}],"wp:attachment":[{"href":"https:\/\/serveiseducatius.xtec.cat\/cda-altbergueda\/wp-json\/wp\/v2\/media?parent=10911"}],"curies":[{"name":"wp","href":"https:\/\/api.w.org\/{rel}","templated":true}]}}