{"id":10558,"date":"2019-09-13T09:34:49","date_gmt":"2019-09-13T07:34:49","guid":{"rendered":"http:\/\/serveiseducatius.xtec.cat\/cda-altbergueda\/?page_id=10558"},"modified":"2025-12-18T09:12:31","modified_gmt":"2025-12-18T08:12:31","slug":"itineraris-destada","status":"publish","type":"page","link":"https:\/\/serveiseducatius.xtec.cat\/cda-altbergueda\/modalitats\/estades\/itineraris-destada\/","title":{"rendered":"Itineraris d&#8217;estada"},"content":{"rendered":"\n<figure class=\"wp-block-image size-full\"><a href=\"https:\/\/serveiseducatius.xtec.cat\/cda-altbergueda\/wp-content\/uploads\/usu1364\/2025\/12\/itineraripaisatge.png\"><img loading=\"lazy\" decoding=\"async\" width=\"1000\" height=\"250\" src=\"https:\/\/serveiseducatius.xtec.cat\/cda-altbergueda\/wp-content\/uploads\/usu1364\/2025\/12\/itineraripaisatge.png\" alt=\"\" class=\"wp-image-15187\" srcset=\"https:\/\/serveiseducatius.xtec.cat\/cda-altbergueda\/wp-content\/uploads\/usu1364\/2025\/12\/itineraripaisatge.png 1000w, https:\/\/serveiseducatius.xtec.cat\/cda-altbergueda\/wp-content\/uploads\/usu1364\/2025\/12\/itineraripaisatge-300x75.png 300w, https:\/\/serveiseducatius.xtec.cat\/cda-altbergueda\/wp-content\/uploads\/usu1364\/2025\/12\/itineraripaisatge-768x192.png 768w\" sizes=\"auto, (max-width: 1000px) 100vw, 1000px\" \/><\/a><\/figure>\n\n\n\n<p>Per tal de definir una seq\u00fc\u00e8ncia did\u00e0ctica significativa i que segueixi una mateixa tem\u00e0tica, des del curs 2019-2020 oferim als centres que ens visiten<strong> tres itineraris d&#8217;estada<\/strong> diferents. Els itineraris estant pensats per centres que visiten el CdA per primera vegada, amb la intenci\u00f3 que conegueu les nostres activitats, i que en cas que decidiu continuar assistint al CdA es pugui anar bastint i adaptant l&#8217;estada a les prefer\u00e8ncies de cada centre. Suposen un punt de partida en el treball entre els centres i el camp d&#8217;aprenentatge, que caldr\u00e0 anar avaluant i corregint en posteriors estades.<\/p>\n\n\n\n<p>Aquests itineraris consten d&#8217;activitats lligades entre si, que giren al voltant d&#8217;una tem\u00e0tica concreta. Els centres educatius, a partir d&#8217;aquesta proposta, poden modificar i adaptar les activitats de l&#8217;estada, aix\u00ed com el producte final o qualsevol altra part de la seq\u00fc\u00e8ncia. Per consultar el document inicial de la seq\u00fc\u00e8ncia cliqueu l&#8217;enlla\u00e7 corresponent de la taula d&#8217;aqu\u00ed sota.<\/p>\n\n\n\n<figure class=\"wp-block-table aligncenter is-style-stripes\"><table class=\"has-fixed-layout\"><tbody><tr><td class=\"has-text-align-center\" data-align=\"center\"><em><strong>C<\/strong><\/em><em style=\"font-size: revert; font-family: inherit; font-weight: inherit; background-color: rgba(0, 0, 0, 0);\"><strong>ICLE<\/strong><\/em><p><em><strong>INICIAL<\/strong><\/em><\/p><\/td><td class=\"has-text-align-center\" data-align=\"center\"><figure><img loading=\"lazy\" decoding=\"async\" class=\"aligncenter size-full wp-image-11073\" src=\"https:\/\/serveiseducatius.xtec.cat\/cda-altbergueda\/wp-content\/uploads\/usu1364\/2020\/06\/riu_cda.png\" alt=\"\" width=\"700\" height=\"700\" srcset=\"https:\/\/serveiseducatius.xtec.cat\/cda-altbergueda\/wp-content\/uploads\/usu1364\/2020\/06\/riu_cda.png 700w, https:\/\/serveiseducatius.xtec.cat\/cda-altbergueda\/wp-content\/uploads\/usu1364\/2020\/06\/riu_cda-150x150.png 150w, https:\/\/serveiseducatius.xtec.cat\/cda-altbergueda\/wp-content\/uploads\/usu1364\/2020\/06\/riu_cda-300x300.png 300w\" sizes=\"auto, (max-width: 700px) 100vw, 700px\" \/><\/figure><a href=\"https:\/\/serveiseducatius.xtec.cat\/cda-altbergueda\/docs\/sequencia-didactica-itinerari-riu-ci\/\" target=\"_blank\" rel=\"noopener noreferrer\">El riu i el seu entorn<\/a><\/td><td class=\"has-text-align-center\" data-align=\"center\"><figure><img loading=\"lazy\" decoding=\"async\" class=\"aligncenter size-full wp-image-11072\" src=\"https:\/\/serveiseducatius.xtec.cat\/cda-altbergueda\/wp-content\/uploads\/usu1364\/2020\/06\/paisatge_cda.png\" alt=\"\" width=\"700\" height=\"700\" srcset=\"https:\/\/serveiseducatius.xtec.cat\/cda-altbergueda\/wp-content\/uploads\/usu1364\/2020\/06\/paisatge_cda.png 700w, https:\/\/serveiseducatius.xtec.cat\/cda-altbergueda\/wp-content\/uploads\/usu1364\/2020\/06\/paisatge_cda-150x150.png 150w, https:\/\/serveiseducatius.xtec.cat\/cda-altbergueda\/wp-content\/uploads\/usu1364\/2020\/06\/paisatge_cda-300x300.png 300w\" sizes=\"auto, (max-width: 700px) 100vw, 700px\" \/><\/figure><a href=\"https:\/\/serveiseducatius.xtec.cat\/cda-altbergueda\/docs\/sequencia-didactica-itinerari-paisatge-ci\/\" target=\"_blank\" rel=\"noopener noreferrer\">Paisatge<\/a><\/td><td class=\"has-text-align-center\" data-align=\"center\"><figure><img loading=\"lazy\" decoding=\"async\" class=\"aligncenter size-full wp-image-11071\" src=\"https:\/\/serveiseducatius.xtec.cat\/cda-altbergueda\/wp-content\/uploads\/usu1364\/2020\/06\/ecosistema_cda.png\" alt=\"\" width=\"700\" height=\"700\" srcset=\"https:\/\/serveiseducatius.xtec.cat\/cda-altbergueda\/wp-content\/uploads\/usu1364\/2020\/06\/ecosistema_cda.png 700w, https:\/\/serveiseducatius.xtec.cat\/cda-altbergueda\/wp-content\/uploads\/usu1364\/2020\/06\/ecosistema_cda-150x150.png 150w, https:\/\/serveiseducatius.xtec.cat\/cda-altbergueda\/wp-content\/uploads\/usu1364\/2020\/06\/ecosistema_cda-300x300.png 300w\" sizes=\"auto, (max-width: 700px) 100vw, 700px\" \/><\/figure><a href=\"https:\/\/serveiseducatius.xtec.cat\/cda-altbergueda\/docs\/sequencia-didactica-itinerari-ecosistemes-ci\/\" target=\"_blank\" rel=\"noopener noreferrer\">Ecosistemes<\/a><\/td><\/tr><tr><td class=\"has-text-align-center\" data-align=\"center\"><em><strong>CICLE <\/strong><\/em><br><p><em><strong>MITJ\u00c0<\/strong><\/em><\/p><\/td><td class=\"has-text-align-center\" data-align=\"center\"><figure><img loading=\"lazy\" decoding=\"async\" class=\"aligncenter size-full wp-image-11073\" src=\"https:\/\/serveiseducatius.xtec.cat\/cda-altbergueda\/wp-content\/uploads\/usu1364\/2020\/06\/riu_cda.png\" alt=\"\" width=\"700\" height=\"700\" srcset=\"https:\/\/serveiseducatius.xtec.cat\/cda-altbergueda\/wp-content\/uploads\/usu1364\/2020\/06\/riu_cda.png 700w, https:\/\/serveiseducatius.xtec.cat\/cda-altbergueda\/wp-content\/uploads\/usu1364\/2020\/06\/riu_cda-150x150.png 150w, https:\/\/serveiseducatius.xtec.cat\/cda-altbergueda\/wp-content\/uploads\/usu1364\/2020\/06\/riu_cda-300x300.png 300w\" sizes=\"auto, (max-width: 700px) 100vw, 700px\" \/><\/figure><a href=\"https:\/\/serveiseducatius.xtec.cat\/cda-altbergueda\/docs\/sequencia-didactica-itinerari-riu-cm\/\" target=\"_blank\" rel=\"noopener noreferrer\">El riu i el seu entorn<\/a><\/td><td class=\"has-text-align-center\" data-align=\"center\"><figure><img loading=\"lazy\" decoding=\"async\" class=\"aligncenter size-full wp-image-11072\" src=\"https:\/\/serveiseducatius.xtec.cat\/cda-altbergueda\/wp-content\/uploads\/usu1364\/2020\/06\/paisatge_cda.png\" alt=\"\" width=\"700\" height=\"700\" srcset=\"https:\/\/serveiseducatius.xtec.cat\/cda-altbergueda\/wp-content\/uploads\/usu1364\/2020\/06\/paisatge_cda.png 700w, https:\/\/serveiseducatius.xtec.cat\/cda-altbergueda\/wp-content\/uploads\/usu1364\/2020\/06\/paisatge_cda-150x150.png 150w, https:\/\/serveiseducatius.xtec.cat\/cda-altbergueda\/wp-content\/uploads\/usu1364\/2020\/06\/paisatge_cda-300x300.png 300w\" sizes=\"auto, (max-width: 700px) 100vw, 700px\" \/><\/figure><a href=\"https:\/\/serveiseducatius.xtec.cat\/cda-altbergueda\/docs\/sequencia-didactica-itinerari-paisatge-cm\/\" target=\"_blank\" rel=\"noopener noreferrer\">Paisatge<\/a><\/td><td class=\"has-text-align-center\" data-align=\"center\"><figure><img loading=\"lazy\" decoding=\"async\" class=\"aligncenter size-full wp-image-11071\" src=\"https:\/\/serveiseducatius.xtec.cat\/cda-altbergueda\/wp-content\/uploads\/usu1364\/2020\/06\/ecosistema_cda.png\" alt=\"\" width=\"700\" height=\"700\" srcset=\"https:\/\/serveiseducatius.xtec.cat\/cda-altbergueda\/wp-content\/uploads\/usu1364\/2020\/06\/ecosistema_cda.png 700w, https:\/\/serveiseducatius.xtec.cat\/cda-altbergueda\/wp-content\/uploads\/usu1364\/2020\/06\/ecosistema_cda-150x150.png 150w, https:\/\/serveiseducatius.xtec.cat\/cda-altbergueda\/wp-content\/uploads\/usu1364\/2020\/06\/ecosistema_cda-300x300.png 300w\" sizes=\"auto, (max-width: 700px) 100vw, 700px\" \/><\/figure><a href=\"https:\/\/serveiseducatius.xtec.cat\/cda-altbergueda\/docs\/sequencia-didactica-itinerari-ecosistemes-cm\/\" target=\"_blank\" rel=\"noopener noreferrer\">Ecosistemes<\/a><\/td><\/tr><tr><td class=\"has-text-align-center\" data-align=\"center\"><em><strong>CICLE<\/strong><\/em><br><p><em><strong>SUPERIOR<\/strong><\/em><\/p><\/td><td class=\"has-text-align-center\" data-align=\"center\"><figure><img loading=\"lazy\" decoding=\"async\" class=\"aligncenter size-full wp-image-11073\" src=\"https:\/\/serveiseducatius.xtec.cat\/cda-altbergueda\/wp-content\/uploads\/usu1364\/2020\/06\/riu_cda.png\" alt=\"\" width=\"700\" height=\"700\" srcset=\"https:\/\/serveiseducatius.xtec.cat\/cda-altbergueda\/wp-content\/uploads\/usu1364\/2020\/06\/riu_cda.png 700w, https:\/\/serveiseducatius.xtec.cat\/cda-altbergueda\/wp-content\/uploads\/usu1364\/2020\/06\/riu_cda-150x150.png 150w, https:\/\/serveiseducatius.xtec.cat\/cda-altbergueda\/wp-content\/uploads\/usu1364\/2020\/06\/riu_cda-300x300.png 300w\" sizes=\"auto, (max-width: 700px) 100vw, 700px\" \/><\/figure><a href=\"https:\/\/serveiseducatius.xtec.cat\/cda-altbergueda\/docs\/sequencia-didactica-itinerari-riu-cs\/\" target=\"_blank\" rel=\"noopener noreferrer\">El riu i el seu entorn<\/a><\/td><td class=\"has-text-align-center\" data-align=\"center\"><figure><img loading=\"lazy\" decoding=\"async\" class=\"aligncenter size-full wp-image-11072\" src=\"https:\/\/serveiseducatius.xtec.cat\/cda-altbergueda\/wp-content\/uploads\/usu1364\/2020\/06\/paisatge_cda.png\" alt=\"\" width=\"700\" height=\"700\" srcset=\"https:\/\/serveiseducatius.xtec.cat\/cda-altbergueda\/wp-content\/uploads\/usu1364\/2020\/06\/paisatge_cda.png 700w, https:\/\/serveiseducatius.xtec.cat\/cda-altbergueda\/wp-content\/uploads\/usu1364\/2020\/06\/paisatge_cda-150x150.png 150w, https:\/\/serveiseducatius.xtec.cat\/cda-altbergueda\/wp-content\/uploads\/usu1364\/2020\/06\/paisatge_cda-300x300.png 300w\" sizes=\"auto, (max-width: 700px) 100vw, 700px\" \/><\/figure><a href=\"https:\/\/serveiseducatius.xtec.cat\/cda-altbergueda\/docs\/sequencia-didactica-itinerari-paisatge-cs\/\" target=\"_blank\" rel=\"noopener noreferrer\">Paisatge<\/a><\/td><td class=\"has-text-align-center\" data-align=\"center\"><figure><img loading=\"lazy\" decoding=\"async\" class=\"aligncenter size-full wp-image-11071\" src=\"https:\/\/serveiseducatius.xtec.cat\/cda-altbergueda\/wp-content\/uploads\/usu1364\/2020\/06\/ecosistema_cda.png\" alt=\"\" width=\"700\" height=\"700\" srcset=\"https:\/\/serveiseducatius.xtec.cat\/cda-altbergueda\/wp-content\/uploads\/usu1364\/2020\/06\/ecosistema_cda.png 700w, https:\/\/serveiseducatius.xtec.cat\/cda-altbergueda\/wp-content\/uploads\/usu1364\/2020\/06\/ecosistema_cda-150x150.png 150w, https:\/\/serveiseducatius.xtec.cat\/cda-altbergueda\/wp-content\/uploads\/usu1364\/2020\/06\/ecosistema_cda-300x300.png 300w\" sizes=\"auto, (max-width: 700px) 100vw, 700px\" \/><\/figure><a href=\"https:\/\/serveiseducatius.xtec.cat\/cda-altbergueda\/docs\/sequencia-didactica-itinerari-ecosistemes-cs\/\" target=\"_blank\" rel=\"noopener noreferrer\">Ecosistemes<\/a><\/td><\/tr><tr><td class=\"has-text-align-center\" data-align=\"center\"><em><strong>ESO<\/strong><\/em><\/td><td class=\"has-text-align-center\" data-align=\"center\"><figure><img loading=\"lazy\" decoding=\"async\" class=\"aligncenter size-full wp-image-11073\" src=\"https:\/\/serveiseducatius.xtec.cat\/cda-altbergueda\/wp-content\/uploads\/usu1364\/2020\/06\/riu_cda.png\" alt=\"\" width=\"700\" height=\"700\" srcset=\"https:\/\/serveiseducatius.xtec.cat\/cda-altbergueda\/wp-content\/uploads\/usu1364\/2020\/06\/riu_cda.png 700w, https:\/\/serveiseducatius.xtec.cat\/cda-altbergueda\/wp-content\/uploads\/usu1364\/2020\/06\/riu_cda-150x150.png 150w, https:\/\/serveiseducatius.xtec.cat\/cda-altbergueda\/wp-content\/uploads\/usu1364\/2020\/06\/riu_cda-300x300.png 300w\" sizes=\"auto, (max-width: 700px) 100vw, 700px\" \/><\/figure><a href=\"https:\/\/serveiseducatius.xtec.cat\/cda-altbergueda\/docs\/sequencia-didactica-itinerari-riu-eso\/\" target=\"_blank\" rel=\"noopener noreferrer\">El riu i el seu entorn<\/a><\/td><td class=\"has-text-align-center\" data-align=\"center\"><figure><img loading=\"lazy\" decoding=\"async\" class=\"aligncenter size-full wp-image-11072\" src=\"https:\/\/serveiseducatius.xtec.cat\/cda-altbergueda\/wp-content\/uploads\/usu1364\/2020\/06\/paisatge_cda.png\" alt=\"\" width=\"700\" height=\"700\" srcset=\"https:\/\/serveiseducatius.xtec.cat\/cda-altbergueda\/wp-content\/uploads\/usu1364\/2020\/06\/paisatge_cda.png 700w, https:\/\/serveiseducatius.xtec.cat\/cda-altbergueda\/wp-content\/uploads\/usu1364\/2020\/06\/paisatge_cda-150x150.png 150w, https:\/\/serveiseducatius.xtec.cat\/cda-altbergueda\/wp-content\/uploads\/usu1364\/2020\/06\/paisatge_cda-300x300.png 300w\" sizes=\"auto, (max-width: 700px) 100vw, 700px\" \/><\/figure><a href=\"https:\/\/serveiseducatius.xtec.cat\/cda-altbergueda\/docs\/sequencia-didactica-itinerari-paisatge-eso\/\" target=\"_blank\" rel=\"noopener noreferrer\">Paisatge<\/a><\/td><td class=\"has-text-align-center\" data-align=\"center\"><figure><img loading=\"lazy\" decoding=\"async\" class=\"aligncenter size-full wp-image-11071\" src=\"https:\/\/serveiseducatius.xtec.cat\/cda-altbergueda\/wp-content\/uploads\/usu1364\/2020\/06\/ecosistema_cda.png\" alt=\"\" width=\"700\" height=\"700\" srcset=\"https:\/\/serveiseducatius.xtec.cat\/cda-altbergueda\/wp-content\/uploads\/usu1364\/2020\/06\/ecosistema_cda.png 700w, https:\/\/serveiseducatius.xtec.cat\/cda-altbergueda\/wp-content\/uploads\/usu1364\/2020\/06\/ecosistema_cda-150x150.png 150w, https:\/\/serveiseducatius.xtec.cat\/cda-altbergueda\/wp-content\/uploads\/usu1364\/2020\/06\/ecosistema_cda-300x300.png 300w\" sizes=\"auto, (max-width: 700px) 100vw, 700px\" \/><\/figure><a href=\"https:\/\/serveiseducatius.xtec.cat\/cda-altbergueda\/docs\/sequencia-didactica-itinerari-ecosistemes-eso\/\" target=\"_blank\" rel=\"noopener noreferrer\">Ecosistemes<\/a><\/td><\/tr><\/tbody><\/table><\/figure>\n","protected":false},"excerpt":{"rendered":"<p>Per tal de definir una seq\u00fc\u00e8ncia did\u00e0ctica significativa i que segueixi una mateixa tem\u00e0tica, des del curs 2019-2020 oferim als centres que ens visiten tres itineraris d&#8217;estada diferents. Els itineraris estant pensats per centres que visiten el CdA per primera vegada, amb la intenci\u00f3 que conegueu les nostres activitats, i que en cas que decidiu [&hellip;]<\/p>\n","protected":false},"author":1,"featured_media":0,"parent":157,"menu_order":10,"comment_status":"closed","ping_status":"closed","template":"","meta":{"_bbp_topic_count":0,"_bbp_reply_count":0,"_bbp_total_topic_count":0,"_bbp_total_reply_count":0,"_bbp_voice_count":0,"_bbp_anonymous_reply_count":0,"_bbp_topic_count_hidden":0,"_bbp_reply_count_hidden":0,"_bbp_forum_subforum_count":0,"site-sidebar-layout":"default","site-content-layout":"","ast-site-content-layout":"default","site-content-style":"default","site-sidebar-style":"default","ast-global-header-display":"","ast-banner-title-visibility":"","ast-main-header-display":"","ast-hfb-above-header-display":"","ast-hfb-below-header-display":"","ast-hfb-mobile-header-display":"","site-post-title":"","ast-breadcrumbs-content":"","ast-featured-img":"","footer-sml-layout":"","theme-transparent-header-meta":"","adv-header-id-meta":"","stick-header-meta":"","header-above-stick-meta":"","header-main-stick-meta":"","header-below-stick-meta":"","astra-migrate-meta-layouts":"set","ast-page-background-enabled":"default","ast-page-background-meta":{"desktop":{"background-color":"var(--ast-global-color-4)","background-image":"","background-repeat":"repeat","background-position":"center center","background-size":"auto","background-attachment":"scroll","background-type":"","background-media":"","overlay-type":"","overlay-color":"","overlay-opacity":"","overlay-gradient":""},"tablet":{"background-color":"","background-image":"","background-repeat":"repeat","background-position":"center center","background-size":"auto","background-attachment":"scroll","background-type":"","background-media":"","overlay-type":"","overlay-color":"","overlay-opacity":"","overlay-gradient":""},"mobile":{"background-color":"","background-image":"","background-repeat":"repeat","background-position":"center center","background-size":"auto","background-attachment":"scroll","background-type":"","background-media":"","overlay-type":"","overlay-color":"","overlay-opacity":"","overlay-gradient":""}},"ast-content-background-meta":{"desktop":{"background-color":"var(--ast-global-color-5)","background-image":"","background-repeat":"repeat","background-position":"center center","background-size":"auto","background-attachment":"scroll","background-type":"","background-media":"","overlay-type":"","overlay-color":"","overlay-opacity":"","overlay-gradient":""},"tablet":{"background-color":"var(--ast-global-color-5)","background-image":"","background-repeat":"repeat","background-position":"center center","background-size":"auto","background-attachment":"scroll","background-type":"","background-media":"","overlay-type":"","overlay-color":"","overlay-opacity":"","overlay-gradient":""},"mobile":{"background-color":"var(--ast-global-color-5)","background-image":"","background-repeat":"repeat","background-position":"center center","background-size":"auto","background-attachment":"scroll","background-type":"","background-media":"","overlay-type":"","overlay-color":"","overlay-opacity":"","overlay-gradient":""}},"footnotes":""},"class_list":["post-10558","page","type-page","status-publish","hentry"],"post_mailing_queue_ids":[],"_links":{"self":[{"href":"https:\/\/serveiseducatius.xtec.cat\/cda-altbergueda\/wp-json\/wp\/v2\/pages\/10558","targetHints":{"allow":["GET"]}}],"collection":[{"href":"https:\/\/serveiseducatius.xtec.cat\/cda-altbergueda\/wp-json\/wp\/v2\/pages"}],"about":[{"href":"https:\/\/serveiseducatius.xtec.cat\/cda-altbergueda\/wp-json\/wp\/v2\/types\/page"}],"author":[{"embeddable":true,"href":"https:\/\/serveiseducatius.xtec.cat\/cda-altbergueda\/wp-json\/wp\/v2\/users\/1"}],"replies":[{"embeddable":true,"href":"https:\/\/serveiseducatius.xtec.cat\/cda-altbergueda\/wp-json\/wp\/v2\/comments?post=10558"}],"version-history":[{"count":6,"href":"https:\/\/serveiseducatius.xtec.cat\/cda-altbergueda\/wp-json\/wp\/v2\/pages\/10558\/revisions"}],"predecessor-version":[{"id":15188,"href":"https:\/\/serveiseducatius.xtec.cat\/cda-altbergueda\/wp-json\/wp\/v2\/pages\/10558\/revisions\/15188"}],"up":[{"embeddable":true,"href":"https:\/\/serveiseducatius.xtec.cat\/cda-altbergueda\/wp-json\/wp\/v2\/pages\/157"}],"wp:attachment":[{"href":"https:\/\/serveiseducatius.xtec.cat\/cda-altbergueda\/wp-json\/wp\/v2\/media?parent=10558"}],"curies":[{"name":"wp","href":"https:\/\/api.w.org\/{rel}","templated":true}]}}