{"id":10083,"date":"2018-09-19T13:33:57","date_gmt":"2018-09-19T11:33:57","guid":{"rendered":"http:\/\/serveiseducatius.xtec.cat\/cda-altbergueda\/?page_id=10083"},"modified":"2025-12-18T10:00:29","modified_gmt":"2025-12-18T09:00:29","slug":"lilit-preparacio-estada-escoles","status":"publish","type":"page","link":"https:\/\/serveiseducatius.xtec.cat\/cda-altbergueda\/amb-els-centres\/preparacio\/lilit-preparacio-estada-escoles\/","title":{"rendered":"Preparaci\u00f3 de l&#8217;estada amb la Lilit (ESCOLES)"},"content":{"rendered":"\n<figure class=\"wp-block-image aligncenter size-full is-resized\"><img loading=\"lazy\" decoding=\"async\" width=\"276\" height=\"279\" src=\"https:\/\/serveiseducatius.xtec.cat\/cda-altbergueda\/wp-content\/uploads\/usu1364\/2018\/01\/segell_lilit.png\" alt=\"\" class=\"wp-image-9811\" style=\"width:193px;height:auto\"\/><\/figure>\n\n\n\n<p><span style=\"font-weight: 400;\">Per tal de preparar l\u2019estada i posar els alumnes en situaci\u00f3, comptem amb unes animacions de la nostra bruixa Lilit.<\/span> S&#8217;adrecen principalment <span style=\"font-weight: 400;\">als alumnes de <strong>Cicle Inicial<\/strong> i <strong>Cicle Mitj\u00e0 <\/strong>d&#8217;educaci\u00f3 prim\u00e0ria.<\/span><\/p>\n\n\n\n<p><span style=\"font-weight: 400;\">La Lilit, a trav\u00e9s del seu correu electr\u00f2nic, enviar\u00e0 uns missatges i unes contrasenyes amb unes feines a fer. \u00a0Quan la Lilit rebi les respostes, enviar\u00e0 el seg\u00fcent missatge, i aix\u00ed consecutivament.<\/span> <span style=\"font-weight: 400;\">En total, enviar\u00e0 6 missatges, 4 abans de l&#8217;estada i 2 m\u00e9s un cop h\u00e0giu tornat al centre.\u00a0<\/span><\/p>\n\n\n\n<p>Per accedir al web de la Lilit cliqueu la imatge:<\/p>\n\n\n\n<figure class=\"wp-block-image aligncenter size-full is-resized\"><a href=\"https:\/\/serveiseducatius.xtec.cat\/cda-altbergueda\/wp-content\/uploads\/usu1364\/2025\/12\/web_lilit_2_N2-1.png\"><img loading=\"lazy\" decoding=\"async\" width=\"500\" height=\"322\" src=\"https:\/\/serveiseducatius.xtec.cat\/cda-altbergueda\/wp-content\/uploads\/usu1364\/2025\/12\/web_lilit_2_N2-1.png\" alt=\"\" class=\"wp-image-15096\" style=\"width:273px;height:auto\" srcset=\"https:\/\/serveiseducatius.xtec.cat\/cda-altbergueda\/wp-content\/uploads\/usu1364\/2025\/12\/web_lilit_2_N2-1.png 500w, https:\/\/serveiseducatius.xtec.cat\/cda-altbergueda\/wp-content\/uploads\/usu1364\/2025\/12\/web_lilit_2_N2-1-300x193.png 300w\" sizes=\"auto, (max-width: 500px) 100vw, 500px\" \/><\/a><\/figure>\n","protected":false},"excerpt":{"rendered":"<p>Per tal de preparar l\u2019estada i posar els alumnes en situaci\u00f3, comptem amb unes animacions de la nostra bruixa Lilit. S&#8217;adrecen principalment als alumnes de Cicle Inicial i Cicle Mitj\u00e0 d&#8217;educaci\u00f3 prim\u00e0ria. La Lilit, a trav\u00e9s del seu correu electr\u00f2nic, enviar\u00e0 uns missatges i unes contrasenyes amb unes feines a fer. \u00a0Quan la Lilit rebi [&hellip;]<\/p>\n","protected":false},"author":1,"featured_media":0,"parent":549,"menu_order":10,"comment_status":"closed","ping_status":"closed","template":"","meta":{"_bbp_topic_count":0,"_bbp_reply_count":0,"_bbp_total_topic_count":0,"_bbp_total_reply_count":0,"_bbp_voice_count":0,"_bbp_anonymous_reply_count":0,"_bbp_topic_count_hidden":0,"_bbp_reply_count_hidden":0,"_bbp_forum_subforum_count":0,"site-sidebar-layout":"default","site-content-layout":"","ast-site-content-layout":"default","site-content-style":"default","site-sidebar-style":"default","ast-global-header-display":"","ast-banner-title-visibility":"","ast-main-header-display":"","ast-hfb-above-header-display":"","ast-hfb-below-header-display":"","ast-hfb-mobile-header-display":"","site-post-title":"","ast-breadcrumbs-content":"","ast-featured-img":"","footer-sml-layout":"","theme-transparent-header-meta":"","adv-header-id-meta":"","stick-header-meta":"","header-above-stick-meta":"","header-main-stick-meta":"","header-below-stick-meta":"","astra-migrate-meta-layouts":"set","ast-page-background-enabled":"default","ast-page-background-meta":{"desktop":{"background-color":"var(--ast-global-color-4)","background-image":"","background-repeat":"repeat","background-position":"center center","background-size":"auto","background-attachment":"scroll","background-type":"","background-media":"","overlay-type":"","overlay-color":"","overlay-opacity":"","overlay-gradient":""},"tablet":{"background-color":"","background-image":"","background-repeat":"repeat","background-position":"center center","background-size":"auto","background-attachment":"scroll","background-type":"","background-media":"","overlay-type":"","overlay-color":"","overlay-opacity":"","overlay-gradient":""},"mobile":{"background-color":"","background-image":"","background-repeat":"repeat","background-position":"center center","background-size":"auto","background-attachment":"scroll","background-type":"","background-media":"","overlay-type":"","overlay-color":"","overlay-opacity":"","overlay-gradient":""}},"ast-content-background-meta":{"desktop":{"background-color":"var(--ast-global-color-5)","background-image":"","background-repeat":"repeat","background-position":"center center","background-size":"auto","background-attachment":"scroll","background-type":"","background-media":"","overlay-type":"","overlay-color":"","overlay-opacity":"","overlay-gradient":""},"tablet":{"background-color":"var(--ast-global-color-5)","background-image":"","background-repeat":"repeat","background-position":"center center","background-size":"auto","background-attachment":"scroll","background-type":"","background-media":"","overlay-type":"","overlay-color":"","overlay-opacity":"","overlay-gradient":""},"mobile":{"background-color":"var(--ast-global-color-5)","background-image":"","background-repeat":"repeat","background-position":"center center","background-size":"auto","background-attachment":"scroll","background-type":"","background-media":"","overlay-type":"","overlay-color":"","overlay-opacity":"","overlay-gradient":""}},"footnotes":""},"class_list":["post-10083","page","type-page","status-publish","hentry"],"post_mailing_queue_ids":[],"_links":{"self":[{"href":"https:\/\/serveiseducatius.xtec.cat\/cda-altbergueda\/wp-json\/wp\/v2\/pages\/10083","targetHints":{"allow":["GET"]}}],"collection":[{"href":"https:\/\/serveiseducatius.xtec.cat\/cda-altbergueda\/wp-json\/wp\/v2\/pages"}],"about":[{"href":"https:\/\/serveiseducatius.xtec.cat\/cda-altbergueda\/wp-json\/wp\/v2\/types\/page"}],"author":[{"embeddable":true,"href":"https:\/\/serveiseducatius.xtec.cat\/cda-altbergueda\/wp-json\/wp\/v2\/users\/1"}],"replies":[{"embeddable":true,"href":"https:\/\/serveiseducatius.xtec.cat\/cda-altbergueda\/wp-json\/wp\/v2\/comments?post=10083"}],"version-history":[{"count":6,"href":"https:\/\/serveiseducatius.xtec.cat\/cda-altbergueda\/wp-json\/wp\/v2\/pages\/10083\/revisions"}],"predecessor-version":[{"id":15222,"href":"https:\/\/serveiseducatius.xtec.cat\/cda-altbergueda\/wp-json\/wp\/v2\/pages\/10083\/revisions\/15222"}],"up":[{"embeddable":true,"href":"https:\/\/serveiseducatius.xtec.cat\/cda-altbergueda\/wp-json\/wp\/v2\/pages\/549"}],"wp:attachment":[{"href":"https:\/\/serveiseducatius.xtec.cat\/cda-altbergueda\/wp-json\/wp\/v2\/media?parent=10083"}],"curies":[{"name":"wp","href":"https:\/\/api.w.org\/{rel}","templated":true}]}}