{"id":10077,"date":"2018-09-19T12:41:59","date_gmt":"2018-09-19T10:41:59","guid":{"rendered":"http:\/\/serveiseducatius.xtec.cat\/cda-altbergueda\/?page_id=10077"},"modified":"2025-12-18T10:27:00","modified_gmt":"2025-12-18T09:27:00","slug":"webquest-preparacio-estades-escoles-i-instituts","status":"publish","type":"page","link":"https:\/\/serveiseducatius.xtec.cat\/cda-altbergueda\/amb-els-centres\/preparacio\/webquest-preparacio-estades-escoles-i-instituts\/","title":{"rendered":"Webquest preparaci\u00f3 estada (Escoles i Instituts)"},"content":{"rendered":"\n<figure class=\"wp-block-image aligncenter size-full is-resized\"><img loading=\"lazy\" decoding=\"async\" width=\"500\" height=\"320\" src=\"https:\/\/serveiseducatius.xtec.cat\/cda-altbergueda\/wp-content\/uploads\/usu1364\/2025\/12\/webquest-1.png\" alt=\"\" class=\"wp-image-15109\" style=\"width:302px;height:auto\" srcset=\"https:\/\/serveiseducatius.xtec.cat\/cda-altbergueda\/wp-content\/uploads\/usu1364\/2025\/12\/webquest-1.png 500w, https:\/\/serveiseducatius.xtec.cat\/cda-altbergueda\/wp-content\/uploads\/usu1364\/2025\/12\/webquest-1-300x192.png 300w\" sizes=\"auto, (max-width: 500px) 100vw, 500px\" \/><\/figure>\n\n\n\n<p>Com a tercera opci\u00f3 de preparaci\u00f3 de l&#8217;estada,&nbsp;el recurs did\u00e0ctic a utilitzar seria la WebQuest.&nbsp;Especialment adre\u00e7at a ESO, per\u00f2 tamb\u00e9 es pot fer a Cicle Superior d\u2019Educaci\u00f3 Prim\u00e0ria.<\/p>\n\n\n\n<p>Per\u00f2, qu\u00e8 \u00e9s una Webquest?<\/p>\n\n\n\n<p>Segons la definici\u00f3 del seu propi creador, Bernie Dodge, <em>\u201c\u00e9s una activitat basada en una recerca guiada on la informaci\u00f3 amb la qual els alumnes interactuen procedeix parcialment o totalment de recursos a Internet\u201d.<\/em><em>&nbsp;<\/em><\/p>\n\n\n\n<p>La finalitat d\u2019aquestes activitats \u00e9s que l\u2019alumne aprengui a seleccionar i transformar la informaci\u00f3 per a construir el seu propi coneixement, per a la qual cosa se l\u2019ha d\u2019ajudar oferint-li una guia i les eines adequades.<\/p>\n\n\n\n<p>Les Webquests solen presentar una estructura comuna, amb les seg\u00fcents parts:<\/p>\n\n\n\n<ul class=\"wp-block-list\">\n<li><u>\u00cdndex o p\u00e0gina principal<\/u>. Explicita el tema i el nivell, aix\u00ed com els enlla\u00e7os als diferents apartats.<\/li>\n\n\n\n<li><u>Introducci\u00f3<\/u>. Plantejament d\u2019un repte per solucionar.<\/li>\n\n\n\n<li><u>Tasca<\/u>. Treball a realitzar per l\u2019acompliment de l\u2019objectiu, el qu\u00e8 han de fer.<\/li>\n\n\n\n<li><u>Proc\u00e9s<\/u>. Com ho han de fer. Activitats i recursos per a poder-les desenvolupar.<\/li>\n\n\n\n<li><u>Avaluaci\u00f3<\/u>. Indicar els diferents aspectes a valorar a trav\u00e9s de r\u00fabriques (pautes d\u2019avaluaci\u00f3) que tinguin en compte tots els aspectes treballats.<\/li>\n\n\n\n<li><u>Conclusions<\/u>. Reflexi\u00f3 sobre el que s\u2019ha fet.<\/li>\n\n\n\n<li><u>Cr\u00e8dits<\/u>. Informaci\u00f3 consultada, refer\u00e8ncies bibliogr\u00e0fiques, agra\u00efments, &#8230;<\/li>\n\n\n\n<li><u>Guia did\u00e0ctica<\/u>. Pautes i orientacions pels docents.<\/li>\n<\/ul>\n\n\n\n<p>Un coneixement previ de l\u2019entorn i de les activitats que es duran a terme durant l\u2019estada, no tan sols n\u2019afavoreix un major aprofitament, sin\u00f3 que tamb\u00e9 motiva als alumnes i els predisposa a treballar m\u00e9s activament. Plantegem adquirir-lo a trav\u00e9s d\u2019aquest recurs did\u00e0ctic, la Webquest, que ens permetr\u00e0 organitzar i utilitzar de manera eficient el potencial que ofereixen la xarxa i les TIC. Aprofitant les oportunitats que ens ofereixen les tecnologies de la informaci\u00f3 i la comunicaci\u00f3: recerca per Internet, utilitzaci\u00f3 de diferents programes inform\u00e0tics, correu electr\u00f2nic, xat, &#8230;, proposem als nois i noies la&nbsp; preparaci\u00f3 de l\u2019estada de forma col\u00b7laborativa i exposar-la ells mateixos als pares o companys a trav\u00e9s d\u2019una presentaci\u00f3 multim\u00e8dia.<\/p>\n\n\n\n<p class=\"zfr3Q\" id=\"h.p_nhQpJnm71sfJ\">Previament a l&#8217;estada es treballaran preguntes com: JA SABEU ON SOM? COM HO HEU DE FER PER VENIR? QUIN TEMPS FAR\u00c0? QU\u00c8 HEU DE PORTAR? COM \u00c9S LA CASA ON ESTAREU? QUINES FEINES HI VENIU A FER? QU\u00c8 US CAL SABER ABANS? COM \u00c9S EL BERGUED\u00c0? Per&nbsp;posteriorment fer-ne difusi\u00f3.<\/p>\n\n\n\n<p class=\"zfr3Q\" id=\"h.p_3oRksCja8eyC\">Ser\u00e0 necessari fer una bona organitzaci\u00f3 per grups.<\/p>\n\n\n\n<p><strong>WEBQUEST DE CADA&nbsp; ITINERARI <\/strong><\/p>\n\n\n\n<div class=\"wp-block-columns is-layout-flex wp-container-core-columns-is-layout-1 wp-block-columns-is-layout-flex\">\n<div class=\"wp-block-column is-layout-flow wp-block-column-is-layout-flow\">\n<p class=\"has-text-align-center\"><strong>Itinerari RIU<\/strong><\/p>\n\n\n\n<figure class=\"wp-block-image aligncenter size-full\"><a href=\"https:\/\/sites.google.com\/xtec.cat\/webquestcdabergueda-riu\/inici\"><img loading=\"lazy\" decoding=\"async\" width=\"500\" height=\"500\" src=\"https:\/\/serveiseducatius.xtec.cat\/cda-altbergueda\/wp-content\/uploads\/usu1364\/2025\/12\/WQ_riu_N2-2.png\" alt=\"\" class=\"wp-image-15230\" srcset=\"https:\/\/serveiseducatius.xtec.cat\/cda-altbergueda\/wp-content\/uploads\/usu1364\/2025\/12\/WQ_riu_N2-2.png 500w, https:\/\/serveiseducatius.xtec.cat\/cda-altbergueda\/wp-content\/uploads\/usu1364\/2025\/12\/WQ_riu_N2-2-300x300.png 300w, https:\/\/serveiseducatius.xtec.cat\/cda-altbergueda\/wp-content\/uploads\/usu1364\/2025\/12\/WQ_riu_N2-2-150x150.png 150w\" sizes=\"auto, (max-width: 500px) 100vw, 500px\" \/><\/a><\/figure>\n<\/div>\n\n\n\n<div class=\"wp-block-column is-layout-flow wp-block-column-is-layout-flow\">\n<p class=\"has-text-align-center\"><strong>Itinerari PAISATGE<\/strong><\/p>\n\n\n\n<figure class=\"wp-block-image aligncenter size-full\"><a href=\"https:\/\/sites.google.com\/xtec.cat\/wq-itinerari-paisatge\"><img loading=\"lazy\" decoding=\"async\" width=\"500\" height=\"500\" src=\"https:\/\/serveiseducatius.xtec.cat\/cda-altbergueda\/wp-content\/uploads\/usu1364\/2025\/12\/Wq_paisatge_N2.png\" alt=\"\" class=\"wp-image-15112\" srcset=\"https:\/\/serveiseducatius.xtec.cat\/cda-altbergueda\/wp-content\/uploads\/usu1364\/2025\/12\/Wq_paisatge_N2.png 500w, https:\/\/serveiseducatius.xtec.cat\/cda-altbergueda\/wp-content\/uploads\/usu1364\/2025\/12\/Wq_paisatge_N2-300x300.png 300w, https:\/\/serveiseducatius.xtec.cat\/cda-altbergueda\/wp-content\/uploads\/usu1364\/2025\/12\/Wq_paisatge_N2-150x150.png 150w\" sizes=\"auto, (max-width: 500px) 100vw, 500px\" \/><\/a><\/figure>\n<\/div>\n\n\n\n<div class=\"wp-block-column is-layout-flow wp-block-column-is-layout-flow\">\n<p class=\"has-text-align-center\"><strong>Itinerari ECOSISTEMES<\/strong><\/p>\n\n\n\n<figure class=\"wp-block-image aligncenter size-full\"><a href=\"https:\/\/sites.google.com\/xtec.cat\/wq-itinerari-ecosistemes\/inici\"><img loading=\"lazy\" decoding=\"async\" width=\"500\" height=\"500\" src=\"https:\/\/serveiseducatius.xtec.cat\/cda-altbergueda\/wp-content\/uploads\/usu1364\/2025\/12\/Wq_ecosistemes_N2.png\" alt=\"\" class=\"wp-image-15113\" srcset=\"https:\/\/serveiseducatius.xtec.cat\/cda-altbergueda\/wp-content\/uploads\/usu1364\/2025\/12\/Wq_ecosistemes_N2.png 500w, https:\/\/serveiseducatius.xtec.cat\/cda-altbergueda\/wp-content\/uploads\/usu1364\/2025\/12\/Wq_ecosistemes_N2-300x300.png 300w, https:\/\/serveiseducatius.xtec.cat\/cda-altbergueda\/wp-content\/uploads\/usu1364\/2025\/12\/Wq_ecosistemes_N2-150x150.png 150w\" sizes=\"auto, (max-width: 500px) 100vw, 500px\" \/><\/a><\/figure>\n<\/div>\n<\/div>\n\n\n\n<p class=\"has-text-align-center\"><a href=\"https:\/\/serveiseducatius.xtec.cat\/cda-altbergueda\/modalitats\/estades\/itineraris-destada\/\" data-type=\"link\" data-id=\"https:\/\/serveiseducatius.xtec.cat\/cda-altbergueda\/modalitats\/estades\/itineraris-destada\/\">+ M\u00e9s informaci\u00f3<\/a><\/p>\n","protected":false},"excerpt":{"rendered":"<p>Com a tercera opci\u00f3 de preparaci\u00f3 de l&#8217;estada,&nbsp;el recurs did\u00e0ctic a utilitzar seria la WebQuest.&nbsp;Especialment adre\u00e7at a ESO, per\u00f2 tamb\u00e9 es pot fer a Cicle Superior d\u2019Educaci\u00f3 Prim\u00e0ria. Per\u00f2, qu\u00e8 \u00e9s una Webquest? Segons la definici\u00f3 del seu propi creador, Bernie Dodge, \u201c\u00e9s una activitat basada en una recerca guiada on la informaci\u00f3 amb la [&hellip;]<\/p>\n","protected":false},"author":1,"featured_media":0,"parent":549,"menu_order":40,"comment_status":"closed","ping_status":"closed","template":"","meta":{"_bbp_topic_count":0,"_bbp_reply_count":0,"_bbp_total_topic_count":0,"_bbp_total_reply_count":0,"_bbp_voice_count":0,"_bbp_anonymous_reply_count":0,"_bbp_topic_count_hidden":0,"_bbp_reply_count_hidden":0,"_bbp_forum_subforum_count":0,"site-sidebar-layout":"default","site-content-layout":"","ast-site-content-layout":"default","site-content-style":"default","site-sidebar-style":"default","ast-global-header-display":"","ast-banner-title-visibility":"","ast-main-header-display":"","ast-hfb-above-header-display":"","ast-hfb-below-header-display":"","ast-hfb-mobile-header-display":"","site-post-title":"","ast-breadcrumbs-content":"","ast-featured-img":"","footer-sml-layout":"","theme-transparent-header-meta":"","adv-header-id-meta":"","stick-header-meta":"","header-above-stick-meta":"","header-main-stick-meta":"","header-below-stick-meta":"","astra-migrate-meta-layouts":"set","ast-page-background-enabled":"default","ast-page-background-meta":{"desktop":{"background-color":"var(--ast-global-color-4)","background-image":"","background-repeat":"repeat","background-position":"center center","background-size":"auto","background-attachment":"scroll","background-type":"","background-media":"","overlay-type":"","overlay-color":"","overlay-opacity":"","overlay-gradient":""},"tablet":{"background-color":"","background-image":"","background-repeat":"repeat","background-position":"center center","background-size":"auto","background-attachment":"scroll","background-type":"","background-media":"","overlay-type":"","overlay-color":"","overlay-opacity":"","overlay-gradient":""},"mobile":{"background-color":"","background-image":"","background-repeat":"repeat","background-position":"center center","background-size":"auto","background-attachment":"scroll","background-type":"","background-media":"","overlay-type":"","overlay-color":"","overlay-opacity":"","overlay-gradient":""}},"ast-content-background-meta":{"desktop":{"background-color":"var(--ast-global-color-5)","background-image":"","background-repeat":"repeat","background-position":"center center","background-size":"auto","background-attachment":"scroll","background-type":"","background-media":"","overlay-type":"","overlay-color":"","overlay-opacity":"","overlay-gradient":""},"tablet":{"background-color":"var(--ast-global-color-5)","background-image":"","background-repeat":"repeat","background-position":"center center","background-size":"auto","background-attachment":"scroll","background-type":"","background-media":"","overlay-type":"","overlay-color":"","overlay-opacity":"","overlay-gradient":""},"mobile":{"background-color":"var(--ast-global-color-5)","background-image":"","background-repeat":"repeat","background-position":"center center","background-size":"auto","background-attachment":"scroll","background-type":"","background-media":"","overlay-type":"","overlay-color":"","overlay-opacity":"","overlay-gradient":""}},"footnotes":""},"class_list":["post-10077","page","type-page","status-publish","hentry"],"post_mailing_queue_ids":[],"_links":{"self":[{"href":"https:\/\/serveiseducatius.xtec.cat\/cda-altbergueda\/wp-json\/wp\/v2\/pages\/10077","targetHints":{"allow":["GET"]}}],"collection":[{"href":"https:\/\/serveiseducatius.xtec.cat\/cda-altbergueda\/wp-json\/wp\/v2\/pages"}],"about":[{"href":"https:\/\/serveiseducatius.xtec.cat\/cda-altbergueda\/wp-json\/wp\/v2\/types\/page"}],"author":[{"embeddable":true,"href":"https:\/\/serveiseducatius.xtec.cat\/cda-altbergueda\/wp-json\/wp\/v2\/users\/1"}],"replies":[{"embeddable":true,"href":"https:\/\/serveiseducatius.xtec.cat\/cda-altbergueda\/wp-json\/wp\/v2\/comments?post=10077"}],"version-history":[{"count":5,"href":"https:\/\/serveiseducatius.xtec.cat\/cda-altbergueda\/wp-json\/wp\/v2\/pages\/10077\/revisions"}],"predecessor-version":[{"id":15232,"href":"https:\/\/serveiseducatius.xtec.cat\/cda-altbergueda\/wp-json\/wp\/v2\/pages\/10077\/revisions\/15232"}],"up":[{"embeddable":true,"href":"https:\/\/serveiseducatius.xtec.cat\/cda-altbergueda\/wp-json\/wp\/v2\/pages\/549"}],"wp:attachment":[{"href":"https:\/\/serveiseducatius.xtec.cat\/cda-altbergueda\/wp-json\/wp\/v2\/media?parent=10077"}],"curies":[{"name":"wp","href":"https:\/\/api.w.org\/{rel}","templated":true}]}}