{"id":8222,"date":"2021-04-01T10:02:08","date_gmt":"2021-04-01T08:02:08","guid":{"rendered":"https:\/\/serveiseducatius.xtec.cat\/catalunyacentral\/?page_id=8222"},"modified":"2026-01-29T15:04:55","modified_gmt":"2026-01-29T14:04:55","slug":"equip-huma","status":"publish","type":"page","link":"https:\/\/serveiseducatius.xtec.cat\/catalunyacentral\/equip-huma\/","title":{"rendered":"SECCI\u00d3 DELS SERVEIS EDUCATIUS ALS ST A LA CATALUNYA CENTRAL"},"content":{"rendered":"<h2 style=\"text-align: center;\">SECCI\u00d3 DELS SERVEIS EDUCATIUS I FORMACI\u00d3 PERMANENT<\/h2>\n<p>\u200b<\/p>\n<p class=\"p1\"><strong>COORDINACI\u00d3 DELS SERVEIS EDUCATIUS<\/strong><\/p>\n<table style=\"border-collapse: collapse; width: 100%;\">\n<tbody>\n<tr>\n<td style=\"width: 26.6722%; background-color: #dedcd7;\"><img loading=\"lazy\" decoding=\"async\" class=\"aligncenter wp-image-11244\" src=\"https:\/\/serveiseducatius.xtec.cat\/catalunyacentral\/wp-content\/uploads\/usu2513\/2026\/01\/Imatge-Serveis-3-225x300.png\" alt=\"\" width=\"271\" height=\"361\" srcset=\"https:\/\/serveiseducatius.xtec.cat\/catalunyacentral\/wp-content\/uploads\/usu2513\/2026\/01\/Imatge-Serveis-3-225x300.png 225w, https:\/\/serveiseducatius.xtec.cat\/catalunyacentral\/wp-content\/uploads\/usu2513\/2026\/01\/Imatge-Serveis-3-768x1024.png 768w, https:\/\/serveiseducatius.xtec.cat\/catalunyacentral\/wp-content\/uploads\/usu2513\/2026\/01\/Imatge-Serveis-3-1152x1536.png 1152w, https:\/\/serveiseducatius.xtec.cat\/catalunyacentral\/wp-content\/uploads\/usu2513\/2026\/01\/Imatge-Serveis-3-1536x2048.png 1536w\" sizes=\"auto, (max-width: 271px) 100vw, 271px\" \/><\/td>\n<td style=\"width: 23.4944%;\"><b>COORDINADORA<\/b>\n<h5><b>Anna Vila<\/b><\/h5>\n<\/td>\n<td style=\"width: 22.4167%; background-color: #dedcd7;\">\n<p><span style=\"font-weight: 400;\">serveis_edu_ccentral.educacio<\/span><\/p>\n<p><span style=\"font-weight: 400;\">@gencat.cat<\/span><\/p>\n<p><span style=\"font-weight: 400;\">936 930 590<\/span><\/p>\n<p><b>ext 7025<\/b><\/p>\n<\/td>\n<td style=\"width: 27.4167%;\">\n<ul>\n<li>Coordina els SE territorials, els SE de Zona, els SE Espec\u00edfics i els SE amb Salut.<\/li>\n<li>Enlla\u00e7 de territori amb les \u00c0rees d\u2019Innovaci\u00f3 i Cultura Digital i l\u2019\u00c0rea de Curr\u00edculum del Departament d\u2019Educaci\u00f3.<\/li>\n<\/ul>\n<\/td>\n<\/tr>\n<\/tbody>\n<\/table>\n<p class=\"p1\"><span class=\"s1\">\u00c0REA D\u2019<\/span><span class=\"s1\"><b>INNOVACI\u00d3 I TRANSFORMACI\u00d3<\/b><\/span><\/p>\n<table style=\"border-collapse: collapse; width: 100%; height: 262px;\">\n<tbody>\n<tr style=\"height: 262px;\">\n<td style=\"width: 26.25%; background-color: #dedcd7; height: 262px;\"><img loading=\"lazy\" decoding=\"async\" class=\"aligncenter wp-image-9835 \" src=\"https:\/\/serveiseducatius.xtec.cat\/catalunyacentral\/wp-content\/uploads\/usu2513\/2023\/03\/foto-txel-2023-285x300.png\" alt=\"\" width=\"130\" height=\"137\" srcset=\"https:\/\/serveiseducatius.xtec.cat\/catalunyacentral\/wp-content\/uploads\/usu2513\/2023\/03\/foto-txel-2023-285x300.png 285w, https:\/\/serveiseducatius.xtec.cat\/catalunyacentral\/wp-content\/uploads\/usu2513\/2023\/03\/foto-txel-2023-973x1024.png 973w, https:\/\/serveiseducatius.xtec.cat\/catalunyacentral\/wp-content\/uploads\/usu2513\/2023\/03\/foto-txel-2023-768x808.png 768w, https:\/\/serveiseducatius.xtec.cat\/catalunyacentral\/wp-content\/uploads\/usu2513\/2023\/03\/foto-txel-2023.png 1259w\" sizes=\"auto, (max-width: 130px) 100vw, 130px\" \/><\/td>\n<td style=\"width: 23.75%; height: 262px;\"><b>ASSESORA T\u00c8CNICA D&#8217;INNOVACI\u00d3 I TRANSFORMACI\u00d3<\/b>\n<h5><b>Meritxell Puigvert\u00a0<\/b><\/h5>\n<\/td>\n<td style=\"width: 22.2748%; background-color: #dedcd7; height: 262px;\">\n<p><span style=\"font-weight: 400;\">innovaciocatcentral@xtec.cat<br \/><\/span><span style=\"font-weight: 400;\">936 930 590<br \/><\/span><b><\/b><\/p>\n<p><b>ext 7063<\/b><\/p>\n<\/td>\n<td style=\"width: 30.8333%; height: 262px;\">\n<ul>\n<li>Coordina la XTTE (Xarxa Territorial de Transformaci\u00f3 Educativa) i la Xarxa d&#8217;Instituts Escola.<\/li>\n<li>Promociona i assessora a centres en els programes d\u2019Innovaci\u00f3 del Departament<\/li>\n<\/ul>\n<\/td>\n<\/tr>\n<\/tbody>\n<\/table>\n<p><span style=\"font-weight: 400;\">\u00c0REA D\u2019<\/span><b>INCLUSI\u00d3 I EDUCACI\u00d3 AL LLARG DE LA VIDA<\/b><\/p>\n<table style=\"border-collapse: collapse; width: 100%; height: 1030px;\">\n<tbody>\n<tr style=\"height: 276px;\">\n<td style=\"width: 26.75%; background-color: #dedcd7; height: 276px;\"><img loading=\"lazy\" decoding=\"async\" class=\"aligncenter  wp-image-11243\" src=\"https:\/\/serveiseducatius.xtec.cat\/catalunyacentral\/wp-content\/uploads\/usu2513\/2026\/01\/Imatge-Serveis-2-225x300.png\" alt=\"\" width=\"344\" height=\"459\" srcset=\"https:\/\/serveiseducatius.xtec.cat\/catalunyacentral\/wp-content\/uploads\/usu2513\/2026\/01\/Imatge-Serveis-2-225x300.png 225w, https:\/\/serveiseducatius.xtec.cat\/catalunyacentral\/wp-content\/uploads\/usu2513\/2026\/01\/Imatge-Serveis-2-768x1024.png 768w, https:\/\/serveiseducatius.xtec.cat\/catalunyacentral\/wp-content\/uploads\/usu2513\/2026\/01\/Imatge-Serveis-2-1152x1536.png 1152w, https:\/\/serveiseducatius.xtec.cat\/catalunyacentral\/wp-content\/uploads\/usu2513\/2026\/01\/Imatge-Serveis-2-1536x2048.png 1536w\" sizes=\"auto, (max-width: 344px) 100vw, 344px\" \/><\/td>\n<td style=\"width: 23.25%; height: 276px;\">\n<p><b>ASSESSORA T\u00c8CNICA D&#8217;INCLUSI\u00d3 I EDUCACI\u00d3 AL LLARG DE LA VIDA<\/b><\/p>\n<h5><b>S\u00edlvia Basora<\/b><\/h5>\n<\/td>\n<td style=\"width: 22.75%; background-color: #dedcd7; height: 276px;\">\n<p><span style=\"font-weight: 400;\">inclusioselvcatcentral@xtec.cat<br \/><\/span><span style=\"font-weight: 400;\">936 930 590<br \/><\/span><b><\/b><\/p>\n<p><b>ext 7070<\/b><\/p>\n<\/td>\n<td style=\"width: 27.25%; height: 276px;\">\n<ul>\n<li>Gestiona els recursos SIEI, DEI i AIS del territori.<\/li>\n<li>Coordina la formaci\u00f3 d\u2019adults.<\/li>\n<li>Coordina la Inclusi\u00f3 Educativa.<\/li>\n<\/ul>\n<\/td>\n<\/tr>\n<tr style=\"height: 521px;\">\n<td style=\"width: 26.75%; background-color: #dedcd7; height: 521px;\">\n<div><img loading=\"lazy\" decoding=\"async\" class=\"aligncenter size-medium wp-image-11242\" src=\"https:\/\/serveiseducatius.xtec.cat\/catalunyacentral\/wp-content\/uploads\/usu2513\/2026\/01\/Imatge-Serveis-1-225x300.png\" alt=\"\" width=\"225\" height=\"300\" srcset=\"https:\/\/serveiseducatius.xtec.cat\/catalunyacentral\/wp-content\/uploads\/usu2513\/2026\/01\/Imatge-Serveis-1-225x300.png 225w, https:\/\/serveiseducatius.xtec.cat\/catalunyacentral\/wp-content\/uploads\/usu2513\/2026\/01\/Imatge-Serveis-1-768x1024.png 768w, https:\/\/serveiseducatius.xtec.cat\/catalunyacentral\/wp-content\/uploads\/usu2513\/2026\/01\/Imatge-Serveis-1-1152x1536.png 1152w, https:\/\/serveiseducatius.xtec.cat\/catalunyacentral\/wp-content\/uploads\/usu2513\/2026\/01\/Imatge-Serveis-1-1536x2048.png 1536w\" sizes=\"auto, (max-width: 225px) 100vw, 225px\" \/><\/div>\n<\/td>\n<td style=\"width: 23.25%; height: 521px;\">\n<p><b>DINAMITZADORA D&#8217;EDUCACI\u00d3 INCLUSVA<\/b><\/p>\n<h5><strong>Laia Jurado<\/strong><\/h5>\n<\/td>\n<td style=\"width: 22.75%; background-color: #dedcd7; height: 754px;\" rowspan=\"2\"><span style=\"font-weight: 400;\">\u00a0deicatcentral@xtec.cat<\/span><\/td>\n<td style=\"width: 27.25%; height: 754px;\" rowspan=\"2\">\n<ul>\n<li>Acompanyar\u00a0 als centres educatius i als professionals dels SE en una mirada inclusiva.<\/li>\n<li>Acompanyar i assessorar els centres educatius perqu\u00e8 incorporin pr\u00e0ctiques inclusives que fomentin la igualtat d\u2019oportunitats i l\u2019equitat per a tothom.<\/li>\n<li>Portar a terme actuacions formatives en mesures i suports universals i detecci\u00f3 de barreres des del DUA.<\/li>\n<\/ul>\n<h5><b>\u00a0<\/b><\/h5>\n<\/td>\n<\/tr>\n<tr style=\"height: 233px;\">\n<td style=\"width: 26.75%; background-color: #dedcd7; height: 233px;\"><img loading=\"lazy\" decoding=\"async\" class=\"aligncenter size-medium wp-image-11245\" src=\"https:\/\/serveiseducatius.xtec.cat\/catalunyacentral\/wp-content\/uploads\/usu2513\/2026\/01\/Imatge-Serveis-225x300.png\" alt=\"\" width=\"225\" height=\"300\" srcset=\"https:\/\/serveiseducatius.xtec.cat\/catalunyacentral\/wp-content\/uploads\/usu2513\/2026\/01\/Imatge-Serveis-225x300.png 225w, https:\/\/serveiseducatius.xtec.cat\/catalunyacentral\/wp-content\/uploads\/usu2513\/2026\/01\/Imatge-Serveis-768x1024.png 768w, https:\/\/serveiseducatius.xtec.cat\/catalunyacentral\/wp-content\/uploads\/usu2513\/2026\/01\/Imatge-Serveis-1152x1536.png 1152w, https:\/\/serveiseducatius.xtec.cat\/catalunyacentral\/wp-content\/uploads\/usu2513\/2026\/01\/Imatge-Serveis-1536x2048.png 1536w\" sizes=\"auto, (max-width: 225px) 100vw, 225px\" \/><\/td>\n<td style=\"width: 23.25%; height: 233px;\">\n<p><b>\u00a0<\/b><\/p>\n<p><b>DINAMITZADOR D&#8217;EDUCACI\u00d3 INCLUSVA<\/b><\/p>\n<h5><b>Jordi Vil\u00e0<\/b><\/h5>\n<\/td>\n<\/tr>\n<\/tbody>\n<\/table>\n<p><span class=\"s1\">\u00c0REA DE <\/span><span class=\"s1\"><b>LLENG\u00dcES ESTRANGERES<\/b><\/span><\/p>\n<table style=\"border-collapse: collapse; width: 100%;\">\n<tbody>\n<tr>\n<td style=\"width: 25%; background-color: #dedcd7;\"><img loading=\"lazy\" decoding=\"async\" class=\"aligncenter  wp-image-11091\" src=\"https:\/\/serveiseducatius.xtec.cat\/catalunyacentral\/wp-content\/uploads\/usu2513\/2025\/09\/Imatge-Serveis-1-298x300.png\" alt=\"\" width=\"125\" height=\"126\" srcset=\"https:\/\/serveiseducatius.xtec.cat\/catalunyacentral\/wp-content\/uploads\/usu2513\/2025\/09\/Imatge-Serveis-1-298x300.png 298w, https:\/\/serveiseducatius.xtec.cat\/catalunyacentral\/wp-content\/uploads\/usu2513\/2025\/09\/Imatge-Serveis-1-1018x1024.png 1018w, https:\/\/serveiseducatius.xtec.cat\/catalunyacentral\/wp-content\/uploads\/usu2513\/2025\/09\/Imatge-Serveis-1-150x150.png 150w, https:\/\/serveiseducatius.xtec.cat\/catalunyacentral\/wp-content\/uploads\/usu2513\/2025\/09\/Imatge-Serveis-1-768x773.png 768w, https:\/\/serveiseducatius.xtec.cat\/catalunyacentral\/wp-content\/uploads\/usu2513\/2025\/09\/Imatge-Serveis-1-1527x1536.png 1527w, https:\/\/serveiseducatius.xtec.cat\/catalunyacentral\/wp-content\/uploads\/usu2513\/2025\/09\/Imatge-Serveis-1-2035x2048.png 2035w\" sizes=\"auto, (max-width: 125px) 100vw, 125px\" \/><\/td>\n<td style=\"width: 25%;\"><b>ASSESSORA T\u00c8CNICA DE LLENG\u00dcES ESTRANGERES<\/b>\n<h5>Laia Vall de Vilaram\u00f3<\/h5>\n<\/td>\n<td style=\"width: 25%; background-color: #dedcd7;\">\n<p><span style=\"font-weight: 400;\">llenguesestrangerescatcentral<br \/><\/span><span style=\"font-weight: 400;\">@xtec.cat<\/span><span style=\"font-weight: 400;\">936 930 590<\/span><\/p>\n<p><b>ext 7086<\/b><\/p>\n<\/td>\n<td style=\"width: 25%;\">\n<ul>\n<li>Coordina EOI.<\/li>\n<li>Coordina l\u2019\u00c0rea de Lleng\u00fces Estrangeres i els programes vinculats GEP, Auxiliars de Conversa, Estades Ling\u00fc\u00edstiques, Sharing to Learn, Global Scholars i programa BATXIBAT.<\/li>\n<li>Referent del programa Erasmus+<\/li>\n<\/ul>\n<\/td>\n<\/tr>\n<\/tbody>\n<\/table>\n<p class=\"p1\"><span class=\"s1\">\u00c0REA DE<span class=\"Apple-converted-space\">\u00a0<\/span><\/span><span class=\"s1\"><b>FORMACI\u00d3 PERMANENT<\/b><\/span><\/p>\n<table style=\"border-collapse: collapse; width: 100%;\">\n<tbody>\n<tr>\n<td style=\"width: 25%; background-color: #dedcd7;\"><img loading=\"lazy\" decoding=\"async\" class=\"aligncenter wp-image-8902 \" src=\"https:\/\/serveiseducatius.xtec.cat\/catalunyacentral\/wp-content\/uploads\/usu2513\/2022\/03\/joan-copia-300x300.png\" alt=\"\" width=\"119\" height=\"119\" srcset=\"https:\/\/serveiseducatius.xtec.cat\/catalunyacentral\/wp-content\/uploads\/usu2513\/2022\/03\/joan-copia-300x300.png 300w, https:\/\/serveiseducatius.xtec.cat\/catalunyacentral\/wp-content\/uploads\/usu2513\/2022\/03\/joan-copia-150x150.png 150w, https:\/\/serveiseducatius.xtec.cat\/catalunyacentral\/wp-content\/uploads\/usu2513\/2022\/03\/joan-copia.png 640w\" sizes=\"auto, (max-width: 119px) 100vw, 119px\" \/><\/td>\n<td style=\"width: 25%;\"><b>ASSESSOR T\u00c8CNIC EN FORMACI\u00d3 PERMANENT<\/b>\n<h5><b>Joan Molina<\/b><\/h5>\n<\/td>\n<td style=\"width: 25%; background-color: #dedcd7;\"><span style=\"font-weight: 400;\">formaciocatcentral@xtec.cat<br \/><\/span><span style=\"font-weight: 400;\">practiques.cce@xtec.cat<\/span><span style=\"font-weight: 400;\">\u00a0<\/span><span style=\"font-weight: 400;\">936 930 590<\/span>\n<p><b>ext 7068<\/b><\/p>\n<\/td>\n<td style=\"width: 25%;\">\n<ul>\n<li>Gestiona les certificacions i perfils de formaci\u00f3.<\/li>\n<li>Gestiona les propostes de formadors i formacions.<\/li>\n<li>Coordina el programa Centres Formadors i Practicum<\/li>\n<li>Coordina les formacions a interins novells, funcionaris en practiques i funci\u00f3 directiva.<\/li>\n<li>Realitza tasques de seguiment dels PFZ.<\/li>\n<\/ul>\n<\/td>\n<\/tr>\n<\/tbody>\n<\/table>\n<p>\u00c0REA DE <strong>CULTURA DIGITAL<\/strong><\/p>\n<table style=\"border-collapse: collapse; width: 100%; height: 807px;\">\n<tbody>\n<tr style=\"height: 295px;\">\n<td style=\"width: 25%; background-color: #dedcd7; height: 278px;\"><img loading=\"lazy\" decoding=\"async\" class=\"aligncenter wp-image-8905 \" src=\"https:\/\/serveiseducatius.xtec.cat\/catalunyacentral\/wp-content\/uploads\/usu2513\/2022\/03\/raquel-g-copia-282x300.png\" alt=\"\" width=\"129\" height=\"137\" srcset=\"https:\/\/serveiseducatius.xtec.cat\/catalunyacentral\/wp-content\/uploads\/usu2513\/2022\/03\/raquel-g-copia-282x300.png 282w, https:\/\/serveiseducatius.xtec.cat\/catalunyacentral\/wp-content\/uploads\/usu2513\/2022\/03\/raquel-g-copia.png 601w\" sizes=\"auto, (max-width: 129px) 100vw, 129px\" \/><\/td>\n<td style=\"width: 25%; height: 278px;\">\n<p><b>ASSESSORA T\u00c8CNIC EN CULTURA DIGITAL<\/b><\/p>\n<h5><b>Raquel Garc\u00eda<\/b><\/h5>\n<\/td>\n<td style=\"width: 25%; background-color: #dedcd7; height: 278px;\">\n<p><span style=\"font-weight: 400;\">culturadigitalcatcentral@xtec.cat<br \/><\/span><span style=\"font-weight: 400;\">936 930 590<\/span><\/p>\n<p><b>ext 7069<\/b><\/p>\n<\/td>\n<td style=\"width: 25%; height: 807px;\" rowspan=\"3\">\n<ul>\n<li>Coordinen i gestionen la XTCD i el Desplegament Digital de Centres.<\/li>\n<li>Supervisen i gestionen la dotaci\u00f3 digital i el Cat\u00e0leg TIC.<\/li>\n<li>Assessoren i gestionen les instal\u00b7lacions de xarxa de centres nous i ampliacions.<\/li>\n<li>Gestionen les incid\u00e8ncies TIC i els preventius del territori.<\/li>\n<li>Gestiona els programes entre el Departament de Salut i el Departament d&#8217;Educaci\u00f3 (ext. 7066).\u00a0<\/li>\n<\/ul>\n<\/td>\n<\/tr>\n<tr style=\"height: 204px;\">\n<td style=\"width: 25%; background-color: #dedcd7; height: 204px;\"><img loading=\"lazy\" decoding=\"async\" class=\"aligncenter wp-image-8903 \" src=\"https:\/\/serveiseducatius.xtec.cat\/catalunyacentral\/wp-content\/uploads\/usu2513\/2022\/03\/pere-copia-300x300.png\" alt=\"\" width=\"119\" height=\"119\" srcset=\"https:\/\/serveiseducatius.xtec.cat\/catalunyacentral\/wp-content\/uploads\/usu2513\/2022\/03\/pere-copia-300x300.png 300w, https:\/\/serveiseducatius.xtec.cat\/catalunyacentral\/wp-content\/uploads\/usu2513\/2022\/03\/pere-copia-150x150.png 150w, https:\/\/serveiseducatius.xtec.cat\/catalunyacentral\/wp-content\/uploads\/usu2513\/2022\/03\/pere-copia.png 640w\" sizes=\"auto, (max-width: 119px) 100vw, 119px\" \/><\/td>\n<td style=\"width: 25%; height: 204px;\"><b>ASSESSOR T\u00c8CNIC EN CULTURA DIGITAL<\/b>\n<h5><b>Pere Puig <\/b><\/h5>\n<\/td>\n<td style=\"width: 25%; background-color: #dedcd7; height: 204px;\">\n<p><span style=\"font-weight: 400;\">culturadigitalcatcentral@xtec.cat<br \/><\/span><span style=\"font-weight: 400;\">936 930 590<\/span><\/p>\n<p><b>ext 7011<\/b><\/p>\n<\/td>\n<\/tr>\n<tr style=\"height: 325px;\">\n<td style=\"width: 25%; background-color: #dedcd7; height: 325px;\"><img loading=\"lazy\" decoding=\"async\" class=\"aligncenter wp-image-10560 \" src=\"https:\/\/serveiseducatius.xtec.cat\/catalunyacentral\/wp-content\/uploads\/usu2513\/2024\/10\/Patricia-300x300.png\" alt=\"\" width=\"135\" height=\"135\" srcset=\"https:\/\/serveiseducatius.xtec.cat\/catalunyacentral\/wp-content\/uploads\/usu2513\/2024\/10\/Patricia-300x300.png 300w, https:\/\/serveiseducatius.xtec.cat\/catalunyacentral\/wp-content\/uploads\/usu2513\/2024\/10\/Patricia-150x150.png 150w, https:\/\/serveiseducatius.xtec.cat\/catalunyacentral\/wp-content\/uploads\/usu2513\/2024\/10\/Patricia.png 667w\" sizes=\"auto, (max-width: 135px) 100vw, 135px\" \/><\/td>\n<td style=\"width: 25%; height: 325px;\"><b>ASSESSORA T\u00c8CNICA EN CULTURA DIGITAL<\/b>\n<h5><b>Patricia Silvestre<\/b><\/h5>\n<\/td>\n<td style=\"width: 25%; background-color: #dedcd7; height: 325px;\"><span style=\"font-weight: 400;\">culturadigitalcatcentral@xtec.cat<br \/><\/span><span style=\"font-weight: 400;\">936 930 590<br \/><\/span><b>ext 7066<\/b><\/td>\n<\/tr>\n<\/tbody>\n<\/table>\n<p><strong>MENTORS I MENTORES DIGITALS<\/strong><\/p>\n<table style=\"border-collapse: collapse; width: 100%;\">\n<tbody>\n<tr>\n<td style=\"width: 25%; background-color: #dedcd7;\"><img loading=\"lazy\" decoding=\"async\" class=\"aligncenter  wp-image-11248\" src=\"https:\/\/serveiseducatius.xtec.cat\/catalunyacentral\/wp-content\/uploads\/usu2513\/2026\/01\/Imatge-Serveis-4-1-225x300.png\" alt=\"\" width=\"253\" height=\"337\" srcset=\"https:\/\/serveiseducatius.xtec.cat\/catalunyacentral\/wp-content\/uploads\/usu2513\/2026\/01\/Imatge-Serveis-4-1-225x300.png 225w, https:\/\/serveiseducatius.xtec.cat\/catalunyacentral\/wp-content\/uploads\/usu2513\/2026\/01\/Imatge-Serveis-4-1-768x1024.png 768w, https:\/\/serveiseducatius.xtec.cat\/catalunyacentral\/wp-content\/uploads\/usu2513\/2026\/01\/Imatge-Serveis-4-1-1152x1536.png 1152w, https:\/\/serveiseducatius.xtec.cat\/catalunyacentral\/wp-content\/uploads\/usu2513\/2026\/01\/Imatge-Serveis-4-1-1536x2048.png 1536w\" sizes=\"auto, (max-width: 253px) 100vw, 253px\" \/><\/td>\n<td style=\"width: 25%;\"><b>Coordinador dels mentors i mentores 4.0<\/b>\n<h5>Francesc Sala<\/h5>\n<\/td>\n<td style=\"width: 0.833333%; background-color: #dedcd7;\">\u00a0<\/td>\n<td style=\"width: 49.1667%;\">\n<ul>\n<li style=\"font-weight: 400;\" aria-level=\"1\">\n<p>Millorar el desenvolupament de la CDA en pensament computacional i rob\u00f2tica.<\/p>\n<\/li>\n<li style=\"font-weight: 400;\" aria-level=\"1\">\n<p>Proposar accions per adequar l\u2019acci\u00f3 dels mentors a la situaci\u00f3 real dels centres educatius.<\/p>\n<\/li>\n<li style=\"font-weight: 400;\" aria-level=\"1\">\n<p>Donar suport als mentors 4.0.<\/p>\n<\/li>\n<li style=\"font-weight: 400;\" aria-level=\"1\">\n<p>Aprovar i fer el seguiment dels plans de treball dels mentors 4.0.<\/p>\n<\/li>\n<li style=\"font-weight: 400;\" aria-level=\"1\">\n<p>Transmetre i establir directrius i orientacions per als mentors 4.0.<\/p>\n<\/li>\n<\/ul>\n<\/td>\n<\/tr>\n<\/tbody>\n<\/table>\n<p><strong>PROA+<\/strong><\/p>\n<table style=\"border-collapse: collapse; width: 100%; height: 446px;\">\n<tbody>\n<tr style=\"height: 446px;\">\n<td style=\"width: 25%; height: 446px;\"><img loading=\"lazy\" decoding=\"async\" class=\"aligncenter  wp-image-10922\" src=\"https:\/\/serveiseducatius.xtec.cat\/catalunyacentral\/wp-content\/uploads\/usu2513\/2025\/03\/Imatge-Serveis-225x300.jpg\" alt=\"\" width=\"320\" height=\"427\" srcset=\"https:\/\/serveiseducatius.xtec.cat\/catalunyacentral\/wp-content\/uploads\/usu2513\/2025\/03\/Imatge-Serveis-225x300.jpg 225w, https:\/\/serveiseducatius.xtec.cat\/catalunyacentral\/wp-content\/uploads\/usu2513\/2025\/03\/Imatge-Serveis-768x1024.jpg 768w, https:\/\/serveiseducatius.xtec.cat\/catalunyacentral\/wp-content\/uploads\/usu2513\/2025\/03\/Imatge-Serveis-1152x1536.jpg 1152w, https:\/\/serveiseducatius.xtec.cat\/catalunyacentral\/wp-content\/uploads\/usu2513\/2025\/03\/Imatge-Serveis-1536x2048.jpg 1536w, https:\/\/serveiseducatius.xtec.cat\/catalunyacentral\/wp-content\/uploads\/usu2513\/2025\/03\/Imatge-Serveis-scaled.jpg 1920w\" sizes=\"auto, (max-width: 320px) 100vw, 320px\" \/><\/td>\n<td style=\"width: 25%; height: 446px;\">\n<p><b>Coordinadora del programa PROA+<\/b><\/p>\n<p><strong>Nat\u00e0lia Jojart<\/strong><\/p>\n<\/td>\n<td style=\"width: 25%; background-color: #e8e6e6; height: 446px;\">\n<p>\u00a0pmoeproa_catcentral.educacio@gencat.cat<\/p>\n<p>936 930 590<\/p>\n<p><strong>ext.7182\u00a0<\/strong><\/p>\n<\/td>\n<td style=\"width: 25%; height: 446px;\">\n<ul>\n<li>Gestiona el programa PROA+ a la Catalunya Central.<\/li>\n<\/ul>\n<\/td>\n<\/tr>\n<\/tbody>\n<\/table>\n\n\n<p><\/p>\n\n\n\n<p><\/p>\n","protected":false},"excerpt":{"rendered":"<p>SECCI\u00d3 DELS SERVEIS EDUCATIUS I FORMACI\u00d3 PERMANENT \u200b COORDINACI\u00d3 DELS SERVEIS EDUCATIUS COORDINADORA Anna Vila serveis_edu_ccentral.educacio @gencat.cat 936 930 590 [&hellip;]<\/p>\n","protected":false},"author":3,"featured_media":0,"parent":0,"menu_order":0,"comment_status":"closed","ping_status":"closed","template":"","meta":{"_bbp_topic_count":0,"_bbp_reply_count":0,"_bbp_total_topic_count":0,"_bbp_total_reply_count":0,"_bbp_voice_count":0,"_bbp_anonymous_reply_count":0,"_bbp_topic_count_hidden":0,"_bbp_reply_count_hidden":0,"_bbp_forum_subforum_count":0,"site-sidebar-layout":"default","site-content-layout":"","ast-site-content-layout":"default","site-content-style":"default","site-sidebar-style":"default","ast-global-header-display":"","ast-banner-title-visibility":"","ast-main-header-display":"","ast-hfb-above-header-display":"","ast-hfb-below-header-display":"","ast-hfb-mobile-header-display":"","site-post-title":"","ast-breadcrumbs-content":"","ast-featured-img":"","footer-sml-layout":"","theme-transparent-header-meta":"","adv-header-id-meta":"","stick-header-meta":"","header-above-stick-meta":"","header-main-stick-meta":"","header-below-stick-meta":"","astra-migrate-meta-layouts":"set","ast-page-background-enabled":"default","ast-page-background-meta":{"desktop":{"background-color":"var(--ast-global-color-4)","background-image":"","background-repeat":"repeat","background-position":"center center","background-size":"auto","background-attachment":"scroll","background-type":"","background-media":"","overlay-type":"","overlay-color":"","overlay-opacity":"","overlay-gradient":""},"tablet":{"background-color":"","background-image":"","background-repeat":"repeat","background-position":"center center","background-size":"auto","background-attachment":"scroll","background-type":"","background-media":"","overlay-type":"","overlay-color":"","overlay-opacity":"","overlay-gradient":""},"mobile":{"background-color":"","background-image":"","background-repeat":"repeat","background-position":"center center","background-size":"auto","background-attachment":"scroll","background-type":"","background-media":"","overlay-type":"","overlay-color":"","overlay-opacity":"","overlay-gradient":""}},"ast-content-background-meta":{"desktop":{"background-color":"var(--ast-global-color-5)","background-image":"","background-repeat":"repeat","background-position":"center center","background-size":"auto","background-attachment":"scroll","background-type":"","background-media":"","overlay-type":"","overlay-color":"","overlay-opacity":"","overlay-gradient":""},"tablet":{"background-color":"var(--ast-global-color-5)","background-image":"","background-repeat":"repeat","background-position":"center center","background-size":"auto","background-attachment":"scroll","background-type":"","background-media":"","overlay-type":"","overlay-color":"","overlay-opacity":"","overlay-gradient":""},"mobile":{"background-color":"var(--ast-global-color-5)","background-image":"","background-repeat":"repeat","background-position":"center center","background-size":"auto","background-attachment":"scroll","background-type":"","background-media":"","overlay-type":"","overlay-color":"","overlay-opacity":"","overlay-gradient":""}},"footnotes":""},"class_list":["post-8222","page","type-page","status-publish","hentry"],"post_mailing_queue_ids":[],"_links":{"self":[{"href":"https:\/\/serveiseducatius.xtec.cat\/catalunyacentral\/wp-json\/wp\/v2\/pages\/8222","targetHints":{"allow":["GET"]}}],"collection":[{"href":"https:\/\/serveiseducatius.xtec.cat\/catalunyacentral\/wp-json\/wp\/v2\/pages"}],"about":[{"href":"https:\/\/serveiseducatius.xtec.cat\/catalunyacentral\/wp-json\/wp\/v2\/types\/page"}],"author":[{"embeddable":true,"href":"https:\/\/serveiseducatius.xtec.cat\/catalunyacentral\/wp-json\/wp\/v2\/users\/3"}],"replies":[{"embeddable":true,"href":"https:\/\/serveiseducatius.xtec.cat\/catalunyacentral\/wp-json\/wp\/v2\/comments?post=8222"}],"version-history":[{"count":6,"href":"https:\/\/serveiseducatius.xtec.cat\/catalunyacentral\/wp-json\/wp\/v2\/pages\/8222\/revisions"}],"predecessor-version":[{"id":11257,"href":"https:\/\/serveiseducatius.xtec.cat\/catalunyacentral\/wp-json\/wp\/v2\/pages\/8222\/revisions\/11257"}],"wp:attachment":[{"href":"https:\/\/serveiseducatius.xtec.cat\/catalunyacentral\/wp-json\/wp\/v2\/media?parent=8222"}],"curies":[{"name":"wp","href":"https:\/\/api.w.org\/{rel}","templated":true}]}}