{"id":806,"date":"2015-11-28T21:29:55","date_gmt":"2015-11-28T20:29:55","guid":{"rendered":"http:\/\/serveiseducatius.xtec.cat\/se-castelldefels\/?page_id=806"},"modified":"2015-11-28T21:29:55","modified_gmt":"2015-11-28T20:29:55","slug":"el-servei-educatiu","status":"publish","type":"page","link":"https:\/\/serveiseducatius.xtec.cat\/castelldefels\/el-servei-educatiu\/","title":{"rendered":"El servei educatiu"},"content":{"rendered":"<p>Els <strong>serveis educatius<\/strong> del Departament d&#8217;Ensenyament donen suport i assessorament als centres educatius p\u00fablics i privats concertats de nivells educatius no universitaris. Cada servei educatiu est\u00e0 format per un equip multidisciplinar que ofereix els seg\u00fcents serveis:<\/p>\n<ul>\n<li>Suport i assessorament en estrat\u00e8gies organitzatives, did\u00e0ctiques i metodol\u00f2giques per a l\u2019assoliment de les <strong>compet\u00e8ncies b\u00e0siques.<\/strong><\/li>\n<li>Suport en la <strong>tutoria i l\u2019orientaci\u00f3<\/strong> educativa.<\/li>\n<li><strong>Detecci\u00f3 preco\u00e7<\/strong> de les dificultats d\u2019aprenentatge, socials, motrius i fer avaluacions psicopedag\u00f2giques.<\/li>\n<li>Assessorament sobre el proc\u00e9s d\u2019escolaritzaci\u00f3 en <strong>necessitats educatives espec\u00edfiques i especials<\/strong> (NEE).<\/li>\n<li>Assessorament sobre <strong>adaptacions curriculars individuals<\/strong> (CI).<\/li>\n<li>Suport en la <strong>prevenci\u00f3 de l\u2019abandonament escolar<\/strong> prematur.<\/li>\n<li>Suport en el tractament integrat de <strong>llengua i continguts<\/strong>.<\/li>\n<li>Planificaci\u00f3 i gesti\u00f3 del cat\u00e0leg de <strong>formaci\u00f3 del professorat<\/strong> de la zona.<\/li>\n<li>Suport i assessorament en did\u00e0ctica, <strong>innovaci\u00f3<\/strong> i\/o <strong>planificaci\u00f3<\/strong>: plans de millora, TAC, suport a la lectura\u2026<\/li>\n<li><strong>Servei de pr\u00e9stec<\/strong> de maquinari, v\u00eddeos i textos especialitzats en temes educatius.<\/li>\n<li>Suport a <strong>projectes internacionals<\/strong> pel desenvolupament del <strong>pluriling\u00fcisme<\/strong> i de les <strong>compet\u00e8ncies comunicatives<\/strong> dels alumnes.<\/li>\n<\/ul>\n<p>L&#8217;\u00e0mbit d&#8217;actuaci\u00f3 del servei educatiu\u00a0\u00e9s la comarca del XXXXXXX, a m\u00e9s d&#8217;algunes poblacions de comarques ve\u00efnes que, per motius diversos (pertanyen\u00e7a a una ZER o a una zona d&#8217;inspecci\u00f3), s&#8217;integren al territori.<\/p>\n<h4>Qui pot fer la demanda dels serveis?<\/h4>\n<ul>\n<li>Els centres, mitjan\u00e7ant els seus equips de direcci\u00f3.<\/li>\n<li>Col\u00b7lectius de docents, d\u2019especialitat, de nivell, d\u2019interessos, etc.<\/li>\n<li>Els docents directament.<\/li>\n<li>Altres entitats vinculades a l\u2019Educaci\u00f3.<\/li>\n<\/ul>\n<h4>Com es fa la demanda?<\/h4>\n<p>Trucant al tel\u00e8fon\u00a0<strong>000 000 000<\/strong> o enviant un correu electr\u00f2nic a\u00a0<strong>se-xxxxxxx@xtec.cat<\/strong><\/p>\n<h4><\/h4>\n","protected":false},"excerpt":{"rendered":"<p>Els serveis educatius del Departament d&#8217;Ensenyament donen suport i assessorament als centres educatius p\u00fablics i privats concertats de nivells educatius no universitaris. Cada servei educatiu est\u00e0 format per un equip multidisciplinar que ofereix els seg\u00fcents serveis:<\/p>\n<ul>\n<li>Suport i assessorament en estrat\u00e8gies organitzatives, did\u00e0ctiques i metodol\u00f2giques per&hellip;  <a href=\"https:\/\/serveiseducatius.xtec.cat\/castelldefels\/el-servei-educatiu\/\" title=\"Read El servei educatiu\">Llegeix m\u00e9s\u00bb<\/a><br \/>\n","protected":false},"author":1,"featured_media":0,"parent":0,"menu_order":0,"comment_status":"closed","ping_status":"closed","template":"page-templates\/side-menu.php","meta":{"_bbp_topic_count":0,"_bbp_reply_count":0,"_bbp_total_topic_count":0,"_bbp_total_reply_count":0,"_bbp_voice_count":0,"_bbp_anonymous_reply_count":0,"_bbp_topic_count_hidden":0,"_bbp_reply_count_hidden":0,"_bbp_forum_subforum_count":0,"footnotes":""},"class_list":["post-806","page","type-page","status-publish","hentry"],"post_mailing_queue_ids":[],"_links":{"self":[{"href":"https:\/\/serveiseducatius.xtec.cat\/castelldefels\/wp-json\/wp\/v2\/pages\/806","targetHints":{"allow":["GET"]}}],"collection":[{"href":"https:\/\/serveiseducatius.xtec.cat\/castelldefels\/wp-json\/wp\/v2\/pages"}],"about":[{"href":"https:\/\/serveiseducatius.xtec.cat\/castelldefels\/wp-json\/wp\/v2\/types\/page"}],"author":[{"embeddable":true,"href":"https:\/\/serveiseducatius.xtec.cat\/castelldefels\/wp-json\/wp\/v2\/users\/1"}],"replies":[{"embeddable":true,"href":"https:\/\/serveiseducatius.xtec.cat\/castelldefels\/wp-json\/wp\/v2\/comments?post=806"}],"version-history":[{"count":0,"href":"https:\/\/serveiseducatius.xtec.cat\/castelldefels\/wp-json\/wp\/v2\/pages\/806\/revisions"}],"wp:attachment":[{"href":"https:\/\/serveiseducatius.xtec.cat\/castelldefels\/wp-json\/wp\/v2\/media?parent=806"}],"curies":[{"name":"wp","href":"https:\/\/api.w.org\/{rel}","templated":true}]}}