{"id":306,"date":"2015-11-24T18:02:44","date_gmt":"2015-11-24T17:02:44","guid":{"rendered":"http:\/\/serveiseducatius.xtec.cat\/se-castelldefels\/?page_id=306"},"modified":"2023-02-01T16:41:59","modified_gmt":"2023-02-01T15:41:59","slug":"equip","status":"publish","type":"page","link":"https:\/\/serveiseducatius.xtec.cat\/castelldefels\/el-servei-educatiu\/equip\/","title":{"rendered":"Equip"},"content":{"rendered":"<p>Cada servei educatiu est\u00e0 format per un equip multidisciplinar:<\/p>\n<ul>\n<li><strong>CRP <\/strong>(Centre de recursos pedag\u00f2gics):\u00a0equip que d\u00f3na\u00a0<strong>suport a l\u2019activitat pedag\u00f2gica dels centres<\/strong> i\u00a0a la tasca docent de mestres i professorat, especialment, en temes de formaci\u00f3 permanent, de recursos pedag\u00f2gics i de dinamitzaci\u00f3 de projectes de centre i de la zona. Podeu consultar les activitats, recursos i not\u00edcies a l&#8217;apartat din\u00e0mic del<a href=\"http:\/\/serveiseducatius.xtec.cat\/castelldefels\/categoria\/crp\/\">\u00a0CRP<\/a>.<\/li>\n<li><strong>EAP <\/strong>(Equip d\u2019assesorament i orientaci\u00f3 psicopedag\u00f2gic)<span class=\"Apple-converted-space\">: equip<\/span>\u00a0que d\u00f3na\u00a0suport al professorat i als centres educatius en la resposta a la <strong>diversitat de l\u2019alumnat<\/strong> i en relaci\u00f3 als alumnes que presenten <strong>necessitats educatives especials<\/strong>, aix\u00ed com a les seves fam\u00edlies. Podeu consultar les activitats, recursos i not\u00edcies a l&#8217;apartat din\u00e0mic de l&#8217;<a href=\"http:\/\/serveiseducatius.xtec.cat\/castelldefels\/categoria\/eap\/\">EAP<\/a>.<\/li>\n<li><strong>ELIC <\/strong>(Equip d\u2019assessorament i orientaci\u00f3 en llengua, interculturalitat i cohesi\u00f3 social): que donen suport al professorat en l\u2019atenci\u00f3 a la diversitat relacionada amb l\u2019alumnat, especialment procedent de la immigraci\u00f3 i\/o amb l\u2019alumnat amb risc d\u2019exclusi\u00f3 social, en l\u2019\u00e0mbit dels centres educatius i els plans educatius d\u2019entorn.\u00a0Podeu consultar les activitats, recursos i not\u00edcies a l&#8217;apartat din\u00e0mic de l&#8217;<a href=\"http:\/\/serveiseducatius.xtec.cat\/castelldefels\/categoria\/elic\/\">ELIC<\/a>.<\/li>\n<\/ul>\n<p>El Servei Educatiu tamb\u00e9 treballa de forma coordinada amb el <a href=\"http:\/\/www.xtec.cat\/serveis\/creda\/a8925261\/\" target=\"_blank\" rel=\"noopener\">CREDA<\/a> (Centre de Recursos Educatius per a Deficients Auditius).<\/p>\n<p><img loading=\"lazy\" decoding=\"async\" class=\" size-full wp-image-185 alignright\" src=\"http:\/\/serveiseducatius.xtec.cat\/se-castelldefels\/wp-content\/uploads\/usu4\/2014\/09\/ampa.png\" alt=\"ampa\" width=\"315\" height=\"126\" srcset=\"https:\/\/serveiseducatius.xtec.cat\/castelldefels\/wp-content\/uploads\/usu4\/2014\/09\/ampa.png 315w, https:\/\/serveiseducatius.xtec.cat\/castelldefels\/wp-content\/uploads\/usu4\/2014\/09\/ampa-300x120.png 300w\" sizes=\"auto, (max-width: 315px) 100vw, 315px\" \/><\/p>\n","protected":false},"excerpt":{"rendered":"<p>Cada servei educatiu est\u00e0 format per un equip multidisciplinar:<\/p>\n<ul>\n<li>CRP (Centre de recursos pedag\u00f2gics):\u00a0equip que d\u00f3na\u00a0suport a l\u2019activitat pedag\u00f2gica dels centres i\u00a0a la tasca docent de mestres i professorat, especialment, en temes de formaci\u00f3 permanent, de recursos pedag\u00f2gics i de dinamitzaci\u00f3 de projectes de centre i&hellip;  <a href=\"https:\/\/serveiseducatius.xtec.cat\/castelldefels\/el-servei-educatiu\/equip\/\" title=\"Read Equip\">Llegeix m\u00e9s\u00bb<\/a><br \/>\n","protected":false},"author":1,"featured_media":0,"parent":806,"menu_order":20,"comment_status":"closed","ping_status":"closed","template":"page-templates\/side-menu.php","meta":{"_bbp_topic_count":0,"_bbp_reply_count":0,"_bbp_total_topic_count":0,"_bbp_total_reply_count":0,"_bbp_voice_count":0,"_bbp_anonymous_reply_count":0,"_bbp_topic_count_hidden":0,"_bbp_reply_count_hidden":0,"_bbp_forum_subforum_count":0,"footnotes":""},"class_list":["post-306","page","type-page","status-publish","hentry"],"post_mailing_queue_ids":[],"_links":{"self":[{"href":"https:\/\/serveiseducatius.xtec.cat\/castelldefels\/wp-json\/wp\/v2\/pages\/306","targetHints":{"allow":["GET"]}}],"collection":[{"href":"https:\/\/serveiseducatius.xtec.cat\/castelldefels\/wp-json\/wp\/v2\/pages"}],"about":[{"href":"https:\/\/serveiseducatius.xtec.cat\/castelldefels\/wp-json\/wp\/v2\/types\/page"}],"author":[{"embeddable":true,"href":"https:\/\/serveiseducatius.xtec.cat\/castelldefels\/wp-json\/wp\/v2\/users\/1"}],"replies":[{"embeddable":true,"href":"https:\/\/serveiseducatius.xtec.cat\/castelldefels\/wp-json\/wp\/v2\/comments?post=306"}],"version-history":[{"count":3,"href":"https:\/\/serveiseducatius.xtec.cat\/castelldefels\/wp-json\/wp\/v2\/pages\/306\/revisions"}],"predecessor-version":[{"id":4446,"href":"https:\/\/serveiseducatius.xtec.cat\/castelldefels\/wp-json\/wp\/v2\/pages\/306\/revisions\/4446"}],"up":[{"embeddable":true,"href":"https:\/\/serveiseducatius.xtec.cat\/castelldefels\/wp-json\/wp\/v2\/pages\/806"}],"wp:attachment":[{"href":"https:\/\/serveiseducatius.xtec.cat\/castelldefels\/wp-json\/wp\/v2\/media?parent=306"}],"curies":[{"name":"wp","href":"https:\/\/api.w.org\/{rel}","templated":true}]}}