{"id":9635,"date":"2018-03-12T16:00:05","date_gmt":"2018-03-12T15:00:05","guid":{"rendered":"http:\/\/serveiseducatius.xtec.cat\/bergueda\/?page_id=9635"},"modified":"2018-03-12T16:09:00","modified_gmt":"2018-03-12T15:09:00","slug":"estadistica-i-atzar","status":"publish","type":"page","link":"https:\/\/serveiseducatius.xtec.cat\/bergueda\/estadistica-i-atzar\/","title":{"rendered":"Estad\u00edstica i atzar"},"content":{"rendered":"<table style=\"width: 1057px;\">\n<tbody>\n<tr>\n<td style=\"width: 184px;\"><img loading=\"lazy\" decoding=\"async\" class=\"size-full wp-image-9636 aligncenter\" src=\"http:\/\/serveiseducatius.xtec.cat\/bergueda\/wp-content\/uploads\/usu878\/2018\/03\/barallapoker.png\" alt=\"\" width=\"100\" height=\"74\" \/><\/td>\n<td style=\"width: 645px;\"><strong>Baralla de poker<\/strong><\/p>\n<p>Baralla que cont\u00e9 55 cartes per treballar la probabilitat (5)<\/p>\n<p>Educaci\u00f3 secund\u00e0ria i batxillerat<\/td>\n<td style=\"width: 180px;\"><img loading=\"lazy\" decoding=\"async\" class=\"size-full wp-image-9637 aligncenter\" src=\"http:\/\/serveiseducatius.xtec.cat\/bergueda\/wp-content\/uploads\/usu878\/2018\/03\/barallaespanyola.png\" alt=\"\" width=\"100\" height=\"55\" \/><\/td>\n<td style=\"width: 664px;\"><strong>Baralla espanyola<\/strong><\/p>\n<p>Baralla que cont\u00e9 48 cartes per treballar probabilitat (6)<\/p>\n<p>Educaci\u00f3 secund\u00e0ria i batxillerat<\/td>\n<\/tr>\n<tr>\n<td style=\"width: 184px;\"><img loading=\"lazy\" decoding=\"async\" class=\"size-full wp-image-9638 aligncenter\" src=\"http:\/\/serveiseducatius.xtec.cat\/bergueda\/wp-content\/uploads\/usu878\/2018\/03\/cubiletpoker.png\" alt=\"\" width=\"100\" height=\"90\" \/><\/td>\n<td style=\"width: 645px;\">Cubilet<\/p>\n<p>Un cubilet amb 5 daus de poker per treballar la probabilitat (4)<\/p>\n<p>&nbsp;<\/td>\n<td style=\"width: 180px;\"><img loading=\"lazy\" decoding=\"async\" class=\"size-full wp-image-9639 aligncenter\" src=\"http:\/\/serveiseducatius.xtec.cat\/bergueda\/wp-content\/uploads\/usu878\/2018\/03\/estadistica1rESO.png\" alt=\"\" width=\"100\" height=\"100\" \/><\/td>\n<td style=\"width: 664px;\"><strong>ARC: itinerari Estad\u00edstica i atzar<\/strong><\/p>\n<p>Les activitats que es presenten cobreixen el curr\u00edculum del bloc d&#8217;Estad\u00edstica i Atzar de primer d&#8217;ESO. Es presenten situacions diverses en les que el tractament de dades ajuda a comprendre situacions quotidianes<\/p>\n<p style=\"text-align: right;\"><strong><a href=\"http:\/\/apliense.xtec.cat\/arc\/node\/800\" target=\"_blank\" rel=\"noopener noreferrer\">+ informaci\u00f3<\/a><\/strong><\/p>\n<\/td>\n<\/tr>\n<\/tbody>\n<\/table>\n","protected":false},"excerpt":{"rendered":"<p>Baralla de poker Baralla que cont\u00e9 55 cartes per treballar la probabilitat (5) Educaci\u00f3 secund\u00e0ria i batxillerat Baralla espanyola Baralla [&hellip;]<\/p>\n","protected":false},"author":1,"featured_media":0,"parent":0,"menu_order":0,"comment_status":"closed","ping_status":"closed","template":"","meta":{"_bbp_topic_count":0,"_bbp_reply_count":0,"_bbp_total_topic_count":0,"_bbp_total_reply_count":0,"_bbp_voice_count":0,"_bbp_anonymous_reply_count":0,"_bbp_topic_count_hidden":0,"_bbp_reply_count_hidden":0,"_bbp_forum_subforum_count":0,"site-sidebar-layout":"default","site-content-layout":"","ast-site-content-layout":"","site-content-style":"default","site-sidebar-style":"default","ast-global-header-display":"","ast-banner-title-visibility":"","ast-main-header-display":"","ast-hfb-above-header-display":"","ast-hfb-below-header-display":"","ast-hfb-mobile-header-display":"","site-post-title":"","ast-breadcrumbs-content":"","ast-featured-img":"","footer-sml-layout":"","theme-transparent-header-meta":"","adv-header-id-meta":"","stick-header-meta":"","header-above-stick-meta":"","header-main-stick-meta":"","header-below-stick-meta":"","astra-migrate-meta-layouts":"default","ast-page-background-enabled":"default","ast-page-background-meta":{"desktop":{"background-color":"var(--ast-global-color-4)","background-image":"","background-repeat":"repeat","background-position":"center center","background-size":"auto","background-attachment":"scroll","background-type":"","background-media":"","overlay-type":"","overlay-color":"","overlay-opacity":"","overlay-gradient":""},"tablet":{"background-color":"","background-image":"","background-repeat":"repeat","background-position":"center center","background-size":"auto","background-attachment":"scroll","background-type":"","background-media":"","overlay-type":"","overlay-color":"","overlay-opacity":"","overlay-gradient":""},"mobile":{"background-color":"","background-image":"","background-repeat":"repeat","background-position":"center center","background-size":"auto","background-attachment":"scroll","background-type":"","background-media":"","overlay-type":"","overlay-color":"","overlay-opacity":"","overlay-gradient":""}},"ast-content-background-meta":{"desktop":{"background-color":"var(--ast-global-color-5)","background-image":"","background-repeat":"repeat","background-position":"center center","background-size":"auto","background-attachment":"scroll","background-type":"","background-media":"","overlay-type":"","overlay-color":"","overlay-opacity":"","overlay-gradient":""},"tablet":{"background-color":"var(--ast-global-color-5)","background-image":"","background-repeat":"repeat","background-position":"center center","background-size":"auto","background-attachment":"scroll","background-type":"","background-media":"","overlay-type":"","overlay-color":"","overlay-opacity":"","overlay-gradient":""},"mobile":{"background-color":"var(--ast-global-color-5)","background-image":"","background-repeat":"repeat","background-position":"center center","background-size":"auto","background-attachment":"scroll","background-type":"","background-media":"","overlay-type":"","overlay-color":"","overlay-opacity":"","overlay-gradient":""}},"footnotes":""},"class_list":["post-9635","page","type-page","status-publish","hentry"],"post_mailing_queue_ids":[],"_links":{"self":[{"href":"https:\/\/serveiseducatius.xtec.cat\/bergueda\/wp-json\/wp\/v2\/pages\/9635","targetHints":{"allow":["GET"]}}],"collection":[{"href":"https:\/\/serveiseducatius.xtec.cat\/bergueda\/wp-json\/wp\/v2\/pages"}],"about":[{"href":"https:\/\/serveiseducatius.xtec.cat\/bergueda\/wp-json\/wp\/v2\/types\/page"}],"author":[{"embeddable":true,"href":"https:\/\/serveiseducatius.xtec.cat\/bergueda\/wp-json\/wp\/v2\/users\/1"}],"replies":[{"embeddable":true,"href":"https:\/\/serveiseducatius.xtec.cat\/bergueda\/wp-json\/wp\/v2\/comments?post=9635"}],"version-history":[{"count":2,"href":"https:\/\/serveiseducatius.xtec.cat\/bergueda\/wp-json\/wp\/v2\/pages\/9635\/revisions"}],"predecessor-version":[{"id":9643,"href":"https:\/\/serveiseducatius.xtec.cat\/bergueda\/wp-json\/wp\/v2\/pages\/9635\/revisions\/9643"}],"wp:attachment":[{"href":"https:\/\/serveiseducatius.xtec.cat\/bergueda\/wp-json\/wp\/v2\/media?parent=9635"}],"curies":[{"name":"wp","href":"https:\/\/api.w.org\/{rel}","templated":true}]}}