{"id":9593,"date":"2018-03-12T13:48:56","date_gmt":"2018-03-12T12:48:56","guid":{"rendered":"http:\/\/serveiseducatius.xtec.cat\/bergueda\/?page_id=9593"},"modified":"2018-03-13T10:00:19","modified_gmt":"2018-03-13T09:00:19","slug":"mesura","status":"publish","type":"page","link":"https:\/\/serveiseducatius.xtec.cat\/bergueda\/mesura\/","title":{"rendered":"Mesura"},"content":{"rendered":"<p>Les\u00a0fitxes han estat elaborades pel grup de treball \u00a0<a href=\"http:\/\/www.xtec.cat\/se-anoia\/recursosmates\/presenta\/m3a.png\" rel=\"nofollow\"><img decoding=\"async\" src=\"http:\/\/www.xtec.cat\/se-anoia\/recursosmates\/presenta\/m3a.png\" border=\"0\" \/><\/a>\u00a0<b>M<\/b>aterial\u00a0<b>M<\/b>anipulatiu\u00a0<b>M<\/b>atem\u00e0tic\u00a0<b>A<\/b>noia, coordinat per Jordi Payr\u00f3 i Catal\u00e1, mestre i professor de matem\u00e0tiques, i dinamitzat pel CRP de l&#8217;Anoia.<\/p>\n<table style=\"width: 1039px;\">\n<tbody>\n<tr>\n<td style=\"width: 112px;\"><img loading=\"lazy\" decoding=\"async\" class=\"size-full wp-image-9595 aligncenter\" src=\"http:\/\/serveiseducatius.xtec.cat\/bergueda\/wp-content\/uploads\/usu878\/2018\/03\/roda_metrica.png\" alt=\"\" width=\"55\" height=\"85\" \/><\/td>\n<td style=\"width: 411px;\"><strong>Roda m\u00e8trica<\/strong><\/p>\n<p>Aparell per mesurar longituds grans alterra. Una volta de la roda \u00e9s un metre<\/p>\n<p><strong>Educaci\u00f3 prim\u00e0ria i secund\u00e0ria<\/strong><\/td>\n<td style=\"width: 119px;\"><img loading=\"lazy\" decoding=\"async\" class=\"size-full wp-image-9596 aligncenter\" src=\"http:\/\/serveiseducatius.xtec.cat\/bergueda\/wp-content\/uploads\/usu878\/2018\/03\/teodolit.png\" alt=\"\" width=\"36\" height=\"113\" \/><\/td>\n<td style=\"width: 394px;\"><strong>Teodolit<\/strong><\/p>\n<p>Instrument de mesura d&#8217;angles. Amb altres eines auxiliars pot mesurar dist\u00e0ncies i desnivells<\/p>\n<p><strong>Educaci\u00f3 secund\u00e0ria i batxillerat\u00a0 \u00a0 \u00a0 \u00a0 \u00a0 \u00a0 \u00a0<\/strong><strong><a href=\"http:\/\/www.xtec.cat\/se-anoia\/recursosmates\/mesura\/Teodolit.pdf\" target=\"_blank\" rel=\"nofollow noopener noreferrer\">Fitxa de\u00a0<img decoding=\"async\" src=\"http:\/\/www.xtec.cat\/crp-bergueda\/maletes_pedagogiques\/matematica\/m3a.png\" border=\"0\" \/><\/a><\/strong><\/td>\n<\/tr>\n<tr>\n<td style=\"width: 112px;\"><img loading=\"lazy\" decoding=\"async\" class=\"size-full wp-image-9597 aligncenter\" src=\"http:\/\/serveiseducatius.xtec.cat\/bergueda\/wp-content\/uploads\/usu878\/2018\/03\/peurei_gran.png\" alt=\"\" width=\"53\" height=\"85\" \/><\/td>\n<td style=\"width: 411px;\"><strong>Calibrador gegant<\/strong><\/p>\n<p>Instrument per mesurar gruixos i les dimensions exteriors d&#8217;objectes grans. Est\u00e0 graduat des d&#8217;un mil\u00b7limetre fins a un metre<\/p>\n<p><strong>Educaci\u00f3 prim\u00e0ria\u00a0 \u00a0 \u00a0 \u00a0 \u00a0 \u00a0 \u00a0 \u00a0 \u00a0 \u00a0 \u00a0 \u00a0 \u00a0 \u00a0 \u00a0 \u00a0 \u00a0 \u00a0 \u00a0<\/strong><strong><a href=\"http:\/\/www.xtec.cat\/se-anoia\/recursosmates\/mesura\/Peu%20de%20rei.pdf\" target=\"_blank\" rel=\"nofollow noopener noreferrer\">Fitxa de\u00a0<img decoding=\"async\" src=\"http:\/\/www.xtec.cat\/crp-bergueda\/maletes_pedagogiques\/matematica\/m3a.png\" border=\"0\" \/><\/a><\/strong><\/td>\n<td style=\"width: 119px;\">\u00a0<img loading=\"lazy\" decoding=\"async\" class=\"size-full wp-image-9598 aligncenter\" src=\"http:\/\/serveiseducatius.xtec.cat\/bergueda\/wp-content\/uploads\/usu878\/2018\/03\/peu_rei.png\" alt=\"\" width=\"113\" height=\"36\" \/><\/td>\n<td style=\"width: 394px;\"><strong>Peu de rei \/ calibrador<\/strong><\/p>\n<p>Permet fer lectures precises de gruixos, di\u00e0metres exteriors, interiors i profunditats de diferents peces<\/p>\n<p><strong>Educaci\u00f3 prim\u00e0ria i secund\u00e0ria<\/strong><\/td>\n<\/tr>\n<tr>\n<td style=\"width: 112px;\"><img loading=\"lazy\" decoding=\"async\" class=\"size-full wp-image-9609 aligncenter\" src=\"http:\/\/serveiseducatius.xtec.cat\/bergueda\/wp-content\/uploads\/usu878\/2018\/03\/mesurador_angular.png\" alt=\"\" width=\"85\" height=\"40\" \/><\/td>\n<td style=\"width: 411px;\"><strong>Mesurador angular<\/strong><\/p>\n<p>Dues peces enganxades amb forma de pin\u00e7a. Una de les dues peces est\u00e0 graduada per fer circunfer\u00e8ncies de di\u00e0metre compr\u00e8s entre 10 i 32 cm de radi. Tamb\u00e9 disposa de dues petites finestres per a la lectura d&#8217;angles (obertura esquerra) i per a mesures de longitud (obertura dreta)<\/p>\n<p><strong>Educaci\u00f3 prim\u00e0ria i secund\u00e0ria<\/strong><\/td>\n<td style=\"width: 119px;\"><img loading=\"lazy\" decoding=\"async\" class=\"size-full wp-image-9610 aligncenter\" src=\"http:\/\/serveiseducatius.xtec.cat\/bergueda\/wp-content\/uploads\/usu878\/2018\/03\/clinometre.png\" alt=\"\" width=\"113\" height=\"62\" \/><\/td>\n<td style=\"width: 394px;\"><strong>Clin\u00f2metre<\/strong><\/p>\n<p>Aparell que serveix per mesurar angles. B\u00e0sicament utilitzat per faliliaritzar-se amb la trigonometria i calcular al\u00e7ades a partir de l&#8217;angle que forma l&#8217;esmentat objecte amb el terra.<\/p>\n<p><strong>Educaci\u00f3 secund\u00e0ria\u00a0 \u00a0 \u00a0 \u00a0 \u00a0 \u00a0 \u00a0 \u00a0 \u00a0 \u00a0 \u00a0 \u00a0 \u00a0\u00a0<\/strong><strong><a href=\"http:\/\/www.xtec.cat\/se-anoia\/recursosmates\/mesura\/Clinometre.pdf\" target=\"_blank\" rel=\"nofollow noopener noreferrer\">Fitxa de\u00a0<img decoding=\"async\" src=\"http:\/\/www.xtec.cat\/crp-bergueda\/maletes_pedagogiques\/matematica\/m3a.png\" border=\"0\" \/><\/a><\/strong><\/td>\n<\/tr>\n<tr>\n<td style=\"width: 112px;\"><img loading=\"lazy\" decoding=\"async\" class=\"size-full wp-image-9612 aligncenter\" src=\"http:\/\/serveiseducatius.xtec.cat\/bergueda\/wp-content\/uploads\/usu878\/2018\/03\/balan_invicta.png\" alt=\"\" width=\"85\" height=\"49\" \/><\/td>\n<td style=\"width: 411px;\"><strong>Balan\u00e7a<\/strong><\/p>\n<p>Material per treballar conceptes de mesura, equival\u00e8ncies l\u00edquid-pes. Les cubetes serveixen tant per materials l\u00edquids com per a s\u00f2lids i estan marcades en graduacions de 100 cm<sup>3<\/sup><\/p>\n<p><strong>Educaci\u00f3 prim\u00e0ria\u00a0<\/strong><\/td>\n<td style=\"width: 119px;\"><img loading=\"lazy\" decoding=\"async\" class=\"size-full wp-image-9613 aligncenter\" src=\"http:\/\/serveiseducatius.xtec.cat\/bergueda\/wp-content\/uploads\/usu878\/2018\/03\/romana.png\" alt=\"\" width=\"85\" height=\"62\" \/><\/td>\n<td style=\"width: 394px;\"><strong>Romana<\/strong><\/p>\n<p>Balan\u00e7a port\u00e0til de ferro formada per una barra graduada, tres ganxos i un pes<\/p>\n<p>&nbsp;<\/p>\n<p><strong>Educaci\u00f3 prim\u00e0ria i secund\u00e0ria\u00a0<\/strong><\/td>\n<\/tr>\n<tr>\n<td style=\"width: 112px;\"><img loading=\"lazy\" decoding=\"async\" class=\"size-full wp-image-9614 aligncenter\" src=\"http:\/\/serveiseducatius.xtec.cat\/bergueda\/wp-content\/uploads\/usu878\/2018\/03\/clisimetre.png\" alt=\"\" width=\"85\" height=\"64\" \/><\/td>\n<td style=\"width: 411px;\"><strong>Cl\u00edsimetre<\/strong><\/p>\n<p>Instrument per determinar la difer\u00e8ncia de nivell entre dos o m\u00e9s punts de terreny molt inclinats, o b\u00e9 per a tra\u00e7ar sobre el terreny una recta de pendent determinat<\/p>\n<p><strong>Educaci\u00f3 secund\u00e0ria i Batxillerat<\/strong><\/td>\n<td style=\"width: 119px;\"><img loading=\"lazy\" decoding=\"async\" class=\"size-full wp-image-9615 aligncenter\" src=\"http:\/\/serveiseducatius.xtec.cat\/bergueda\/wp-content\/uploads\/usu878\/2018\/03\/goniometre.png\" alt=\"\" width=\"85\" height=\"57\" \/><\/td>\n<td style=\"width: 394px;\"><strong>Goni\u00f2metre<\/strong><\/p>\n<p>Instrument per a mesurar angles consistent en un semicercle graduat en graus sexagesimals i en precisi\u00f3 un grau, al centre del qual va unit un regle de 10 cm<\/p>\n<p><strong>Educaci\u00f3 prim\u00e0ria i secund\u00e0ria<\/strong><\/td>\n<\/tr>\n<tr>\n<td style=\"width: 112px;\"><img loading=\"lazy\" decoding=\"async\" class=\"size-full wp-image-9616 aligncenter\" src=\"http:\/\/serveiseducatius.xtec.cat\/bergueda\/wp-content\/uploads\/usu878\/2018\/03\/curvimetre.png\" alt=\"\" width=\"85\" height=\"85\" \/><\/td>\n<td style=\"width: 411px;\"><strong>Curv\u00edmetre<\/strong><\/p>\n<p>Aparell per determinar dist\u00e0nceis sobre pl\u00e0nols, mapes &#8230;<\/p>\n<p><strong>Educaci\u00f3 prim\u00e0ria i secund\u00e0ria<\/strong><\/td>\n<td style=\"width: 119px;\"><img loading=\"lazy\" decoding=\"async\" class=\"size-full wp-image-9617 aligncenter\" src=\"http:\/\/serveiseducatius.xtec.cat\/bergueda\/wp-content\/uploads\/usu878\/2018\/03\/comptador_manual.png\" alt=\"\" width=\"84\" height=\"85\" \/><\/td>\n<td style=\"width: 394px;\"><strong>Comptador manual<\/strong><\/p>\n<p>Instrument per comptar manualment un conjunt d&#8217;objectes<\/p>\n<p><strong>Educaci\u00f3 prim\u00e0ria i secund\u00e0ria<\/strong><\/td>\n<\/tr>\n<tr>\n<td style=\"width: 112px;\"><img loading=\"lazy\" decoding=\"async\" class=\"size-full wp-image-9618 aligncenter\" src=\"http:\/\/serveiseducatius.xtec.cat\/bergueda\/wp-content\/uploads\/usu878\/2018\/03\/bruixola_normal.png\" alt=\"\" width=\"73\" height=\"85\" \/><\/td>\n<td style=\"width: 411px;\"><strong>Br\u00faixola<\/strong><\/p>\n<p>Instrument d&#8217;orientaci\u00f3, amb una agulla imantada i una esfera on hi ha marcats els punt cardinals i la graduaci\u00f3 sexagesimal. A un costat hi ha un visor on es pot llegir la graduaci\u00f3<\/p>\n<p><strong>Educaci\u00f3 prim\u00e0ria i secund\u00e0ria<\/strong><\/td>\n<td style=\"width: 119px;\"><img loading=\"lazy\" decoding=\"async\" class=\"size-full wp-image-9619 aligncenter\" src=\"http:\/\/serveiseducatius.xtec.cat\/bergueda\/wp-content\/uploads\/usu878\/2018\/03\/bruixola_especial.png\" alt=\"\" width=\"80\" height=\"84\" \/><\/td>\n<td style=\"width: 394px;\"><strong>Br\u00faixola especial<\/strong><\/p>\n<p>Instrument d&#8217;orientaci\u00f3, amb una agulla imantada i una esfera on hi ha marcats els punt cardinals i la graduaci\u00f3 sexagesimal. Disposa d&#8217;un sistema d&#8217;ajustament de declinaci\u00f3, de clin\u00f2metre i de limbe graduat<\/p>\n<p><strong>Educaci\u00f3 secund\u00e0ria<\/strong><\/td>\n<\/tr>\n<tr>\n<td style=\"width: 112px;\"><img loading=\"lazy\" decoding=\"async\" class=\"size-full wp-image-9620 aligncenter\" src=\"http:\/\/serveiseducatius.xtec.cat\/bergueda\/wp-content\/uploads\/usu878\/2018\/03\/clinometer.png\" alt=\"\" width=\"85\" height=\"64\" \/><\/td>\n<td style=\"width: 411px;\"><strong>Clin\u00f2metre<\/strong><\/p>\n<p>Aparell per mesurar l&#8217;angle respecte la vertical de certs elements (torres, arbres, pals &#8230;)<\/p>\n<p><strong>Educaci\u00f3 secund\u00e0ria<\/strong><\/td>\n<td style=\"width: 119px;\"><img loading=\"lazy\" decoding=\"async\" class=\"size-full wp-image-9621 aligncenter\" src=\"http:\/\/serveiseducatius.xtec.cat\/bergueda\/wp-content\/uploads\/usu878\/2018\/03\/decimetre_cubic.png\" alt=\"\" width=\"74\" height=\"85\" \/><\/td>\n<td style=\"width: 394px;\"><strong>Dec\u00edmetre c\u00fabic desmuntable<\/strong><\/p>\n<p>Peces de fusta que muntades formen 1 dec\u00edmetre c\u00fabic<\/p>\n<p><strong>Educaci\u00f3 prim\u00e0ria<\/strong><\/td>\n<\/tr>\n<tr>\n<td style=\"width: 112px;\"><img loading=\"lazy\" decoding=\"async\" class=\"size-full wp-image-9622 aligncenter\" src=\"http:\/\/serveiseducatius.xtec.cat\/bergueda\/wp-content\/uploads\/usu878\/2018\/03\/estimator.png\" alt=\"\" width=\"81\" height=\"85\" \/><\/td>\n<td style=\"width: 411px;\"><strong>Estimator (mesurador sonor)<\/strong><\/p>\n<p>Aparell electr\u00f2nic per mesurar r\u00e0pidament dist\u00e0ncies compreses entre 60 cm i 10 m, sempre de manera aproximada, utilitzant la tecnologia dels ultrasons<\/p>\n<p><strong>Educaci\u00f3 prim\u00e0ria i secund\u00e0ria<\/strong><\/td>\n<td style=\"width: 119px;\"><img loading=\"lazy\" decoding=\"async\" class=\"size-full wp-image-9623 aligncenter\" src=\"http:\/\/serveiseducatius.xtec.cat\/bergueda\/wp-content\/uploads\/usu878\/2018\/03\/nivel.png\" alt=\"\" width=\"85\" height=\"71\" \/><\/td>\n<td style=\"width: 394px;\"><strong>Nivell<\/strong><\/p>\n<p>Instrument allargat amb dos tubs plens d&#8217;aigua acolorida que permet comprovar la horitzontalitat i verticalitat d&#8217;un pla<\/p>\n<p><strong>Educaci\u00f3 prim\u00e0ria i secund\u00e0ria<\/strong><\/td>\n<\/tr>\n<tr>\n<td style=\"width: 112px;\"><img loading=\"lazy\" decoding=\"async\" class=\"size-full wp-image-9624 aligncenter\" src=\"http:\/\/serveiseducatius.xtec.cat\/bergueda\/wp-content\/uploads\/usu878\/2018\/03\/escalimetre_regle.png\" alt=\"\" width=\"85\" height=\"45\" \/><\/td>\n<td style=\"width: 411px;\"><strong>Escal\u00edmetre<\/strong><\/p>\n<p>Regle triangular amb sis escales<\/p>\n<p><strong>Educaci\u00f3 prim\u00e0ria i secund\u00e0ria<\/strong><\/td>\n<td style=\"width: 119px;\"><img loading=\"lazy\" decoding=\"async\" class=\"size-full wp-image-9625 aligncenter\" src=\"http:\/\/serveiseducatius.xtec.cat\/bergueda\/wp-content\/uploads\/usu878\/2018\/03\/escalimetre.png\" alt=\"\" width=\"85\" height=\"63\" \/><\/td>\n<td style=\"width: 394px;\"><strong>Escal\u00edmetre de butxaca<\/strong><\/p>\n<p>Conjunt de cins regles, graduats a diferents escales, que es poden obrir en forma de ventall<\/p>\n<p><strong>Educaci\u00f3 prim\u00e0ria i secund\u00e0ria<\/strong><\/td>\n<\/tr>\n<tr>\n<td style=\"width: 112px;\"><img loading=\"lazy\" decoding=\"async\" class=\"size-full wp-image-9626 aligncenter\" src=\"http:\/\/serveiseducatius.xtec.cat\/bergueda\/wp-content\/uploads\/usu878\/2018\/03\/cinta_pi.png\" alt=\"\" width=\"85\" height=\"37\" \/><\/p>\n<p><img loading=\"lazy\" decoding=\"async\" class=\"size-full wp-image-9627 aligncenter\" src=\"http:\/\/serveiseducatius.xtec.cat\/bergueda\/wp-content\/uploads\/usu878\/2018\/03\/cintapi.png\" alt=\"\" width=\"80\" height=\"85\" \/><\/td>\n<td style=\"width: 411px;\"><strong>Cinta m\u00e8trica \/ cinta pi<\/strong><\/p>\n<p>Cinta de doble cara, per una banda graduada en cent\u00edmetres i per l&#8217;altra en divisions de 3,14<\/p>\n<p><strong>Educaci\u00f3 prim\u00e0ria i secund\u00e0ria<\/strong><\/td>\n<td style=\"width: 119px;\"><img loading=\"lazy\" decoding=\"async\" class=\"size-full wp-image-9628 aligncenter\" src=\"http:\/\/serveiseducatius.xtec.cat\/bergueda\/wp-content\/uploads\/usu878\/2018\/03\/metre_paleta.png\" alt=\"\" width=\"85\" height=\"72\" \/><\/td>\n<td style=\"width: 394px;\"><strong>Metre de paleta<\/strong><\/p>\n<p>Instrument amb peces de 20 cm de fusta articulades, amb una longitud de 2 metres. El metre est\u00e0 graduat per les dues bandes<\/p>\n<p><strong>Educaci\u00f3 prim\u00e0ria i secund\u00e0ria<\/strong><\/td>\n<\/tr>\n<tr>\n<td style=\"width: 112px;\"><img loading=\"lazy\" decoding=\"async\" class=\"size-full wp-image-9630 aligncenter\" src=\"http:\/\/serveiseducatius.xtec.cat\/bergueda\/wp-content\/uploads\/usu878\/2018\/03\/capacitat.png\" alt=\"\" width=\"85\" height=\"79\" \/><\/td>\n<td style=\"width: 411px;\"><strong>Mesures de capacitat<\/strong><\/p>\n<p>Recipients cil\u00edndrics de pl\u00e0stic i amb dos agafadors. Expresen la capacitat en cm<sup>3<\/sup>. Els recipients s\u00f3n de 1000 cm<sup>3<\/sup>, 500 cm<sup>3<\/sup>, 250 cm<sup>3<\/sup> i 125 cm<sup>3<\/sup><\/p>\n<p><strong>Educaci\u00f3 prim\u00e0ria i secund\u00e0ria<\/strong><\/td>\n<td style=\"width: 119px;\"><img loading=\"lazy\" decoding=\"async\" class=\"size-full wp-image-9631 aligncenter\" src=\"http:\/\/serveiseducatius.xtec.cat\/bergueda\/wp-content\/uploads\/usu878\/2018\/03\/joc_mesures.png\" alt=\"\" width=\"73\" height=\"85\" \/><\/td>\n<td style=\"width: 394px;\"><strong>Mesures de capacitat<\/strong><\/p>\n<p>Recipients cil\u00edndrics de pl\u00e0stic i amb nansa per a mesurar l\u00edquids. Expresen la capacitat en litres. Els recipients s\u00f3n de 2 l, 1 l, 1\/2 l, 1\/4 l, i 1\/8 de litre<\/p>\n<p><strong>Educaci\u00f3 prim\u00e0ria i secund\u00e0ria<\/strong><\/td>\n<\/tr>\n<tr>\n<td style=\"width: 112px;\"><img loading=\"lazy\" decoding=\"async\" class=\"size-full wp-image-9632 aligncenter\" src=\"http:\/\/serveiseducatius.xtec.cat\/bergueda\/wp-content\/uploads\/usu878\/2018\/03\/mesura.png\" alt=\"\" width=\"142\" height=\"78\" \/><\/td>\n<td style=\"width: 411px;\"><strong>Mesures de capacitat<\/strong><\/p>\n<p>Cinc recipients de pl\u00e0stic transparents de diferents formes i al\u00e7ades graduats en cm<sup>3<\/sup>. Quatre s\u00f3n de capacitat m\u00e0xima de 1000 cm<sup>3<\/sup> \/ 1 litre i una de capacitat m\u00e0xima de 500 cm<sup>3<\/sup><\/p>\n<p><strong>Educaci\u00f3 prim\u00e0ria i secund\u00e0ria<\/strong><\/td>\n<td style=\"width: 119px;\"><img loading=\"lazy\" decoding=\"async\" class=\"size-full wp-image-9633 aligncenter\" src=\"http:\/\/serveiseducatius.xtec.cat\/bergueda\/wp-content\/uploads\/usu878\/2018\/03\/rellotges.png\" alt=\"\" width=\"150\" height=\"116\" \/><\/td>\n<td style=\"width: 394px;\"><strong>Rellotges<\/strong><\/p>\n<p>Treballar les hores<\/p>\n<p>&nbsp;<\/p>\n<p><strong>Educaci\u00f3 prim\u00e0ria<\/strong><\/td>\n<\/tr>\n<\/tbody>\n<\/table>\n<p>&nbsp;<\/p>\n","protected":false},"excerpt":{"rendered":"<p>Les\u00a0fitxes han estat elaborades pel grup de treball \u00a0\u00a0Material\u00a0Manipulatiu\u00a0Matem\u00e0tic\u00a0Anoia, coordinat per Jordi Payr\u00f3 i Catal\u00e1, mestre i professor de matem\u00e0tiques, [&hellip;]<\/p>\n","protected":false},"author":1,"featured_media":0,"parent":0,"menu_order":0,"comment_status":"closed","ping_status":"closed","template":"","meta":{"_bbp_topic_count":0,"_bbp_reply_count":0,"_bbp_total_topic_count":0,"_bbp_total_reply_count":0,"_bbp_voice_count":0,"_bbp_anonymous_reply_count":0,"_bbp_topic_count_hidden":0,"_bbp_reply_count_hidden":0,"_bbp_forum_subforum_count":0,"site-sidebar-layout":"default","site-content-layout":"","ast-site-content-layout":"","site-content-style":"default","site-sidebar-style":"default","ast-global-header-display":"","ast-banner-title-visibility":"","ast-main-header-display":"","ast-hfb-above-header-display":"","ast-hfb-below-header-display":"","ast-hfb-mobile-header-display":"","site-post-title":"","ast-breadcrumbs-content":"","ast-featured-img":"","footer-sml-layout":"","theme-transparent-header-meta":"","adv-header-id-meta":"","stick-header-meta":"","header-above-stick-meta":"","header-main-stick-meta":"","header-below-stick-meta":"","astra-migrate-meta-layouts":"default","ast-page-background-enabled":"default","ast-page-background-meta":{"desktop":{"background-color":"var(--ast-global-color-4)","background-image":"","background-repeat":"repeat","background-position":"center center","background-size":"auto","background-attachment":"scroll","background-type":"","background-media":"","overlay-type":"","overlay-color":"","overlay-opacity":"","overlay-gradient":""},"tablet":{"background-color":"","background-image":"","background-repeat":"repeat","background-position":"center center","background-size":"auto","background-attachment":"scroll","background-type":"","background-media":"","overlay-type":"","overlay-color":"","overlay-opacity":"","overlay-gradient":""},"mobile":{"background-color":"","background-image":"","background-repeat":"repeat","background-position":"center center","background-size":"auto","background-attachment":"scroll","background-type":"","background-media":"","overlay-type":"","overlay-color":"","overlay-opacity":"","overlay-gradient":""}},"ast-content-background-meta":{"desktop":{"background-color":"var(--ast-global-color-5)","background-image":"","background-repeat":"repeat","background-position":"center center","background-size":"auto","background-attachment":"scroll","background-type":"","background-media":"","overlay-type":"","overlay-color":"","overlay-opacity":"","overlay-gradient":""},"tablet":{"background-color":"var(--ast-global-color-5)","background-image":"","background-repeat":"repeat","background-position":"center center","background-size":"auto","background-attachment":"scroll","background-type":"","background-media":"","overlay-type":"","overlay-color":"","overlay-opacity":"","overlay-gradient":""},"mobile":{"background-color":"var(--ast-global-color-5)","background-image":"","background-repeat":"repeat","background-position":"center center","background-size":"auto","background-attachment":"scroll","background-type":"","background-media":"","overlay-type":"","overlay-color":"","overlay-opacity":"","overlay-gradient":""}},"footnotes":""},"class_list":["post-9593","page","type-page","status-publish","hentry"],"post_mailing_queue_ids":[],"_links":{"self":[{"href":"https:\/\/serveiseducatius.xtec.cat\/bergueda\/wp-json\/wp\/v2\/pages\/9593","targetHints":{"allow":["GET"]}}],"collection":[{"href":"https:\/\/serveiseducatius.xtec.cat\/bergueda\/wp-json\/wp\/v2\/pages"}],"about":[{"href":"https:\/\/serveiseducatius.xtec.cat\/bergueda\/wp-json\/wp\/v2\/types\/page"}],"author":[{"embeddable":true,"href":"https:\/\/serveiseducatius.xtec.cat\/bergueda\/wp-json\/wp\/v2\/users\/1"}],"replies":[{"embeddable":true,"href":"https:\/\/serveiseducatius.xtec.cat\/bergueda\/wp-json\/wp\/v2\/comments?post=9593"}],"version-history":[{"count":3,"href":"https:\/\/serveiseducatius.xtec.cat\/bergueda\/wp-json\/wp\/v2\/pages\/9593\/revisions"}],"predecessor-version":[{"id":9655,"href":"https:\/\/serveiseducatius.xtec.cat\/bergueda\/wp-json\/wp\/v2\/pages\/9593\/revisions\/9655"}],"wp:attachment":[{"href":"https:\/\/serveiseducatius.xtec.cat\/bergueda\/wp-json\/wp\/v2\/media?parent=9593"}],"curies":[{"name":"wp","href":"https:\/\/api.w.org\/{rel}","templated":true}]}}