{"id":9376,"date":"2018-02-19T17:26:19","date_gmt":"2018-02-19T16:26:19","guid":{"rendered":"http:\/\/serveiseducatius.xtec.cat\/bergueda\/?page_id=9376"},"modified":"2018-03-02T13:00:22","modified_gmt":"2018-03-02T12:00:22","slug":"numeracio-i-calcul","status":"publish","type":"page","link":"https:\/\/serveiseducatius.xtec.cat\/bergueda\/numeracio-i-calcul\/","title":{"rendered":"Numeraci\u00f3 i c\u00e0lcul"},"content":{"rendered":"<table style=\"width: 1022px;\">\n<tbody>\n<tr>\n<td style=\"width: 129px;\"><img loading=\"lazy\" decoding=\"async\" class=\"size-full wp-image-9485 aligncenter\" src=\"http:\/\/serveiseducatius.xtec.cat\/bergueda\/wp-content\/uploads\/usu878\/2018\/02\/inicianombre.png\" alt=\"\" width=\"75\" height=\"54\" \/><\/td>\n<td style=\"width: 221px;\"><strong>Iniciaci\u00f3 al n\u00famero<\/strong><\/p>\n<p>Fitxes de fusta amb els n\u00fameros del 0 al 9. Cada nombre est\u00e0 representat xifres, lletres (lligada) i quantitat<\/p>\n<p><strong>Educaci\u00f3 infantil<\/strong><\/td>\n<td style=\"width: 124px;\"><img loading=\"lazy\" decoding=\"async\" class=\"size-full wp-image-9486 aligncenter\" src=\"http:\/\/serveiseducatius.xtec.cat\/bergueda\/wp-content\/uploads\/usu878\/2018\/02\/inicianombre2.png\" alt=\"\" width=\"75\" height=\"59\" \/><\/td>\n<td style=\"width: 214px;\"><strong>Iniciaci\u00f3 al n\u00famero<\/strong><\/p>\n<p>Fitxes de fusta amb els n\u00fameros del 0 al 9, amb figures i els signes operacionals +, -, =<\/p>\n<p>&nbsp;<\/p>\n<p><strong>Educaci\u00f3 infantil<\/strong><\/td>\n<td style=\"width: 113px;\"><img loading=\"lazy\" decoding=\"async\" class=\"size-full wp-image-9487 aligncenter\" src=\"http:\/\/serveiseducatius.xtec.cat\/bergueda\/wp-content\/uploads\/usu878\/2018\/02\/inicianombre3.png\" alt=\"\" width=\"75\" height=\"50\" \/><\/td>\n<td style=\"width: 223px;\">\u00a0<strong>Iniciaci\u00f3 al n\u00famero<\/strong><\/p>\n<p>Fitxes de fusta amb els n\u00fameros del 0 al 9 i els signes operacionals +, -, x, \/ i =<\/p>\n<p>&nbsp;<\/p>\n<p><strong>Educaci\u00f3 infantil i CI<\/strong><\/td>\n<\/tr>\n<tr>\n<td style=\"width: 129px;\">\u00a0<img loading=\"lazy\" decoding=\"async\" class=\"size-full wp-image-9490 aligncenter\" src=\"http:\/\/serveiseducatius.xtec.cat\/bergueda\/wp-content\/uploads\/usu878\/2018\/02\/numeros.png\" alt=\"\" width=\"100\" height=\"47\" \/><\/td>\n<td style=\"width: 221px;\"><strong>Iniciaci\u00f3 a la quantitat<\/strong><\/p>\n<p>Fitxes de fusta amb n\u00fameros i quantitats del 0 al 9<\/p>\n<p><strong>Educaci\u00f3 infantil<\/strong><\/td>\n<td style=\"width: 124px;\">\u00a0<img loading=\"lazy\" decoding=\"async\" class=\"size-full wp-image-9489 aligncenter\" src=\"http:\/\/serveiseducatius.xtec.cat\/bergueda\/wp-content\/uploads\/usu878\/2018\/02\/quantitat.png\" alt=\"\" width=\"100\" height=\"54\" \/><\/td>\n<td style=\"width: 214px;\"><strong>Iniciaci\u00f3n a la cantidad\u00a0<\/strong><\/p>\n<p>Fitxes de fusta amb n\u00fameros i quantitats del 0 al 9<\/p>\n<p><strong>Educaci\u00f3 infantil<\/strong><\/td>\n<td style=\"width: 113px;\">\u00a0<img loading=\"lazy\" decoding=\"async\" class=\"size-full wp-image-9491 aligncenter\" src=\"http:\/\/serveiseducatius.xtec.cat\/bergueda\/wp-content\/uploads\/usu878\/2018\/02\/dominonumfig.png\" alt=\"\" width=\"100\" height=\"74\" \/><\/td>\n<td style=\"width: 223px;\"><strong>Domin\u00f3 n\u00fameros y figuras<\/strong><\/p>\n<p>D\u00f2mino amb fitxes de fusta del n\u00famero 1 al 6<\/p>\n<p><strong>Educaci\u00f3 infantil<\/strong><\/td>\n<\/tr>\n<tr>\n<td style=\"width: 129px;\"><img loading=\"lazy\" decoding=\"async\" class=\"size-full wp-image-9513 aligncenter\" src=\"http:\/\/serveiseducatius.xtec.cat\/bergueda\/wp-content\/uploads\/usu878\/2018\/02\/dominosuma.png\" alt=\"\" width=\"100\" height=\"92\" \/><\/td>\n<td style=\"width: 221px;\"><strong>Domin\u00f3 de sumar<\/strong><\/p>\n<p>Sumar dos nombres amb el resultat m\u00e9s petit o igual a 9<\/p>\n<p>&nbsp;<\/p>\n<p><strong>Educaci\u00f3 infantil<\/strong><\/td>\n<td style=\"width: 124px;\">\u00a0<img loading=\"lazy\" decoding=\"async\" class=\"size-full wp-image-9514 aligncenter\" src=\"http:\/\/serveiseducatius.xtec.cat\/bergueda\/wp-content\/uploads\/usu878\/2018\/02\/dominoresta.png\" alt=\"\" width=\"100\" height=\"65\" \/><\/td>\n<td style=\"width: 214px;\"><strong>Domin\u00f3 de restar<\/strong><\/p>\n<p>Restar nombers del 9 al 0<\/p>\n<p>&nbsp;<\/p>\n<p><strong>Educaci\u00f3 infantil<\/strong><\/td>\n<td style=\"width: 113px;\"><img loading=\"lazy\" decoding=\"async\" class=\"size-full wp-image-9515 aligncenter\" src=\"http:\/\/serveiseducatius.xtec.cat\/bergueda\/wp-content\/uploads\/usu878\/2018\/02\/heinevetes020.png\" alt=\"\" width=\"100\" height=\"71\" \/><\/td>\n<td style=\"width: 223px;\"><strong>Entrenador 0-20 Heinevetters<\/strong><\/p>\n<p>Pr\u00e0cticar el c\u00e0lcul del 0 al 20 (comptar, sumar, restar i multiplicar). \u00c9s autocorrectiu<\/p>\n<p><strong>Cicle inicial<\/strong><\/td>\n<\/tr>\n<tr>\n<td style=\"width: 129px;\"><img loading=\"lazy\" decoding=\"async\" class=\"size-full wp-image-9516 aligncenter\" src=\"http:\/\/serveiseducatius.xtec.cat\/bergueda\/wp-content\/uploads\/usu878\/2018\/02\/heinevete0100.png\" alt=\"\" width=\"100\" height=\"73\" \/><\/td>\n<td style=\"width: 221px;\"><strong>Entrenador 0-100 Heinevetters<\/strong><\/p>\n<p>Practicar el c\u00e0lcul del 0 al 100 (sumar, restar, multiplicar i dividir). \u00c9s autocorrectiu<\/p>\n<p><strong>Cicle inicial\u00a0<\/strong><\/td>\n<td style=\"width: 124px;\"><img loading=\"lazy\" decoding=\"async\" class=\"size-full wp-image-9517 aligncenter\" src=\"http:\/\/serveiseducatius.xtec.cat\/bergueda\/wp-content\/uploads\/usu878\/2018\/02\/heinevete01000.png\" alt=\"\" width=\"100\" height=\"75\" \/><\/td>\n<td style=\"width: 214px;\"><strong>Entrenador 0-1000 Heinevetters<\/strong><\/p>\n<p>Practicar el c\u00e0lcul del 0 al 1000 (sumar, restar, multiplicar i dividir). \u00c9s autocorrectiu<\/p>\n<p><strong>Cicle mitj\u00e0<\/strong><\/td>\n<td style=\"width: 113px;\"><img loading=\"lazy\" decoding=\"async\" class=\"size-full wp-image-9518 aligncenter\" src=\"http:\/\/serveiseducatius.xtec.cat\/bergueda\/wp-content\/uploads\/usu878\/2018\/02\/heinevetes1x1.png\" alt=\"\" width=\"100\" height=\"75\" \/><\/td>\n<td style=\"width: 223px;\"><strong>Entrenador\u00a01&#215;1 Heinevetters<\/strong><\/p>\n<p>Practicar el c\u00e0lcul (sumar, restar, multiplicar i dividir). \u00c9s autocorrectiu<\/p>\n<p><strong>Cicle mitj\u00e0<\/strong><\/td>\n<\/tr>\n<tr>\n<td style=\"width: 129px;\"><img loading=\"lazy\" decoding=\"async\" class=\"size-full wp-image-9522 aligncenter\" src=\"http:\/\/serveiseducatius.xtec.cat\/bergueda\/wp-content\/uploads\/usu878\/2018\/02\/abac_1.png\" alt=\"\" width=\"100\" height=\"96\" \/><\/td>\n<td style=\"width: 221px;\"><strong>\u00c0bac<\/strong><\/p>\n<p>Eina per fer operacions aritm\u00e8tiques b\u00e0siques, suma, resta, multiplicaci\u00f3 i divis\u00f3<\/p>\n<p><strong>Educaci\u00f3 prim\u00e0ria<\/strong><\/td>\n<td style=\"width: 124px;\"><img loading=\"lazy\" decoding=\"async\" class=\"size-full wp-image-9521 aligncenter\" src=\"http:\/\/serveiseducatius.xtec.cat\/bergueda\/wp-content\/uploads\/usu878\/2018\/02\/sistempuzle.png\" alt=\"\" width=\"100\" height=\"69\" \/><\/td>\n<td style=\"width: 214px;\"><strong>System Puzzle<\/strong><\/p>\n<p>Un puzzle treballa la forma i quantitat fins a 4. L&#8217;altre compta i calcula fins a 11<\/p>\n<p><strong>Educaci\u00f3 infantil i CI<\/strong><\/td>\n<td style=\"width: 113px;\"><img loading=\"lazy\" decoding=\"async\" class=\"size-full wp-image-9520 aligncenter\" src=\"http:\/\/serveiseducatius.xtec.cat\/bergueda\/wp-content\/uploads\/usu878\/2018\/02\/dausmultiple.png\" alt=\"\" width=\"100\" height=\"67\" \/><\/td>\n<td style=\"width: 223px;\"><strong>2 dados m\u00faltiples<\/strong><\/p>\n<p>Descomposici\u00f3 de nombres fins el 12<\/p>\n<p><strong>Cicle inicial<\/strong><\/td>\n<\/tr>\n<tr>\n<td style=\"width: 129px;\"><img loading=\"lazy\" decoding=\"async\" class=\"size-full wp-image-9526 aligncenter\" src=\"http:\/\/serveiseducatius.xtec.cat\/bergueda\/wp-content\/uploads\/usu878\/2018\/02\/dausnumero.png\" alt=\"\" width=\"100\" height=\"75\" \/><\/td>\n<td style=\"width: 221px;\"><strong>Dados n\u00famero<\/strong><\/p>\n<p>Practicar sumes i restes amb daus num\u00e8rics de l&#8217;1 al 9<\/p>\n<p><strong>Cicle inicial<\/strong><\/td>\n<td style=\"width: 124px;\"><img loading=\"lazy\" decoding=\"async\" class=\"size-full wp-image-9527 aligncenter\" src=\"http:\/\/serveiseducatius.xtec.cat\/bergueda\/wp-content\/uploads\/usu878\/2018\/02\/sumirest.png\" alt=\"\" width=\"83\" height=\"100\" \/><\/td>\n<td style=\"width: 214px;\"><strong>Sumes i restes<\/strong><\/p>\n<p>Joc de cartes per practicar sumes i restes fins a 21<\/p>\n<p><strong>Cicle inicial<\/strong><\/td>\n<td style=\"width: 113px;\"><img loading=\"lazy\" decoding=\"async\" class=\"size-full wp-image-9524 aligncenter\" src=\"http:\/\/serveiseducatius.xtec.cat\/bergueda\/wp-content\/uploads\/usu878\/2018\/02\/tablamulti.png\" alt=\"\" width=\"71\" height=\"100\" \/><\/td>\n<td style=\"width: 223px;\"><strong>Taula de multiplicar<\/strong><\/p>\n<p>Joc de cartes per practiar les taules de multiplicar<\/p>\n<p><strong>Cicle mitj\u00e0<\/strong><\/td>\n<\/tr>\n<tr>\n<td style=\"width: 129px;\"><img loading=\"lazy\" decoding=\"async\" class=\"size-full wp-image-9530 aligncenter\" src=\"http:\/\/serveiseducatius.xtec.cat\/bergueda\/wp-content\/uploads\/usu878\/2018\/02\/regletas20.png\" alt=\"\" width=\"100\" height=\"90\" \/><\/td>\n<td style=\"width: 221px;\"><strong>Regletes de 20<\/strong><\/p>\n<p>Reglets per practicar la descomposici\u00f3 dels nombres, la suma i la resta<\/p>\n<p><strong>Educaci\u00f3 prim\u00e0ria<\/strong><\/td>\n<td style=\"width: 124px;\"><img loading=\"lazy\" decoding=\"async\" class=\"alignnone size-full wp-image-9529\" src=\"http:\/\/serveiseducatius.xtec.cat\/bergueda\/wp-content\/uploads\/usu878\/2018\/02\/ateliermesures.png\" alt=\"\" width=\"97\" height=\"100\" \/><\/td>\n<td style=\"width: 214px;\"><strong>Atelier Mesures<\/strong><\/p>\n<p>Reglests per practicar la descomposici\u00f3 dels nombres, la suma i la resta<\/p>\n<p><strong>Educaci\u00f3 prim\u00e0ria<\/strong><\/td>\n<td style=\"width: 113px;\">\u00a0<img loading=\"lazy\" decoding=\"async\" class=\"alignnone size-full wp-image-9531\" src=\"http:\/\/serveiseducatius.xtec.cat\/bergueda\/wp-content\/uploads\/usu878\/2018\/02\/regletes.png\" alt=\"\" width=\"100\" height=\"71\" \/><\/td>\n<td style=\"width: 223px;\"><strong>Regletes de M.A. Canals<\/strong><\/p>\n<p>Reglets que inclouen els quadrats perfectes i els cubs perfectes de l&#8217;1 al 10<\/p>\n<p><strong>Educaci\u00f3 prim\u00e0ria<\/strong><\/td>\n<\/tr>\n<tr>\n<td style=\"width: 129px;\"><img loading=\"lazy\" decoding=\"async\" class=\"alignnone size-full wp-image-9533\" src=\"http:\/\/serveiseducatius.xtec.cat\/bergueda\/wp-content\/uploads\/usu878\/2018\/02\/logicomates.png\" alt=\"\" width=\"100\" height=\"62\" \/><\/td>\n<td style=\"width: 221px;\"><strong>Logico piccolo<\/strong><\/p>\n<p>Treballa de manera aut\u00f2noma diferents nocions matem\u00e0tiques: numeraci\u00f3, ordenaci\u00f3, s\u00e8ries, sumes, orientaci\u00f3<\/p>\n<p><strong>Cicle inicial<\/strong><\/td>\n<td style=\"width: 124px;\"><img loading=\"lazy\" decoding=\"async\" class=\"size-full wp-image-9534 aligncenter\" src=\"http:\/\/serveiseducatius.xtec.cat\/bergueda\/wp-content\/uploads\/usu878\/2018\/02\/fracciofusta.png\" alt=\"\" width=\"100\" height=\"71\" \/><\/td>\n<td style=\"width: 214px;\"><strong>Juego de fracciones con hex\u00e1gonos<\/strong><\/p>\n<p>Recon\u00e8ixer i interpretar la representaci\u00f3 de fraccions<\/p>\n<p>&nbsp;<\/p>\n<p><strong>Educaci\u00f3 prim\u00e0ria<\/strong><\/td>\n<td style=\"width: 113px;\"><img loading=\"lazy\" decoding=\"async\" class=\"size-full wp-image-9532 aligncenter\" src=\"http:\/\/serveiseducatius.xtec.cat\/bergueda\/wp-content\/uploads\/usu878\/2018\/02\/barallasumes.png\" alt=\"\" width=\"100\" height=\"68\" \/><\/td>\n<td style=\"width: 223px;\"><strong>Baraja operaciones b\u00e1sicas &#8211; sumas<\/strong><\/p>\n<p>Joc de cartes per practicar sumes<\/p>\n<p>&nbsp;<\/p>\n<p><strong>Cicle inicial<\/strong><\/td>\n<\/tr>\n<tr>\n<td style=\"width: 129px;\"><img loading=\"lazy\" decoding=\"async\" class=\"size-full wp-image-9538 aligncenter\" src=\"http:\/\/serveiseducatius.xtec.cat\/bergueda\/wp-content\/uploads\/usu878\/2018\/02\/dominofracequi.png\" alt=\"\" width=\"100\" height=\"60\" \/><\/td>\n<td style=\"width: 221px;\"><strong>Domin\u00f3 de fracciones\u00a0 equivalentes<\/strong><\/p>\n<p>Recon\u00e8ixer i interpretar la representaci\u00f3 de fraccions i les fraccions equivalents<\/p>\n<p><strong>Educaci\u00f3 prim\u00e0ria<\/strong><\/td>\n<td style=\"width: 124px;\"><img loading=\"lazy\" decoding=\"async\" class=\"size-full wp-image-9536 aligncenter\" src=\"http:\/\/serveiseducatius.xtec.cat\/bergueda\/wp-content\/uploads\/usu878\/2018\/02\/balanmatematica.png\" alt=\"\" width=\"100\" height=\"66\" \/><\/td>\n<td style=\"width: 214px;\"><strong>Balan\u00e7a matem\u00e0tica<\/strong><\/p>\n<p>Joc pr practicar la descomposici\u00f3 fins el n\u00famero 10<\/p>\n<p><strong>Cicle inicial<\/strong><\/td>\n<td style=\"width: 113px;\"><img loading=\"lazy\" decoding=\"async\" class=\"size-full wp-image-9537 aligncenter\" src=\"http:\/\/serveiseducatius.xtec.cat\/bergueda\/wp-content\/uploads\/usu878\/2018\/02\/calculadora123.png\" alt=\"\" width=\"100\" height=\"74\" \/><\/td>\n<td style=\"width: 223px;\"><strong>Professor 123<\/strong><\/p>\n<p>Permet exercitar c\u00e0lcul aritm\u00e8tic i a m\u00e9s funciona com a calculadora<\/p>\n<p><strong>Cicle mitj\u00e0<\/strong><\/td>\n<\/tr>\n<tr>\n<td style=\"width: 129px;\"><img loading=\"lazy\" decoding=\"async\" class=\"size-full wp-image-9540 aligncenter\" src=\"http:\/\/serveiseducatius.xtec.cat\/bergueda\/wp-content\/uploads\/usu878\/2018\/02\/dominopercentatges.png\" alt=\"\" width=\"100\" height=\"61\" \/><\/td>\n<td style=\"width: 221px;\"><strong>Domin\u00f3s matem\u00e1ticos. porcentajes y fracciones<\/strong><\/p>\n<p>Recon\u00e8ixer i interpretar la representaci\u00f3 de fraccions<\/p>\n<p><strong>Cicle superior i secund\u00e0ria<\/strong><\/td>\n<td style=\"width: 124px;\"><img loading=\"lazy\" decoding=\"async\" class=\"size-full wp-image-9541 aligncenter\" src=\"http:\/\/serveiseducatius.xtec.cat\/bergueda\/wp-content\/uploads\/usu878\/2018\/02\/dominofracsum.png\" alt=\"\" width=\"100\" height=\"65\" \/><\/td>\n<td style=\"width: 214px;\"><strong>Domin\u00f3s matem\u00e1ticos. Fracciones:sumas y restas<\/strong><\/p>\n<p>Practicar sumes i restes de fraccions<\/p>\n<p><strong>Cicle superior i secund\u00e0ria<\/strong><\/td>\n<td style=\"width: 113px;\"><img loading=\"lazy\" decoding=\"async\" class=\"size-full wp-image-9542 aligncenter\" src=\"http:\/\/serveiseducatius.xtec.cat\/bergueda\/wp-content\/uploads\/usu878\/2018\/02\/divisorscomuns.png\" alt=\"\" width=\"100\" height=\"96\" \/><\/td>\n<td style=\"width: 223px;\"><strong>Domin\u00f3 divisores comunes<\/strong><\/p>\n<p>Practicar la multiplicaci\u00f3 i la divisi\u00f3 per trobar els denominadors dels n\u00fameros<\/p>\n<p><strong>Cicle superior i secund\u00e0ria<\/strong><\/td>\n<\/tr>\n<tr>\n<td style=\"width: 129px;\"><img loading=\"lazy\" decoding=\"async\" class=\"size-full wp-image-9546 aligncenter\" src=\"http:\/\/serveiseducatius.xtec.cat\/bergueda\/wp-content\/uploads\/usu878\/2018\/02\/mathe1trainer.png\" alt=\"\" width=\"100\" height=\"80\" \/><\/td>\n<td style=\"width: 221px;\"><strong>Mathe 1 Trainer Heinevetters<\/strong><\/p>\n<p>Practicar el c\u00e0lcul (operacions amb fraccions, percentatges&#8230;)<\/p>\n<p><strong>Educaci\u00f3 secund\u00e0ria<\/strong><\/td>\n<td style=\"width: 124px;\"><img loading=\"lazy\" decoding=\"async\" class=\"size-full wp-image-9545 aligncenter\" src=\"http:\/\/serveiseducatius.xtec.cat\/bergueda\/wp-content\/uploads\/usu878\/2018\/02\/dominopotencies.png\" alt=\"\" width=\"100\" height=\"67\" \/><\/td>\n<td style=\"width: 214px;\"><strong>Domin\u00f3s matem\u00e1ticos. Potencias, raices, fracciones<\/strong><\/p>\n<p>Practicar el c\u00e0lcul i la representaci\u00f3 de fraccions<\/p>\n<p><strong>Educaci\u00f3 secund\u00e0ria<\/strong><\/td>\n<td style=\"width: 113px;\">\u00a0<img loading=\"lazy\" decoding=\"async\" class=\"size-full wp-image-9544 aligncenter\" src=\"http:\/\/serveiseducatius.xtec.cat\/bergueda\/wp-content\/uploads\/usu878\/2018\/02\/dominomatematic.png\" alt=\"\" width=\"100\" height=\"76\" \/><\/td>\n<td style=\"width: 223px;\"><strong>Domin\u00f3s matem\u00e1ticos. Algebra I Algebra II<\/strong><\/p>\n<p>Practicar les diferents operacions aritm\u00e8tiques<\/p>\n<p><strong>Educaci\u00f3 secund\u00e0ria<\/strong><\/td>\n<\/tr>\n<tr>\n<td style=\"width: 129px;\"><img loading=\"lazy\" decoding=\"async\" class=\"size-full wp-image-9547 aligncenter\" src=\"http:\/\/serveiseducatius.xtec.cat\/bergueda\/wp-content\/uploads\/usu878\/2018\/02\/fracequivalents.png\" alt=\"\" width=\"69\" height=\"100\" \/><\/td>\n<td style=\"width: 221px;\"><strong>Fraccions equivalents<\/strong><\/p>\n<p>Joc de cartes per recon\u00e8ixer i interpretar la representaci\u00f3 de fraccions i les fraccions equivalents<\/p>\n<p><strong>Prim\u00e0ria i secund\u00e0ria<\/strong><\/td>\n<td style=\"width: 124px;\"><img loading=\"lazy\" decoding=\"async\" class=\"size-full wp-image-9548 aligncenter\" src=\"http:\/\/serveiseducatius.xtec.cat\/bergueda\/wp-content\/uploads\/usu878\/2018\/02\/numnegatius.png\" alt=\"\" width=\"85\" height=\"100\" \/><\/td>\n<td style=\"width: 214px;\"><strong>N\u00fameros negatius<\/strong><\/p>\n<p>Joc de cartes per practicar operacions amb nombres racionals<\/p>\n<p><strong>Educaci\u00f3 secund\u00e0ria<\/strong><\/td>\n<td style=\"width: 113px;\"><img loading=\"lazy\" decoding=\"async\" class=\"size-full wp-image-9549 aligncenter\" src=\"http:\/\/serveiseducatius.xtec.cat\/bergueda\/wp-content\/uploads\/usu878\/2018\/02\/polinomis.png\" alt=\"\" width=\"72\" height=\"100\" \/><\/td>\n<td style=\"width: 223px;\"><strong>Polinomis<\/strong><\/p>\n<p>Joc de cartes per practicar amb polinomis<\/p>\n<p>&nbsp;<\/p>\n<p><strong>Educaci\u00f3 secund\u00e0ria<\/strong><\/td>\n<\/tr>\n<tr>\n<td style=\"width: 129px;\"><img loading=\"lazy\" decoding=\"async\" class=\"size-full wp-image-9553 aligncenter\" src=\"http:\/\/serveiseducatius.xtec.cat\/bergueda\/wp-content\/uploads\/usu878\/2018\/02\/rechentrainer.png\" alt=\"\" width=\"100\" height=\"79\" \/><\/td>\n<td style=\"width: 221px;\"><strong>Rechentrainer. Heinevetters<\/strong><\/p>\n<p>Practicar c\u00e0lcul amb nombres decimals<\/p>\n<p>&nbsp;<\/p>\n<p><strong>Educaci\u00f3 secund\u00e0ria<\/strong><\/td>\n<td style=\"width: 124px;\"><img loading=\"lazy\" decoding=\"async\" class=\"size-full wp-image-9552 aligncenter\" src=\"http:\/\/serveiseducatius.xtec.cat\/bergueda\/wp-content\/uploads\/usu878\/2018\/02\/mathe2trainer.png\" alt=\"\" width=\"100\" height=\"80\" \/><\/td>\n<td style=\"width: 214px;\"><strong>Mathe 2 Trainer. Heinevettrers<\/strong><\/p>\n<p>Practicar el c\u00e0lcul amb nombres racionals, longituds i \u00e0rees<\/p>\n<p><strong>Educaci\u00f3 secund\u00e0ria<\/strong><\/td>\n<td style=\"width: 113px;\"><img loading=\"lazy\" decoding=\"async\" class=\"size-full wp-image-9551 aligncenter\" src=\"http:\/\/serveiseducatius.xtec.cat\/bergueda\/wp-content\/uploads\/usu878\/2018\/02\/heinevetersfraccio.png\" alt=\"\" width=\"100\" height=\"77\" \/><\/td>\n<td style=\"width: 223px;\"><strong>Fraction tutor. Heinevetters<\/strong><\/p>\n<p>Practicar c\u00e0lcul amb fraccions<\/p>\n<p>&nbsp;<\/p>\n<p><strong>Educaci\u00f3 secund\u00e0ria<\/strong><\/td>\n<\/tr>\n<tr>\n<td style=\"width: 129px;\"><img loading=\"lazy\" decoding=\"async\" class=\"size-full wp-image-9554 aligncenter\" src=\"http:\/\/serveiseducatius.xtec.cat\/bergueda\/wp-content\/uploads\/usu878\/2018\/02\/base10.png\" alt=\"\" width=\"81\" height=\"100\" \/><\/td>\n<td style=\"width: 221px;\"><strong>Comptem i mesurem en base 10<\/strong><\/p>\n<p>Material per treballar els nombres decimals i els canvis d&#8217;unitats de mesura: longitud, capacitat i pes<\/p>\n<p><strong>Educaci\u00f3 prim\u00e0ria<\/strong><\/td>\n<td style=\"width: 124px;\"><img loading=\"lazy\" decoding=\"async\" class=\"size-full wp-image-9555 aligncenter\" src=\"http:\/\/serveiseducatius.xtec.cat\/bergueda\/wp-content\/uploads\/usu878\/2018\/02\/miniarco.png\" alt=\"\" width=\"100\" height=\"75\" \/><\/td>\n<td style=\"width: 214px;\"><strong>Arco i Miniarco<\/strong><\/p>\n<p>Joc did\u00e0ctic autocorrectiu. Es pot treballar diferents continguts matem\u00e0tics com c\u00e0lcul, figures i formes<\/p>\n<p><strong>Educaci\u00f3 infantil i prim\u00e0ria<\/strong><\/td>\n<td style=\"width: 113px;\"><\/td>\n<td style=\"width: 223px;\"><\/td>\n<\/tr>\n<\/tbody>\n<\/table>\n<p>&nbsp;<\/p>\n","protected":false},"excerpt":{"rendered":"<p>Iniciaci\u00f3 al n\u00famero Fitxes de fusta amb els n\u00fameros del 0 al 9. Cada nombre est\u00e0 representat xifres, lletres (lligada) [&hellip;]<\/p>\n","protected":false},"author":1,"featured_media":0,"parent":0,"menu_order":0,"comment_status":"closed","ping_status":"closed","template":"","meta":{"_bbp_topic_count":0,"_bbp_reply_count":0,"_bbp_total_topic_count":0,"_bbp_total_reply_count":0,"_bbp_voice_count":0,"_bbp_anonymous_reply_count":0,"_bbp_topic_count_hidden":0,"_bbp_reply_count_hidden":0,"_bbp_forum_subforum_count":0,"site-sidebar-layout":"default","site-content-layout":"","ast-site-content-layout":"","site-content-style":"default","site-sidebar-style":"default","ast-global-header-display":"","ast-banner-title-visibility":"","ast-main-header-display":"","ast-hfb-above-header-display":"","ast-hfb-below-header-display":"","ast-hfb-mobile-header-display":"","site-post-title":"","ast-breadcrumbs-content":"","ast-featured-img":"","footer-sml-layout":"","theme-transparent-header-meta":"","adv-header-id-meta":"","stick-header-meta":"","header-above-stick-meta":"","header-main-stick-meta":"","header-below-stick-meta":"","astra-migrate-meta-layouts":"default","ast-page-background-enabled":"default","ast-page-background-meta":{"desktop":{"background-color":"var(--ast-global-color-4)","background-image":"","background-repeat":"repeat","background-position":"center center","background-size":"auto","background-attachment":"scroll","background-type":"","background-media":"","overlay-type":"","overlay-color":"","overlay-opacity":"","overlay-gradient":""},"tablet":{"background-color":"","background-image":"","background-repeat":"repeat","background-position":"center center","background-size":"auto","background-attachment":"scroll","background-type":"","background-media":"","overlay-type":"","overlay-color":"","overlay-opacity":"","overlay-gradient":""},"mobile":{"background-color":"","background-image":"","background-repeat":"repeat","background-position":"center center","background-size":"auto","background-attachment":"scroll","background-type":"","background-media":"","overlay-type":"","overlay-color":"","overlay-opacity":"","overlay-gradient":""}},"ast-content-background-meta":{"desktop":{"background-color":"var(--ast-global-color-5)","background-image":"","background-repeat":"repeat","background-position":"center center","background-size":"auto","background-attachment":"scroll","background-type":"","background-media":"","overlay-type":"","overlay-color":"","overlay-opacity":"","overlay-gradient":""},"tablet":{"background-color":"var(--ast-global-color-5)","background-image":"","background-repeat":"repeat","background-position":"center center","background-size":"auto","background-attachment":"scroll","background-type":"","background-media":"","overlay-type":"","overlay-color":"","overlay-opacity":"","overlay-gradient":""},"mobile":{"background-color":"var(--ast-global-color-5)","background-image":"","background-repeat":"repeat","background-position":"center center","background-size":"auto","background-attachment":"scroll","background-type":"","background-media":"","overlay-type":"","overlay-color":"","overlay-opacity":"","overlay-gradient":""}},"footnotes":""},"class_list":["post-9376","page","type-page","status-publish","hentry"],"post_mailing_queue_ids":[],"_links":{"self":[{"href":"https:\/\/serveiseducatius.xtec.cat\/bergueda\/wp-json\/wp\/v2\/pages\/9376","targetHints":{"allow":["GET"]}}],"collection":[{"href":"https:\/\/serveiseducatius.xtec.cat\/bergueda\/wp-json\/wp\/v2\/pages"}],"about":[{"href":"https:\/\/serveiseducatius.xtec.cat\/bergueda\/wp-json\/wp\/v2\/types\/page"}],"author":[{"embeddable":true,"href":"https:\/\/serveiseducatius.xtec.cat\/bergueda\/wp-json\/wp\/v2\/users\/1"}],"replies":[{"embeddable":true,"href":"https:\/\/serveiseducatius.xtec.cat\/bergueda\/wp-json\/wp\/v2\/comments?post=9376"}],"version-history":[{"count":3,"href":"https:\/\/serveiseducatius.xtec.cat\/bergueda\/wp-json\/wp\/v2\/pages\/9376\/revisions"}],"predecessor-version":[{"id":9556,"href":"https:\/\/serveiseducatius.xtec.cat\/bergueda\/wp-json\/wp\/v2\/pages\/9376\/revisions\/9556"}],"wp:attachment":[{"href":"https:\/\/serveiseducatius.xtec.cat\/bergueda\/wp-json\/wp\/v2\/media?parent=9376"}],"curies":[{"name":"wp","href":"https:\/\/api.w.org\/{rel}","templated":true}]}}