{"id":889,"date":"2015-11-29T15:07:18","date_gmt":"2015-11-29T14:07:18","guid":{"rendered":"http:\/\/serveiseducatius.xtec.cat\/bergueda\/\/?page_id=889"},"modified":"2022-03-14T13:25:03","modified_gmt":"2022-03-14T12:25:03","slug":"revistes","status":"publish","type":"page","link":"https:\/\/serveiseducatius.xtec.cat\/bergueda\/revistes\/","title":{"rendered":"Revistes"},"content":{"rendered":"<p><strong><a href=\"http:\/\/articles.grao.com\/\">Articles<br \/>\n<\/a><\/strong>Articles de Did\u00e0ctica de la Llengua i de la Literatura. T\u00e9 com a objectiu ser un instrument de formaci\u00f3 permanent dels professionals de l\u2019ensenyament de la llengua, un espai d\u2019intercanvi i de coneixements, opinions, recerques i experi\u00e8ncies.<\/p>\n<p><strong><a href=\"https:\/\/www.google.es\/url?sa=t&amp;rct=j&amp;q=&amp;esrc=s&amp;source=web&amp;cd=1&amp;cad=rja&amp;uact=8&amp;ved=0ahUKEwic45bT_7XJAhUHVRQKHWpqCNYQFgghMAA&amp;url=http%3A%2F%2Fauladesecundaria.grao.com%2F&amp;usg=AFQjCNFrjn4VaZXCLq7IXni-9RAMCmbMwg&amp;sig2=iJUEj1rWq3Wht_RAWKwVoQ\">Aula de secundaria<\/a><br \/>\n<\/strong>Revista bimestral dirigida especialment al professorat de l&#8217;etapa de secund\u00e0ria. Aporta eines de tutoria i orientaci\u00f3, aix\u00ed com reflexions i recursos de did\u00e0ctica.<\/p>\n<p><a href=\"http:\/\/www.editorialgavarres.cat\/index.php?option=com_redshop&amp;view=product&amp;pid=100&amp;Itemid=14\" target=\"_blank\" rel=\"noopener noreferrer\"><strong>Cad\u00ed Pedraforca<\/strong><\/a><br \/>\nRevista semestral que t\u00e9 com a objectiu deixar un testimoni gr\u00e0fic de les formes de vida a l&#8217;Alt Urgell, el Bergued\u00e0 i a Cerdanya<\/p>\n<p><strong><a href=\"http:\/\/guix.grao.com\" target=\"_blank\" rel=\"noopener noreferrer\">Guix<\/a><br \/>\n<\/strong>Guix es mant\u00e9 fidel a la tradici\u00f3 educativa i donant suport a la renovaci\u00f3 educativa pedag\u00f2gica a trav\u00e9s de la reflexi\u00f3 i la pr\u00e0ctica.<\/p>\n<p><strong><a href=\"http:\/\/www2.rosasensat.org\/revistes\/in-fan-ci-a\" target=\"_blank\" rel=\"noopener noreferrer\">In-f\u00e0n-ci-a<\/a><br \/>\n<\/strong>Revista de l\u2019Associaci\u00f3 de Mestres Rosa Sensat que contribueix a difondre diverses maneres d\u2019atendre i educar els infants, des del naixement fins als 6 anys, amb articles te\u00f2rics i pr\u00e0ctics.<\/p>\n<p><strong><a href=\"http:\/\/www.revistaerol.cat\/\" target=\"_blank\" rel=\"noopener noreferrer\">L&#8217;Erol<\/a><\/strong><br \/>\n\u00c9s una revista trimestral fundada el 1982 per l&#8217;entitat \u00c0mbit de Recerques del Bergued\u00e0 i que es defineix com a cultural en el sentit m\u00e9s ampli. Publica articles d&#8217;hist\u00f2ria, geografia, natura, llengua i literatura, patrimoni, museus, etc., de la comarca del Bergued\u00e0<\/p>\n<p><strong><a href=\"http:\/\/www2.rosasensat.org\/revistes\/perspectiva-escolar\" target=\"_blank\" rel=\"noopener noreferrer\">Perspectiva escolar<\/a><\/strong><br \/>\nRevista adre\u00e7ada als professionals dels sistema educatiu que s&#8217;ocupa de difondre accions educatives d&#8217;innovaci\u00f3 i promoure reflexions sobre els reptes de l&#8217;ensenyament obligatori.<\/p>\n<p>&nbsp;<\/p>\n","protected":false},"excerpt":{"rendered":"<p>Articles Articles de Did\u00e0ctica de la Llengua i de la Literatura. T\u00e9 com a objectiu ser un instrument de formaci\u00f3 [&hellip;]<\/p>\n","protected":false},"author":1,"featured_media":0,"parent":0,"menu_order":0,"comment_status":"closed","ping_status":"closed","template":"","meta":{"_bbp_topic_count":0,"_bbp_reply_count":0,"_bbp_total_topic_count":0,"_bbp_total_reply_count":0,"_bbp_voice_count":0,"_bbp_anonymous_reply_count":0,"_bbp_topic_count_hidden":0,"_bbp_reply_count_hidden":0,"_bbp_forum_subforum_count":0,"site-sidebar-layout":"default","site-content-layout":"","ast-site-content-layout":"","site-content-style":"default","site-sidebar-style":"default","ast-global-header-display":"","ast-banner-title-visibility":"","ast-main-header-display":"","ast-hfb-above-header-display":"","ast-hfb-below-header-display":"","ast-hfb-mobile-header-display":"","site-post-title":"","ast-breadcrumbs-content":"","ast-featured-img":"","footer-sml-layout":"","theme-transparent-header-meta":"","adv-header-id-meta":"","stick-header-meta":"","header-above-stick-meta":"","header-main-stick-meta":"","header-below-stick-meta":"","astra-migrate-meta-layouts":"default","ast-page-background-enabled":"default","ast-page-background-meta":{"desktop":{"background-color":"var(--ast-global-color-4)","background-image":"","background-repeat":"repeat","background-position":"center center","background-size":"auto","background-attachment":"scroll","background-type":"","background-media":"","overlay-type":"","overlay-color":"","overlay-opacity":"","overlay-gradient":""},"tablet":{"background-color":"","background-image":"","background-repeat":"repeat","background-position":"center center","background-size":"auto","background-attachment":"scroll","background-type":"","background-media":"","overlay-type":"","overlay-color":"","overlay-opacity":"","overlay-gradient":""},"mobile":{"background-color":"","background-image":"","background-repeat":"repeat","background-position":"center center","background-size":"auto","background-attachment":"scroll","background-type":"","background-media":"","overlay-type":"","overlay-color":"","overlay-opacity":"","overlay-gradient":""}},"ast-content-background-meta":{"desktop":{"background-color":"var(--ast-global-color-5)","background-image":"","background-repeat":"repeat","background-position":"center center","background-size":"auto","background-attachment":"scroll","background-type":"","background-media":"","overlay-type":"","overlay-color":"","overlay-opacity":"","overlay-gradient":""},"tablet":{"background-color":"var(--ast-global-color-5)","background-image":"","background-repeat":"repeat","background-position":"center center","background-size":"auto","background-attachment":"scroll","background-type":"","background-media":"","overlay-type":"","overlay-color":"","overlay-opacity":"","overlay-gradient":""},"mobile":{"background-color":"var(--ast-global-color-5)","background-image":"","background-repeat":"repeat","background-position":"center center","background-size":"auto","background-attachment":"scroll","background-type":"","background-media":"","overlay-type":"","overlay-color":"","overlay-opacity":"","overlay-gradient":""}},"footnotes":""},"class_list":["post-889","page","type-page","status-publish","hentry"],"post_mailing_queue_ids":[],"_links":{"self":[{"href":"https:\/\/serveiseducatius.xtec.cat\/bergueda\/wp-json\/wp\/v2\/pages\/889","targetHints":{"allow":["GET"]}}],"collection":[{"href":"https:\/\/serveiseducatius.xtec.cat\/bergueda\/wp-json\/wp\/v2\/pages"}],"about":[{"href":"https:\/\/serveiseducatius.xtec.cat\/bergueda\/wp-json\/wp\/v2\/types\/page"}],"author":[{"embeddable":true,"href":"https:\/\/serveiseducatius.xtec.cat\/bergueda\/wp-json\/wp\/v2\/users\/1"}],"replies":[{"embeddable":true,"href":"https:\/\/serveiseducatius.xtec.cat\/bergueda\/wp-json\/wp\/v2\/comments?post=889"}],"version-history":[{"count":3,"href":"https:\/\/serveiseducatius.xtec.cat\/bergueda\/wp-json\/wp\/v2\/pages\/889\/revisions"}],"predecessor-version":[{"id":14421,"href":"https:\/\/serveiseducatius.xtec.cat\/bergueda\/wp-json\/wp\/v2\/pages\/889\/revisions\/14421"}],"wp:attachment":[{"href":"https:\/\/serveiseducatius.xtec.cat\/bergueda\/wp-json\/wp\/v2\/media?parent=889"}],"curies":[{"name":"wp","href":"https:\/\/api.w.org\/{rel}","templated":true}]}}