{"id":8810,"date":"2017-04-03T15:30:19","date_gmt":"2017-04-03T13:30:19","guid":{"rendered":"http:\/\/serveiseducatius.xtec.cat\/bergueda\/?page_id=8810"},"modified":"2017-04-05T09:46:53","modified_gmt":"2017-04-05T07:46:53","slug":"recursos-del-bergueda","status":"publish","type":"page","link":"https:\/\/serveiseducatius.xtec.cat\/bergueda\/recursos-del-bergueda\/","title":{"rendered":"Recursos del Bergued\u00e0"},"content":{"rendered":"<p><span style=\"font-family: Arial, Helvetica;\">L&#8217;objectiu que pretenem amb aquest espai \u00e9s ajudar al professorat a con\u00e8ixer algunes possibilitats did\u00e0ctiques que ofereix el nostre entorn, que faciliti la tria i la preparaci\u00f3 de les visites a aquells que consideri m\u00e9s adients.<\/span> Els recursos que es descriuen\u00a0no s\u00f3n ni els \u00fanics ni tots els existents.<br \/>\n<span style=\"font-family: Arial, Helvetica;\">La cerca dels recursos did\u00e0ctics de la comarca es pot fer a trav\u00e9s dels municipis o per tipus de recursos (monuments, centres\u00a0 productius, \u2026)<br \/>\n<\/span><span style=\"font-family: Arial, Helvetica;\">Donat que moltes dades de les que consten poden variar, agrair\u00edem que ens ho feu\u00a0 saber si en detecteu alguna. Igualment si trobeu a faltar algun recurs que us sembli d&#8217;inter\u00e8s i es pugui visitar.<\/span><\/p>\n<p><iframe loading=\"lazy\" style=\"border: 0;\" src=\"https:\/\/www.google.com\/maps\/embed?pb=!1m18!1m12!1m3!1d189431.61878334044!2d1.7005730802142478!3d42.110275412904876!2m3!1f0!2f0!3f0!3m2!1i1024!2i768!4f13.1!3m3!1m2!1s0x12a509d1cb60c871%3A0x2fa9520617d4724f!2sEl+Bergued%C3%A0%2C+Barcelona!5e0!3m2!1sca!2ses!4v1491312783734\" width=\"600\" height=\"450\" frameborder=\"0\" allowfullscreen=\"allowfullscreen\"><\/iframe><\/p>\n","protected":false},"excerpt":{"rendered":"<p>L&#8217;objectiu que pretenem amb aquest espai \u00e9s ajudar al professorat a con\u00e8ixer algunes possibilitats did\u00e0ctiques que ofereix el nostre entorn, [&hellip;]<\/p>\n","protected":false},"author":1,"featured_media":0,"parent":0,"menu_order":0,"comment_status":"closed","ping_status":"closed","template":"page-templates\/side-menu.php","meta":{"_bbp_topic_count":0,"_bbp_reply_count":0,"_bbp_total_topic_count":0,"_bbp_total_reply_count":0,"_bbp_voice_count":0,"_bbp_anonymous_reply_count":0,"_bbp_topic_count_hidden":0,"_bbp_reply_count_hidden":0,"_bbp_forum_subforum_count":0,"site-sidebar-layout":"default","site-content-layout":"","ast-site-content-layout":"","site-content-style":"default","site-sidebar-style":"default","ast-global-header-display":"","ast-banner-title-visibility":"","ast-main-header-display":"","ast-hfb-above-header-display":"","ast-hfb-below-header-display":"","ast-hfb-mobile-header-display":"","site-post-title":"","ast-breadcrumbs-content":"","ast-featured-img":"","footer-sml-layout":"","theme-transparent-header-meta":"","adv-header-id-meta":"","stick-header-meta":"","header-above-stick-meta":"","header-main-stick-meta":"","header-below-stick-meta":"","astra-migrate-meta-layouts":"default","ast-page-background-enabled":"default","ast-page-background-meta":{"desktop":{"background-color":"var(--ast-global-color-4)","background-image":"","background-repeat":"repeat","background-position":"center center","background-size":"auto","background-attachment":"scroll","background-type":"","background-media":"","overlay-type":"","overlay-color":"","overlay-opacity":"","overlay-gradient":""},"tablet":{"background-color":"","background-image":"","background-repeat":"repeat","background-position":"center center","background-size":"auto","background-attachment":"scroll","background-type":"","background-media":"","overlay-type":"","overlay-color":"","overlay-opacity":"","overlay-gradient":""},"mobile":{"background-color":"","background-image":"","background-repeat":"repeat","background-position":"center center","background-size":"auto","background-attachment":"scroll","background-type":"","background-media":"","overlay-type":"","overlay-color":"","overlay-opacity":"","overlay-gradient":""}},"ast-content-background-meta":{"desktop":{"background-color":"var(--ast-global-color-5)","background-image":"","background-repeat":"repeat","background-position":"center center","background-size":"auto","background-attachment":"scroll","background-type":"","background-media":"","overlay-type":"","overlay-color":"","overlay-opacity":"","overlay-gradient":""},"tablet":{"background-color":"var(--ast-global-color-5)","background-image":"","background-repeat":"repeat","background-position":"center center","background-size":"auto","background-attachment":"scroll","background-type":"","background-media":"","overlay-type":"","overlay-color":"","overlay-opacity":"","overlay-gradient":""},"mobile":{"background-color":"var(--ast-global-color-5)","background-image":"","background-repeat":"repeat","background-position":"center center","background-size":"auto","background-attachment":"scroll","background-type":"","background-media":"","overlay-type":"","overlay-color":"","overlay-opacity":"","overlay-gradient":""}},"footnotes":""},"class_list":["post-8810","page","type-page","status-publish","hentry"],"post_mailing_queue_ids":[],"_links":{"self":[{"href":"https:\/\/serveiseducatius.xtec.cat\/bergueda\/wp-json\/wp\/v2\/pages\/8810","targetHints":{"allow":["GET"]}}],"collection":[{"href":"https:\/\/serveiseducatius.xtec.cat\/bergueda\/wp-json\/wp\/v2\/pages"}],"about":[{"href":"https:\/\/serveiseducatius.xtec.cat\/bergueda\/wp-json\/wp\/v2\/types\/page"}],"author":[{"embeddable":true,"href":"https:\/\/serveiseducatius.xtec.cat\/bergueda\/wp-json\/wp\/v2\/users\/1"}],"replies":[{"embeddable":true,"href":"https:\/\/serveiseducatius.xtec.cat\/bergueda\/wp-json\/wp\/v2\/comments?post=8810"}],"version-history":[{"count":3,"href":"https:\/\/serveiseducatius.xtec.cat\/bergueda\/wp-json\/wp\/v2\/pages\/8810\/revisions"}],"predecessor-version":[{"id":8947,"href":"https:\/\/serveiseducatius.xtec.cat\/bergueda\/wp-json\/wp\/v2\/pages\/8810\/revisions\/8947"}],"wp:attachment":[{"href":"https:\/\/serveiseducatius.xtec.cat\/bergueda\/wp-json\/wp\/v2\/media?parent=8810"}],"curies":[{"name":"wp","href":"https:\/\/api.w.org\/{rel}","templated":true}]}}