{"id":8266,"date":"2016-06-09T14:24:21","date_gmt":"2016-06-09T12:24:21","guid":{"rendered":"http:\/\/serveiseducatius.xtec.cat\/bergueda\/\/?page_id=8266"},"modified":"2025-07-15T05:45:47","modified_gmt":"2025-07-15T03:45:47","slug":"elic","status":"publish","type":"page","link":"https:\/\/serveiseducatius.xtec.cat\/bergueda\/el-servei-educatiu\/equip\/elic\/","title":{"rendered":"ELIC"},"content":{"rendered":"<p style=\"text-align: center;\"><a href=\"https:\/\/serveiseducatius.xtec.cat\/bergueda\/wp-content\/uploads\/usu878\/2025\/07\/ELIC1.jpg\"><img loading=\"lazy\" decoding=\"async\" class=\"alignnone size-full wp-image-20108\" src=\"https:\/\/serveiseducatius.xtec.cat\/bergueda\/wp-content\/uploads\/usu878\/2025\/07\/ELIC1.jpg\" alt=\"\" width=\"1051\" height=\"143\" srcset=\"https:\/\/serveiseducatius.xtec.cat\/bergueda\/wp-content\/uploads\/usu878\/2025\/07\/ELIC1.jpg 1051w, https:\/\/serveiseducatius.xtec.cat\/bergueda\/wp-content\/uploads\/usu878\/2025\/07\/ELIC1-300x41.jpg 300w, https:\/\/serveiseducatius.xtec.cat\/bergueda\/wp-content\/uploads\/usu878\/2025\/07\/ELIC1-1024x139.jpg 1024w, https:\/\/serveiseducatius.xtec.cat\/bergueda\/wp-content\/uploads\/usu878\/2025\/07\/ELIC1-768x104.jpg 768w\" sizes=\"auto, (max-width: 1051px) 100vw, 1051px\" \/><\/a><\/p>\n<p><span class=\"C9DxTc \">Els\u00a0<\/span><span class=\"C9DxTc \">ELIC<\/span><span class=\"C9DxTc \">\u00a0s\u00f3n Equips d\u2019assessorament i orientaci\u00f3 en\u00a0<\/span><span class=\"C9DxTc \">Llengua, Interculturalitat i Cohesi\u00f3<\/span><span class=\"C9DxTc \">\u00a0<\/span><span class=\"C9DxTc \">social<\/span><span class=\"C9DxTc \">, que donen suport a la comunitat educativa en el treball de la\u00a0<\/span><span class=\"C9DxTc \">compet\u00e8ncia ling\u00fc\u00edstica de tot l\u2019alumnat\u00a0<\/span><span class=\"C9DxTc \">i en l\u2019atenci\u00f3 d\u2019<\/span><span class=\"C9DxTc \">infants i joves nouvinguts<\/span><span class=\"C9DxTc \">\u00a0o amb risc d\u2019exclusi\u00f3 social, en l\u2019\u00e0mbit dels centres educatius i els plans educatius d\u2019entorn.<\/span><\/p>\n<p>Assessora ELIC del Bergued\u00e0 <strong>Cristina Mas i Salvans<\/strong> (cmas7<span class=\"\">@xtec.ca<\/span>t)<\/p>\n<p style=\"text-align: center;\">Podeu consultar tota la informaci\u00f3 en aquest <a href=\"https:\/\/sites.google.com\/xtec.cat\/elic-bergueda\/inici\">ENLLA\u00c7<\/a><\/p>\n<p><a href=\"https:\/\/sites.google.com\/xtec.cat\/elic-bergueda\/inici\"><img loading=\"lazy\" decoding=\"async\" class=\"alignnone size-full wp-image-20110\" src=\"https:\/\/serveiseducatius.xtec.cat\/bergueda\/wp-content\/uploads\/usu878\/2025\/07\/ELIC2.jpg\" alt=\"\" width=\"886\" height=\"370\" srcset=\"https:\/\/serveiseducatius.xtec.cat\/bergueda\/wp-content\/uploads\/usu878\/2025\/07\/ELIC2.jpg 886w, https:\/\/serveiseducatius.xtec.cat\/bergueda\/wp-content\/uploads\/usu878\/2025\/07\/ELIC2-300x125.jpg 300w, https:\/\/serveiseducatius.xtec.cat\/bergueda\/wp-content\/uploads\/usu878\/2025\/07\/ELIC2-768x321.jpg 768w\" sizes=\"auto, (max-width: 886px) 100vw, 886px\" \/><\/a><\/p>\n<p>&nbsp;<\/p>\n<p>&nbsp;<\/p>\n<p>&nbsp;<\/p>\n<p>&nbsp;<\/p>\n<p>&nbsp;<\/p>\n<p>&nbsp;<\/p>\n<p><a href=\"https:\/\/serveiseducatius.xtec.cat\/bergueda\/wp-content\/uploads\/usu878\/2025\/01\/elic-cat-central.jpg\"><img loading=\"lazy\" decoding=\"async\" class=\"wp-image-19464 alignleft\" src=\"https:\/\/serveiseducatius.xtec.cat\/bergueda\/wp-content\/uploads\/usu878\/2025\/01\/elic-cat-central.jpg\" alt=\"\" width=\"197\" height=\"118\" \/><\/a><\/p>\n<p>&nbsp;<\/p>\n","protected":false},"excerpt":{"rendered":"<p>Els\u00a0ELIC\u00a0s\u00f3n Equips d\u2019assessorament i orientaci\u00f3 en\u00a0Llengua, Interculturalitat i Cohesi\u00f3\u00a0social, que donen suport a la comunitat educativa en el treball de [&hellip;]<\/p>\n","protected":false},"author":1,"featured_media":0,"parent":306,"menu_order":0,"comment_status":"closed","ping_status":"closed","template":"","meta":{"_bbp_topic_count":0,"_bbp_reply_count":0,"_bbp_total_topic_count":0,"_bbp_total_reply_count":0,"_bbp_voice_count":0,"_bbp_anonymous_reply_count":0,"_bbp_topic_count_hidden":0,"_bbp_reply_count_hidden":0,"_bbp_forum_subforum_count":0,"site-sidebar-layout":"default","site-content-layout":"","ast-site-content-layout":"default","site-content-style":"default","site-sidebar-style":"default","ast-global-header-display":"","ast-banner-title-visibility":"","ast-main-header-display":"","ast-hfb-above-header-display":"","ast-hfb-below-header-display":"","ast-hfb-mobile-header-display":"","site-post-title":"","ast-breadcrumbs-content":"","ast-featured-img":"","footer-sml-layout":"","theme-transparent-header-meta":"default","adv-header-id-meta":"","stick-header-meta":"","header-above-stick-meta":"","header-main-stick-meta":"","header-below-stick-meta":"","astra-migrate-meta-layouts":"set","ast-page-background-enabled":"default","ast-page-background-meta":{"desktop":{"background-color":"var(--ast-global-color-4)","background-image":"","background-repeat":"repeat","background-position":"center center","background-size":"auto","background-attachment":"scroll","background-type":"","background-media":"","overlay-type":"","overlay-color":"","overlay-opacity":"","overlay-gradient":""},"tablet":{"background-color":"","background-image":"","background-repeat":"repeat","background-position":"center center","background-size":"auto","background-attachment":"scroll","background-type":"","background-media":"","overlay-type":"","overlay-color":"","overlay-opacity":"","overlay-gradient":""},"mobile":{"background-color":"","background-image":"","background-repeat":"repeat","background-position":"center center","background-size":"auto","background-attachment":"scroll","background-type":"","background-media":"","overlay-type":"","overlay-color":"","overlay-opacity":"","overlay-gradient":""}},"ast-content-background-meta":{"desktop":{"background-color":"var(--ast-global-color-5)","background-image":"","background-repeat":"repeat","background-position":"center center","background-size":"auto","background-attachment":"scroll","background-type":"","background-media":"","overlay-type":"","overlay-color":"","overlay-opacity":"","overlay-gradient":""},"tablet":{"background-color":"var(--ast-global-color-5)","background-image":"","background-repeat":"repeat","background-position":"center center","background-size":"auto","background-attachment":"scroll","background-type":"","background-media":"","overlay-type":"","overlay-color":"","overlay-opacity":"","overlay-gradient":""},"mobile":{"background-color":"var(--ast-global-color-5)","background-image":"","background-repeat":"repeat","background-position":"center center","background-size":"auto","background-attachment":"scroll","background-type":"","background-media":"","overlay-type":"","overlay-color":"","overlay-opacity":"","overlay-gradient":""}},"footnotes":""},"class_list":["post-8266","page","type-page","status-publish","hentry"],"post_mailing_queue_ids":[],"_links":{"self":[{"href":"https:\/\/serveiseducatius.xtec.cat\/bergueda\/wp-json\/wp\/v2\/pages\/8266","targetHints":{"allow":["GET"]}}],"collection":[{"href":"https:\/\/serveiseducatius.xtec.cat\/bergueda\/wp-json\/wp\/v2\/pages"}],"about":[{"href":"https:\/\/serveiseducatius.xtec.cat\/bergueda\/wp-json\/wp\/v2\/types\/page"}],"author":[{"embeddable":true,"href":"https:\/\/serveiseducatius.xtec.cat\/bergueda\/wp-json\/wp\/v2\/users\/1"}],"replies":[{"embeddable":true,"href":"https:\/\/serveiseducatius.xtec.cat\/bergueda\/wp-json\/wp\/v2\/comments?post=8266"}],"version-history":[{"count":6,"href":"https:\/\/serveiseducatius.xtec.cat\/bergueda\/wp-json\/wp\/v2\/pages\/8266\/revisions"}],"predecessor-version":[{"id":20111,"href":"https:\/\/serveiseducatius.xtec.cat\/bergueda\/wp-json\/wp\/v2\/pages\/8266\/revisions\/20111"}],"up":[{"embeddable":true,"href":"https:\/\/serveiseducatius.xtec.cat\/bergueda\/wp-json\/wp\/v2\/pages\/306"}],"wp:attachment":[{"href":"https:\/\/serveiseducatius.xtec.cat\/bergueda\/wp-json\/wp\/v2\/media?parent=8266"}],"curies":[{"name":"wp","href":"https:\/\/api.w.org\/{rel}","templated":true}]}}