{"id":8264,"date":"2016-06-09T14:19:53","date_gmt":"2016-06-09T12:19:53","guid":{"rendered":"http:\/\/serveiseducatius.xtec.cat\/bergueda\/\/?page_id=8264"},"modified":"2025-11-12T10:35:47","modified_gmt":"2025-11-12T09:35:47","slug":"eap","status":"publish","type":"page","link":"https:\/\/serveiseducatius.xtec.cat\/bergueda\/el-servei-educatiu\/equip\/eap\/","title":{"rendered":"EAP"},"content":{"rendered":"<p><a href=\"https:\/\/sites.google.com\/a\/xtec.cat\/eap-del-bergueda\/home\">ANAR A WEB EAP Bergued\u00e0<\/a><\/p>\n<p><b>EAP DEL BERGUED\u00c0<\/b><\/p>\n<p>L\u2019equip d&#8217;assessorament i orientaci\u00f3 psicopedag\u00f2gica del Bergued\u00e0 som un equip multidisciplinari format per pedagogs, psic\u00f2legs i \u00a0treballador social. Treballem per la millora de la qualitat educativa i per l\u2019atenci\u00f3 a la diversitat de tot l\u2019alumnat. Donem suport al professorat dels centres docents, a l\u2019alumnat i, a les seves fam\u00edlies. Per assolir aquests objectius treballem en xarxa \u00a0amb professionals d\u2019altres institucions de la comarca (CDIAP, pediatres, Serveis Socials, CSMIJ, Consell Comarcal&#8230;).<\/p>\n<p>&nbsp;<\/p>\n<p><b>Professionals<\/b><\/p>\n<p>Sara Isach Roca. Psic\u00f2loga. <strong>Directora<\/strong>. <strong>sisach@xtec.cat<\/strong><\/p>\n<p>Anna Davins Morales. Psic\u00f2loga. <strong>adavins@xtec.cat<\/strong><\/p>\n<p>Laia Cuquet Pujol. Psic\u00f2loga. <strong>lcuquet@xtec.cat<\/strong><\/p>\n<p>Roser Riera Escamilla. Treballadora Social. <strong>rriera8@xtec.cat\u00a0<\/strong><\/p>\n<p>Sara Clap\u00e9s Ayuda. Fisioterapeuta. <strong>sclapes1@xtec.cat<\/strong><\/p>\n<p>N\u00faria Galobardes. Fisioterapeuta. <strong>ngaloba1@xtec.cat<\/strong><\/p>\n<p>Jordi Prat Mas. Administratiu. <strong>jprat229@xtec.cat<\/strong><\/p>\n<p>&nbsp;<\/p>\n<p><b>Horari d\u2019atenci\u00f3<\/b><\/p>\n<p>Dilluns i dimarts de 15.30h a 18.00h<\/p>\n<p>&nbsp;<\/p>\n<p><b>Contacte<\/b><\/p>\n<p><a href=\"mailto:a8900259@xtec.cat\">a8900259@xtec.cat<\/a><\/p>\n<p>eap-bergueda@xtec.cat<\/p>\n<p>Tel. 93 822 05 55<\/p>\n<p>Tel. 93 821 41 90 (2)<\/p>\n<p><a href=\"http:\/\/xtec.gencat.cat\/ca\/serveis\/sez\/eap\/\">M\u00e9s informaci\u00f3 (XTEC)<\/a><\/p>\n","protected":false},"excerpt":{"rendered":"<p>ANAR A WEB EAP Bergued\u00e0 EAP DEL BERGUED\u00c0 L\u2019equip d&#8217;assessorament i orientaci\u00f3 psicopedag\u00f2gica del Bergued\u00e0 som un equip multidisciplinari format [&hellip;]<\/p>\n","protected":false},"author":1,"featured_media":0,"parent":306,"menu_order":0,"comment_status":"closed","ping_status":"closed","template":"","meta":{"_bbp_topic_count":0,"_bbp_reply_count":0,"_bbp_total_topic_count":0,"_bbp_total_reply_count":0,"_bbp_voice_count":0,"_bbp_anonymous_reply_count":0,"_bbp_topic_count_hidden":0,"_bbp_reply_count_hidden":0,"_bbp_forum_subforum_count":0,"site-sidebar-layout":"default","site-content-layout":"","ast-site-content-layout":"default","site-content-style":"default","site-sidebar-style":"default","ast-global-header-display":"","ast-banner-title-visibility":"","ast-main-header-display":"","ast-hfb-above-header-display":"","ast-hfb-below-header-display":"","ast-hfb-mobile-header-display":"","site-post-title":"","ast-breadcrumbs-content":"","ast-featured-img":"","footer-sml-layout":"","theme-transparent-header-meta":"default","adv-header-id-meta":"","stick-header-meta":"","header-above-stick-meta":"","header-main-stick-meta":"","header-below-stick-meta":"","astra-migrate-meta-layouts":"set","ast-page-background-enabled":"default","ast-page-background-meta":{"desktop":{"background-color":"var(--ast-global-color-4)","background-image":"","background-repeat":"repeat","background-position":"center center","background-size":"auto","background-attachment":"scroll","background-type":"","background-media":"","overlay-type":"","overlay-color":"","overlay-opacity":"","overlay-gradient":""},"tablet":{"background-color":"","background-image":"","background-repeat":"repeat","background-position":"center center","background-size":"auto","background-attachment":"scroll","background-type":"","background-media":"","overlay-type":"","overlay-color":"","overlay-opacity":"","overlay-gradient":""},"mobile":{"background-color":"","background-image":"","background-repeat":"repeat","background-position":"center center","background-size":"auto","background-attachment":"scroll","background-type":"","background-media":"","overlay-type":"","overlay-color":"","overlay-opacity":"","overlay-gradient":""}},"ast-content-background-meta":{"desktop":{"background-color":"var(--ast-global-color-5)","background-image":"","background-repeat":"repeat","background-position":"center center","background-size":"auto","background-attachment":"scroll","background-type":"","background-media":"","overlay-type":"","overlay-color":"","overlay-opacity":"","overlay-gradient":""},"tablet":{"background-color":"var(--ast-global-color-5)","background-image":"","background-repeat":"repeat","background-position":"center center","background-size":"auto","background-attachment":"scroll","background-type":"","background-media":"","overlay-type":"","overlay-color":"","overlay-opacity":"","overlay-gradient":""},"mobile":{"background-color":"var(--ast-global-color-5)","background-image":"","background-repeat":"repeat","background-position":"center center","background-size":"auto","background-attachment":"scroll","background-type":"","background-media":"","overlay-type":"","overlay-color":"","overlay-opacity":"","overlay-gradient":""}},"footnotes":""},"class_list":["post-8264","page","type-page","status-publish","hentry"],"post_mailing_queue_ids":[],"_links":{"self":[{"href":"https:\/\/serveiseducatius.xtec.cat\/bergueda\/wp-json\/wp\/v2\/pages\/8264","targetHints":{"allow":["GET"]}}],"collection":[{"href":"https:\/\/serveiseducatius.xtec.cat\/bergueda\/wp-json\/wp\/v2\/pages"}],"about":[{"href":"https:\/\/serveiseducatius.xtec.cat\/bergueda\/wp-json\/wp\/v2\/types\/page"}],"author":[{"embeddable":true,"href":"https:\/\/serveiseducatius.xtec.cat\/bergueda\/wp-json\/wp\/v2\/users\/1"}],"replies":[{"embeddable":true,"href":"https:\/\/serveiseducatius.xtec.cat\/bergueda\/wp-json\/wp\/v2\/comments?post=8264"}],"version-history":[{"count":7,"href":"https:\/\/serveiseducatius.xtec.cat\/bergueda\/wp-json\/wp\/v2\/pages\/8264\/revisions"}],"predecessor-version":[{"id":20349,"href":"https:\/\/serveiseducatius.xtec.cat\/bergueda\/wp-json\/wp\/v2\/pages\/8264\/revisions\/20349"}],"up":[{"embeddable":true,"href":"https:\/\/serveiseducatius.xtec.cat\/bergueda\/wp-json\/wp\/v2\/pages\/306"}],"wp:attachment":[{"href":"https:\/\/serveiseducatius.xtec.cat\/bergueda\/wp-json\/wp\/v2\/media?parent=8264"}],"curies":[{"name":"wp","href":"https:\/\/api.w.org\/{rel}","templated":true}]}}