{"id":8262,"date":"2016-06-09T14:16:35","date_gmt":"2016-06-09T12:16:35","guid":{"rendered":"http:\/\/serveiseducatius.xtec.cat\/bergueda\/\/?page_id=8262"},"modified":"2025-09-03T13:59:08","modified_gmt":"2025-09-03T11:59:08","slug":"crp","status":"publish","type":"page","link":"https:\/\/serveiseducatius.xtec.cat\/bergueda\/el-servei-educatiu\/equip\/crp\/","title":{"rendered":"CRP"},"content":{"rendered":"<div class=\"nav-menu nav-menu-style-1\">\n<p class=\"navigationImatge\">Els\u00a0<strong>CRP<\/strong>\u00a0s\u00f3n equips que donen suport a l&#8217;activitat pedag\u00f2gica dels centres i a la tasca docent de mestres i professorat, especialment, en temes de formaci\u00f3 permanent, de recursos pedag\u00f2gics i de dinamitzaci\u00f3 de projectes de centre i de la zona.<\/p>\n<p class=\"navigationImatge\">Els CRP formen part dels serveis educatius de zona (SEZ) conjuntament amb els equips de suport i assessorament en llengua, interculturalitat i cohesi\u00f3 social (ELIC) i els equips d\u2019assessorament psicopedag\u00f2gic (EAP).<\/p>\n<h4><strong>Destinataris<\/strong><\/h4>\n<p>S\u2019adrecen als centres educatius, als equips directius, als equips de docents i indirectament al seu alumnat.<\/p>\n<h4><strong>Objectius<\/strong><\/h4>\n<ul>\n<li>Oferir recursos, d&#8217;infraestructura i de serveis als centres docents, als i a les mestres i al professorat per tal que disposin de materials espec\u00edfics de les diferents \u00e0rees curriculars, de mitjans propis de la tecnologia educativa i de publicacions especialitzades.<\/li>\n<li>Localitzar, selecciona i catalogar recursos educatius i oferir-ne la informaci\u00f3, orientaci\u00f3 i assessorament per a la seva utilitzaci\u00f3.<\/li>\n<li>Donar suport a les activitats docents i a l&#8217;intercanvi d&#8217;experi\u00e8ncies educatives, per tal de fomentar la reflexi\u00f3 del professorat sobre la pr\u00e0ctica docent mateixa.<\/li>\n<li>Coordinar i organitzar l&#8217;execuci\u00f3 i el seguiment de les activitats de formaci\u00f3 permanent dels plans de formaci\u00f3 de zona (PFZ), col\u2022laborant en la detecci\u00f3 de les necessitats de formaci\u00f3 i en l&#8217;elaboraci\u00f3 de propostes per satisfer-les.<\/li>\n<\/ul>\n<h4><strong>Cat\u00e0leg de serveis<\/strong><\/h4>\n<h5><strong>Als centres educatius<\/strong><\/h5>\n<ul>\n<li>Suport i assessorament en projectes de centre (projectes d\u2019autonomia de centre, projectes TAC, projectes d\u2019organitzaci\u00f3 i \u00fas de la biblioteca escolar, projectes de conviv\u00e8ncia\u2026), tant en les fases de l\u2019elaboraci\u00f3, de l\u2019acompanyament del projecte tot aportant informaci\u00f3, recursos i formaci\u00f3, com en la fase de seguiment i valoraci\u00f3.<\/li>\n<li>Oferta i assessorament en recursos pedag\u00f2gics per al desenvolupament dels projectes de centre.<\/li>\n<li>Assessorament en formaci\u00f3 permanent, tant en l\u2019elaboraci\u00f3 del pla de formaci\u00f3 de centre com en el en el disseny, organitzaci\u00f3 i avaluaci\u00f3 de les activitats formatives en centre.<\/li>\n<li>Col\u2022laboraci\u00f3 en l\u2019avaluaci\u00f3 de l\u2019aprofitament i de la transfer\u00e8ncia de la formaci\u00f3.<\/li>\n<\/ul>\n<h5><strong>Al professorat dels centres educatius<\/strong><\/h5>\n<ul>\n<li>Informaci\u00f3 i pr\u00e9stec de materials did\u00e0ctics, curriculars i d\u2019altres recursos educatius.<\/li>\n<li>Informaci\u00f3 i assessorament en formaci\u00f3 permanent.<\/li>\n<\/ul>\n<h5><strong>A la zona<\/strong><\/h5>\n<ul>\n<li>Suport als projectes propis de la zona.<\/li>\n<li>Recollida, intercanvi i difusi\u00f3 de pr\u00e0ctiques i experi\u00e8ncies educatives.<\/li>\n<li>Disseny, elaboraci\u00f3 i dinamitzaci\u00f3 de maletes i conjunts pedag\u00f2gics relacionats amb projectes de la zona.<\/li>\n<li>Localitzaci\u00f3, selecci\u00f3, catalogaci\u00f3 i difusi\u00f3 de recursos.<\/li>\n<li>Disseny i organitzaci\u00f3 d\u2019activitats de dinamitzaci\u00f3 de la zona amb participaci\u00f3 de l\u2019alumnat.<\/li>\n<li>Disseny, organitzaci\u00f3 i impuls per a la realitzaci\u00f3 de projectes col\u2022laboratius i de creaci\u00f3 de xarxes de centres.<\/li>\n<li>Treball en xarxa amb les institucions i serveis de la zona en la detecci\u00f3 de necessitats formatives, l\u2019establiment de criteris comuns d\u2019actuaci\u00f3, el coneixement i la difusi\u00f3 de recursos.<\/li>\n<li>Disseny, organitzaci\u00f3 i gesti\u00f3 de les activitats formatives de coordinaci\u00f3 de grups docents.<\/li>\n<li>Coordinaci\u00f3 i organitzaci\u00f3 de les activitats del Pla de Formaci\u00f3 de Zona (PFZ).<\/li>\n<\/ul>\n<h5><strong>Professionals del CRP del Bergued\u00e0<\/strong><\/h5>\n<p>El nostre equip est\u00e0 format per tres membres:<\/p>\n<ul>\n<li><strong>Ivet Ortega Sant<\/strong> \u2013 Director del CRP, coordinador del Servei Educatiu i referent programes d&#8217;innovaci\u00f3.<\/li>\n<li><strong>Betlem Guill\u00e9n Ripoll <\/strong>\u2013 Assessora docent a l&#8217;Extensi\u00f3 de CRP de Bag\u00e0.<\/li>\n<li><strong>Olga N\u00fa\u00f1ez Soler<\/strong> \u2013 Assessora docent, referent Biblioteques i coeducaci\u00f3.<\/li>\n<li><strong>Anna G\u00f3mez<\/strong> &#8211; Educadora social<\/li>\n<\/ul>\n<h5><strong>Acc\u00e9s als serveis del CRP<\/strong><\/h5>\n<p>L\u2019acc\u00e9s al servei \u00e9s a partir de demandes dels centres educatius, d\u2019equips docents, de grups de professorat o en la coordinaci\u00f3 amb altres serveis i agents educatius que actuen a la zona.<\/p>\n<p>Es tracta d\u2019un servei d\u2019atenci\u00f3 directa a les demandes de mestres i professorat i s\u2019atenen les seves consultes per a proporcionar-los orientacions o assessorament o informar-los sobre serveis o recursos de la zona o externs.<\/p>\n<p>Qualsevol docent de la zona pot accedir-hi presencialment, per correu electr\u00f2nic, telef\u00f2nicament o a trav\u00e9s de les p\u00e0gines web.<\/p>\n<\/div>\n","protected":false},"excerpt":{"rendered":"<p>Els\u00a0CRP\u00a0s\u00f3n equips que donen suport a l&#8217;activitat pedag\u00f2gica dels centres i a la tasca docent de mestres i professorat, especialment, [&hellip;]<\/p>\n","protected":false},"author":1,"featured_media":0,"parent":306,"menu_order":0,"comment_status":"closed","ping_status":"closed","template":"","meta":{"_bbp_topic_count":0,"_bbp_reply_count":0,"_bbp_total_topic_count":0,"_bbp_total_reply_count":0,"_bbp_voice_count":0,"_bbp_anonymous_reply_count":0,"_bbp_topic_count_hidden":0,"_bbp_reply_count_hidden":0,"_bbp_forum_subforum_count":0,"site-sidebar-layout":"default","site-content-layout":"","ast-site-content-layout":"default","site-content-style":"default","site-sidebar-style":"default","ast-global-header-display":"","ast-banner-title-visibility":"","ast-main-header-display":"","ast-hfb-above-header-display":"","ast-hfb-below-header-display":"","ast-hfb-mobile-header-display":"","site-post-title":"","ast-breadcrumbs-content":"","ast-featured-img":"","footer-sml-layout":"","theme-transparent-header-meta":"default","adv-header-id-meta":"","stick-header-meta":"","header-above-stick-meta":"","header-main-stick-meta":"","header-below-stick-meta":"","astra-migrate-meta-layouts":"set","ast-page-background-enabled":"default","ast-page-background-meta":{"desktop":{"background-color":"var(--ast-global-color-4)","background-image":"","background-repeat":"repeat","background-position":"center center","background-size":"auto","background-attachment":"scroll","background-type":"","background-media":"","overlay-type":"","overlay-color":"","overlay-opacity":"","overlay-gradient":""},"tablet":{"background-color":"","background-image":"","background-repeat":"repeat","background-position":"center center","background-size":"auto","background-attachment":"scroll","background-type":"","background-media":"","overlay-type":"","overlay-color":"","overlay-opacity":"","overlay-gradient":""},"mobile":{"background-color":"","background-image":"","background-repeat":"repeat","background-position":"center center","background-size":"auto","background-attachment":"scroll","background-type":"","background-media":"","overlay-type":"","overlay-color":"","overlay-opacity":"","overlay-gradient":""}},"ast-content-background-meta":{"desktop":{"background-color":"var(--ast-global-color-5)","background-image":"","background-repeat":"repeat","background-position":"center center","background-size":"auto","background-attachment":"scroll","background-type":"","background-media":"","overlay-type":"","overlay-color":"","overlay-opacity":"","overlay-gradient":""},"tablet":{"background-color":"var(--ast-global-color-5)","background-image":"","background-repeat":"repeat","background-position":"center center","background-size":"auto","background-attachment":"scroll","background-type":"","background-media":"","overlay-type":"","overlay-color":"","overlay-opacity":"","overlay-gradient":""},"mobile":{"background-color":"var(--ast-global-color-5)","background-image":"","background-repeat":"repeat","background-position":"center center","background-size":"auto","background-attachment":"scroll","background-type":"","background-media":"","overlay-type":"","overlay-color":"","overlay-opacity":"","overlay-gradient":""}},"footnotes":""},"class_list":["post-8262","page","type-page","status-publish","hentry"],"post_mailing_queue_ids":[],"_links":{"self":[{"href":"https:\/\/serveiseducatius.xtec.cat\/bergueda\/wp-json\/wp\/v2\/pages\/8262","targetHints":{"allow":["GET"]}}],"collection":[{"href":"https:\/\/serveiseducatius.xtec.cat\/bergueda\/wp-json\/wp\/v2\/pages"}],"about":[{"href":"https:\/\/serveiseducatius.xtec.cat\/bergueda\/wp-json\/wp\/v2\/types\/page"}],"author":[{"embeddable":true,"href":"https:\/\/serveiseducatius.xtec.cat\/bergueda\/wp-json\/wp\/v2\/users\/1"}],"replies":[{"embeddable":true,"href":"https:\/\/serveiseducatius.xtec.cat\/bergueda\/wp-json\/wp\/v2\/comments?post=8262"}],"version-history":[{"count":7,"href":"https:\/\/serveiseducatius.xtec.cat\/bergueda\/wp-json\/wp\/v2\/pages\/8262\/revisions"}],"predecessor-version":[{"id":20135,"href":"https:\/\/serveiseducatius.xtec.cat\/bergueda\/wp-json\/wp\/v2\/pages\/8262\/revisions\/20135"}],"up":[{"embeddable":true,"href":"https:\/\/serveiseducatius.xtec.cat\/bergueda\/wp-json\/wp\/v2\/pages\/306"}],"wp:attachment":[{"href":"https:\/\/serveiseducatius.xtec.cat\/bergueda\/wp-json\/wp\/v2\/media?parent=8262"}],"curies":[{"name":"wp","href":"https:\/\/api.w.org\/{rel}","templated":true}]}}