{"id":608,"date":"2015-11-27T10:04:51","date_gmt":"2015-11-27T09:04:51","guid":{"rendered":"http:\/\/serveiseducatius.xtec.cat\/bergueda\/\/?page_id=608"},"modified":"2025-10-07T17:20:29","modified_gmt":"2025-10-07T15:20:29","slug":"horari-i-calendari","status":"publish","type":"page","link":"https:\/\/serveiseducatius.xtec.cat\/bergueda\/el-servei-educatiu\/horari-i-calendari\/","title":{"rendered":"Horari i calendari"},"content":{"rendered":"<p><strong>CRP del Bergued\u00e0<\/strong><\/p>\n<p>Atenci\u00f3 al p\u00fablic d<span style=\"font-family: inherit; font-size: 1em;\">e dilluns a divendres de <\/span><strong style=\"font-family: inherit; font-size: 1em;\">9.00<\/strong><span style=\"font-family: inherit; font-size: 1em;\">\u00a0a\u00a0<\/span><strong style=\"font-family: inherit; font-size: 1em;\">14.00<\/strong><span style=\"font-family: inherit; font-size: 1em;\"> i les t<\/span><span style=\"font-family: inherit; font-size: 1em;\">ardes de dimarts a dijous: de<\/span><strong style=\"font-family: inherit; font-size: 1em;\"> 15.00<\/strong><span style=\"font-family: inherit; font-size: 1em;\">\u00a0a\u00a0<\/span><strong>17.30.<\/strong> <strong style=\"font-family: inherit; font-size: 1em;\"><br \/>\n<\/strong><\/p>\n<p>&nbsp;<\/p>\n<p><strong>EAP del Bergued\u00e0<\/strong><\/p>\n<p>Atenci\u00f3 al p\u00fablic els dilluns de <strong>15.00<\/strong> a <strong>18.00. <\/strong>i els dimarts de <strong>15.00<\/strong> a <strong>17.00.<\/strong><\/p>\n<p>&nbsp;<\/p>\n<p><strong>Extensi\u00f3 del CRP de Bag\u00e0<\/strong><\/p>\n<p>Atenci\u00f3 al p\u00fablic els dimarts i dimecres de <strong>9.00<\/strong> a <strong>14.00<\/strong> i de <strong>15.00<\/strong> a <strong>17.30.<\/strong><\/p>\n<p>&nbsp;<\/p>\n<p><strong>ELIC del Bergued\u00e0<\/strong><\/p>\n<p>Atenci\u00f3 al p\u00fablic de dilluns a dijous de <b>9.00 a 14.00<\/b> i les tardes de dimarts i dimecres de <b>15.00 a 17.00.<\/b><\/p>\n<hr \/>\n<p>Jornada continuada, de <b>8.00<\/b>\u00a0a <strong>14.00, <\/strong>quan la realitzin els centres de la zona i de l&#8217;1 al 15 de juliol.<\/p>\n<p><span style=\"font-family: inherit; font-size: 1em;\">El nostre servei educatiu romandr\u00e0 tancat al p\u00fablic els per\u00edodes de vacances escolars, els dies de festes laborals oficials a Catalunya i els dies de lliure disposici\u00f3 i festa local a Berga.<\/span><\/p>\n<p>&nbsp;<\/p>\n","protected":false},"excerpt":{"rendered":"<p>CRP del Bergued\u00e0 Atenci\u00f3 al p\u00fablic de dilluns a divendres de 9.00\u00a0a\u00a014.00 i les tardes de dimarts a dijous: de [&hellip;]<\/p>\n","protected":false},"author":1,"featured_media":0,"parent":806,"menu_order":30,"comment_status":"closed","ping_status":"closed","template":"","meta":{"_bbp_topic_count":0,"_bbp_reply_count":0,"_bbp_total_topic_count":0,"_bbp_total_reply_count":0,"_bbp_voice_count":0,"_bbp_anonymous_reply_count":0,"_bbp_topic_count_hidden":0,"_bbp_reply_count_hidden":0,"_bbp_forum_subforum_count":0,"site-sidebar-layout":"default","site-content-layout":"","ast-site-content-layout":"default","site-content-style":"default","site-sidebar-style":"default","ast-global-header-display":"","ast-banner-title-visibility":"","ast-main-header-display":"","ast-hfb-above-header-display":"","ast-hfb-below-header-display":"","ast-hfb-mobile-header-display":"","site-post-title":"","ast-breadcrumbs-content":"","ast-featured-img":"","footer-sml-layout":"","theme-transparent-header-meta":"default","adv-header-id-meta":"","stick-header-meta":"","header-above-stick-meta":"","header-main-stick-meta":"","header-below-stick-meta":"","astra-migrate-meta-layouts":"set","ast-page-background-enabled":"default","ast-page-background-meta":{"desktop":{"background-color":"var(--ast-global-color-4)","background-image":"","background-repeat":"repeat","background-position":"center center","background-size":"auto","background-attachment":"scroll","background-type":"","background-media":"","overlay-type":"","overlay-color":"","overlay-opacity":"","overlay-gradient":""},"tablet":{"background-color":"","background-image":"","background-repeat":"repeat","background-position":"center center","background-size":"auto","background-attachment":"scroll","background-type":"","background-media":"","overlay-type":"","overlay-color":"","overlay-opacity":"","overlay-gradient":""},"mobile":{"background-color":"","background-image":"","background-repeat":"repeat","background-position":"center center","background-size":"auto","background-attachment":"scroll","background-type":"","background-media":"","overlay-type":"","overlay-color":"","overlay-opacity":"","overlay-gradient":""}},"ast-content-background-meta":{"desktop":{"background-color":"var(--ast-global-color-5)","background-image":"","background-repeat":"repeat","background-position":"center center","background-size":"auto","background-attachment":"scroll","background-type":"","background-media":"","overlay-type":"","overlay-color":"","overlay-opacity":"","overlay-gradient":""},"tablet":{"background-color":"var(--ast-global-color-5)","background-image":"","background-repeat":"repeat","background-position":"center center","background-size":"auto","background-attachment":"scroll","background-type":"","background-media":"","overlay-type":"","overlay-color":"","overlay-opacity":"","overlay-gradient":""},"mobile":{"background-color":"var(--ast-global-color-5)","background-image":"","background-repeat":"repeat","background-position":"center center","background-size":"auto","background-attachment":"scroll","background-type":"","background-media":"","overlay-type":"","overlay-color":"","overlay-opacity":"","overlay-gradient":""}},"footnotes":""},"class_list":["post-608","page","type-page","status-publish","hentry"],"post_mailing_queue_ids":[],"_links":{"self":[{"href":"https:\/\/serveiseducatius.xtec.cat\/bergueda\/wp-json\/wp\/v2\/pages\/608","targetHints":{"allow":["GET"]}}],"collection":[{"href":"https:\/\/serveiseducatius.xtec.cat\/bergueda\/wp-json\/wp\/v2\/pages"}],"about":[{"href":"https:\/\/serveiseducatius.xtec.cat\/bergueda\/wp-json\/wp\/v2\/types\/page"}],"author":[{"embeddable":true,"href":"https:\/\/serveiseducatius.xtec.cat\/bergueda\/wp-json\/wp\/v2\/users\/1"}],"replies":[{"embeddable":true,"href":"https:\/\/serveiseducatius.xtec.cat\/bergueda\/wp-json\/wp\/v2\/comments?post=608"}],"version-history":[{"count":5,"href":"https:\/\/serveiseducatius.xtec.cat\/bergueda\/wp-json\/wp\/v2\/pages\/608\/revisions"}],"predecessor-version":[{"id":20217,"href":"https:\/\/serveiseducatius.xtec.cat\/bergueda\/wp-json\/wp\/v2\/pages\/608\/revisions\/20217"}],"up":[{"embeddable":true,"href":"https:\/\/serveiseducatius.xtec.cat\/bergueda\/wp-json\/wp\/v2\/pages\/806"}],"wp:attachment":[{"href":"https:\/\/serveiseducatius.xtec.cat\/bergueda\/wp-json\/wp\/v2\/media?parent=608"}],"curies":[{"name":"wp","href":"https:\/\/api.w.org\/{rel}","templated":true}]}}