{"id":338,"date":"2015-11-24T18:40:49","date_gmt":"2015-11-24T17:40:49","guid":{"rendered":"http:\/\/serveiseducatius.xtec.cat\/bergueda\/\/?page_id=338"},"modified":"2024-10-30T16:43:21","modified_gmt":"2024-10-30T15:43:21","slug":"centres-educatius","status":"publish","type":"page","link":"https:\/\/serveiseducatius.xtec.cat\/bergueda\/centres-educatius\/","title":{"rendered":"Centres educatius"},"content":{"rendered":"<p>&nbsp;<\/p>\n<p style=\"text-align: justify;\">Al Bergued\u00e0 hi ha 20 centres p\u00fablics d\u2019educaci\u00f3 infantil i prim\u00e0ria (escoles), 5 centres p\u00fablics d\u2019educaci\u00f3 secund\u00e0ria, batxillerat i formaci\u00f3 professional, 1 centre privat-concertat d\u2019educaci\u00f3 infantil, prim\u00e0ria, secund\u00e0ria, batxillerat i formaci\u00f3 professional, 1 centre privat-concertat d&#8217;educaci\u00f3 infantil, prim\u00e0ria i secund\u00e0ria, 2 centres privats-concertats d\u2019educaci\u00f3 infantil i prim\u00e0ria, 1 centre p\u00fablic d\u2019educaci\u00f3 especial, 12 escoles bressol municipals, 4 escoles bressol privades, 1 Centre de Formaci\u00f3 d&#8217;Adults i 1 Escola Oficial d&#8217;Idiomes.<\/p>\n<ul>\n<li style=\"text-align: justify;\"><a href=\"http:\/\/serveiseducatius.xtec.cat\/bergueda\/\/centres-educatius\/escoles-bressol\/\" target=\"_blank\" rel=\"noopener noreferrer\">Llar d&#8217;infants<\/a><\/li>\n<li style=\"text-align: justify;\"><a href=\"http:\/\/serveiseducatius.xtec.cat\/bergueda\/\/comunitat\/centres-educatius\/educacio-infantil-i-primaria\/\">Educaci\u00f3 infantil i prim\u00e0ria<\/a><\/li>\n<li style=\"text-align: justify;\"><a href=\"http:\/\/serveiseducatius.xtec.cat\/bergueda\/\/comunitat\/centres-educatius\/ensenyament-secundari-batxillerat-i-formacio-professional\/\">Ensenyament secundari, Batxillerat i Formaci\u00f3 professional<\/a><\/li>\n<li style=\"text-align: justify;\"><a href=\"http:\/\/serveiseducatius.xtec.cat\/bergueda\/\/comunitat\/centres-educatius\/educacio-especial\/\">Educaci\u00f3 especial<\/a><\/li>\n<li><a href=\"https:\/\/serveiseducatius.xtec.cat\/bergueda\/centres-educatius\/altres-centres\/\">Altres centres<\/a><\/li>\n<\/ul>\n<p><iframe loading=\"lazy\" src=\"http:\/\/www.instamaps.cat\/geocatweb\/visor.html?businessid=33374f476184fa5eedb23d73f0b55dbc&amp;id=1697256&amp;title=Servei-Educatiu-del-Bergued&amp;3D=false&amp;embed=1\" width=\"750\" height=\"900\" frameborder=\"0\"><\/iframe><\/p>\n<p style=\"text-align: justify;\">\n","protected":false},"excerpt":{"rendered":"<p>&nbsp; Al Bergued\u00e0 hi ha 20 centres p\u00fablics d\u2019educaci\u00f3 infantil i prim\u00e0ria (escoles), 5 centres p\u00fablics d\u2019educaci\u00f3 secund\u00e0ria, batxillerat i [&hellip;]<\/p>\n","protected":false},"author":1,"featured_media":0,"parent":0,"menu_order":10,"comment_status":"closed","ping_status":"closed","template":"page-templates\/side-menu.php","meta":{"_bbp_topic_count":0,"_bbp_reply_count":0,"_bbp_total_topic_count":0,"_bbp_total_reply_count":0,"_bbp_voice_count":0,"_bbp_anonymous_reply_count":0,"_bbp_topic_count_hidden":0,"_bbp_reply_count_hidden":0,"_bbp_forum_subforum_count":0,"site-sidebar-layout":"default","site-content-layout":"","ast-site-content-layout":"","site-content-style":"default","site-sidebar-style":"default","ast-global-header-display":"","ast-banner-title-visibility":"","ast-main-header-display":"","ast-hfb-above-header-display":"","ast-hfb-below-header-display":"","ast-hfb-mobile-header-display":"","site-post-title":"","ast-breadcrumbs-content":"","ast-featured-img":"","footer-sml-layout":"","theme-transparent-header-meta":"","adv-header-id-meta":"","stick-header-meta":"","header-above-stick-meta":"","header-main-stick-meta":"","header-below-stick-meta":"","astra-migrate-meta-layouts":"default","ast-page-background-enabled":"default","ast-page-background-meta":{"desktop":{"background-color":"var(--ast-global-color-4)","background-image":"","background-repeat":"repeat","background-position":"center center","background-size":"auto","background-attachment":"scroll","background-type":"","background-media":"","overlay-type":"","overlay-color":"","overlay-opacity":"","overlay-gradient":""},"tablet":{"background-color":"","background-image":"","background-repeat":"repeat","background-position":"center center","background-size":"auto","background-attachment":"scroll","background-type":"","background-media":"","overlay-type":"","overlay-color":"","overlay-opacity":"","overlay-gradient":""},"mobile":{"background-color":"","background-image":"","background-repeat":"repeat","background-position":"center center","background-size":"auto","background-attachment":"scroll","background-type":"","background-media":"","overlay-type":"","overlay-color":"","overlay-opacity":"","overlay-gradient":""}},"ast-content-background-meta":{"desktop":{"background-color":"var(--ast-global-color-5)","background-image":"","background-repeat":"repeat","background-position":"center center","background-size":"auto","background-attachment":"scroll","background-type":"","background-media":"","overlay-type":"","overlay-color":"","overlay-opacity":"","overlay-gradient":""},"tablet":{"background-color":"var(--ast-global-color-5)","background-image":"","background-repeat":"repeat","background-position":"center center","background-size":"auto","background-attachment":"scroll","background-type":"","background-media":"","overlay-type":"","overlay-color":"","overlay-opacity":"","overlay-gradient":""},"mobile":{"background-color":"var(--ast-global-color-5)","background-image":"","background-repeat":"repeat","background-position":"center center","background-size":"auto","background-attachment":"scroll","background-type":"","background-media":"","overlay-type":"","overlay-color":"","overlay-opacity":"","overlay-gradient":""}},"footnotes":""},"class_list":["post-338","page","type-page","status-publish","hentry"],"post_mailing_queue_ids":[],"_links":{"self":[{"href":"https:\/\/serveiseducatius.xtec.cat\/bergueda\/wp-json\/wp\/v2\/pages\/338","targetHints":{"allow":["GET"]}}],"collection":[{"href":"https:\/\/serveiseducatius.xtec.cat\/bergueda\/wp-json\/wp\/v2\/pages"}],"about":[{"href":"https:\/\/serveiseducatius.xtec.cat\/bergueda\/wp-json\/wp\/v2\/types\/page"}],"author":[{"embeddable":true,"href":"https:\/\/serveiseducatius.xtec.cat\/bergueda\/wp-json\/wp\/v2\/users\/1"}],"replies":[{"embeddable":true,"href":"https:\/\/serveiseducatius.xtec.cat\/bergueda\/wp-json\/wp\/v2\/comments?post=338"}],"version-history":[{"count":5,"href":"https:\/\/serveiseducatius.xtec.cat\/bergueda\/wp-json\/wp\/v2\/pages\/338\/revisions"}],"predecessor-version":[{"id":18933,"href":"https:\/\/serveiseducatius.xtec.cat\/bergueda\/wp-json\/wp\/v2\/pages\/338\/revisions\/18933"}],"wp:attachment":[{"href":"https:\/\/serveiseducatius.xtec.cat\/bergueda\/wp-json\/wp\/v2\/media?parent=338"}],"curies":[{"name":"wp","href":"https:\/\/api.w.org\/{rel}","templated":true}]}}