{"id":318,"date":"2015-11-24T18:18:24","date_gmt":"2015-11-24T17:18:24","guid":{"rendered":"http:\/\/serveiseducatius.xtec.cat\/bergueda\/\/?page_id=318"},"modified":"2024-01-24T16:39:57","modified_gmt":"2024-01-24T15:39:57","slug":"on-som","status":"publish","type":"page","link":"https:\/\/serveiseducatius.xtec.cat\/bergueda\/el-servei-educatiu\/on-som\/","title":{"rendered":"On som"},"content":{"rendered":"<table style=\"height: 163px; border-color: #fcfcfc;\" width=\"633\">\n<tbody>\n<tr>\n<td style=\"border-color: #fcfcfc;\"><strong>Servei Educatiu del Bergued\u00e0<br \/>\n<\/strong>Pla\u00e7a\u00a0Pa\u00efsos Catalans, 4<br \/>\n08600 Berga<br \/>\ntel. 93 821 41 90<br \/>\ncrp-bergueda@xtec.cat<\/td>\n<td style=\"border-color: #fcfcfc;\"><strong>Extensi\u00f3 del CRP a Bag\u00e0<br \/>\n<\/strong>Avinguda Salarich, 29<br \/>\n08695 Bag\u00e0<br \/>\ntel. 93 824 44 06<br \/>\nextcrp-baga@xtec.cat<\/td>\n<\/tr>\n<\/tbody>\n<\/table>\n<p><iframe loading=\"lazy\" src=\"http:\/\/www.instamaps.cat\/geocatweb\/visor.html?businessid=14c43750f9de8a0ff9e39e9b61b6244d&amp;id=32667474&amp;title=SE-del-Bergued&amp;3D=false&amp;embed=1\" width=\"640\" height=\"480\" frameborder=\"0\" marginwidth=\"0\" marginheight=\"0\" scrolling=\"no\"><\/iframe><\/p>\n","protected":false},"excerpt":{"rendered":"<p>Servei Educatiu del Bergued\u00e0 Pla\u00e7a\u00a0Pa\u00efsos Catalans, 4 08600 Berga tel. 93 821 41 90 crp-bergueda@xtec.cat Extensi\u00f3 del CRP a Bag\u00e0 [&hellip;]<\/p>\n","protected":false},"author":1,"featured_media":0,"parent":806,"menu_order":50,"comment_status":"closed","ping_status":"closed","template":"page-templates\/side-menu.php","meta":{"_bbp_topic_count":0,"_bbp_reply_count":0,"_bbp_total_topic_count":0,"_bbp_total_reply_count":0,"_bbp_voice_count":0,"_bbp_anonymous_reply_count":0,"_bbp_topic_count_hidden":0,"_bbp_reply_count_hidden":0,"_bbp_forum_subforum_count":0,"site-sidebar-layout":"default","site-content-layout":"","ast-site-content-layout":"","site-content-style":"default","site-sidebar-style":"default","ast-global-header-display":"","ast-banner-title-visibility":"","ast-main-header-display":"","ast-hfb-above-header-display":"","ast-hfb-below-header-display":"","ast-hfb-mobile-header-display":"","site-post-title":"","ast-breadcrumbs-content":"","ast-featured-img":"","footer-sml-layout":"","theme-transparent-header-meta":"","adv-header-id-meta":"","stick-header-meta":"","header-above-stick-meta":"","header-main-stick-meta":"","header-below-stick-meta":"","astra-migrate-meta-layouts":"default","ast-page-background-enabled":"default","ast-page-background-meta":{"desktop":{"background-color":"var(--ast-global-color-4)","background-image":"","background-repeat":"repeat","background-position":"center center","background-size":"auto","background-attachment":"scroll","background-type":"","background-media":"","overlay-type":"","overlay-color":"","overlay-opacity":"","overlay-gradient":""},"tablet":{"background-color":"","background-image":"","background-repeat":"repeat","background-position":"center center","background-size":"auto","background-attachment":"scroll","background-type":"","background-media":"","overlay-type":"","overlay-color":"","overlay-opacity":"","overlay-gradient":""},"mobile":{"background-color":"","background-image":"","background-repeat":"repeat","background-position":"center center","background-size":"auto","background-attachment":"scroll","background-type":"","background-media":"","overlay-type":"","overlay-color":"","overlay-opacity":"","overlay-gradient":""}},"ast-content-background-meta":{"desktop":{"background-color":"var(--ast-global-color-5)","background-image":"","background-repeat":"repeat","background-position":"center center","background-size":"auto","background-attachment":"scroll","background-type":"","background-media":"","overlay-type":"","overlay-color":"","overlay-opacity":"","overlay-gradient":""},"tablet":{"background-color":"var(--ast-global-color-5)","background-image":"","background-repeat":"repeat","background-position":"center center","background-size":"auto","background-attachment":"scroll","background-type":"","background-media":"","overlay-type":"","overlay-color":"","overlay-opacity":"","overlay-gradient":""},"mobile":{"background-color":"var(--ast-global-color-5)","background-image":"","background-repeat":"repeat","background-position":"center center","background-size":"auto","background-attachment":"scroll","background-type":"","background-media":"","overlay-type":"","overlay-color":"","overlay-opacity":"","overlay-gradient":""}},"footnotes":""},"class_list":["post-318","page","type-page","status-publish","hentry"],"post_mailing_queue_ids":[],"_links":{"self":[{"href":"https:\/\/serveiseducatius.xtec.cat\/bergueda\/wp-json\/wp\/v2\/pages\/318","targetHints":{"allow":["GET"]}}],"collection":[{"href":"https:\/\/serveiseducatius.xtec.cat\/bergueda\/wp-json\/wp\/v2\/pages"}],"about":[{"href":"https:\/\/serveiseducatius.xtec.cat\/bergueda\/wp-json\/wp\/v2\/types\/page"}],"author":[{"embeddable":true,"href":"https:\/\/serveiseducatius.xtec.cat\/bergueda\/wp-json\/wp\/v2\/users\/1"}],"replies":[{"embeddable":true,"href":"https:\/\/serveiseducatius.xtec.cat\/bergueda\/wp-json\/wp\/v2\/comments?post=318"}],"version-history":[{"count":5,"href":"https:\/\/serveiseducatius.xtec.cat\/bergueda\/wp-json\/wp\/v2\/pages\/318\/revisions"}],"predecessor-version":[{"id":17507,"href":"https:\/\/serveiseducatius.xtec.cat\/bergueda\/wp-json\/wp\/v2\/pages\/318\/revisions\/17507"}],"up":[{"embeddable":true,"href":"https:\/\/serveiseducatius.xtec.cat\/bergueda\/wp-json\/wp\/v2\/pages\/806"}],"wp:attachment":[{"href":"https:\/\/serveiseducatius.xtec.cat\/bergueda\/wp-json\/wp\/v2\/media?parent=318"}],"curies":[{"name":"wp","href":"https:\/\/api.w.org\/{rel}","templated":true}]}}