{"id":10507,"date":"2019-03-12T12:44:00","date_gmt":"2019-03-12T11:44:00","guid":{"rendered":"http:\/\/serveiseducatius.xtec.cat\/bergueda\/?page_id=10507"},"modified":"2021-04-19T10:36:23","modified_gmt":"2021-04-19T08:36:23","slug":"estudiar-al-bergueda","status":"publish","type":"page","link":"https:\/\/serveiseducatius.xtec.cat\/bergueda\/estudiar-al-bergueda\/","title":{"rendered":"Estudiar al Bergued\u00e0"},"content":{"rendered":"<p>&nbsp;<\/p>\n<table style=\"height: 800px; width: 53.6781%; border-style: hidden; border-color: #ffffff; background-color: #ffffff;\" border=\"0\">\n<tbody>\n<tr>\n<td style=\"width: 49.0113%;\"><a href=\"http:\/\/serveiseducatius.xtec.cat\/bergueda\/\/comunitat\/centres-educatius\/\"><img loading=\"lazy\" decoding=\"async\" class=\"alignnone size-full wp-image-10527\" src=\"https:\/\/serveiseducatius.xtec.cat\/bergueda\/wp-content\/uploads\/usu878\/2019\/03\/centres.png\" alt=\"\" width=\"300\" height=\"170\" \/><\/a><\/td>\n<td style=\"width: 52.5166%;\">\n<h4><a href=\"http:\/\/serveiseducatius.xtec.cat\/bergueda\/\/comunitat\/centres-educatius\/\">Centres\u00a0<\/a><\/h4>\n<\/td>\n<\/tr>\n<tr>\n<td style=\"width: 49.0113%;\"><a href=\"https:\/\/serveiseducatius.xtec.cat\/bergueda\/wp-content\/uploads\/usu878\/2020\/06\/difusi\u00f3-20-21-Power-Point-PTT.pdf\"><img loading=\"lazy\" decoding=\"async\" class=\"alignnone size-full wp-image-10532\" src=\"https:\/\/serveiseducatius.xtec.cat\/bergueda\/wp-content\/uploads\/usu878\/2020\/06\/PTT.jpg\" alt=\"\" width=\"300\" height=\"170\" \/><\/a><\/td>\n<td style=\"width: 52.5166%;\">\n<h4><a href=\"https:\/\/serveiseducatius.xtec.cat\/bergueda\/wp-content\/uploads\/usu878\/2021\/04\/guia-pfi-itineraris.pdf\">Programes de Formaci\u00f3 i Inserci\u00f3<\/a><\/h4>\n<h4><a href=\"https:\/\/serveiseducatius.xtec.cat\/bergueda\/wp-content\/uploads\/usu878\/2021\/04\/Cartell-calendari-preinscripci\u00f3-matr\u00edcula-CURS-21-22.pdf\">Calendari proc\u00e9s preinscripci\u00f3 21-22<\/a><\/h4>\n<h4><a href=\"https:\/\/serveiseducatius.xtec.cat\/bergueda\/wp-content\/uploads\/usu878\/2021\/04\/triptic-oficial-berga-perfils.pdf\">PTT &#8211; Berga<\/a><\/h4>\n<h4><a href=\"https:\/\/serveiseducatius.xtec.cat\/bergueda\/wp-content\/uploads\/usu878\/2020\/06\/Tripitc-PTT-Puig-Reig.pdf\">PTT &#8211; Puig-reig<\/a><\/h4>\n<\/td>\n<\/tr>\n<tr>\n<td style=\"width: 49.0113%;\"><a href=\"https:\/\/www.adbergueda.cat\/formacio\" target=\"_blank\" rel=\"noopener noreferrer\"><img loading=\"lazy\" decoding=\"async\" class=\"alignnone size-full wp-image-10556\" src=\"https:\/\/serveiseducatius.xtec.cat\/bergueda\/wp-content\/uploads\/usu878\/2019\/03\/agd.png\" alt=\"\" width=\"300\" height=\"170\" \/><\/a><\/td>\n<td style=\"width: 52.5166%;\">\n<h4><a href=\"https:\/\/www.adbergueda.cat\/formacio\" target=\"_blank\" rel=\"noopener noreferrer\">Ag\u00e8ncia del Desenvolupament del Bergued\u00e0<\/a><\/h4>\n<\/td>\n<\/tr>\n<tr>\n<td style=\"width: 49.0113%;\"><a href=\"https:\/\/www.bergueda.cat\/serveis\/educacio\/estudispostobligatoris\/\"><img loading=\"lazy\" decoding=\"async\" class=\"alignnone size-full wp-image-10528\" src=\"https:\/\/serveiseducatius.xtec.cat\/bergueda\/wp-content\/uploads\/usu878\/2019\/03\/consellcomarcal.png\" alt=\"\" width=\"300\" height=\"170\" \/><\/a><\/td>\n<td style=\"width: 52.5166%;\">\n<h4><a href=\"https:\/\/www.bergueda.cat\/serveis\/educacio\/estudispostobligatoris\/\" target=\"_blank\" rel=\"noopener noreferrer\">Consell Comarcal<\/a><\/h4>\n<\/td>\n<\/tr>\n<tr>\n<td style=\"width: 49.0113%;\"><a href=\"https:\/\/www.bergueda.cat\/serveis\/joventut\/oficinajove\/\"><img loading=\"lazy\" decoding=\"async\" class=\"alignnone size-full wp-image-10538\" src=\"https:\/\/serveiseducatius.xtec.cat\/bergueda\/wp-content\/uploads\/usu878\/2019\/03\/oficina-jove.png\" alt=\"\" width=\"300\" height=\"170\" \/><\/a><\/td>\n<td style=\"width: 52.5166%;\">\n<h4><a href=\"https:\/\/www.bergueda.cat\/serveis\/joventut\/oficinajove\/\">Oficina Jove<\/a><\/h4>\n<p>&nbsp;<\/td>\n<\/tr>\n<\/tbody>\n<\/table>\n<p>&nbsp;<\/p>\n<p>&nbsp;<\/p>\n<p>&nbsp;<\/p>\n<p>&nbsp;<\/p>\n<p>&nbsp;<\/p>\n<p>&nbsp;<\/p>\n<p>&nbsp;<\/p>\n","protected":false},"excerpt":{"rendered":"<p>&nbsp; Centres\u00a0 Programes de Formaci\u00f3 i Inserci\u00f3 Calendari proc\u00e9s preinscripci\u00f3 21-22 PTT &#8211; Berga PTT &#8211; Puig-reig Ag\u00e8ncia del Desenvolupament [&hellip;]<\/p>\n","protected":false},"author":1,"featured_media":0,"parent":0,"menu_order":0,"comment_status":"closed","ping_status":"closed","template":"","meta":{"_bbp_topic_count":0,"_bbp_reply_count":0,"_bbp_total_topic_count":0,"_bbp_total_reply_count":0,"_bbp_voice_count":0,"_bbp_anonymous_reply_count":0,"_bbp_topic_count_hidden":0,"_bbp_reply_count_hidden":0,"_bbp_forum_subforum_count":0,"site-sidebar-layout":"default","site-content-layout":"","ast-site-content-layout":"","site-content-style":"default","site-sidebar-style":"default","ast-global-header-display":"","ast-banner-title-visibility":"","ast-main-header-display":"","ast-hfb-above-header-display":"","ast-hfb-below-header-display":"","ast-hfb-mobile-header-display":"","site-post-title":"","ast-breadcrumbs-content":"","ast-featured-img":"","footer-sml-layout":"","theme-transparent-header-meta":"","adv-header-id-meta":"","stick-header-meta":"","header-above-stick-meta":"","header-main-stick-meta":"","header-below-stick-meta":"","astra-migrate-meta-layouts":"default","ast-page-background-enabled":"default","ast-page-background-meta":{"desktop":{"background-color":"var(--ast-global-color-4)","background-image":"","background-repeat":"repeat","background-position":"center center","background-size":"auto","background-attachment":"scroll","background-type":"","background-media":"","overlay-type":"","overlay-color":"","overlay-opacity":"","overlay-gradient":""},"tablet":{"background-color":"","background-image":"","background-repeat":"repeat","background-position":"center center","background-size":"auto","background-attachment":"scroll","background-type":"","background-media":"","overlay-type":"","overlay-color":"","overlay-opacity":"","overlay-gradient":""},"mobile":{"background-color":"","background-image":"","background-repeat":"repeat","background-position":"center center","background-size":"auto","background-attachment":"scroll","background-type":"","background-media":"","overlay-type":"","overlay-color":"","overlay-opacity":"","overlay-gradient":""}},"ast-content-background-meta":{"desktop":{"background-color":"var(--ast-global-color-5)","background-image":"","background-repeat":"repeat","background-position":"center center","background-size":"auto","background-attachment":"scroll","background-type":"","background-media":"","overlay-type":"","overlay-color":"","overlay-opacity":"","overlay-gradient":""},"tablet":{"background-color":"var(--ast-global-color-5)","background-image":"","background-repeat":"repeat","background-position":"center center","background-size":"auto","background-attachment":"scroll","background-type":"","background-media":"","overlay-type":"","overlay-color":"","overlay-opacity":"","overlay-gradient":""},"mobile":{"background-color":"var(--ast-global-color-5)","background-image":"","background-repeat":"repeat","background-position":"center center","background-size":"auto","background-attachment":"scroll","background-type":"","background-media":"","overlay-type":"","overlay-color":"","overlay-opacity":"","overlay-gradient":""}},"footnotes":""},"class_list":["post-10507","page","type-page","status-publish","hentry"],"post_mailing_queue_ids":[],"_links":{"self":[{"href":"https:\/\/serveiseducatius.xtec.cat\/bergueda\/wp-json\/wp\/v2\/pages\/10507","targetHints":{"allow":["GET"]}}],"collection":[{"href":"https:\/\/serveiseducatius.xtec.cat\/bergueda\/wp-json\/wp\/v2\/pages"}],"about":[{"href":"https:\/\/serveiseducatius.xtec.cat\/bergueda\/wp-json\/wp\/v2\/types\/page"}],"author":[{"embeddable":true,"href":"https:\/\/serveiseducatius.xtec.cat\/bergueda\/wp-json\/wp\/v2\/users\/1"}],"replies":[{"embeddable":true,"href":"https:\/\/serveiseducatius.xtec.cat\/bergueda\/wp-json\/wp\/v2\/comments?post=10507"}],"version-history":[{"count":3,"href":"https:\/\/serveiseducatius.xtec.cat\/bergueda\/wp-json\/wp\/v2\/pages\/10507\/revisions"}],"predecessor-version":[{"id":12876,"href":"https:\/\/serveiseducatius.xtec.cat\/bergueda\/wp-json\/wp\/v2\/pages\/10507\/revisions\/12876"}],"wp:attachment":[{"href":"https:\/\/serveiseducatius.xtec.cat\/bergueda\/wp-json\/wp\/v2\/media?parent=10507"}],"curies":[{"name":"wp","href":"https:\/\/api.w.org\/{rel}","templated":true}]}}