{"id":10440,"date":"2019-01-28T16:14:06","date_gmt":"2019-01-28T15:14:06","guid":{"rendered":"http:\/\/serveiseducatius.xtec.cat\/bergueda\/?page_id=10440"},"modified":"2019-01-28T16:14:06","modified_gmt":"2019-01-28T15:14:06","slug":"7-families","status":"publish","type":"page","link":"https:\/\/serveiseducatius.xtec.cat\/bergueda\/el-servei-educatiu\/equip\/eap\/7-families\/","title":{"rendered":"7. Fam\u00edlies"},"content":{"rendered":"<p><span style=\"font-weight: 400;\">7.1 Documents elaborats per explicar a les fam\u00edlies propostes del projecte d&#8217;educaci\u00f3 inclusiva.<\/span><\/p>\n<p><span style=\"font-weight: 400;\">Curs 2009-10: <\/span><a href=\"https:\/\/docs.google.com\/a\/xtec.cat\/viewer?a=v&amp;pid=sites&amp;srcid=eHRlYy5jYXR8ZWFwLWRlbC1iZXJndWVkYXxneDo3OGQxYTQyNTJmZjZmOTNj\"><span style=\"font-weight: 400;\">\u00a0<\/span><span style=\"font-weight: 400;\">Explicaci\u00f3 del projecte d&#8217;intercanvi entre escoles a les fam\u00edlies<\/span><\/a> <span style=\"font-weight: 400;\">\u00a0<\/span><\/p>\n<p><span style=\"font-weight: 400;\">Curs 2006-07: <\/span><a href=\"https:\/\/docs.google.com\/a\/xtec.cat\/viewer?a=v&amp;pid=sites&amp;srcid=eHRlYy5jYXR8ZWFwLWRlbC1iZXJndWVkYXxneDoyZjU5NjU5ZGFlNjQyNTc3\"><span style=\"font-weight: 400;\">\u00a0<\/span><span style=\"font-weight: 400;\">Tutoria entre iguals i treball cooperatiu<\/span><\/a><\/p>\n<p><span style=\"font-weight: 400;\">Curs 2005-06: <\/span><a href=\"https:\/\/docs.google.com\/a\/xtec.cat\/viewer?a=v&amp;pid=sites&amp;srcid=eHRlYy5jYXR8ZWFwLWRlbC1iZXJndWVkYXxneDo1NjliMGYyNGYxZTgzZjAw\"><span style=\"font-weight: 400;\">\u00a0<\/span><span style=\"font-weight: 400;\">Projecte d&#8217;educaci\u00f3 inclusiva. La participaci\u00f3 de les fam\u00edlies<\/span><\/a><\/p>\n<p><span style=\"font-weight: 400;\">Curs 2004-05: <\/span><a href=\"https:\/\/docs.google.com\/a\/xtec.cat\/viewer?a=v&amp;pid=sites&amp;srcid=eHRlYy5jYXR8ZWFwLWRlbC1iZXJndWVkYXxneDo1NTFhMTk3YzM2M2UyNzFj\"><span style=\"font-weight: 400;\">\u00a0<\/span><span style=\"font-weight: 400;\">Explicaci\u00f3 del projecte d&#8217;educaci\u00f3 inclusiva a les fam\u00edlies<\/span><\/a><\/p>\n","protected":false},"excerpt":{"rendered":"<p>7.1 Documents elaborats per explicar a les fam\u00edlies propostes del projecte d&#8217;educaci\u00f3 inclusiva. Curs 2009-10: \u00a0Explicaci\u00f3 del projecte d&#8217;intercanvi entre [&hellip;]<\/p>\n","protected":false},"author":1,"featured_media":0,"parent":8264,"menu_order":30,"comment_status":"closed","ping_status":"closed","template":"page-templates\/side-menu.php","meta":{"_bbp_topic_count":0,"_bbp_reply_count":0,"_bbp_total_topic_count":0,"_bbp_total_reply_count":0,"_bbp_voice_count":0,"_bbp_anonymous_reply_count":0,"_bbp_topic_count_hidden":0,"_bbp_reply_count_hidden":0,"_bbp_forum_subforum_count":0,"site-sidebar-layout":"default","site-content-layout":"","ast-site-content-layout":"","site-content-style":"default","site-sidebar-style":"default","ast-global-header-display":"","ast-banner-title-visibility":"","ast-main-header-display":"","ast-hfb-above-header-display":"","ast-hfb-below-header-display":"","ast-hfb-mobile-header-display":"","site-post-title":"","ast-breadcrumbs-content":"","ast-featured-img":"","footer-sml-layout":"","theme-transparent-header-meta":"","adv-header-id-meta":"","stick-header-meta":"","header-above-stick-meta":"","header-main-stick-meta":"","header-below-stick-meta":"","astra-migrate-meta-layouts":"default","ast-page-background-enabled":"default","ast-page-background-meta":{"desktop":{"background-color":"var(--ast-global-color-4)","background-image":"","background-repeat":"repeat","background-position":"center center","background-size":"auto","background-attachment":"scroll","background-type":"","background-media":"","overlay-type":"","overlay-color":"","overlay-opacity":"","overlay-gradient":""},"tablet":{"background-color":"","background-image":"","background-repeat":"repeat","background-position":"center center","background-size":"auto","background-attachment":"scroll","background-type":"","background-media":"","overlay-type":"","overlay-color":"","overlay-opacity":"","overlay-gradient":""},"mobile":{"background-color":"","background-image":"","background-repeat":"repeat","background-position":"center center","background-size":"auto","background-attachment":"scroll","background-type":"","background-media":"","overlay-type":"","overlay-color":"","overlay-opacity":"","overlay-gradient":""}},"ast-content-background-meta":{"desktop":{"background-color":"var(--ast-global-color-5)","background-image":"","background-repeat":"repeat","background-position":"center center","background-size":"auto","background-attachment":"scroll","background-type":"","background-media":"","overlay-type":"","overlay-color":"","overlay-opacity":"","overlay-gradient":""},"tablet":{"background-color":"var(--ast-global-color-5)","background-image":"","background-repeat":"repeat","background-position":"center center","background-size":"auto","background-attachment":"scroll","background-type":"","background-media":"","overlay-type":"","overlay-color":"","overlay-opacity":"","overlay-gradient":""},"mobile":{"background-color":"var(--ast-global-color-5)","background-image":"","background-repeat":"repeat","background-position":"center center","background-size":"auto","background-attachment":"scroll","background-type":"","background-media":"","overlay-type":"","overlay-color":"","overlay-opacity":"","overlay-gradient":""}},"footnotes":""},"class_list":["post-10440","page","type-page","status-publish","hentry"],"post_mailing_queue_ids":[],"_links":{"self":[{"href":"https:\/\/serveiseducatius.xtec.cat\/bergueda\/wp-json\/wp\/v2\/pages\/10440","targetHints":{"allow":["GET"]}}],"collection":[{"href":"https:\/\/serveiseducatius.xtec.cat\/bergueda\/wp-json\/wp\/v2\/pages"}],"about":[{"href":"https:\/\/serveiseducatius.xtec.cat\/bergueda\/wp-json\/wp\/v2\/types\/page"}],"author":[{"embeddable":true,"href":"https:\/\/serveiseducatius.xtec.cat\/bergueda\/wp-json\/wp\/v2\/users\/1"}],"replies":[{"embeddable":true,"href":"https:\/\/serveiseducatius.xtec.cat\/bergueda\/wp-json\/wp\/v2\/comments?post=10440"}],"version-history":[{"count":1,"href":"https:\/\/serveiseducatius.xtec.cat\/bergueda\/wp-json\/wp\/v2\/pages\/10440\/revisions"}],"predecessor-version":[{"id":10441,"href":"https:\/\/serveiseducatius.xtec.cat\/bergueda\/wp-json\/wp\/v2\/pages\/10440\/revisions\/10441"}],"up":[{"embeddable":true,"href":"https:\/\/serveiseducatius.xtec.cat\/bergueda\/wp-json\/wp\/v2\/pages\/8264"}],"wp:attachment":[{"href":"https:\/\/serveiseducatius.xtec.cat\/bergueda\/wp-json\/wp\/v2\/media?parent=10440"}],"curies":[{"name":"wp","href":"https:\/\/api.w.org\/{rel}","templated":true}]}}