{"id":10431,"date":"2019-01-28T16:10:54","date_gmt":"2019-01-28T15:10:54","guid":{"rendered":"http:\/\/serveiseducatius.xtec.cat\/bergueda\/?page_id=10431"},"modified":"2019-01-28T16:11:17","modified_gmt":"2019-01-28T15:11:17","slug":"3-primaria","status":"publish","type":"page","link":"https:\/\/serveiseducatius.xtec.cat\/bergueda\/el-servei-educatiu\/equip\/eap\/3-primaria\/","title":{"rendered":"3. Prim\u00e0ria"},"content":{"rendered":"<h5><span style=\"font-weight: 400;\">3.1 Curr\u00edculum<\/span><\/h5>\n<p><a href=\"https:\/\/docs.google.com\/a\/xtec.cat\/viewer?a=v&amp;pid=sites&amp;srcid=eHRlYy5jYXR8ZWFwLWRlbC1iZXJndWVkYXxneDoyMDU1YzdjZDA2YzcyNWYw\"><span style=\"font-weight: 400;\">Curr\u00edculum \u00e0mbit de matem\u00e0tiques. CI<\/span><\/a><\/p>\n<p><a href=\"https:\/\/docs.google.com\/a\/xtec.cat\/viewer?a=v&amp;pid=sites&amp;srcid=eHRlYy5jYXR8ZWFwLWRlbC1iZXJndWVkYXxneDozNjBmNjJhNjA0MTAxMWE0\"><span style=\"font-weight: 400;\">G\u00e8neres textuals<\/span><\/a><\/p>\n<p><a href=\"https:\/\/docs.google.com\/a\/xtec.cat\/viewer?a=v&amp;pid=sites&amp;srcid=eHRlYy5jYXR8ZWFwLWRlbC1iZXJndWVkYXxneDozYzk0OTE5ODU3MWVkYmM\"><span style=\"font-weight: 400;\">Curr\u00edculum \u00e0mbit de lleng\u00fces<\/span><\/a><\/p>\n<p><a href=\"https:\/\/docs.google.com\/a\/xtec.cat\/viewer?a=v&amp;pid=sites&amp;srcid=eHRlYy5jYXR8ZWFwLWRlbC1iZXJndWVkYXxneDo3ZDA0YzhhNTQwMjgzNmI2\"><span style=\"font-weight: 400;\">Escriptura objectius CI<\/span><\/a><\/p>\n<p><a href=\"https:\/\/docs.google.com\/a\/xtec.cat\/viewer?a=v&amp;pid=sites&amp;srcid=eHRlYy5jYXR8ZWFwLWRlbC1iZXJndWVkYXxneDo0OGRiZDhhZTFlYjc1MGQz\"><span style=\"font-weight: 400;\">Compet\u00e8ncies<\/span><\/a><\/p>\n<p><a href=\"https:\/\/docs.google.com\/a\/xtec.cat\/viewer?a=v&amp;pid=sites&amp;srcid=eHRlYy5jYXR8ZWFwLWRlbC1iZXJndWVkYXxneDozNzEyOTRiYTY2Yzk5OGE2\"><span style=\"font-weight: 400;\">Morfosintaxi i l\u00e8xic<\/span><\/a><\/p>\n<p><a href=\"https:\/\/docs.google.com\/a\/xtec.cat\/viewer?a=v&amp;pid=sites&amp;srcid=eHRlYy5jYXR8ZWFwLWRlbC1iZXJndWVkYXxneDo0NDYxOWY2YjZiZDIzNmJh\"><span style=\"font-weight: 400;\">PEC Escola Alfred Mata<\/span><\/a><\/p>\n<p>&nbsp;<\/p>\n<h5><span style=\"font-weight: 400;\">3.2. Graelles de seguiment prim\u00e0ria<\/span><\/h5>\n<p><a href=\"https:\/\/docs.google.com\/a\/xtec.cat\/viewer?a=v&amp;pid=sites&amp;srcid=eHRlYy5jYXR8ZWFwLWRlbC1iZXJndWVkYXxneDoxZmVmZDI1ZmIwNjlhNGFm\"><b>Ortografia<\/b><\/a><\/p>\n<p><a href=\"https:\/\/docs.google.com\/a\/xtec.cat\/viewer?a=v&amp;pid=sites&amp;srcid=eHRlYy5jYXR8ZWFwLWRlbC1iZXJndWVkYXxneDo2N2RiNzhhZTAxNTRlZGZi\"><b>Signes de puntuaci\u00f3<\/b><\/a><\/p>\n<p><a href=\"https:\/\/docs.google.com\/a\/xtec.cat\/viewer?a=v&amp;pid=sites&amp;srcid=eHRlYy5jYXR8ZWFwLWRlbC1iZXJndWVkYXxneDo2NmI1MWNlMGZiNTQwMmQw\"><b>Text expositiu<\/b><\/a><\/p>\n<p><a href=\"https:\/\/docs.google.com\/a\/xtec.cat\/viewer?a=v&amp;pid=sites&amp;srcid=eHRlYy5jYXR8ZWFwLWRlbC1iZXJndWVkYXxneDo1MWUyMGIxNTRjNzQwYmQ3\"><b>Receptes de cuina<\/b><\/a><\/p>\n<p><a href=\"https:\/\/docs.google.com\/a\/xtec.cat\/viewer?a=v&amp;pid=sites&amp;srcid=eHRlYy5jYXR8ZWFwLWRlbC1iZXJndWVkYXxneDo3N2RkMzYzYmIzNjI4MzAz\"><b>Contes cl\u00e0ssics<\/b><\/a><\/p>\n<p><a href=\"https:\/\/docs.google.com\/a\/xtec.cat\/viewer?a=v&amp;pid=sites&amp;srcid=eHRlYy5jYXR8ZWFwLWRlbC1iZXJndWVkYXxneDo3MThkMWNkNzg5Y2JhOGQ\"><b>C\u00f2mics<\/b><\/a><\/p>\n<p><a href=\"https:\/\/docs.google.com\/a\/xtec.cat\/viewer?a=v&amp;pid=sites&amp;srcid=eHRlYy5jYXR8ZWFwLWRlbC1iZXJndWVkYXxneDo0ZTA1MWEyMjY0MWU5NTA\"><b>Cartes<\/b><\/a><\/p>\n<p><a href=\"https:\/\/docs.google.com\/a\/xtec.cat\/viewer?a=v&amp;pid=sites&amp;srcid=eHRlYy5jYXR8ZWFwLWRlbC1iZXJndWVkYXxneDo2NmZiN2IzNjI0ZTc1Mjdi\"><b>Lectura col\u00b7lectiva<\/b><\/a><\/p>\n<p><a href=\"https:\/\/docs.google.com\/a\/xtec.cat\/viewer?a=v&amp;pid=sites&amp;srcid=eHRlYy5jYXR8ZWFwLWRlbC1iZXJndWVkYXxneDozYzIzNTNmZjA1MWVmNmVl\"><b>Lectura individual<\/b><\/a><\/p>\n<p><b>Escriptura nivells conceptualitzaci\u00f3 col\u00b7lectiva(2)<\/b><\/p>\n<p><a href=\"https:\/\/docs.google.com\/a\/xtec.cat\/viewer?a=v&amp;pid=sites&amp;srcid=eHRlYy5jYXR8ZWFwLWRlbC1iZXJndWVkYXxneDo3MDhlNGQ0YWJlYWVkNTRm\"><b>Escriptura nivells conceptualitzaci\u00f3 individual<\/b><\/a><\/p>\n<p><a href=\"https:\/\/docs.google.com\/a\/xtec.cat\/viewer?a=v&amp;pid=sites&amp;srcid=eHRlYy5jYXR8ZWFwLWRlbC1iZXJndWVkYXxneDo5ZTk1Y2U3MjE2MGE4MzU\"><b>Matem\u00e0tiques cicle inicial, individual<\/b><\/a><\/p>\n<p><a href=\"https:\/\/docs.google.com\/a\/xtec.cat\/viewer?a=v&amp;pid=sites&amp;srcid=eHRlYy5jYXR8ZWFwLWRlbC1iZXJndWVkYXxneDo1ZjI1MzIzNDAxM2M3MWVh\"><b>Matem\u00e0tiques cicle mitj\u00e0 i cicle superior, individual<\/b><\/a><\/p>\n<p>&nbsp;<\/p>\n<p><b>Aprenentatge i servei\u00a0<\/b><\/p>\n<p><a href=\"https:\/\/docs.google.com\/a\/xtec.cat\/viewer?a=v&amp;pid=sites&amp;srcid=eHRlYy5jYXR8ZWFwLWRlbC1iZXJndWVkYXxneDo0MGE4NjFiOGY0OWFlMDYy\"><b>Projecte ApS. Escola Sta. Maria d&#8217;Avi\u00e0 -Taller Coloma<\/b><\/a><\/p>\n<p><a href=\"https:\/\/docs.google.com\/a\/xtec.cat\/viewer?a=v&amp;pid=sites&amp;srcid=eHRlYy5jYXR8ZWFwLWRlbC1iZXJndWVkYXxneDo0ZDNhNTdiY2Y2Mjc4ZjRj\"><b>Inici d&#8217;un projecte d&#8217;ApS<\/b><\/a><\/p>\n<p><a href=\"https:\/\/docs.google.com\/a\/xtec.cat\/viewer?a=v&amp;pid=sites&amp;srcid=eHRlYy5jYXR8ZWFwLWRlbC1iZXJndWVkYXxneDoyNTU3NzI5NjFjYmI5YTA\"><b>L&#8217;Aprenentatge servei, una resposta al dret a ser educat en la generositat<\/b><\/a><\/p>\n<p><a href=\"https:\/\/docs.google.com\/a\/xtec.cat\/viewer?a=v&amp;pid=sites&amp;srcid=eHRlYy5jYXR8ZWFwLWRlbC1iZXJndWVkYXxneDoxMDBkYzQ0OWRlODRlZTIz\"><b>Programaci\u00f3 d&#8217;un projecte d&#8217;ApS (graella)<\/b><\/a><\/p>\n<p><a href=\"https:\/\/docs.google.com\/a\/xtec.cat\/viewer?a=v&amp;pid=sites&amp;srcid=eHRlYy5jYXR8ZWFwLWRlbC1iZXJndWVkYXxneDoxNGUwNzYyNGI4ZmExZWMz\"><b>Projecte ApS. Escola Sta. Maria d&#8217;Avi\u00e0 &#8211; C\u00e0ritas.<\/b><\/a><\/p>\n<p><a href=\"http:\/\/www.ccma.cat\/tv3\/alacarta\/latituds\/aprenentatge-i-servei\/video\/5565308\/\"><b>Documental sobre projectes d&#8217;Aprenentatge Servei als centres<\/b><\/a><b> \u00a0Em\u00e8s al \u00a0\u00a0programa Latituds de TV3. 19\/11\/2015<\/b><\/p>\n","protected":false},"excerpt":{"rendered":"<p>3.1 Curr\u00edculum Curr\u00edculum \u00e0mbit de matem\u00e0tiques. CI G\u00e8neres textuals Curr\u00edculum \u00e0mbit de lleng\u00fces Escriptura objectius CI Compet\u00e8ncies Morfosintaxi i l\u00e8xic [&hellip;]<\/p>\n","protected":false},"author":1,"featured_media":0,"parent":8264,"menu_order":17,"comment_status":"closed","ping_status":"closed","template":"page-templates\/side-menu.php","meta":{"_bbp_topic_count":0,"_bbp_reply_count":0,"_bbp_total_topic_count":0,"_bbp_total_reply_count":0,"_bbp_voice_count":0,"_bbp_anonymous_reply_count":0,"_bbp_topic_count_hidden":0,"_bbp_reply_count_hidden":0,"_bbp_forum_subforum_count":0,"site-sidebar-layout":"default","site-content-layout":"","ast-site-content-layout":"","site-content-style":"default","site-sidebar-style":"default","ast-global-header-display":"","ast-banner-title-visibility":"","ast-main-header-display":"","ast-hfb-above-header-display":"","ast-hfb-below-header-display":"","ast-hfb-mobile-header-display":"","site-post-title":"","ast-breadcrumbs-content":"","ast-featured-img":"","footer-sml-layout":"","theme-transparent-header-meta":"","adv-header-id-meta":"","stick-header-meta":"","header-above-stick-meta":"","header-main-stick-meta":"","header-below-stick-meta":"","astra-migrate-meta-layouts":"default","ast-page-background-enabled":"default","ast-page-background-meta":{"desktop":{"background-color":"var(--ast-global-color-4)","background-image":"","background-repeat":"repeat","background-position":"center center","background-size":"auto","background-attachment":"scroll","background-type":"","background-media":"","overlay-type":"","overlay-color":"","overlay-opacity":"","overlay-gradient":""},"tablet":{"background-color":"","background-image":"","background-repeat":"repeat","background-position":"center center","background-size":"auto","background-attachment":"scroll","background-type":"","background-media":"","overlay-type":"","overlay-color":"","overlay-opacity":"","overlay-gradient":""},"mobile":{"background-color":"","background-image":"","background-repeat":"repeat","background-position":"center center","background-size":"auto","background-attachment":"scroll","background-type":"","background-media":"","overlay-type":"","overlay-color":"","overlay-opacity":"","overlay-gradient":""}},"ast-content-background-meta":{"desktop":{"background-color":"var(--ast-global-color-5)","background-image":"","background-repeat":"repeat","background-position":"center center","background-size":"auto","background-attachment":"scroll","background-type":"","background-media":"","overlay-type":"","overlay-color":"","overlay-opacity":"","overlay-gradient":""},"tablet":{"background-color":"var(--ast-global-color-5)","background-image":"","background-repeat":"repeat","background-position":"center center","background-size":"auto","background-attachment":"scroll","background-type":"","background-media":"","overlay-type":"","overlay-color":"","overlay-opacity":"","overlay-gradient":""},"mobile":{"background-color":"var(--ast-global-color-5)","background-image":"","background-repeat":"repeat","background-position":"center center","background-size":"auto","background-attachment":"scroll","background-type":"","background-media":"","overlay-type":"","overlay-color":"","overlay-opacity":"","overlay-gradient":""}},"footnotes":""},"class_list":["post-10431","page","type-page","status-publish","hentry"],"post_mailing_queue_ids":[],"_links":{"self":[{"href":"https:\/\/serveiseducatius.xtec.cat\/bergueda\/wp-json\/wp\/v2\/pages\/10431","targetHints":{"allow":["GET"]}}],"collection":[{"href":"https:\/\/serveiseducatius.xtec.cat\/bergueda\/wp-json\/wp\/v2\/pages"}],"about":[{"href":"https:\/\/serveiseducatius.xtec.cat\/bergueda\/wp-json\/wp\/v2\/types\/page"}],"author":[{"embeddable":true,"href":"https:\/\/serveiseducatius.xtec.cat\/bergueda\/wp-json\/wp\/v2\/users\/1"}],"replies":[{"embeddable":true,"href":"https:\/\/serveiseducatius.xtec.cat\/bergueda\/wp-json\/wp\/v2\/comments?post=10431"}],"version-history":[{"count":2,"href":"https:\/\/serveiseducatius.xtec.cat\/bergueda\/wp-json\/wp\/v2\/pages\/10431\/revisions"}],"predecessor-version":[{"id":10433,"href":"https:\/\/serveiseducatius.xtec.cat\/bergueda\/wp-json\/wp\/v2\/pages\/10431\/revisions\/10433"}],"up":[{"embeddable":true,"href":"https:\/\/serveiseducatius.xtec.cat\/bergueda\/wp-json\/wp\/v2\/pages\/8264"}],"wp:attachment":[{"href":"https:\/\/serveiseducatius.xtec.cat\/bergueda\/wp-json\/wp\/v2\/media?parent=10431"}],"curies":[{"name":"wp","href":"https:\/\/api.w.org\/{rel}","templated":true}]}}