{"id":8547,"date":"2016-07-14T10:50:30","date_gmt":"2016-07-14T09:50:30","guid":{"rendered":"http:\/\/serveiseducatius.xtec.cat\/bdrlectura\/?page_id=8547"},"modified":"2016-07-15T19:26:16","modified_gmt":"2016-07-15T18:26:16","slug":"llicencies-destudi-sobre-educacio-literaria","status":"publish","type":"page","link":"https:\/\/serveiseducatius.xtec.cat\/bdrlectura\/llicencies-destudi\/llicencies-destudi-sobre-educacio-literaria\/","title":{"rendered":"Llic\u00e8ncies d&#8217;estudi sobre Educaci\u00f3 liter\u00e0ria"},"content":{"rendered":"<ul>\n<li>AYENSA PRAT, Eusebi. <a href=\"http:\/\/www.xtec.cat\/sgfp\/llicencies\/200607\/memories\/1563m.pdf\" target=\"_blank\">Recerca i propostes per a una major pres\u00e8ncia liter\u00e0ria i videogr\u00e0fica de la narrativa de Maria \u00c0ngels Anglada a l&#8217;ensenyament secundari i al batxillerat. <\/a>(Educaci\u00f3 secund\u00e0ria. Curs 2006-2007).<\/li>\n<li>DELGADO MERCADER, Josep Francesc. <a href=\"http:\/\/www.xtec.cat\/sgfp\/llicencies\/200506\/memories\/1041m.pdf\" target=\"_blank\">Guia de literatura juvenil per a professorat de secund\u00e0ria i per a la biblioteca escolar.<\/a> (Educaci\u00f3 secund\u00e0ria. Curs 2005-2006).<\/li>\n<li>DUQUE AMUSCO, Alejandro. <a href=\"http:\/\/www.xtec.cat\/sgfp\/llicencies\/200506\/memories\/1026m.pdf\" target=\"_blank\">Sensibilitat po\u00e8tica. Tractament insterdisciplinari de la poesia, la pintura i la m\u00fasica, mitjan\u00e7ant els sistemes multim\u00e8dia.<\/a> (Educaci\u00f3 secund\u00e0ria. Curs 2005-2006).<\/li>\n<li>ECHAZARRETA SOLER, Carmen. <a href=\"http:\/\/www.xtec.es\/sgfp\/llicencies\/200203\/resums\/cechazarreta.html\" target=\"_blank\">Literatura a trav\u00e9s del cine y cine gracias a la literatura.<\/a> (Educaci\u00f3 secund\u00e0ria. Curs 2002-2003).<\/li>\n<li>GARCIA VILANOVA, Maria Mar. <a href=\"http:\/\/www.xtec.cat\/sgfp\/llicencies\/200607\/memories\/1596m.pdf\" target=\"_blank\">La literatura, m\u00e9s que llibres.<\/a> (ESO. Curs 2006-2007).<\/li>\n<li>GONZ\u00c1LEZ ROVIRA, Francisco. <a href=\"http:\/\/www.xtec.cat\/sgfp\/llicencies\/200607\/memories\/1599m.pdf\" target=\"_blank\">Les webquest a l&#8217;ensenyament de la literatura.<\/a> (ESO. 2006-2007).<\/li>\n<li>L\u00d3PEZ ROBLES, Marta; R\u00c0FOLS VIVES, Joana. <a href=\"http:\/\/www.xtec.es\/sgfp\/llicencies\/200001\/resums\/mlopez.htm\" target=\"_blank\">Itineraris human\u00edstics per la literatura occidental a trav\u00e9s de les noves tecnologies.<\/a> (ESO. Curs 2000-2001).<\/li>\n<li>MANRESA POTRONY, Mireia. <a href=\"http:\/\/www.xtec.es\/sgfp\/llicencies\/200506\/memories\/1115m.pdf\" target=\"_blank\">Les obres liter\u00e0ries completes a secund\u00e0ria: del lector a la programaci\u00f3.<\/a> (Educaci\u00f3 secund\u00e0ria. Curs 2005-2006).<\/li>\n<li>ORMO RU\u00cdZ, Marta. <a href=\"http:\/\/www.xtec.cat\/sgfp\/llicencies\/200809\/memories\/2001m.pdf\" target=\"_blank\">Itineraris lectors. Una proposta de guies de lectura en l&#8217;educaci\u00f3 secund\u00e0ria obligat\u00f2ria.<\/a> (ESO. Curs 2008-2009).<\/li>\n<li>RIUS OLIVA, Llu\u00eds. <a href=\"http:\/\/www.xtec.es\/sgfp\/llicencies\/200102\/resums\/lrius.html\" target=\"_blank\">Biblionet.<\/a> (Educaci\u00f3 secund\u00e0ria. Curs 2001-2002).<\/li>\n<li>SALA CARBONELL, Alfred. <a href=\"http:\/\/www.xtec.cat\/sgfp\/llicencies\/200607\/memories\/1641m.pdf\" target=\"_blank\">Cent cinquanta fragments de la literatura universal.<\/a> (ESO. Curs 2006-2007).<\/li>\n<li>SERRASOLSES DOM\u00c8NECH, Llu\u00eds. <a href=\"http:\/\/www.xtec.cat\/sgfp\/llicencies\/200809\/memories\/1923m.pdf\" target=\"_blank\">Els cl\u00e0ssics de la literatura juvenil. Una aproximaci\u00f3 des de la cr\u00edtica que il\u00b7lumini la lectura formativa.<\/a> (Educaci\u00f3 prim\u00e0ria i secund\u00e0ria. Curs 2008-2009).<\/li>\n<li>TEB\u00c9 CASTELL\u00c0, Joan. <a href=\"http:\/\/www.xtec.cat\/sgfp\/llicencies\/200405\/memories\/974m.pdf\" target=\"_blank\">Materials per a l&#8217;ensenyament de la llengua i literatura catalanes i la m\u00fasica com a elements transversals.<\/a> (Educaci\u00f3 prim\u00e0ria i secund\u00e0ria. Curs 2004-2005).<\/li>\n<li>VERDAGUER AUTONELL, M. Teresa. <a href=\"http:\/\/www.xtec.es\/sgfp\/llicencies\/200102\/resums\/tverdaguer.html\" target=\"_blank\">Narrativa juvenil a l&#8217;abast. Base de dades per fomentar l&#8217;autonomia lectora dels alumnes i facilitar l&#8217;orientaci\u00f3 al professorat.<\/a> (ESO i 1r de Batxillerat. Curs 2001-2002).<\/li>\n<\/ul>\n","protected":false},"excerpt":{"rendered":"<ul>\n<li>AYENSA PRAT, Eusebi. <a href=\"http:\/\/www.xtec.cat\/sgfp\/llicencies\/200607\/memories\/1563m.pdf\" target=\"_blank\">Recerca i propostes per a una major pres\u00e8ncia liter\u00e0ria i videogr\u00e0fica de la narrativa de Maria \u00c0ngels Anglada a l&#8217;ensenyament secundari i al batxillerat. <\/a>(Educaci\u00f3 secund\u00e0ria. Curs 2006-2007).<\/li>\n<li>DELGADO MERCADER, Josep Francesc. <a href=\"http:\/\/www.xtec.cat\/sgfp\/llicencies\/200506\/memories\/1041m.pdf\" target=\"_blank\">Guia de literatura juvenil per a professorat&hellip;  <a href=\"https:\/\/serveiseducatius.xtec.cat\/bdrlectura\/llicencies-destudi\/llicencies-destudi-sobre-educacio-literaria\/\" title=\"Read Llic\u00e8ncies d&#8217;estudi sobre Educaci\u00f3 liter\u00e0ria\">Llegeix m\u00e9s\u00bb<\/a><br \/>\n","protected":false},"author":1,"featured_media":0,"parent":8538,"menu_order":330,"comment_status":"closed","ping_status":"closed","template":"","meta":{"_bbp_topic_count":0,"_bbp_reply_count":0,"_bbp_total_topic_count":0,"_bbp_total_reply_count":0,"_bbp_voice_count":0,"_bbp_anonymous_reply_count":0,"_bbp_topic_count_hidden":0,"_bbp_reply_count_hidden":0,"_bbp_forum_subforum_count":0,"footnotes":""},"class_list":["post-8547","page","type-page","status-publish","hentry"],"post_mailing_queue_ids":[],"_links":{"self":[{"href":"https:\/\/serveiseducatius.xtec.cat\/bdrlectura\/wp-json\/wp\/v2\/pages\/8547","targetHints":{"allow":["GET"]}}],"collection":[{"href":"https:\/\/serveiseducatius.xtec.cat\/bdrlectura\/wp-json\/wp\/v2\/pages"}],"about":[{"href":"https:\/\/serveiseducatius.xtec.cat\/bdrlectura\/wp-json\/wp\/v2\/types\/page"}],"author":[{"embeddable":true,"href":"https:\/\/serveiseducatius.xtec.cat\/bdrlectura\/wp-json\/wp\/v2\/users\/1"}],"replies":[{"embeddable":true,"href":"https:\/\/serveiseducatius.xtec.cat\/bdrlectura\/wp-json\/wp\/v2\/comments?post=8547"}],"version-history":[{"count":2,"href":"https:\/\/serveiseducatius.xtec.cat\/bdrlectura\/wp-json\/wp\/v2\/pages\/8547\/revisions"}],"predecessor-version":[{"id":8704,"href":"https:\/\/serveiseducatius.xtec.cat\/bdrlectura\/wp-json\/wp\/v2\/pages\/8547\/revisions\/8704"}],"up":[{"embeddable":true,"href":"https:\/\/serveiseducatius.xtec.cat\/bdrlectura\/wp-json\/wp\/v2\/pages\/8538"}],"wp:attachment":[{"href":"https:\/\/serveiseducatius.xtec.cat\/bdrlectura\/wp-json\/wp\/v2\/media?parent=8547"}],"curies":[{"name":"wp","href":"https:\/\/api.w.org\/{rel}","templated":true}]}}