{"id":8545,"date":"2016-07-14T10:49:52","date_gmt":"2016-07-14T09:49:52","guid":{"rendered":"http:\/\/serveiseducatius.xtec.cat\/bdrlectura\/?page_id=8545"},"modified":"2016-11-08T12:31:52","modified_gmt":"2016-11-08T11:31:52","slug":"llicencies-destudi-sobre-competencia-lectora","status":"publish","type":"page","link":"https:\/\/serveiseducatius.xtec.cat\/bdrlectura\/llicencies-destudi\/llicencies-destudi-sobre-competencia-lectora\/","title":{"rendered":"Llic\u00e8ncies d&#8217;estudi sobre Compet\u00e8ncia lectora"},"content":{"rendered":"<ul>\n<li>ABEY\u00c0 LAFONTANA, Merc\u00e8. <a href=\"http:\/\/www.xtec.cat\/sgfp\/llicencies\/200809\/memories\/1883m.pdf\" target=\"_blank\">Compet\u00e8ncia lectora i biblioteca escolar: una relaci\u00f3 necess\u00e0ria.<\/a> (Educaci\u00f3 prim\u00e0ria. Curs 2008-2009).<\/li>\n<li>ABRIL FERRER, Carme. <a href=\"http:\/\/www.xtec.cat\/sgfp\/llicencies\/200405\/memories\/969m.pdf\" target=\"_blank\">A l&#8217;Institut tothom ensenya a llegir. Un model de comprensi\u00f3 lectora.<\/a> (ESO. Curs 2004-2005).<\/li>\n<li>BAYO JUAN, Emilio. <a href=\"http:\/\/www.xtec.cat\/sgfp\/llicencies\/200809\/memories\/1941m.pdf\" target=\"_blank\">La transformaci\u00f3 dels h\u00e0bits de lectura i les noves tecnologies.<\/a> (Educaci\u00f3 secund\u00e0ria. Curs 2008-2009).<\/li>\n<li>BENET PUG\u00c8S, Roser. <a href=\"http:\/\/www.xtec.cat\/sgfp\/llicencies\/200102\/resums\/rbenet.html\" target=\"_blank\">La lectura expressiva a l&#8217;aula: una estrat\u00e8gia de descodificaci\u00f3 de textos per formar lectors ling\u00fc\u00edsticament competents.<\/a> (Educaci\u00f3 secund\u00e0ria. Curs 2001-2002).<\/li>\n<li>CABR\u00c9 CASTELLV\u00cd, N\u00faria. <a href=\"http:\/\/www.xtec.cat\/sgfp\/llicencies\/200506\/memories\/1020m.pdf\" target=\"_blank\">Les estrat\u00e8gies metodol\u00f2giques i els recursos did\u00e0ctics en la lectura de llibres a primer cicle d&#8217;ESO.<\/a> (ESO. Curs 2005-2006).<\/li>\n<li>CLOS BUSQUETS, Antoni. <a href=\"http:\/\/www.xtec.cat\/sgfp\/llicencies\/200809\/memories\/1863m.pdf\" target=\"_blank\">La pr\u00e0ctica lectora de literatura a l\u2019escola. Contra la literatura infantil i juvenil.<\/a> (Cicle superior de prim\u00e0ria i ESO. Curs 2008-2009).<\/li>\n<li>DOT PADR\u00d3S, Maria. <a href=\"http:\/\/www.xtec.cat\/sgfp\/llicencies\/200304\/memories\/798m.pdf\" target=\"_blank\">Tu ets diferent perqu\u00e8 llegeixes (Com la literatura pot jugar un paper essencial en la formaci\u00f3 dels joves).<\/a> (Educaci\u00f3 secund\u00e0ria. Curs 2003-2004).<\/li>\n<li>GARRIGA FERRIOL, Enriqueta.<a href=\"http:\/\/www.xtec.cat\/sgfp\/llicencies\/200203\/resums\/egarriga.html\" target=\"_blank\"> L&#8217;adquisici\u00f3 de la lectura en el nen sord: cal saber &#8220;parlar&#8221; per poder llegir?<\/a>\u00a0(Educaci\u00f3 infantil i cicle inicial. Curs 2002-2003).<\/li>\n<li>GISBERT SAGU\u00c9S, S\u00edlvia. <a href=\"http:\/\/www.xtec.es\/sgfp\/llicencies\/199899\/resums\/sgisbert.htm\" target=\"_blank\">La lectura com a experi\u00e8ncia educativa per a l&#8217;adquisici\u00f3 de valors i el desplegament d&#8217;habilitats cognitives i social.<\/a> (ESO. Curs 1998-1999).<\/li>\n<li>MART\u00cd BERTRAN, Pere. <a href=\"http:\/\/www.xtec.es\/sgfp\/llicencies\/199900\/resums\/pmarti.html\" target=\"_blank\">Qu\u00e8 els fem llegir (Les lectures escolars i la interdisciplinarietat, la diversitat, la interculturalitat i la coordinaci\u00f3 Prim\u00e0ria-Secund\u00e0ria).<\/a> (Educaci\u00f3 infantil, prim\u00e0ria i ESO. Curs 1999-2000).<\/li>\n<\/ul>\n","protected":false},"excerpt":{"rendered":"<ul>\n<li>ABEY\u00c0 LAFONTANA, Merc\u00e8. <a href=\"http:\/\/www.xtec.cat\/sgfp\/llicencies\/200809\/memories\/1883m.pdf\" target=\"_blank\">Compet\u00e8ncia lectora i biblioteca escolar: una relaci\u00f3 necess\u00e0ria.<\/a> (Educaci\u00f3 prim\u00e0ria. Curs 2008-2009).<\/li>\n<li>ABRIL FERRER, Carme. <a href=\"http:\/\/www.xtec.cat\/sgfp\/llicencies\/200405\/memories\/969m.pdf\" target=\"_blank\">A l&#8217;Institut tothom ensenya a llegir. Un model de comprensi\u00f3 lectora.<\/a> (ESO. Curs 2004-2005).<\/li>\n<li>BAYO JUAN, Emilio. <a href=\"http:\/\/www.xtec.cat\/sgfp\/llicencies\/200809\/memories\/1941m.pdf\" target=\"_blank\">La transformaci\u00f3 dels h\u00e0bits de lectura&hellip;  <a href=\"https:\/\/serveiseducatius.xtec.cat\/bdrlectura\/llicencies-destudi\/llicencies-destudi-sobre-competencia-lectora\/\" title=\"Read Llic\u00e8ncies d&#8217;estudi sobre Compet\u00e8ncia lectora\">Llegeix m\u00e9s\u00bb<\/a><br \/>\n","protected":false},"author":1,"featured_media":0,"parent":8538,"menu_order":330,"comment_status":"closed","ping_status":"closed","template":"","meta":{"_bbp_topic_count":0,"_bbp_reply_count":0,"_bbp_total_topic_count":0,"_bbp_total_reply_count":0,"_bbp_voice_count":0,"_bbp_anonymous_reply_count":0,"_bbp_topic_count_hidden":0,"_bbp_reply_count_hidden":0,"_bbp_forum_subforum_count":0,"footnotes":""},"class_list":["post-8545","page","type-page","status-publish","hentry"],"post_mailing_queue_ids":[],"_links":{"self":[{"href":"https:\/\/serveiseducatius.xtec.cat\/bdrlectura\/wp-json\/wp\/v2\/pages\/8545","targetHints":{"allow":["GET"]}}],"collection":[{"href":"https:\/\/serveiseducatius.xtec.cat\/bdrlectura\/wp-json\/wp\/v2\/pages"}],"about":[{"href":"https:\/\/serveiseducatius.xtec.cat\/bdrlectura\/wp-json\/wp\/v2\/types\/page"}],"author":[{"embeddable":true,"href":"https:\/\/serveiseducatius.xtec.cat\/bdrlectura\/wp-json\/wp\/v2\/users\/1"}],"replies":[{"embeddable":true,"href":"https:\/\/serveiseducatius.xtec.cat\/bdrlectura\/wp-json\/wp\/v2\/comments?post=8545"}],"version-history":[{"count":2,"href":"https:\/\/serveiseducatius.xtec.cat\/bdrlectura\/wp-json\/wp\/v2\/pages\/8545\/revisions"}],"predecessor-version":[{"id":8703,"href":"https:\/\/serveiseducatius.xtec.cat\/bdrlectura\/wp-json\/wp\/v2\/pages\/8545\/revisions\/8703"}],"up":[{"embeddable":true,"href":"https:\/\/serveiseducatius.xtec.cat\/bdrlectura\/wp-json\/wp\/v2\/pages\/8538"}],"wp:attachment":[{"href":"https:\/\/serveiseducatius.xtec.cat\/bdrlectura\/wp-json\/wp\/v2\/media?parent=8545"}],"curies":[{"name":"wp","href":"https:\/\/api.w.org\/{rel}","templated":true}]}}