{"id":8542,"date":"2016-07-14T10:48:23","date_gmt":"2016-07-14T09:48:23","guid":{"rendered":"http:\/\/serveiseducatius.xtec.cat\/bdrlectura\/?page_id=8542"},"modified":"2016-07-15T19:19:44","modified_gmt":"2016-07-15T18:19:44","slug":"llicencies-destudi-sobre-competencia-informacional","status":"publish","type":"page","link":"https:\/\/serveiseducatius.xtec.cat\/bdrlectura\/llicencies-destudi\/llicencies-destudi-sobre-competencia-informacional\/","title":{"rendered":"Llic\u00e8ncies d&#8217;estudi sobre Compet\u00e8ncia informacional"},"content":{"rendered":"<ul>\n<li>CALDERON PE\u00d1UELA, Marisol. \u00c0gora. <a href=\"http:\/\/www.xtec.cat\/sgfp\/llicencies\/200405\/memories\/892m.pdf\" target=\"_blank\">La biblioteca a l&#8217;ensenyament secundari: una proposta pr\u00e0ctica.<\/a> (Educaci\u00f3 secund\u00e0ria. Curs 2004-2005)<\/li>\n<li>GARCIA ALCOCER, Josep. <a href=\"http:\/\/www.xtec.es\/sgfp\/llicencies\/200001\/resums\/jgarcia.htm\" target=\"_blank\">El tractament de la informaci\u00f3 en la societat de la informaci\u00f3: una compet\u00e8ncia b\u00e0sica.<\/a> (ESO. Curs 2000-2001)<\/li>\n<li>MAR\u00cd MART\u00cdN, Antonio. <a href=\"http:\/\/www.xtec.cat\/sgfp\/llicencies\/200607\/memories\/1628m.pdf\" target=\"_blank\">Biblioteques escolars i i alfabetitzaci\u00f3 informacional.<\/a> (Educaci\u00f3 secund\u00e0ria. Curs 2006-2007)<\/li>\n<li>PAR\u00c9S CORRETG\u00c9, \u00c0ngels. <a href=\"http:\/\/www.xtec.es\/sgfp\/llicencies\/200203\/resums\/apares.html\" target=\"_blank\">La nova concepci\u00f3 de la biblioteca escolar: projecte per a una biblioteca escolar de secund\u00e0ria.<\/a> (ESO. Curs 2002-2003)<\/li>\n<li>PI\u00d1ERO SUBIRANA , Albert.\u00a0<a href=\"http:\/\/phobos.xtec.cat\/apinero1\/\" target=\"_blank\">Eines per a la recerca a l&#8217;Eso i al Batxillerat. Una proposta interdisciplinar sobre metodologia.<\/a>\u00a0(ESO i Batxillerat. Curs 2005-2006)<\/li>\n<\/ul>\n","protected":false},"excerpt":{"rendered":"<ul>\n<li>CALDERON PE\u00d1UELA, Marisol. \u00c0gora. <a href=\"http:\/\/www.xtec.cat\/sgfp\/llicencies\/200405\/memories\/892m.pdf\" target=\"_blank\">La biblioteca a l&#8217;ensenyament secundari: una proposta pr\u00e0ctica.<\/a> (Educaci\u00f3 secund\u00e0ria. Curs 2004-2005)<\/li>\n<li>GARCIA ALCOCER, Josep. <a href=\"http:\/\/www.xtec.es\/sgfp\/llicencies\/200001\/resums\/jgarcia.htm\" target=\"_blank\">El tractament de la informaci\u00f3 en la societat de la informaci\u00f3: una compet\u00e8ncia b\u00e0sica.<\/a> (ESO. Curs 2000-2001)<\/li>\n<li>MAR\u00cd MART\u00cdN, Antonio. <a href=\"http:\/\/www.xtec.cat\/sgfp\/llicencies\/200607\/memories\/1628m.pdf\" target=\"_blank\">Biblioteques escolars&hellip;  <a href=\"https:\/\/serveiseducatius.xtec.cat\/bdrlectura\/llicencies-destudi\/llicencies-destudi-sobre-competencia-informacional\/\" title=\"Read Llic\u00e8ncies d&#8217;estudi sobre Compet\u00e8ncia informacional\">Llegeix m\u00e9s\u00bb<\/a><br \/>\n","protected":false},"author":1,"featured_media":0,"parent":8538,"menu_order":310,"comment_status":"closed","ping_status":"closed","template":"","meta":{"_bbp_topic_count":0,"_bbp_reply_count":0,"_bbp_total_topic_count":0,"_bbp_total_reply_count":0,"_bbp_voice_count":0,"_bbp_anonymous_reply_count":0,"_bbp_topic_count_hidden":0,"_bbp_reply_count_hidden":0,"_bbp_forum_subforum_count":0,"footnotes":""},"class_list":["post-8542","page","type-page","status-publish","hentry"],"post_mailing_queue_ids":[],"_links":{"self":[{"href":"https:\/\/serveiseducatius.xtec.cat\/bdrlectura\/wp-json\/wp\/v2\/pages\/8542","targetHints":{"allow":["GET"]}}],"collection":[{"href":"https:\/\/serveiseducatius.xtec.cat\/bdrlectura\/wp-json\/wp\/v2\/pages"}],"about":[{"href":"https:\/\/serveiseducatius.xtec.cat\/bdrlectura\/wp-json\/wp\/v2\/types\/page"}],"author":[{"embeddable":true,"href":"https:\/\/serveiseducatius.xtec.cat\/bdrlectura\/wp-json\/wp\/v2\/users\/1"}],"replies":[{"embeddable":true,"href":"https:\/\/serveiseducatius.xtec.cat\/bdrlectura\/wp-json\/wp\/v2\/comments?post=8542"}],"version-history":[{"count":2,"href":"https:\/\/serveiseducatius.xtec.cat\/bdrlectura\/wp-json\/wp\/v2\/pages\/8542\/revisions"}],"predecessor-version":[{"id":8702,"href":"https:\/\/serveiseducatius.xtec.cat\/bdrlectura\/wp-json\/wp\/v2\/pages\/8542\/revisions\/8702"}],"up":[{"embeddable":true,"href":"https:\/\/serveiseducatius.xtec.cat\/bdrlectura\/wp-json\/wp\/v2\/pages\/8538"}],"wp:attachment":[{"href":"https:\/\/serveiseducatius.xtec.cat\/bdrlectura\/wp-json\/wp\/v2\/media?parent=8542"}],"curies":[{"name":"wp","href":"https:\/\/api.w.org\/{rel}","templated":true}]}}