{"id":8538,"date":"2016-07-14T10:43:49","date_gmt":"2016-07-14T09:43:49","guid":{"rendered":"http:\/\/serveiseducatius.xtec.cat\/bdrlectura\/?page_id=8538"},"modified":"2016-07-15T09:37:34","modified_gmt":"2016-07-15T08:37:34","slug":"llicencies-destudi","status":"publish","type":"page","link":"https:\/\/serveiseducatius.xtec.cat\/bdrlectura\/llicencies-destudi\/","title":{"rendered":"Llic\u00e8ncies d&#8217;estudi"},"content":{"rendered":"<h2>Biblioteca escolar<\/h2>\n<p>BORRUT CASELLAS, Josep.\u00a0<a href=\"http:\/\/www.xtec.cat\/sgfp\/llicencies\/200506\/memories\/1082m.pdf\" target=\"_blank\">La biblioteca escolar i la formaci\u00f3 dels seus responsables.<\/a>\u00a0(Educaci\u00f3 infantil, prim\u00e0ria i secund\u00e0ria. Curs 2005-2006)<\/p>\n<p>CENTELLES PASTOR, Jaume.\u00a0<a href=\"http:\/\/www.xtec.cat\/sgfp\/llicencies\/200304\/memories\/823m.pdf\" target=\"_blank\">La biblioteca, el cor de l\u2019escola.<\/a>\u00a0(Educaci\u00f3 infantil i prim\u00e0ria. Curs 2003-2004<\/p>\n<p>RINCON CASADO, J. Francisco.\u00a0<a href=\"http:\/\/www.xtec.cat\/sgfp\/llicencies\/200607\/memories\/1651m.pdf\" target=\"_blank\">La\u00a0biblioteca i l\u2019\u00fas de les TIC a la formaci\u00f3 permanent.<\/a>\u00a0(Educaci\u00f3 secund\u00e0ria. Curs 2006-2007)<\/p>\n<p>SECUR\u00daN FUSTER, Rosa Maria.\u00a0<a href=\"http:\/\/www.xtec.cat\/sgfp\/llicencies\/200708\/memories\/1731m.pdf\" target=\"_blank\">La biblioteca escolar, un recurs per a l\u2019assoliment de les compet\u00e8ncies b\u00e0siques.<\/a>\u00a0(Educaci\u00f3 infantil, prim\u00e0ria i secund\u00e0ria. Curs 2007-2008)<\/p>\n","protected":false},"excerpt":{"rendered":"<p>Biblioteca escolar<br \/>\nBORRUT CASELLAS, Josep.\u00a0<a href=\"http:\/\/www.xtec.cat\/sgfp\/llicencies\/200506\/memories\/1082m.pdf\" target=\"_blank\">La biblioteca escolar i la formaci\u00f3 dels seus responsables.<\/a>\u00a0(Educaci\u00f3 infantil, prim\u00e0ria i secund\u00e0ria. Curs 2005-2006)<br \/>\nCENTELLES PASTOR, Jaume.\u00a0<a href=\"http:\/\/www.xtec.cat\/sgfp\/llicencies\/200304\/memories\/823m.pdf\" target=\"_blank\">La biblioteca, el cor de l\u2019escola.<\/a>\u00a0(Educaci\u00f3 infantil i prim\u00e0ria. Curs 2003-2004<br \/>\nRINCON CASADO, J. Francisco.\u00a0<a href=\"http:\/\/www.xtec.cat\/sgfp\/llicencies\/200607\/memories\/1651m.pdf\" target=\"_blank\">La\u00a0biblioteca i l\u2019\u00fas de les TIC a&hellip;  <a href=\"https:\/\/serveiseducatius.xtec.cat\/bdrlectura\/llicencies-destudi\/\" title=\"Read Llic\u00e8ncies d&#8217;estudi\">Llegeix m\u00e9s\u00bb<\/a><\/p>\n","protected":false},"author":1,"featured_media":0,"parent":0,"menu_order":0,"comment_status":"closed","ping_status":"closed","template":"","meta":{"_bbp_topic_count":0,"_bbp_reply_count":0,"_bbp_total_topic_count":0,"_bbp_total_reply_count":0,"_bbp_voice_count":0,"_bbp_anonymous_reply_count":0,"_bbp_topic_count_hidden":0,"_bbp_reply_count_hidden":0,"_bbp_forum_subforum_count":0,"footnotes":""},"class_list":["post-8538","page","type-page","status-publish","hentry"],"post_mailing_queue_ids":[],"_links":{"self":[{"href":"https:\/\/serveiseducatius.xtec.cat\/bdrlectura\/wp-json\/wp\/v2\/pages\/8538","targetHints":{"allow":["GET"]}}],"collection":[{"href":"https:\/\/serveiseducatius.xtec.cat\/bdrlectura\/wp-json\/wp\/v2\/pages"}],"about":[{"href":"https:\/\/serveiseducatius.xtec.cat\/bdrlectura\/wp-json\/wp\/v2\/types\/page"}],"author":[{"embeddable":true,"href":"https:\/\/serveiseducatius.xtec.cat\/bdrlectura\/wp-json\/wp\/v2\/users\/1"}],"replies":[{"embeddable":true,"href":"https:\/\/serveiseducatius.xtec.cat\/bdrlectura\/wp-json\/wp\/v2\/comments?post=8538"}],"version-history":[{"count":3,"href":"https:\/\/serveiseducatius.xtec.cat\/bdrlectura\/wp-json\/wp\/v2\/pages\/8538\/revisions"}],"predecessor-version":[{"id":8679,"href":"https:\/\/serveiseducatius.xtec.cat\/bdrlectura\/wp-json\/wp\/v2\/pages\/8538\/revisions\/8679"}],"wp:attachment":[{"href":"https:\/\/serveiseducatius.xtec.cat\/bdrlectura\/wp-json\/wp\/v2\/media?parent=8538"}],"curies":[{"name":"wp","href":"https:\/\/api.w.org\/{rel}","templated":true}]}}