{"id":8396,"date":"2016-06-15T13:20:17","date_gmt":"2016-06-15T12:20:17","guid":{"rendered":"http:\/\/serveiseducatius.xtec.cat\/bdrlectura\/?page_id=8396"},"modified":"2020-05-09T19:36:29","modified_gmt":"2020-05-09T17:36:29","slug":"biblioteca-escolar-documentacio","status":"publish","type":"page","link":"https:\/\/serveiseducatius.xtec.cat\/bdrlectura\/biblioteca-escolar-documentacio\/","title":{"rendered":"Biblioteca Escolar. Documentaci\u00f3"},"content":{"rendered":"<section class=\"padding-xs padding-sm padding-md colorSectionEven\">\n<article class=\"container fullcontainer-xs\">\n<div class=\"row\"><\/div>\n<\/article>\n<\/section>\n<section class=\"padding-xs padding-sm padding-md colorSectionEven\">\n<article class=\"container fullcontainer-xs\">\n<div class=\"row\">\n<div>\n<div id=\"center_2R\">\n<div id=\"453aaf0f-3f52-11e5-892b-000c291c997a\" class=\"fpca_article pd-15\">\n<div>\n<div>\n<div class=\"row\">\n<div class=\"basic_text_peq col-xs-12\">\n<div class=\"pd-15x\">\n<h3>Directrius i orientacions<\/h3>\n<ul>\n<li><a href=\"http:\/\/xtec.gencat.cat\/web\/sites\/xtec\/.content\/alfresco\/d\/d\/workspace\/SpacesStore\/0035\/141e9267-a690-4f79-987a-59c9f2dea7ba\/cartadrets.pdf\" target=\"_blank\" rel=\"noopener noreferrer\">Carta dels drets dels alumnes en l&#8217;era de la informaci\u00f3.<\/a> Association for Teacher-Librarianship in Canada (ATLC).<\/li>\n<li><a href=\"http:\/\/xtec.gencat.cat\/web\/sites\/xtec\/.content\/alfresco\/d\/d\/workspace\/SpacesStore\/0001\/0a9f4741-0778-4d4c-9e59-0c20d8ba4afb\/decomlesbiblios.pdf\" target=\"_blank\" rel=\"noopener noreferrer\">De com les biblioteques poden ajudar Catalunya a entrar amb \u00e9xit a la societat de la informaci\u00f3.<\/a> Declaraci\u00f3 del Col\u00b7legi Oficial de Bibliotecaris-Documentalistes de Catalunya (setembre 1999).<\/li>\n<li><a href=\"http:\/\/www.cobdc.org\/grups\/alfincat\/pdf\/alex_cat.pdf\" target=\"_blank\" rel=\"noopener noreferrer\">Declaraci\u00f3 d&#8217;Alexandria sobre l&#8217;Alfabetitzaci\u00f3 Informacional i l&#8217;Aprenentatge al Llarg de la Vida<\/a>. Participants en el Coloqui d&#8217;Alt Nivell sobre l&#8217;Alfabetizaci\u00f3 Informacional i l&#8217;Aprenentatge al Llarg de la Vida, celebrat a la Biblioteca Alexandrina. Alexandria, Egipte, novembre de 2005.<\/li>\n<li><a href=\"http:\/\/www.cobdc.org\/grups\/alfincat\/pdf\/praga_cat.pdf\" target=\"_blank\" rel=\"noopener noreferrer\">Declaraci\u00f3 de Praga &#8220;Cap a una societat alfabetitzada&#8221;<\/a>. Reuni\u00f3 d\u2019Experts en Alfabetitzaci\u00f3 Informacional, organitzada per la US National Comisi\u00f3n on Library and Information Science i el National Forum on Information Literacy, amb el suport de la UNESCO. Praga, Rep\u00fablica Txeca, setembre de 2003.<\/li>\n<li><a href=\"http:\/\/www.cobdc.org\/publica\/directrius\/IFLA_escolar.pdf\" target=\"_blank\" rel=\"noopener noreferrer\">Directrius IFLA\/UNESCO per a la biblioteca escolar<\/a>. Barcelona: Col\u00b7legi de Bibliotecaris-Documentalistes de Catalunya, Departament d&#8217;Educaci\u00f3 de la Generalitat de Catalunya, 2005.<\/li>\n<li><a href=\"http:\/\/www.cobdc.org\/publica\/directrius\/lectura_facil.pdf\" target=\"_blank\" rel=\"noopener noreferrer\">Directrius per a materials de lectura f\u00e0cil.<\/a> Barcelona: Col\u00b7legi de Bibliotecaris-Documentalistes de Catalunya, Departament d&#8217;Educaci\u00f3 de la Generalitat de Catalunya, 1999.<\/li>\n<li><a href=\"http:\/\/www.ifla.org\/VII\/s11\/pubs\/mani-c.htm\" target=\"_blank\" rel=\"noopener noreferrer\">Manifest de la biblioteca escolar<\/a>. La biblioteca escolar en el context de l&#8217;ensenyament i de l&#8217;aprenentatge per a tothom (IFLA\/UNESCO).<\/li>\n<li><a href=\"http:\/\/unesdoc.unesco.org\/images\/0021\/002125\/212534s.pdf\" target=\"_blank\" rel=\"noopener noreferrer\">Manifest de la IFLA sobre les biblioteques digitals.<\/a> Aquest manifest, aprovat per la IFLA, estableix els principis per proporcionar suport a les biblioteques en l&#8217;execuci\u00f3 d&#8217;activitats de digitalitzaci\u00f3 sostenibles i interoperables. Par\u00eds, octubre de 2011<\/li>\n<li><a href=\"http:\/\/xtec.gencat.cat\/web\/sites\/xtec\/.content\/alfresco\/d\/d\/workspace\/SpacesStore\/0001\/00e7342f-0ce8-4230-a12d-59dccdf23fab\/manifestlectura.pdf\" target=\"_blank\" rel=\"noopener noreferrer\">Manifiesto por la lectura<\/a>. Manifest subscrit per diverses associacions i entitats que tenen relaci\u00f3 amb el m\u00f3n del llibre. Madrid, novembre de 2005<\/li>\n<li><a href=\"https:\/\/sede.educacion.gob.es\/publiventa\/marco-de-referencia-para-las-bibliotecas-escolares\/educacion-bibliotecas\/14848\" target=\"_blank\" rel=\"noopener noreferrer\">Marco de referencia para las bibliotecas escolares.<\/a> Document marc que presenta el model de biblioteca escolar que el sistema educatiu necessita. Madrid, abril de 2011<\/li>\n<li><a href=\"http:\/\/www.ala.org\/aasl\/standards\/learning\" target=\"_blank\" rel=\"noopener noreferrer\">Standards for the 21st &#8211; Century learner<\/a>. Est\u00e0ndards per al segle XXI sobre l\u2019ensenyament i l\u2019aprenentatge, que encoratgen el lideratge educatiu. La biblioteca ha de servir d\u2019instrument per influir en l\u2019aprenentatge dels estudiants.<\/li>\n<li><a href=\"https:\/\/www.ensil-online.org\/uploads\/files\/A_LIBRARY_FOR_EVERY_SCHOOL-Proclamation2010-ENSIL.pdf\" target=\"_blank\" rel=\"noopener noreferrer\">Una biblioteca per a cada escola!<\/a> Manifest publicat per diverses entitats internacionals que advoca perqu\u00e8 les biblioteques siguin obligat\u00f2ries a totes les escoles. Baexem, Pa\u00efsos Baixos, abril de 2010 (Traducci\u00f3 al <a href=\"http:\/\/xtec.gencat.cat\/web\/sites\/xtec\/.content\/alfresco\/d\/d\/workspace\/SpacesStore\/0092\/e3a025b0-fde4-4476-be14-3a60549cafc7\/Manifest_una_-biblioteca_-per_-a_-cada_-escola.pdf\" target=\"_blank\" rel=\"noopener noreferrer\">catal\u00e0<\/a>)<\/li>\n<li><a href=\"https:\/\/drive.google.com\/open?id=1OSxU7nzvaAq2SFt43d94RgcZ2nk96oLf\" target=\"_blank\" rel=\"noopener noreferrer\">III Plan estrat\u00e9gico del CCB 2019-2023. Bibliotecas en igualdad. <\/a>Madird: Ministerio de Cultura. Consejo de Cooperaci\u00f3n Bibliotecaria, 2019<\/li>\n<\/ul>\n<\/div>\n<\/div>\n<\/div>\n<\/div>\n<\/div>\n<\/div>\n<\/div>\n<\/div>\n<\/div>\n<\/article>\n<\/section>\n<section class=\"padding-xs padding-sm padding-md colorSectionEven\">\n<article class=\"container fullcontainer-xs\">\n<div class=\"row\">\n<div id=\"center_3R\">\n<div id=\"454b02c4-3f52-11e5-892b-000c291c997a\" class=\"fpca_article pd-15\">\n<div class=\"row\">\n<div class=\"basic_text_peq col-xs-12\">\n<div class=\"pd-15x\">\n<h3>Congressos i jornades<\/h3>\n<ul>\n<li><a href=\"http:\/\/xtec.gencat.cat\/ca\/projectes\/biblioteca\/xarxa\/jornades\/\" target=\"_blank\" rel=\"noopener noreferrer\"><span class=\"HALYaf XQINac R21Rlc KKjvXb\" role=\"tabpanel\">3a Trobada pedag\u00f2gica de biblioteques escolars de Catalunya<\/span><\/a><span class=\"HALYaf XQINac R21Rlc KKjvXb\" role=\"tabpanel\">. La biblioteca escolar: un motor per a la cohesi\u00f3 social i la inclusi\u00f3. Barcelona, 13 de juny de 2019<\/span><\/li>\n<li><a href=\"http:\/\/xtec.gencat.cat\/ca\/projectes\/biblioteca\/xarxa\/jornades\/\" target=\"_blank\" rel=\"noopener noreferrer\">1a Trobada de coordinaci\u00f3 de seminaris i grups de treball de biblioteques escolars de Catalunya<\/a>. Documents i materials. Barcelona, 17 de maig de 2019<\/li>\n<li><a href=\"https:\/\/www.edu.xunta.es\/biblioteca\/blog\/files\/Jornada%20t%C3%A9cnica.pdf\" target=\"_blank\" rel=\"noopener noreferrer\">4 retos para la biblioteca escolar 2020<\/a>. Propostes a la manera de reptes per actualitzar el model de biblioteca escola. Jornada t\u00e8cnica. Biblioteca escolar: cuesti\u00f3n de enfoque. (Santiago de Compostela, mar\u00e7 2019).<\/li>\n<li><a href=\"http:\/\/bibliotecasescolaresentransito2011.blogspot.com.es\/\" target=\"_blank\" rel=\"noopener noreferrer\">Bibliotecas Escolares en Tr\u00e1nsito.<\/a>\u00a0Materials de les confer\u00e8ncies, taules de debat i experi\u00e8ncies presentades al congr\u00e9s que ha tingut lloc a Santiago de Compostela (novembre 2011).<\/li>\n<li><a href=\"https:\/\/dialnet.unirioja.es\/servlet\/libro?codigo=468491\" target=\"_blank\" rel=\"noopener noreferrer\">Bibliotecas y escuelas participativas: \u00bfqu\u00e9 va a pasar en el universo 2.0<\/a><a href=\"http:\/\/www.alfared.org\/blog\/informaci-n-general\/1108\" target=\"_blank\" rel=\"noopener noreferrer\">?<\/a>\u00a0Conclusions de les 19a Jornadas de Bibliotecas Infantiles, Juveniles y Escolares organitzades per la Fundaci\u00f3n Germ\u00e1n S\u00e1nchez Ruip\u00e9rez (juny 2011).<\/li>\n<li><a href=\"http:\/\/www.slideshare.net\/COBDC\/conclusions-4es-jornades-de-biblioteques-escolars-mnica-bar-i-teresa-ma\" target=\"_blank\" rel=\"noopener noreferrer\">Conclusions finals de les Quartes Jornades de Biblioteques Escolars.<\/a>\u00a0Barcelona, del 25 al 26 de febrer de 2009.<\/li>\n<li><a href=\"http:\/\/www.xtec.es\/sgfp\/crp\/recursos\/banc\/lectura\/documentacio\/documents\/conclusions2es.pdf\" target=\"_blank\" rel=\"noopener noreferrer\">Conclusions finals de les Segones Jornades de Biblioteques Escolars.<\/a>\u00a0Cornell\u00e0 de Llobregat, del 14 al 16 de febrer de 2002.<\/li>\n<li><a href=\"http:\/\/www.vallecastodocultura.org\/Fundacion%20VALLECAS%20TODO%20CULTURA\/ACTIVIDADES\/2007\/Documentos2007\/Conclusiones%20BibliotecasSalamanca.pdf\" target=\"_blank\" rel=\"noopener noreferrer\">Conclusiones del Primer Congreso Nacional de Bibliotecas Escolares<\/a><a href=\"http:\/\/www.cerlalc.org\/revista_enero\/pdf\/08.pdf\" target=\"_blank\" rel=\"noopener noreferrer\">.<\/a>\u00a0Salamanca, 18, 19 i 20 d&#8217;octubre de 2006.<\/li>\n<li><a href=\"http:\/\/grupbibliomedia.blogspot.com.es\/2017\/03\/jornada-bibliomedia-2017.html\" target=\"_blank\" rel=\"noopener noreferrer\">La biblioteca escolar: Una mirada cap el futur.<\/a> Jornada Bibliom\u00e8dia. Barcelona, 11 de mar\u00e7 de 2017<\/li>\n<li><a href=\"http:\/\/www.cobdc.org\/jornades\/4JBE\/materials.html\" target=\"_blank\" rel=\"noopener noreferrer\">Materials de les IV Jornades de Biblioteques Escolars.<\/a>\u00a0Recull de les pon\u00e8ncies presentades a les jornades (mar\u00e7 2009).<\/li>\n<\/ul>\n<\/div>\n<\/div>\n<\/div>\n<\/div>\n<\/div>\n<\/div>\n<\/article>\n<\/section>\n<section class=\"padding-xs padding-sm padding-md colorSectionEven\">\n<article class=\"container fullcontainer-xs\">\n<div class=\"row\">\n<div id=\"center_4R\">\n<div id=\"455bcba9-3f52-11e5-892b-000c291c997a\" class=\"fpca_article pd-15\">\n<div class=\"row\">\n<h3>Estudis i informes<\/h3>\n<ul>\n<li><a href=\"http:\/\/xtec.gencat.cat\/web\/sites\/xtec\/.content\/alfresco\/d\/d\/workspace\/SpacesStore\/0002\/0cd36ff8-1252-403c-81d1-e62fb1d62c0f\/primer_laboratori_be_bp.pdf\" target=\"_blank\" rel=\"noopener noreferrer\">Laboratori Biblioteca Escolar-Biblioteca P\u00fablica<\/a>. Conclusions del treball realitzat pel laboratori impulsat per la Diputaci\u00f3 de Barcelona i la Generalitat de Catalunya, al llarg dels mesos de gener a juliol de 2005 amb la participaci\u00f3 de professionals de diferents \u00e0mbits.<\/li>\n<li><a href=\"http:\/\/xtec.gencat.cat\/web\/sites\/xtec\/.content\/alfresco\/download\/Company_20Home\/Projectes\/xtec_public\/laboratoriescdef2.pdf\" target=\"_blank\" rel=\"noopener noreferrer\">Laboratori Biblioteca Escolar-Biblioteca P\u00fablica. <\/a>Document que recull el treball realitzat en el segon laboratori (gener 2007).<\/li>\n<li><a href=\"http:\/\/www.lecturalab.org\/story.php?id=2180\" target=\"_blank\" rel=\"noopener noreferrer\">La dinamizaci\u00f3n en la bibliotecas tiene efectos relevantes sobre la comprensi\u00f3n lectora.<\/a> Estudi dut a terme per l&#8217;equip investigador que treballa en l&#8217;an\u00e0lisi de la comprensi\u00f3n lectora\u00a0dins del programa Territorio eBook de la Fundaci\u00f3n Germ\u00e1n S\u00e1nchez Ruip\u00e9rez (maig 2011).<\/li>\n<\/ul>\n<h3>\u00a0Documents audiovisuals<\/h3>\n<ul>\n<li><a href=\"http:\/\/www.ara.cat\/programes\/raval-escola-biblioteca-carles-casanovas_3_400189983.html\" target=\"_blank\" rel=\"noopener noreferrer\">La biblioteca de l&#8217;escola Collaso i Gil.<\/a>\u00a0[Enregistrament v\u00eddeo].\u00a0ARA Mestres (Diari\u00a0Ara, edici\u00f3 digital)<\/li>\n<li><a href=\"http:\/\/www.edu3.cat\/Edu3tv\/Fitxa?p_id=18215&amp;p_ex=LA%20BIBLIOTECA%20ESCOLAR%20%22PUNTEDU%22\" target=\"_blank\" rel=\"noopener noreferrer\">La biblioteca escolar &#8220;puntedu&#8221;.<\/a>\u00a0[Enregistrament v\u00eddeo].\u00a0Barcelona: Generalitat de Catalunya, 2006<\/li>\n<\/ul>\n<\/div>\n<\/div>\n<\/div>\n<\/div>\n<\/article>\n<\/section>\n","protected":false},"excerpt":{"rendered":"<p>Directrius i orientacions<\/p>\n<ul>\n<li><a href=\"http:\/\/xtec.gencat.cat\/web\/sites\/xtec\/.content\/alfresco\/d\/d\/workspace\/SpacesStore\/0035\/141e9267-a690-4f79-987a-59c9f2dea7ba\/cartadrets.pdf\" target=\"_blank\" rel=\"noopener noreferrer\">Carta dels drets dels alumnes en l&#8217;era de la informaci\u00f3.<\/a> Association for Teacher-Librarianship in Canada (ATLC).<\/li>\n<li><a href=\"http:\/\/xtec.gencat.cat\/web\/sites\/xtec\/.content\/alfresco\/d\/d\/workspace\/SpacesStore\/0001\/0a9f4741-0778-4d4c-9e59-0c20d8ba4afb\/decomlesbiblios.pdf\" target=\"_blank\" rel=\"noopener noreferrer\">De com les biblioteques poden ajudar Catalunya a entrar amb \u00e9xit a la societat de la informaci\u00f3.<\/a> Declaraci\u00f3 del Col\u00b7legi&hellip;  <a href=\"https:\/\/serveiseducatius.xtec.cat\/bdrlectura\/biblioteca-escolar-documentacio\/\" title=\"Read Biblioteca Escolar. Documentaci\u00f3\">Llegeix m\u00e9s\u00bb<\/a><br \/>\n","protected":false},"author":3,"featured_media":0,"parent":0,"menu_order":200,"comment_status":"closed","ping_status":"closed","template":"","meta":{"_bbp_topic_count":0,"_bbp_reply_count":0,"_bbp_total_topic_count":0,"_bbp_total_reply_count":0,"_bbp_voice_count":0,"_bbp_anonymous_reply_count":0,"_bbp_topic_count_hidden":0,"_bbp_reply_count_hidden":0,"_bbp_forum_subforum_count":0,"footnotes":""},"class_list":["post-8396","page","type-page","status-publish","hentry"],"post_mailing_queue_ids":[],"_links":{"self":[{"href":"https:\/\/serveiseducatius.xtec.cat\/bdrlectura\/wp-json\/wp\/v2\/pages\/8396","targetHints":{"allow":["GET"]}}],"collection":[{"href":"https:\/\/serveiseducatius.xtec.cat\/bdrlectura\/wp-json\/wp\/v2\/pages"}],"about":[{"href":"https:\/\/serveiseducatius.xtec.cat\/bdrlectura\/wp-json\/wp\/v2\/types\/page"}],"author":[{"embeddable":true,"href":"https:\/\/serveiseducatius.xtec.cat\/bdrlectura\/wp-json\/wp\/v2\/users\/3"}],"replies":[{"embeddable":true,"href":"https:\/\/serveiseducatius.xtec.cat\/bdrlectura\/wp-json\/wp\/v2\/comments?post=8396"}],"version-history":[{"count":5,"href":"https:\/\/serveiseducatius.xtec.cat\/bdrlectura\/wp-json\/wp\/v2\/pages\/8396\/revisions"}],"predecessor-version":[{"id":15737,"href":"https:\/\/serveiseducatius.xtec.cat\/bdrlectura\/wp-json\/wp\/v2\/pages\/8396\/revisions\/15737"}],"wp:attachment":[{"href":"https:\/\/serveiseducatius.xtec.cat\/bdrlectura\/wp-json\/wp\/v2\/media?parent=8396"}],"curies":[{"name":"wp","href":"https:\/\/api.w.org\/{rel}","templated":true}]}}