{"id":8374,"date":"2016-06-14T23:13:14","date_gmt":"2016-06-14T22:13:14","guid":{"rendered":"http:\/\/serveiseducatius.xtec.cat\/bdrlectura\/?page_id=8374"},"modified":"2022-06-17T12:58:34","modified_gmt":"2022-06-17T10:58:34","slug":"competencia-informacional-bibliografia","status":"publish","type":"page","link":"https:\/\/serveiseducatius.xtec.cat\/bdrlectura\/competencia-informacional-bibliografia\/","title":{"rendered":"Bibliografia sobre Compet\u00e8ncia informacional"},"content":{"rendered":"<ul>\n<li>BAR\u00d3, M\u00f2nica; MA\u00d1\u00c0, Teresa.\u00a0<a href=\"https:\/\/redined.mecd.gob.es\/xmlui\/handle\/11162\/1063\" target=\"_blank\" rel=\"noopener noreferrer\">La formaci\u00f3n de usuarios en la biblioteca escolar. Educaci\u00f3n Infantil y Primaria<\/a>.\u00a0M\u00e1laga: Junta de Andaluc\u00eda. Consejer\u00eda de Educaci\u00f3n. Delegaci\u00f3n Provincial de M\u00e1laga, 2002 (Materiales para el Servicio de Biblioteca Escolar; 3)<\/li>\n<li>BAR\u00d3, M\u00f2nica; MA\u00d1\u00c0, Teresa.\u00a0<a href=\"http:\/\/www.juntadeandalucia.es\/educacion\/webportal\/abaco-portlet\/content\/325a198e-4e84-44a4-bf08-22fa0cd9cc1b\" target=\"_blank\" rel=\"noopener noreferrer\">La formaci\u00f3n de usuarios en la biblioteca escolar. Educaci\u00f3n Secundaria<\/a>.\u00a0M\u00e1laga: Junta de Andaluc\u00eda. Consejer\u00eda de Educaci\u00f3n. Delegaci\u00f3n Provincial de M\u00e1laga, 2002 (Materiales para el Servicio de Biblioteca Escolar; 4)<\/li>\n<li>BERNARDO CARRASCO, Jos\u00e9. <a href=\"https:\/\/www.casadellibro.com\/libro-como-aprender-mejor-estrategias-de-aprendizaje\/9788432130922\/497142\" target=\"_blank\" rel=\"noopener noreferrer\">C\u00f3mo aprender mejor: estrategias de aprendizaje.<\/a> Madrid: Rialp, 1998<\/li>\n<li>BLASCO, Anna; DURBAN, Gl\u00f2ria. <a href=\"http:\/\/merli.xtec.cat\/merli\/cerca\/fitxaRecurs.jsp?idRecurs=\/93563&amp;sheetId=null&amp;nomUsuari=null&amp;inxtec=0\" target=\"_blank\" rel=\"noopener noreferrer\">Compet\u00e8ncia informacional: del curr\u00edculum a l&#8217;aula.<\/a>\u00a0Barcelona: Associaci\u00f3 de Mestres Rosa Sensat, 2011 (Dossiers Rosa Sensat; 72)<\/li>\n<li>BOUNEGRU, Liliana et altri. <a href=\"https:\/\/fakenews.publicdatalab.org\/\" target=\"_blank\" rel=\"noopener noreferrer\">A field guide to \u201cfake news\u201d and other<\/a><br \/>\ninformation disorders. Amsterdam: Public Data Lab, 2017<\/li>\n<li>CID LEAL, Pilar; PERPINY\u00c0 MORERA, Remei. <a href=\"https:\/\/dialnet.unirioja.es\/servlet\/libro?codigo=718066\" target=\"_blank\" rel=\"noopener noreferrer\">C\u00f3mo y d\u00f3nde buscar fuentes de informaci\u00f3n.<\/a> Barcelona: Servei de Publicacions de la Universitat Aut\u00f2noma de Barcelona, 2013<\/li>\n<li>COBOS, Laura; \u00c1LVAREZ, Melqu\u00edades. <a href=\"http:\/\/merli.xtec.cat\/merli\/cerca\/fitxaRecurs.jsp?idRecurs=\/77027&amp;sheetId=null&amp;nomUsuari=null&amp;inxtec=0\" target=\"_blank\" rel=\"noopener noreferrer\">Gu\u00eda pr\u00e1ctica de acceso a la informaci\u00f3n en la biblioteca escolar. De la pregunta al documento.<\/a> Madrid: Fundaci\u00f3n Germ\u00e1n S\u00e1nchez Ruip\u00e9rez, 2006<\/li>\n<li><a href=\"http:\/\/www.bibliotecas-cra.cl\/sites\/default\/files\/publicaciones\/estandares_enlacescra.pdf\" target=\"_blank\" rel=\"noopener noreferrer\">Competencias y Est\u00e1ndares TIC para Coordinadores\/as de las Bibliotecas Escolares CRA<\/a>. Chile: Ministerio de Educaci\u00f3n,\u00a02011<\/li>\n<li>COROMINA, Eusebi; CASACUBERTA, Xavier; QUINTANA, Dolors. <a href=\"http:\/\/merli.xtec.cat\/merli\/cerca\/fitxaRecurs.jsp?idRecurs=\/19245&amp;sheetId=null&amp;nomUsuari=null&amp;inxtec=0\" target=\"_blank\" rel=\"noopener noreferrer\">El treball de recerca: proc\u00e9s d&#8217;elaboraci\u00f3, mem\u00f2ria escrita, exposici\u00f3 oral i recursos.<\/a> Vic: Eumo, 2000<\/li>\n<li>COROMINAS, Agust\u00ed; LLAD\u00d3, Cec\u00edlia. <a href=\"http:\/\/merli.xtec.cat\/merli\/cerca\/fitxaRecurs.jsp?idRecurs=\/28760&amp;sheetId=null&amp;nomUsuari=null&amp;inxtec=0\" target=\"_blank\" rel=\"noopener noreferrer\">L&#8217;escola i la societat de la informaci\u00f3. Pensem-hi.<\/a> Barcelona: Rosa Sensat, 1999 (Per a una Immensa Minoria)<\/li>\n<li>CUEVAS CERVER\u00d3, Aurora. <a href=\"http:\/\/merli.xtec.cat\/merli\/cerca\/fitxaRecurs.jsp?idRecurs=\/82231&amp;sheetId=null&amp;nomUsuari=null&amp;inxtec=0\" target=\"_blank\" rel=\"noopener noreferrer\">Lectura, alfabetizaci\u00f3n en informaci\u00f3n y biblioteca escolar.<\/a> Oviedo: Trea, 2007<\/li>\n<li>DURBAN\u00a0ROCA, Gl\u00f2ria; CID PROLONGO, Ana; GARC\u00cdA GUERRERO, Jos\u00e9. <a href=\"https:\/\/redined.mecd.gob.es\/xmlui\/handle\/11162\/3166\" target=\"_blank\" rel=\"noopener noreferrer\">Programas para el desarrollo de la competencia informacional articulados desde la biblioteca escolar<\/a>.\u00a0Sevilla: Junta de Andaluc\u00eda. Consejer\u00eda de Educaci\u00f3n. Direcci\u00f3n General de Evaluaci\u00f3n y Ordenaci\u00f3n Educativa, 2012<\/li>\n<li><a href=\"http:\/\/merli.xtec.cat\/merli\/cerca\/fitxaRecurs.jsp?idRecurs=\/72019&amp;sheetId=null&amp;nomUsuari=null&amp;inxtec=0\" target=\"_blank\" rel=\"noopener noreferrer\">Formar usuarios en la biblioteca.<\/a> Villar Arellano (coord.). Salamanca: Fundaci\u00f3n Germ\u00e1n S\u00e1nchez Ruip\u00e9rez, 2001<\/li>\n<li>GARC\u00cdA FERN\u00c1NDEZ, Carmen Rita; PACHO, Regina. <a href=\"http:\/\/merli.xtec.cat\/merli\/cerca\/fitxaRecurs.jsp?idRecurs=\/76380&amp;sheetId=null&amp;nomUsuari=null&amp;inxtec=0\" target=\"_blank\" rel=\"noopener noreferrer\">Formaci\u00f3n de usuarios y educaci\u00f3n documental en bibliotecas infantiles y juveniles.<\/a> Salamanca: Centro Internacional del Libro Infantil y Juvenil. Fundaci\u00f3n Germ\u00e1n S\u00e1nchez Ruip\u00e9rez, 2006<\/li>\n<li>JUBANY, Jordi. <a href=\"http:\/\/merli.xtec.cat\/merli\/cerca\/fitxaRecurs.jsp?idRecurs=\/95198&amp;sheetId=null&amp;nomUsuari=null&amp;inxtec=0\" target=\"_blank\" rel=\"noopener noreferrer\">Connecta&#8217;t per aprendre. Aprenentatge social i personalitzat .<\/a> Barcelona: Rosa Sensat, 2012<\/li>\n<li>LASTERRA, Juan. <a href=\"http:\/\/merli.xtec.cat\/merli\/cerca\/fitxaRecurs.jsp?idRecurs=\/108925&amp;sheetId=null&amp;nomUsuari=null&amp;inxtec=0\" target=\"_blank\" rel=\"noopener noreferrer\">Estrategias para estudiar.<\/a> Madrid: Santillana, 1993 (Nueva Breda; 20)<\/li>\n<li>LARTITEGUI, Ana G. <a href=\"http:\/\/www.pantalia.es\/publicaciones-ficha.php?ID=13\" target=\"_blank\" rel=\"noopener noreferrer\">Alfabeto del libro de conocimientos. Paradigmas de una nueva era<\/a>. Bilbao: Pantalia, 2018<\/li>\n<li>MANENT, Maria; M\u00c0RQUEZ, Conxita; PALOU, Juli. <a href=\"http:\/\/merli.xtec.cat\/merli\/cerca\/fitxaRecurs.jsp?idRecurs=\/117618&amp;sheetId=null&amp;nomUsuari=null&amp;inxtec=0\" target=\"_blank\" rel=\"noopener noreferrer\">T\u00e8cniques de treball i estudi.<\/a>\u00a0Barcelona: Associaci\u00f3 de Mestres Rosa Sensat, 1989 (Dossiers Rosa Sensat; 41)<\/li>\n<li>NISBET, John; SHUCKSMITH, Janet. <a href=\"http:\/\/merli.xtec.cat\/merli\/cerca\/fitxaRecurs.jsp?idRecurs=\/113792&amp;sheetId=null&amp;nomUsuari=null&amp;inxtec=0\" target=\"_blank\" rel=\"noopener noreferrer\">Estrategias de aprendizaje.<\/a> Madrid: Santillana, 1993 (Aula XXI; 34)<\/li>\n<li>NOGUEROL, Artur. <a href=\"http:\/\/merli.xtec.cat\/merli\/cerca\/fitxaRecurs.jsp?idRecurs=\/80075&amp;sheetId=null&amp;nomUsuari=null&amp;inxtec=0\" target=\"_blank\" rel=\"noopener noreferrer\">T\u00e8cniques d&#8217;aprenentatge i d&#8217;estudi. Aprendre a l&#8217;escola.<\/a> Barcelona: Gra\u00f3, 2007<\/li>\n<li>PALOMO GARC\u00cdA, Mar\u00eda Dolores; GARC\u00cdA SORIANO, Jos\u00e9 Antonio. <a href=\"http:\/\/xtec.gencat.cat\/web\/sites\/xtec\/.content\/alfresco\/d\/d\/workspace\/SpacesStore\/0081\/c3c86bd7-628f-403a-b872-50584c129f60\/Seccion_documental_Primero_Eso.pdf\" target=\"_blank\" rel=\"noopener noreferrer\">Configuraci\u00f3n de una Secci\u00f3n Documental de Aula para primer curso de ESO.<\/a> M\u00e0laga: Junta de Andaluc\u00eda. Delegaci\u00f3n Provincial de la Consejer\u00eda de Educaci\u00f3n en M\u00e0laga, 2007 (Libro Abierto;\u00a029)<\/li>\n<li>PIQU\u00cdN CANCIO, \u00a0Rosa. <a href=\"https:\/\/docplayer.es\/90006954-Proyectos-documentales-integrados-en-que-consisten-y-fases-de-elaboracion-rosa-piquin.html\" target=\"_blank\" rel=\"noopener noreferrer\">Los proyectos documentales integrados en la BE\/CREA. \u00a1Qu\u00e9 son? \u00bfC\u00f3mo hacerlos?<\/a>\u00a0M\u00e1laga: Junta de Andaluc\u00eda. Consejer\u00eda de Educaci\u00f3n. Delegaci\u00f3n Provincial de M\u00e1laga, 2005 (Libro Abierto, 21)<\/li>\n<li>PIQU\u00cdN CANCIO, Rosa. <a href=\"http:\/\/dpto.educacion.navarra.es\/publicaciones\/pdf\/PDIcastell.pdf\" target=\"_blank\" rel=\"noopener noreferrer\">Proyectos documentales integrados<\/a>. Pamplona: Gobierno de Navarra. Departamento de Educaci\u00f3n, 2012 (Blitz. Bibliotecas Escolares. Serie Verde; 6)<\/li>\n<li>POZO, Juan Ignacio; POSTIGO ANG\u00d3N, Yolanda. <a href=\"http:\/\/merli.xtec.cat\/merli\/cerca\/fitxaRecurs.jsp?idRecurs=\/62820&amp;sheetId=null&amp;nomUsuari=null&amp;inxtec=0\" target=\"_blank\" rel=\"noopener noreferrer\">Los procedimientos como contenidos escolares. Uso estrat\u00e9gico de la informaci\u00f3n.<\/a> Barcelona: Edeb\u00e9, 2000 (Innova; 11)<\/li>\n<li>RIART, Joan; GARC\u00cdA, Beatriz. <a href=\"http:\/\/merli.xtec.cat\/merli\/cerca\/fitxaRecurs.jsp?idRecurs=\/35547&amp;sheetId=null&amp;nomUsuari=null&amp;inxtec=0\" target=\"_blank\" rel=\"noopener noreferrer\">T\u00e8cniques d&#8217;aprenentatge. Com millorar l&#8217;estudi<\/a>. Bilbao: Ega Donostiarra; 1995 (Didaktik\u00e9\/Tutoria; 3)<\/li>\n<li>RIOS, Jordi. <a href=\"http:\/\/merli.xtec.cat\/merli\/cerca\/fitxaRecurs.jsp?idRecurs=\/86644&amp;sheetId=null&amp;nomUsuari=null&amp;inxtec=0\" target=\"_blank\" rel=\"noopener noreferrer\">El treball de recerca. Metodologia, recursos i propostes pr\u00e0ctiques. per elaborar i presentar pas a pas una recerca.<\/a> Barcelona: Associaci\u00f3 de Mestres Rosa Sensat, 2008 (Dossiers Rosa Sensat; 65)<\/li>\n<li>SOTO ALFARO, Francisco (coord.). <a href=\"http:\/\/dpto.educacion.navarra.es\/publicaciones\/pdf\/falces.pdf\" target=\"_blank\" rel=\"noopener noreferrer\">La formaci\u00f3n de usuarios y el uso de la informaci\u00f3n.\u00a0Una experiencia did\u00e1ctica en la biblioteca del Colegio P\u00fablico de Falces (Navarra)<\/a>. Navarra: Gobierno de Navarra. Departamento de Educaci\u00f3n, 2005<\/li>\n<\/ul>\n","protected":false},"excerpt":{"rendered":"<ul>\n<li>BAR\u00d3, M\u00f2nica; MA\u00d1\u00c0, Teresa.\u00a0<a href=\"https:\/\/redined.mecd.gob.es\/xmlui\/handle\/11162\/1063\" target=\"_blank\" rel=\"noopener noreferrer\">La formaci\u00f3n de usuarios en la biblioteca escolar. Educaci\u00f3n Infantil y Primaria<\/a>.\u00a0M\u00e1laga: Junta de Andaluc\u00eda. Consejer\u00eda de Educaci\u00f3n. Delegaci\u00f3n Provincial de M\u00e1laga, 2002 (Materiales para el Servicio de Biblioteca Escolar; 3)<\/li>\n<li>BAR\u00d3, M\u00f2nica; MA\u00d1\u00c0, Teresa.\u00a0<a href=\"http:\/\/www.juntadeandalucia.es\/educacion\/webportal\/abaco-portlet\/content\/325a198e-4e84-44a4-bf08-22fa0cd9cc1b\" target=\"_blank\" rel=\"noopener noreferrer\">La&hellip;  <a href=\"https:\/\/serveiseducatius.xtec.cat\/bdrlectura\/competencia-informacional-bibliografia\/\" title=\"Read Bibliografia sobre Compet\u00e8ncia informacional\">Llegeix m\u00e9s\u00bb<\/a><br \/>\n","protected":false},"author":3,"featured_media":0,"parent":0,"menu_order":120,"comment_status":"closed","ping_status":"closed","template":"","meta":{"_bbp_topic_count":0,"_bbp_reply_count":0,"_bbp_total_topic_count":0,"_bbp_total_reply_count":0,"_bbp_voice_count":0,"_bbp_anonymous_reply_count":0,"_bbp_topic_count_hidden":0,"_bbp_reply_count_hidden":0,"_bbp_forum_subforum_count":0,"footnotes":""},"class_list":["post-8374","page","type-page","status-publish","hentry"],"post_mailing_queue_ids":[],"_links":{"self":[{"href":"https:\/\/serveiseducatius.xtec.cat\/bdrlectura\/wp-json\/wp\/v2\/pages\/8374","targetHints":{"allow":["GET"]}}],"collection":[{"href":"https:\/\/serveiseducatius.xtec.cat\/bdrlectura\/wp-json\/wp\/v2\/pages"}],"about":[{"href":"https:\/\/serveiseducatius.xtec.cat\/bdrlectura\/wp-json\/wp\/v2\/types\/page"}],"author":[{"embeddable":true,"href":"https:\/\/serveiseducatius.xtec.cat\/bdrlectura\/wp-json\/wp\/v2\/users\/3"}],"replies":[{"embeddable":true,"href":"https:\/\/serveiseducatius.xtec.cat\/bdrlectura\/wp-json\/wp\/v2\/comments?post=8374"}],"version-history":[{"count":5,"href":"https:\/\/serveiseducatius.xtec.cat\/bdrlectura\/wp-json\/wp\/v2\/pages\/8374\/revisions"}],"predecessor-version":[{"id":18065,"href":"https:\/\/serveiseducatius.xtec.cat\/bdrlectura\/wp-json\/wp\/v2\/pages\/8374\/revisions\/18065"}],"wp:attachment":[{"href":"https:\/\/serveiseducatius.xtec.cat\/bdrlectura\/wp-json\/wp\/v2\/media?parent=8374"}],"curies":[{"name":"wp","href":"https:\/\/api.w.org\/{rel}","templated":true}]}}