{"id":8371,"date":"2016-06-14T23:11:19","date_gmt":"2016-06-14T22:11:19","guid":{"rendered":"http:\/\/serveiseducatius.xtec.cat\/bdrlectura\/?page_id=8371"},"modified":"2022-06-17T12:47:37","modified_gmt":"2022-06-17T10:47:37","slug":"biblioteca-escolar-bibliografia","status":"publish","type":"page","link":"https:\/\/serveiseducatius.xtec.cat\/bdrlectura\/biblioteca-escolar-bibliografia\/","title":{"rendered":"Bibliografia sobre Biblioteca escolar"},"content":{"rendered":"<ul>\n<li>BAR\u00d3, M\u00f2nica; MA\u00d1\u00c0, Teresa. <a href=\"http:\/\/merli.xtec.cat\/merli\/cerca\/fitxaRecurs.jsp?idRecurs=\/102508&amp;sheetId=null&amp;nomUsuari=null&amp;inxtec=0\" target=\"_blank\" rel=\"noopener noreferrer\">Formar-se per informar-se: propostes per a la integraci\u00f3 de la biblioteca a l&#8217;escola.<\/a> Barcelona: Rosa Sensat\/Edicions 62, 1994 (Did\u00e0ctiques; 41)<\/li>\n<li>BAR\u00d3, M\u00f2nica; MA\u00d1\u00c0, Teresa; VELOSILLO, Inmaculada. <a href=\"http:\/\/merli.xtec.cat\/merli\/cerca\/fitxaRecurs.jsp?idRecurs=\/65479&amp;sheetId=null&amp;nomUsuari=null&amp;inxtec=0\" target=\"_blank\" rel=\"noopener noreferrer\">Bibliotecas escolares, \u00bfpara qu\u00e9?<\/a> Madrid: Anaya, 2001 (La Sombra de la Palabra; 2)<\/li>\n<li><a href=\"https:\/\/sede.educacion.gob.es\/publiventa\/bibliotecas-escolares-entre-comillas-estudio-de-casos-buenas-practicas-en-la-integracion-de-la-biblioteca-en-los-centros-educativos-\/educacion-bibliotecas\/13595\" target=\"_blank\" rel=\"noopener noreferrer\">Bibliotecas escolares \u00abentre comillas\u00bb.<\/a> Estudio de casos: buenas pr\u00e1cticas en la integraci\u00f3n de la biblioteca en los centros educativos. Madrid: Ministerio de Educaci\u00f3n. Secretaria General T\u00e9cnica; Fundaci\u00f3n Germ\u00e1n S\u00e1nchez Ruip\u00e9rez, 2010<\/li>\n<li><a href=\"https:\/\/sede.educacion.gob.es\/publiventa\/detalle.action?cod=12371\" target=\"_blank\" rel=\"noopener noreferrer\">Bibliotecas escolares: ideas y buenas pr\u00e1cticas II.<\/a> Madrid: Ministerio de Educaci\u00f3n y Ciencia, 2008<\/li>\n<li><a href=\"https:\/\/sede.educacion.gob.es\/publiventa\/detalle.action?cod=12069\" target=\"_blank\" rel=\"noopener noreferrer\">Bibliotecas escolares: ideas y buenas pr\u00e1cticas.<\/a> Madrid: Ministerio de Educaci\u00f3n y Ciencia, 2006<\/li>\n<li><a href=\"https:\/\/sede.educacion.gob.es\/publiventa\/detalle.action?cod=15133\" target=\"_blank\" rel=\"noopener noreferrer\">Biblioteques escolars entre interrogants?<\/a> Eina d&#8217;autoavaluaci\u00f3: preguntes i indicadors per millorar la biblioteca. Madrid: Ministerio de Educaci\u00f3n; Fundaci\u00f3n Germ\u00e1n S\u00e1nchez Ruip\u00e9rez, 2012<\/li>\n<li>BONILLA, Elisa; GOLDIN, Daniel; SALABERRIA, Ramon. <a href=\"https:\/\/dialnet.unirioja.es\/servlet\/libro?codigo=359566\" target=\"_blank\" rel=\"noopener noreferrer\">Bibliotecas y escuelas: retos y posibilidades en la sociedad del conocimiento.<\/a> M\u00e8xic: Oceano Travesia, 2008<\/li>\n<li>BUND\u00d3, Montserrat; GABARR\u00d3, Montserrat. <a href=\"http:\/\/ateneu.xtec.cat\/wikiform\/wikiexport\/_media\/cmd\/bib\/bese\/modul_4\/be_bp.pdf\" target=\"_blank\" rel=\"noopener noreferrer\">La biblioteca escolar i la biblioteca p\u00fablica: idees per a la col\u00b7laboraci\u00f3.<\/a> Barcelona: Departament d&#8217;Educaci\u00f3, 2008<\/li>\n<li>CENTELLES, Jaume. <a href=\"http:\/\/merli.xtec.cat\/merli\/cerca\/fitxaRecurs.jsp?idRecurs=\/68551&amp;sheetId=null&amp;nomUsuari=null&amp;inxtec=0\" target=\"_blank\" rel=\"noopener noreferrer\">La biblioteca, el cor de l&#8217;escola.<\/a> Barcelona: Rosa Sensat, 2005 (Premi de Pedagogia)<\/li>\n<li>CID PROLONGO, Ana; DOM\u00cdNGUEZ RAMOS, Ana Mar\u00eda. <a href=\"https:\/\/redined.educacion.gob.es\/xmlui\/handle\/11162\/260\" target=\"_blank\" rel=\"noopener noreferrer\">Proyectos Aula-Biblioteca. Contribuci\u00f3n al desarrollo de las competencias b\u00e1sicas.<\/a> Educaci\u00f3n primaria. M\u00e0laga: Junta de Andaluc\u00eda. Consejer\u00eda de Educaci\u00f3n. Delegaci\u00f3n Provincial de M\u00e1laga, 2008 (Libro Abierto; 34)<\/li>\n<li>CREMADES GARC\u00cdA, Ra\u00fal; JIM\u00c9NEZ FERN\u00c1NDEZ, Concepci\u00f3n M.\u00a0<a title=\"La biblioteca escolar a fondo. Del armario al ciberespacio\" href=\"http:\/\/www.trea.es\/books\/la-biblioteca-escolar-a-fondo-del-armario-al-ciberespacio\" target=\"_blank\" rel=\"noopener noreferrer\">La biblioteca escolar a fondo. Del armario al ciberespacio<\/a>. Gij\u00f3n: Trea, 2015 (Biblioteconom\u00eda y Administraci\u00f3n Cultural)<\/li>\n<li>D\u00cdEZ CARRERA, Carmen.\u00a0<a title=\"La biblioteca digital\" href=\"http:\/\/www.trea.es\/books\/la-biblioteca-digital\" target=\"_blank\" rel=\"noopener noreferrer\">La biblioteca digital<\/a>.\u00a0Gij\u00f3n: Trea, 2013 (Biblioteconom\u00eda y Administraci\u00f3n Cultural)<\/li>\n<li>DURBAN, Gl\u00f2ria. <a href=\"http:\/\/merli.xtec.cat\/merli\/cerca\/fitxaRecurs.jsp?idRecurs=\/92200&amp;sheetId=null&amp;nomUsuari=null&amp;inxtec=0\" target=\"_blank\" rel=\"noopener noreferrer\">La biblioteca escolar, hoy.<\/a> Un recurso estrat\u00e9gico para el centro. Barcelona: Gra\u00f3, 2010 (Biblioteca de Aula; 273)<\/li>\n<li>ESCARD\u00d3, Merc\u00e8. <a href=\"http:\/\/merli.xtec.cat\/merli\/cerca\/fitxaRecurs.jsp?idRecurs=\/51220&amp;sheetId=null&amp;nomUsuari=null&amp;inxtec=0\" target=\"_blank\" rel=\"noopener noreferrer\">La biblioteca, un espai de conviv\u00e8ncia, un espai educador.<\/a> Parets del Vall\u00e8s: Ajuntament de Parets del Vall\u00e8s; Barcelona: Centre Unesco de Catalunya, 2002<\/li>\n<li>GARC\u00cdA GUERRERO, Jos\u00e9.\u00a0<a href=\"http:\/\/www.lecturalab.org\/story\/Lectyo-publica-Bibliotecas-escolares-con-futuro-de-Jos-Garca-Guerrero_5586\" target=\"_blank\" rel=\"noopener noreferrer\">Bibliotecas escolares con futuro<\/a>. Fundaci\u00f3n Germ\u00e1n Sanchez Ruip\u00e9rez, 2015 (Lectyo)<\/li>\n<li>GARC\u00cdA GUERRERO, Jos\u00e9. <a href=\"https:\/\/xtec.gencat.cat\/web\/.content\/alfresco\/d\/d\/workspace\/SpacesStore\/0017\/5f9929aa-84fa-4f81-b9e0-5e87558ec4b5\/Contribucion_BE_al_fomento_lectura.pdf\" target=\"_blank\" rel=\"noopener noreferrer\">Contribuci\u00f3n de la biblioteca escolar al fomento de la lectura<\/a><a href=\"http:\/\/www.juntadeandalucia.es\/educacion\/webportal\/abaco-portlet\/content\/9ca1d6f7-94e8-4f53-b331-0be1a65803d9\" target=\"_blank\" rel=\"noopener noreferrer\">.<\/a> Sevilla: Junta de Andaluc\u00eda, Consejer\u00eda de Educaci\u00f3n y Ciencia, 2012<\/li>\n<li>GARC\u00cdA GUERRERO, Jos\u00e9. <a href=\"https:\/\/www.juntadeandalucia.es\/educacion\/portals\/delegate\/content\/6ebb5833-dbda-47ad-a870-e579d7d27db9\" target=\"_blank\" rel=\"noopener noreferrer\">La biblioteca escolar, un recurso imprescindible. Materiales y propuestas para la creaci\u00f3n de ambientes lectores en los centros educativos.<\/a> Sevilla: Junta de Andaluc\u00eda, Consejer\u00eda de Educaci\u00f3n y Ciencia, 1999<\/li>\n<li>GARC\u00cdA GUERRERO, Jos\u00e9. <a href=\"http:\/\/merli.xtec.cat\/merli\/cerca\/fitxaRecurs.jsp?idRecurs=\/93735&amp;sheetId=null&amp;nomUsuari=null&amp;inxtec=0\" target=\"_blank\" rel=\"noopener noreferrer\">Utilidad de la biblioteca escolar: un recurso al servicio del Proyecto Educativo.<\/a> Gij\u00f3n: TREA, 2010 (Biblioteconom\u00eda y Administraci\u00f3n Cultural, 223)<\/li>\n<li>KOLESAS, Mabel. <a href=\"http:\/\/merli.xtec.cat\/merli\/cerca\/fitxaRecurs.jsp?idRecurs=\/90290&amp;sheetId=null&amp;nomUsuari=null&amp;inxtec=0\" target=\"_blank\" rel=\"noopener noreferrer\">Una introducci\u00f3n al rol de la biblioteca en la educaci\u00f3n del siglo XXI.<\/a> Buenos Aires: Fondo de Cultura Econ\u00f3mica, 2008<\/li>\n<li><a href=\"https:\/\/dialnet.unirioja.es\/servlet\/libro?codigo=290336\" target=\"_blank\" rel=\"noopener noreferrer\">La articulaci\u00f3n de los recursos en el funcionamiento de la biblioteca escolar<\/a>.\u00a0Guillermo Cast\u00e1n Lanaspa i Alfonso Pomet Correa (coord.). Madrid:\u00a0Ministerio de Educaci\u00f3n Cultura y Deporte,\u00a0Secretar\u00eda General T\u00e9cnica, 2007<\/li>\n<li><a href=\"https:\/\/issuu.com\/xarxabibliotequesescolarsbcn\/docs\/bibliografiabibliotequesescolars.457\" target=\"_blank\" rel=\"noopener noreferrer\">La biblioteca escolar. Recursos electr\u00f2nics i bibliogr\u00e0fics<\/a><a href=\"https:\/\/issuu.com\/xarxabibliotequesescolarsbcn\/docs\/bibliografiabibliotequesescolars.457\" target=\"_blank\" rel=\"noopener noreferrer\">.<\/a> Barcelona: Institut d&#8217;Educaci\u00f3 de Barcelona; Associaci\u00f3 de Mestres Rosa Sensat, 2009<\/li>\n<li class=\"tituloCajaColorJunta\"><a href=\"http:\/\/www.juntadeandalucia.es\/educacion\/portals\/web\/libro-abierto\/inicio\/-\/libre\/detalle\/XkThHoq5vpFp\/la-biblioteca-escolar-en-su-entorno\" target=\"_blank\" rel=\"noopener noreferrer\">La biblioteca escolar y su entorno.\u00a0<\/a> Junta de Andaluc\u00eda: Consejer\u00eda de Educaci\u00f3n y Deporte (Monogr\u00e1fico Libro Abierto, 2019)<\/li>\n<li class=\"tituloCajaColorJunta\"><a href=\"http:\/\/merli.xtec.cat\/merli\/cerca\/fitxaRecurs.jsp?idRecurs=\/66600&amp;sheetId=&amp;nomUsuari=null&amp;inxtec=0\" target=\"_blank\" rel=\"noopener noreferrer\">La biblioteca mediateca. D&#8217;infantil a secund\u00e0ria.<\/a> Proposta de treball. Barcelona: Associaci\u00f3 de Mestres Rosa Sensat, 2005<\/li>\n<li><a href=\"http:\/\/merli.xtec.cat\/merli\/cerca\/fitxaRecurs.jsp?idRecurs=\/37416&amp;sheetId=null&amp;nomUsuari=null&amp;inxtec=0\" target=\"_blank\" rel=\"noopener noreferrer\">La nova biblioteca escolar.<\/a> Assumpci\u00f3 Liss\u00f3n (coord.); Concepci\u00f3 Mart\u00ednez (coord.); Pr\u00f2leg de Marta Mata. Barcelona: Edicions 62, 1999 (Llibres a l&#8217;Abast; 342. S\u00e8rie Rosa Sensat)<\/li>\n<li>LAGE FERN\u00c1NDEZ, Juan Jos\u00e9. <a href=\"http:\/\/merli.xtec.cat\/merli\/cerca\/fitxaRecurs.jsp?idRecurs=\/69007&amp;sheetId=null&amp;nomUsuari=null&amp;inxtec=0\" target=\"_blank\" rel=\"noopener noreferrer\">Animar a leer desde la biblioteca.<\/a> Madrid: Editorial CCS, 2005 (Materiales para Educadores)<\/li>\n<li>LLAD\u00d3, Cec\u00edlia; SOL\u00c9, S\u00edlvia. <a href=\"http:\/\/merli.xtec.cat\/merli\/cerca\/fitxaRecurs.jsp?idRecurs=\/17160&amp;sheetId=null&amp;nomUsuari=null&amp;inxtec=0\" target=\"_blank\" rel=\"noopener noreferrer\">Projecte marc per a la biblioteca mediateca.<\/a> Barcelona: Rosa Sensat, 1997 (Per a una Immensa Minoria)<\/li>\n<li>LLUCH, Gemma. <a href=\"https:\/\/dialnet.unirioja.es\/servlet\/libro?codigo=426714\" target=\"_blank\" rel=\"noopener noreferrer\">C\u00f3mo seleccionar libros para ni\u00f1os y j\u00f3venes. Los comit\u00e9s de valoraci\u00f3n en las bibliotecas escolares y p\u00fablicas. <\/a>Gij\u00f3n: TREA, 2010 (Biblioteconom\u00eda y Administraci\u00f3n Cultural)<\/li>\n<li>ORTIZ CRUZ, Manuel; AREA MOREIRA, Manuel. <a href=\"http:\/\/issuu.com\/morrison46\/docs\/_el__ltimo_reino_de_papel_\" target=\"_blank\" rel=\"noopener noreferrer\">Bibliotecas escolares: \u00bfEl \u00faltimo reino de papel?<\/a> Tenerife: CEP de Orotava, 2010<\/li>\n<li>QUEBRAJO REAL, Francisca.\u00a0<a href=\"http:\/\/www.juntadeandalucia.es\/educacion\/portals\/abaco-portlet\/content\/d1bcd68c-3cc3-4110-b31e-d709cb4005bd\" target=\"_blank\" rel=\"noopener noreferrer\">La biblioteca escolar en Twitter: Orientaciones para una cultura participativa.<\/a>\u00a0Sevilla: Junta de Andaluc\u00eda, Consejer\u00eda de Educaci\u00f3n y Ciencia, 2017\u00a0(Libro Abierto. Caja de Herramientas)<\/li>\n<li>VERDE, Marcela; LADR\u00d3N DE GUEVARA, Mar\u00eda Carmen; VALLE CUOZZO, Gabriela del. <a href=\"https:\/\/books.google.es\/books\/about\/La_biblioteca_escolar.html?id=BY_7MAAACAAJ&amp;redir_esc=y\" target=\"_blank\" rel=\"noopener noreferrer\">La biblioteca escolar. Usuarios y servicios.<\/a> Buenos Aires: Alfagrama, 2007<\/li>\n<li>Y\u00c1GUEZ, Elena. <a href=\"https:\/\/sede.educacion.gob.es\/publiventa\/detalle.action?cod=12112\" target=\"_blank\" rel=\"noopener noreferrer\">Gu\u00eda pr\u00e1ctica para el desarrollo y dinamizaci\u00f3n de la Biblioteca Escolar en Secundaria.<\/a> Madrid: Ministerio de Educaci\u00f3n y Ciencia; Secretar\u00eda General de Educaci\u00f3n; Centro de Investigaci\u00f3n y Documentaci\u00f3n Educativa (CIDE), 2006<\/li>\n<\/ul>\n","protected":false},"excerpt":{"rendered":"<ul>\n<li>BAR\u00d3, M\u00f2nica; MA\u00d1\u00c0, Teresa. <a href=\"http:\/\/merli.xtec.cat\/merli\/cerca\/fitxaRecurs.jsp?idRecurs=\/102508&amp;sheetId=null&amp;nomUsuari=null&amp;inxtec=0\" target=\"_blank\" rel=\"noopener noreferrer\">Formar-se per informar-se: propostes per a la integraci\u00f3 de la biblioteca a l&#8217;escola.<\/a> Barcelona: Rosa Sensat\/Edicions 62, 1994 (Did\u00e0ctiques; 41)<\/li>\n<li>BAR\u00d3, M\u00f2nica; MA\u00d1\u00c0, Teresa; VELOSILLO, Inmaculada. <a href=\"http:\/\/merli.xtec.cat\/merli\/cerca\/fitxaRecurs.jsp?idRecurs=\/65479&amp;sheetId=null&amp;nomUsuari=null&amp;inxtec=0\" target=\"_blank\" rel=\"noopener noreferrer\">Bibliotecas escolares, \u00bfpara qu\u00e9?<\/a> Madrid: Anaya, 2001 (La&hellip;  <a href=\"https:\/\/serveiseducatius.xtec.cat\/bdrlectura\/biblioteca-escolar-bibliografia\/\" title=\"Read Bibliografia sobre Biblioteca escolar\">Llegeix m\u00e9s\u00bb<\/a><br \/>\n","protected":false},"author":3,"featured_media":0,"parent":0,"menu_order":110,"comment_status":"closed","ping_status":"closed","template":"","meta":{"_bbp_topic_count":0,"_bbp_reply_count":0,"_bbp_total_topic_count":0,"_bbp_total_reply_count":0,"_bbp_voice_count":0,"_bbp_anonymous_reply_count":0,"_bbp_topic_count_hidden":0,"_bbp_reply_count_hidden":0,"_bbp_forum_subforum_count":0,"footnotes":""},"class_list":["post-8371","page","type-page","status-publish","hentry"],"post_mailing_queue_ids":[],"_links":{"self":[{"href":"https:\/\/serveiseducatius.xtec.cat\/bdrlectura\/wp-json\/wp\/v2\/pages\/8371","targetHints":{"allow":["GET"]}}],"collection":[{"href":"https:\/\/serveiseducatius.xtec.cat\/bdrlectura\/wp-json\/wp\/v2\/pages"}],"about":[{"href":"https:\/\/serveiseducatius.xtec.cat\/bdrlectura\/wp-json\/wp\/v2\/types\/page"}],"author":[{"embeddable":true,"href":"https:\/\/serveiseducatius.xtec.cat\/bdrlectura\/wp-json\/wp\/v2\/users\/3"}],"replies":[{"embeddable":true,"href":"https:\/\/serveiseducatius.xtec.cat\/bdrlectura\/wp-json\/wp\/v2\/comments?post=8371"}],"version-history":[{"count":6,"href":"https:\/\/serveiseducatius.xtec.cat\/bdrlectura\/wp-json\/wp\/v2\/pages\/8371\/revisions"}],"predecessor-version":[{"id":18059,"href":"https:\/\/serveiseducatius.xtec.cat\/bdrlectura\/wp-json\/wp\/v2\/pages\/8371\/revisions\/18059"}],"wp:attachment":[{"href":"https:\/\/serveiseducatius.xtec.cat\/bdrlectura\/wp-json\/wp\/v2\/media?parent=8371"}],"curies":[{"name":"wp","href":"https:\/\/api.w.org\/{rel}","templated":true}]}}