{"id":6696,"date":"2017-01-11T11:19:28","date_gmt":"2017-01-11T10:19:28","guid":{"rendered":"http:\/\/serveiseducatius.xtec.cat\/baixpenedes\/?page_id=6696"},"modified":"2022-02-01T20:12:46","modified_gmt":"2022-02-01T19:12:46","slug":"https-serveiseducatius-xtec-cat-baixpenedes-categoria-dinamitzacio-jocs-florals","status":"publish","type":"page","link":"https:\/\/serveiseducatius.xtec.cat\/baixpenedes\/dinamitzacio\/https-serveiseducatius-xtec-cat-baixpenedes-categoria-dinamitzacio-jocs-florals\/","title":{"rendered":"Jocs Florals Escolars de Catalunya"},"content":{"rendered":"<p lang=\"zxx\" style=\"text-align: justify;\"><span style=\"color: #000000;\"><span style=\"font-family: Arial, sans-serif;\"><span style=\"font-size: medium;\"><a href=\"http:\/\/serveiseducatius.xtec.cat\/baixpenedes\/wp-content\/uploads\/usu764\/2017\/01\/jocs_florals.png\"><img loading=\"lazy\" decoding=\"async\" class=\" wp-image-6699 alignleft\" src=\"http:\/\/serveiseducatius.xtec.cat\/baixpenedes\/wp-content\/uploads\/usu764\/2017\/01\/jocs_florals.png\" alt=\"jocs_florals\" width=\"211\" height=\"143\" \/><\/a><\/span><\/span><\/span><\/p>\n<p>La convocat\u00f2ria dels <a href=\"http:\/\/xtec.gencat.cat\/ca\/centres\/alscentres\/premis\/jocsflorals\">Jocs Florals Escolars de Catalunya<\/a> s\u2019adre\u00e7a als centres d\u2019educaci\u00f3 prim\u00e0ria i d&#8217;educaci\u00f3 secund\u00e0ria obligat\u00f2ria amb la finalitat d\u2019estimular l\u2019expressi\u00f3 escrita dels alumnes, aprofitant una tradici\u00f3 cultural ben arrelada a Catalunya que molts centres escolars de fet ja celebren als seus municipis o comarques.<\/p>\n<p>El Departament d\u2019Educaci\u00f3 convoca els Jocs Florals Escolars de Catalunya amb l\u2019objectiu de potenciar i estimular l\u2019expressi\u00f3 i producci\u00f3 escrita dels nois i les noies i fomentar una tradici\u00f3 cultural pr\u00f2pia i arrelada al pa\u00eds.<\/p>\n<p>&nbsp;<\/p>\n<p>&nbsp;<\/p>\n<p>&nbsp;<\/p>\n<pre><\/pre>\n<div id=\"gtx-trans\" style=\"position: absolute; left: 408px; top: 1119.89px;\">\n<div class=\"gtx-trans-icon\"><\/div>\n<\/div>\n","protected":false},"excerpt":{"rendered":"<p>La convocat\u00f2ria dels Jocs Florals Escolars de Catalunya s\u2019adre\u00e7a als centres d\u2019educaci\u00f3 prim\u00e0ria i d&#8217;educaci\u00f3 secund\u00e0ria obligat\u00f2ria amb la finalitat d\u2019estimular l\u2019expressi\u00f3 escrita dels alumnes, aprofitant una tradici\u00f3 cultural ben arrelada a Catalunya que molts centres escolars de fet ja celebren als seus municipis o comarques. El Departament d\u2019Educaci\u00f3 convoca els Jocs Florals Escolars de [&hellip;]<\/p>\n","protected":false},"author":1,"featured_media":0,"parent":5401,"menu_order":0,"comment_status":"closed","ping_status":"closed","template":"page-templates\/side-menu.php","meta":{"_bbp_topic_count":0,"_bbp_reply_count":0,"_bbp_total_topic_count":0,"_bbp_total_reply_count":0,"_bbp_voice_count":0,"_bbp_anonymous_reply_count":0,"_bbp_topic_count_hidden":0,"_bbp_reply_count_hidden":0,"_bbp_forum_subforum_count":0,"site-sidebar-layout":"default","site-content-layout":"","ast-site-content-layout":"","site-content-style":"default","site-sidebar-style":"default","ast-global-header-display":"","ast-banner-title-visibility":"","ast-main-header-display":"","ast-hfb-above-header-display":"","ast-hfb-below-header-display":"","ast-hfb-mobile-header-display":"","site-post-title":"","ast-breadcrumbs-content":"","ast-featured-img":"","footer-sml-layout":"","theme-transparent-header-meta":"","adv-header-id-meta":"","stick-header-meta":"","header-above-stick-meta":"","header-main-stick-meta":"","header-below-stick-meta":"","astra-migrate-meta-layouts":"default","ast-page-background-enabled":"default","ast-page-background-meta":{"desktop":{"background-color":"var(--ast-global-color-4)","background-image":"","background-repeat":"repeat","background-position":"center center","background-size":"auto","background-attachment":"scroll","background-type":"","background-media":"","overlay-type":"","overlay-color":"","overlay-opacity":"","overlay-gradient":""},"tablet":{"background-color":"","background-image":"","background-repeat":"repeat","background-position":"center center","background-size":"auto","background-attachment":"scroll","background-type":"","background-media":"","overlay-type":"","overlay-color":"","overlay-opacity":"","overlay-gradient":""},"mobile":{"background-color":"","background-image":"","background-repeat":"repeat","background-position":"center center","background-size":"auto","background-attachment":"scroll","background-type":"","background-media":"","overlay-type":"","overlay-color":"","overlay-opacity":"","overlay-gradient":""}},"ast-content-background-meta":{"desktop":{"background-color":"var(--ast-global-color-5)","background-image":"","background-repeat":"repeat","background-position":"center center","background-size":"auto","background-attachment":"scroll","background-type":"","background-media":"","overlay-type":"","overlay-color":"","overlay-opacity":"","overlay-gradient":""},"tablet":{"background-color":"var(--ast-global-color-5)","background-image":"","background-repeat":"repeat","background-position":"center center","background-size":"auto","background-attachment":"scroll","background-type":"","background-media":"","overlay-type":"","overlay-color":"","overlay-opacity":"","overlay-gradient":""},"mobile":{"background-color":"var(--ast-global-color-5)","background-image":"","background-repeat":"repeat","background-position":"center center","background-size":"auto","background-attachment":"scroll","background-type":"","background-media":"","overlay-type":"","overlay-color":"","overlay-opacity":"","overlay-gradient":""}},"footnotes":""},"class_list":["post-6696","page","type-page","status-publish","hentry"],"post_mailing_queue_ids":[],"_links":{"self":[{"href":"https:\/\/serveiseducatius.xtec.cat\/baixpenedes\/wp-json\/wp\/v2\/pages\/6696","targetHints":{"allow":["GET"]}}],"collection":[{"href":"https:\/\/serveiseducatius.xtec.cat\/baixpenedes\/wp-json\/wp\/v2\/pages"}],"about":[{"href":"https:\/\/serveiseducatius.xtec.cat\/baixpenedes\/wp-json\/wp\/v2\/types\/page"}],"author":[{"embeddable":true,"href":"https:\/\/serveiseducatius.xtec.cat\/baixpenedes\/wp-json\/wp\/v2\/users\/1"}],"replies":[{"embeddable":true,"href":"https:\/\/serveiseducatius.xtec.cat\/baixpenedes\/wp-json\/wp\/v2\/comments?post=6696"}],"version-history":[{"count":4,"href":"https:\/\/serveiseducatius.xtec.cat\/baixpenedes\/wp-json\/wp\/v2\/pages\/6696\/revisions"}],"predecessor-version":[{"id":15195,"href":"https:\/\/serveiseducatius.xtec.cat\/baixpenedes\/wp-json\/wp\/v2\/pages\/6696\/revisions\/15195"}],"up":[{"embeddable":true,"href":"https:\/\/serveiseducatius.xtec.cat\/baixpenedes\/wp-json\/wp\/v2\/pages\/5401"}],"wp:attachment":[{"href":"https:\/\/serveiseducatius.xtec.cat\/baixpenedes\/wp-json\/wp\/v2\/media?parent=6696"}],"curies":[{"name":"wp","href":"https:\/\/api.w.org\/{rel}","templated":true}]}}