{"id":5708,"date":"2016-09-26T12:38:05","date_gmt":"2016-09-26T10:38:05","guid":{"rendered":"http:\/\/serveiseducatius.xtec.cat\/baixpenedes\/?page_id=5708"},"modified":"2022-12-15T10:13:51","modified_gmt":"2022-12-15T09:13:51","slug":"lectura-en-veu-alta","status":"publish","type":"page","link":"https:\/\/serveiseducatius.xtec.cat\/baixpenedes\/dinamitzacio\/lectura-en-veu-alta\/","title":{"rendered":"Certamen de Lectura en veu alta"},"content":{"rendered":"<p lang=\"zxx\"><img loading=\"lazy\" decoding=\"async\" class=\" wp-image-16249 aligncenter\" src=\"https:\/\/serveiseducatius.xtec.cat\/baixpenedes\/wp-content\/uploads\/usu764\/2022\/12\/LECTURA-EN-VEU-ALTA-e1671095188798.png\" alt=\"\" width=\"354\" height=\"132\" \/><\/p>\n<p lang=\"zxx\"><span style=\"font-family: Arial, sans-serif;\"><span style=\"font-size: medium;\">Aquest certamen t\u00e9 com a objectiu incentivar la lectura entre els nois i noies a partir de la lectura en veu alta. La lectura i l\u2019escriptura s\u00f3n considerades eines primordials i b\u00e0siques de la resta d\u2019aprenentatges i, per tant, han de constituir un objectiu d\u2019atenci\u00f3 preferent durant tota l\u2019etapa d\u2019educaci\u00f3 obligat\u00f2ria. La dedicaci\u00f3 espec\u00edfica a activitats de descodificaci\u00f3 lectora no s\u2019haurien de limitar a l\u2019Educaci\u00f3 Prim\u00e0ria, sin\u00f3 que hauria de ser una finalitat que es prolongu\u00e9s al llarg de l\u2019educaci\u00f3 secund\u00e0ria, en la qual les activitats de comprensi\u00f3 lectora haurien de continuar tenint un paper destacat.\u00a0<\/span><\/span><\/p>\n<p lang=\"zxx\">En trobareu m\u00e9s informaci\u00f3 a<\/p>\n<h4 style=\"text-align: center;\"><a href=\"https:\/\/www.lecturaenveualta.cat\/certamen-de-lectura-en-veu-alta-escolar\/\" target=\"_blank\" rel=\"noopener noreferrer\"><strong>Certamen nacional infantil i juvenil de lectura en veu alta<\/strong><\/a><\/h4>\n<p><strong>RECURSOS<\/strong><\/p>\n<div class=\"ast-oembed-container \" style=\"height: 100%;\"><iframe loading=\"lazy\" title=\"10 consells per a una bona lectura en veu alta - Josep Pedrals\" width=\"500\" height=\"281\" src=\"https:\/\/www.youtube.com\/embed\/hKPPh4H6_38?feature=oembed\" frameborder=\"0\" allow=\"accelerometer; autoplay; clipboard-write; encrypted-media; gyroscope; picture-in-picture; web-share\" referrerpolicy=\"strict-origin-when-cross-origin\" allowfullscreen><\/iframe><\/div>\n<h6><a href=\"http:\/\/serveiseducatius.xtec.cat\/baixpenedes\/categoria\/dinamitzacio\/lectura-en-veu-alta\/\" target=\"_blank\" rel=\"noopener noreferrer\">Not\u00edcies referents a certamens anteriors de lectura en veu alta<\/a><\/h6>\n<p>&nbsp;<\/p>\n<table>\n<tbody>\n<tr>\n<td><a href=\"http:\/\/www.eixdiari.cat\/societat\/doc\/62844\/quinze-escoles-del-baix-penedes-participen-al-xii-certamen-de-lectura-en-veu-alta.html\"><img loading=\"lazy\" decoding=\"async\" class=\"aligncenter wp-image-7061 size-medium\" src=\"http:\/\/serveiseducatius.xtec.cat\/baixpenedes\/wp-content\/uploads\/usu764\/2016\/09\/2-300x252.jpg\" alt=\"2\" width=\"300\" height=\"252\" srcset=\"https:\/\/serveiseducatius.xtec.cat\/baixpenedes\/wp-content\/uploads\/usu764\/2016\/09\/2-300x252.jpg 300w, https:\/\/serveiseducatius.xtec.cat\/baixpenedes\/wp-content\/uploads\/usu764\/2016\/09\/2.jpg 539w\" sizes=\"auto, (max-width: 300px) 100vw, 300px\" \/><\/a><\/td>\n<td><a href=\"http:\/\/delcamp.cat\/baixpenedesdiari\/noticia\/438\/quinze-centres-de-la-comarca-participen-al-certamen-de-lectura-en-veu-alta\"><img loading=\"lazy\" decoding=\"async\" class=\"aligncenter wp-image-7063\" src=\"http:\/\/serveiseducatius.xtec.cat\/baixpenedes\/wp-content\/uploads\/usu764\/2016\/09\/3.png\" alt=\"3\" width=\"302\" height=\"256\" \/><\/a><\/td>\n<\/tr>\n<\/tbody>\n<\/table>\n<p><strong>Premsa lectura en veu alta:<\/strong><\/p>\n<table>\n<tbody>\n<tr>\n<td>El 3 de vuit<\/td>\n<td>L&#8217;Opci\u00f3<\/td>\n<td>Diari M\u00e9s<\/td>\n<\/tr>\n<tr>\n<td><a href=\"https:\/\/drive.google.com\/file\/d\/0B6KK-om1jyXraW03cmpHMlVweG8\/view\"><img loading=\"lazy\" decoding=\"async\" class=\"aligncenter size-full wp-image-7065\" src=\"http:\/\/serveiseducatius.xtec.cat\/baixpenedes\/wp-content\/uploads\/usu764\/2016\/09\/3d8.jpeg\" alt=\"3d8\" width=\"48\" height=\"48\" \/><\/a><\/td>\n<td><a href=\"https:\/\/drive.google.com\/file\/d\/0B6KK-om1jyXrOTBZNTNHR2QtbEE\/view\"><img loading=\"lazy\" decoding=\"async\" class=\"aligncenter wp-image-7068\" src=\"http:\/\/serveiseducatius.xtec.cat\/baixpenedes\/wp-content\/uploads\/usu764\/2016\/09\/lopcio-300x96.png\" alt=\"lopcio\" width=\"128\" height=\"41\" srcset=\"https:\/\/serveiseducatius.xtec.cat\/baixpenedes\/wp-content\/uploads\/usu764\/2016\/09\/lopcio-300x96.png 300w, https:\/\/serveiseducatius.xtec.cat\/baixpenedes\/wp-content\/uploads\/usu764\/2016\/09\/lopcio.png 558w\" sizes=\"auto, (max-width: 128px) 100vw, 128px\" \/><\/a><\/td>\n<td><a href=\"https:\/\/drive.google.com\/file\/d\/0B6KK-om1jyXrQmUtb0xaWXB2TE0\/view\"><img loading=\"lazy\" decoding=\"async\" class=\"aligncenter wp-image-7069\" src=\"http:\/\/serveiseducatius.xtec.cat\/baixpenedes\/wp-content\/uploads\/usu764\/2016\/09\/mes-300x155.jpg\" alt=\"mes\" width=\"114\" height=\"59\" srcset=\"https:\/\/serveiseducatius.xtec.cat\/baixpenedes\/wp-content\/uploads\/usu764\/2016\/09\/mes-300x155.jpg 300w, https:\/\/serveiseducatius.xtec.cat\/baixpenedes\/wp-content\/uploads\/usu764\/2016\/09\/mes.jpg 417w\" sizes=\"auto, (max-width: 114px) 100vw, 114px\" \/><\/a><a href=\"http:\/\/serveiseducatius.xtec.cat\/baixpenedes\/wp-content\/uploads\/usu764\/2016\/09\/diarimes.png\"><br \/>\n<\/a><\/td>\n<\/tr>\n<\/tbody>\n<\/table>\n<p>&nbsp;<\/p>\n<p>&nbsp;<\/p>\n<p>&nbsp;<\/p>\n<p>&nbsp;<\/p>\n<p>&nbsp;<\/p>\n<p>&nbsp;<\/p>\n<p>&nbsp;<\/p>\n<p>&nbsp;<\/p>\n<p>&nbsp;<\/p>\n<p>&nbsp;<\/p>\n","protected":false},"excerpt":{"rendered":"<p>Aquest certamen t\u00e9 com a objectiu incentivar la lectura entre els nois i noies a partir de la lectura en veu alta. La lectura i l\u2019escriptura s\u00f3n considerades eines primordials i b\u00e0siques de la resta d\u2019aprenentatges i, per tant, han de constituir un objectiu d\u2019atenci\u00f3 preferent durant tota l\u2019etapa d\u2019educaci\u00f3 obligat\u00f2ria. La dedicaci\u00f3 espec\u00edfica a [&hellip;]<\/p>\n","protected":false},"author":46,"featured_media":0,"parent":5401,"menu_order":0,"comment_status":"closed","ping_status":"closed","template":"page-templates\/side-menu.php","meta":{"_bbp_topic_count":0,"_bbp_reply_count":0,"_bbp_total_topic_count":0,"_bbp_total_reply_count":0,"_bbp_voice_count":0,"_bbp_anonymous_reply_count":0,"_bbp_topic_count_hidden":0,"_bbp_reply_count_hidden":0,"_bbp_forum_subforum_count":0,"site-sidebar-layout":"default","site-content-layout":"","ast-site-content-layout":"","site-content-style":"default","site-sidebar-style":"default","ast-global-header-display":"","ast-banner-title-visibility":"","ast-main-header-display":"","ast-hfb-above-header-display":"","ast-hfb-below-header-display":"","ast-hfb-mobile-header-display":"","site-post-title":"","ast-breadcrumbs-content":"","ast-featured-img":"","footer-sml-layout":"","theme-transparent-header-meta":"","adv-header-id-meta":"","stick-header-meta":"","header-above-stick-meta":"","header-main-stick-meta":"","header-below-stick-meta":"","astra-migrate-meta-layouts":"default","ast-page-background-enabled":"default","ast-page-background-meta":{"desktop":{"background-color":"var(--ast-global-color-4)","background-image":"","background-repeat":"repeat","background-position":"center center","background-size":"auto","background-attachment":"scroll","background-type":"","background-media":"","overlay-type":"","overlay-color":"","overlay-opacity":"","overlay-gradient":""},"tablet":{"background-color":"","background-image":"","background-repeat":"repeat","background-position":"center center","background-size":"auto","background-attachment":"scroll","background-type":"","background-media":"","overlay-type":"","overlay-color":"","overlay-opacity":"","overlay-gradient":""},"mobile":{"background-color":"","background-image":"","background-repeat":"repeat","background-position":"center center","background-size":"auto","background-attachment":"scroll","background-type":"","background-media":"","overlay-type":"","overlay-color":"","overlay-opacity":"","overlay-gradient":""}},"ast-content-background-meta":{"desktop":{"background-color":"var(--ast-global-color-5)","background-image":"","background-repeat":"repeat","background-position":"center center","background-size":"auto","background-attachment":"scroll","background-type":"","background-media":"","overlay-type":"","overlay-color":"","overlay-opacity":"","overlay-gradient":""},"tablet":{"background-color":"var(--ast-global-color-5)","background-image":"","background-repeat":"repeat","background-position":"center center","background-size":"auto","background-attachment":"scroll","background-type":"","background-media":"","overlay-type":"","overlay-color":"","overlay-opacity":"","overlay-gradient":""},"mobile":{"background-color":"var(--ast-global-color-5)","background-image":"","background-repeat":"repeat","background-position":"center center","background-size":"auto","background-attachment":"scroll","background-type":"","background-media":"","overlay-type":"","overlay-color":"","overlay-opacity":"","overlay-gradient":""}},"footnotes":""},"class_list":["post-5708","page","type-page","status-publish","hentry"],"post_mailing_queue_ids":[],"_links":{"self":[{"href":"https:\/\/serveiseducatius.xtec.cat\/baixpenedes\/wp-json\/wp\/v2\/pages\/5708","targetHints":{"allow":["GET"]}}],"collection":[{"href":"https:\/\/serveiseducatius.xtec.cat\/baixpenedes\/wp-json\/wp\/v2\/pages"}],"about":[{"href":"https:\/\/serveiseducatius.xtec.cat\/baixpenedes\/wp-json\/wp\/v2\/types\/page"}],"author":[{"embeddable":true,"href":"https:\/\/serveiseducatius.xtec.cat\/baixpenedes\/wp-json\/wp\/v2\/users\/46"}],"replies":[{"embeddable":true,"href":"https:\/\/serveiseducatius.xtec.cat\/baixpenedes\/wp-json\/wp\/v2\/comments?post=5708"}],"version-history":[{"count":5,"href":"https:\/\/serveiseducatius.xtec.cat\/baixpenedes\/wp-json\/wp\/v2\/pages\/5708\/revisions"}],"predecessor-version":[{"id":16253,"href":"https:\/\/serveiseducatius.xtec.cat\/baixpenedes\/wp-json\/wp\/v2\/pages\/5708\/revisions\/16253"}],"up":[{"embeddable":true,"href":"https:\/\/serveiseducatius.xtec.cat\/baixpenedes\/wp-json\/wp\/v2\/pages\/5401"}],"wp:attachment":[{"href":"https:\/\/serveiseducatius.xtec.cat\/baixpenedes\/wp-json\/wp\/v2\/media?parent=5708"}],"curies":[{"name":"wp","href":"https:\/\/api.w.org\/{rel}","templated":true}]}}