{"id":5642,"date":"2016-09-24T23:37:34","date_gmt":"2016-09-24T21:37:34","guid":{"rendered":"http:\/\/serveiseducatius.xtec.cat\/baixpenedes\/?page_id=5642"},"modified":"2025-09-30T15:18:55","modified_gmt":"2025-09-30T13:18:55","slug":"recursos-prestec","status":"publish","type":"page","link":"https:\/\/serveiseducatius.xtec.cat\/baixpenedes\/recursos\/recursos-prestec\/","title":{"rendered":"CAT\u00c0LEG PR\u00c9STEC ALS CENTRES"},"content":{"rendered":"<div id=\"text-29\" class=\"widget widget_text\">\n<h4 class=\"widgettitle\"><\/h4>\n<p>Entreu al conjunt de materials de lectura, multim\u00e8dia o manipulatius per a treballar a l&#8217;aula amb alumnat d&#8217;educaci\u00f3 infantil, prim\u00e0ria, secund\u00e0ria o postobligat\u00f2ria. Estan organitzats en diferents col.leccions com podreu comprovar en accedir al nostre <span style=\"text-decoration: underline;\"><a href=\"https:\/\/sites.google.com\/xtec.cat\/crpbp-recursos-prestec\"><strong>Cat\u00e0leg de Recursos<\/strong><\/a><\/span><\/p>\n<\/div>\n<div id=\"text-29\" class=\"widget widget_text\">\n<p><span style=\"background-color: #ffffff;\"><strong>Consulteu les normes d&#8217;\u00fas, la informaci\u00f3 dels recursos i el proc\u00e9s de demanda via <span style=\"text-decoration: underline;\"><a href=\"https:\/\/sites.google.com\/xtec.cat\/crpbp-recursos-prestec\/demanda-pr%C3%A9stec\">FORMULARI<\/a><\/span>.<\/strong><\/span><\/p>\n<p><span style=\"background-color: #ffffff;\"><strong> I si necessiteu aclarir algun dubte sobre el pr\u00e9stec, poseu-vos en contacte amb nosaltres:\u00a0<\/strong><\/span><\/p>\n<\/div>\n<div id=\"text-34\" class=\"widget widget_text\">\n<div class=\"textwidget\">\n<p><i class=\"fa fa-phone\"><\/i><img loading=\"lazy\" decoding=\"async\" class=\"wp-image-19201 alignright\" src=\"https:\/\/serveiseducatius.xtec.cat\/baixpenedes\/wp-content\/uploads\/usu764\/2024\/10\/prestec.png\" alt=\"\" width=\"252\" height=\"357\" srcset=\"https:\/\/serveiseducatius.xtec.cat\/baixpenedes\/wp-content\/uploads\/usu764\/2024\/10\/prestec.png 454w, https:\/\/serveiseducatius.xtec.cat\/baixpenedes\/wp-content\/uploads\/usu764\/2024\/10\/prestec-211x300.png 211w\" sizes=\"auto, (max-width: 252px) 100vw, 252px\" \/>977 66 33 60 (<strong>extensi\u00f3 2<\/strong>)<br \/>\ncrp-baixpenedes@xtec.cat<\/p>\n<p>&nbsp;<\/p>\n<\/div>\n<\/div>\n","protected":false},"excerpt":{"rendered":"<p>Entreu al conjunt de materials de lectura, multim\u00e8dia o manipulatius per a treballar a l&#8217;aula amb alumnat d&#8217;educaci\u00f3 infantil, prim\u00e0ria, secund\u00e0ria o postobligat\u00f2ria. Estan organitzats en diferents col.leccions com podreu comprovar en accedir al nostre Cat\u00e0leg de Recursos Consulteu les normes d&#8217;\u00fas, la informaci\u00f3 dels recursos i el proc\u00e9s de demanda via FORMULARI. I si [&hellip;]<\/p>\n","protected":false},"author":1,"featured_media":0,"parent":2216,"menu_order":0,"comment_status":"closed","ping_status":"closed","template":"page-templates\/side-menu.php","meta":{"_bbp_topic_count":0,"_bbp_reply_count":0,"_bbp_total_topic_count":0,"_bbp_total_reply_count":0,"_bbp_voice_count":0,"_bbp_anonymous_reply_count":0,"_bbp_topic_count_hidden":0,"_bbp_reply_count_hidden":0,"_bbp_forum_subforum_count":0,"site-sidebar-layout":"default","site-content-layout":"","ast-site-content-layout":"","site-content-style":"default","site-sidebar-style":"default","ast-global-header-display":"","ast-banner-title-visibility":"","ast-main-header-display":"","ast-hfb-above-header-display":"","ast-hfb-below-header-display":"","ast-hfb-mobile-header-display":"","site-post-title":"","ast-breadcrumbs-content":"","ast-featured-img":"","footer-sml-layout":"","theme-transparent-header-meta":"","adv-header-id-meta":"","stick-header-meta":"","header-above-stick-meta":"","header-main-stick-meta":"","header-below-stick-meta":"","astra-migrate-meta-layouts":"default","ast-page-background-enabled":"default","ast-page-background-meta":{"desktop":{"background-color":"var(--ast-global-color-4)","background-image":"","background-repeat":"repeat","background-position":"center center","background-size":"auto","background-attachment":"scroll","background-type":"","background-media":"","overlay-type":"","overlay-color":"","overlay-opacity":"","overlay-gradient":""},"tablet":{"background-color":"","background-image":"","background-repeat":"repeat","background-position":"center center","background-size":"auto","background-attachment":"scroll","background-type":"","background-media":"","overlay-type":"","overlay-color":"","overlay-opacity":"","overlay-gradient":""},"mobile":{"background-color":"","background-image":"","background-repeat":"repeat","background-position":"center center","background-size":"auto","background-attachment":"scroll","background-type":"","background-media":"","overlay-type":"","overlay-color":"","overlay-opacity":"","overlay-gradient":""}},"ast-content-background-meta":{"desktop":{"background-color":"var(--ast-global-color-5)","background-image":"","background-repeat":"repeat","background-position":"center center","background-size":"auto","background-attachment":"scroll","background-type":"","background-media":"","overlay-type":"","overlay-color":"","overlay-opacity":"","overlay-gradient":""},"tablet":{"background-color":"var(--ast-global-color-5)","background-image":"","background-repeat":"repeat","background-position":"center center","background-size":"auto","background-attachment":"scroll","background-type":"","background-media":"","overlay-type":"","overlay-color":"","overlay-opacity":"","overlay-gradient":""},"mobile":{"background-color":"var(--ast-global-color-5)","background-image":"","background-repeat":"repeat","background-position":"center center","background-size":"auto","background-attachment":"scroll","background-type":"","background-media":"","overlay-type":"","overlay-color":"","overlay-opacity":"","overlay-gradient":""}},"footnotes":""},"class_list":["post-5642","page","type-page","status-publish","hentry"],"post_mailing_queue_ids":[],"_links":{"self":[{"href":"https:\/\/serveiseducatius.xtec.cat\/baixpenedes\/wp-json\/wp\/v2\/pages\/5642","targetHints":{"allow":["GET"]}}],"collection":[{"href":"https:\/\/serveiseducatius.xtec.cat\/baixpenedes\/wp-json\/wp\/v2\/pages"}],"about":[{"href":"https:\/\/serveiseducatius.xtec.cat\/baixpenedes\/wp-json\/wp\/v2\/types\/page"}],"author":[{"embeddable":true,"href":"https:\/\/serveiseducatius.xtec.cat\/baixpenedes\/wp-json\/wp\/v2\/users\/1"}],"replies":[{"embeddable":true,"href":"https:\/\/serveiseducatius.xtec.cat\/baixpenedes\/wp-json\/wp\/v2\/comments?post=5642"}],"version-history":[{"count":8,"href":"https:\/\/serveiseducatius.xtec.cat\/baixpenedes\/wp-json\/wp\/v2\/pages\/5642\/revisions"}],"predecessor-version":[{"id":21069,"href":"https:\/\/serveiseducatius.xtec.cat\/baixpenedes\/wp-json\/wp\/v2\/pages\/5642\/revisions\/21069"}],"up":[{"embeddable":true,"href":"https:\/\/serveiseducatius.xtec.cat\/baixpenedes\/wp-json\/wp\/v2\/pages\/2216"}],"wp:attachment":[{"href":"https:\/\/serveiseducatius.xtec.cat\/baixpenedes\/wp-json\/wp\/v2\/media?parent=5642"}],"curies":[{"name":"wp","href":"https:\/\/api.w.org\/{rel}","templated":true}]}}