{"id":55,"date":"2014-09-17T16:59:49","date_gmt":"2014-09-17T16:59:49","guid":{"rendered":"http:\/\/agora.xtec.cat\/formacio\/form021\/?page_id=55"},"modified":"2025-09-03T11:56:52","modified_gmt":"2025-09-03T09:56:52","slug":"horaris","status":"publish","type":"page","link":"https:\/\/serveiseducatius.xtec.cat\/baixpenedes\/serveieducatiu\/horaris\/","title":{"rendered":"Horaris atenci\u00f3 i adreces electr\u00f2niques de contacte"},"content":{"rendered":"<h4>Servei Educatiu del Baix Pened\u00e8s<\/h4>\n<p style=\"text-align: left; font-size: 18px; color: black;\"><strong>Tel\u00e8fon 977 66 33 60 (<a href=\"https:\/\/serveiseducatius.xtec.cat\/baixpenedes\/serveieducatiu\/extensions\/\">consulteu aqu\u00ed les extensions dels professionals del Servei Educatiu<\/a>)<\/strong><\/p>\n<p style=\"text-align: left; font-size: 18px; color: black;\"><strong>Horari d&#8217;atenci\u00f3 del Servei Educatiu del Baix Pened\u00e8s \u00e9s de dilluns a divendres de 11:00 a 14:00 i de 15:00 a 17:00. <\/strong><strong>Divendres a la tarda l&#8217;atenci\u00f3 \u00e9s amb cita pr\u00e8via. <\/strong><strong style=\"font-family: inherit;\">Durant la jornada intensiva (del juny fins al 15 de juliol i primers dies de setembre) l&#8217;atenci\u00f3 al p\u00fablic es realitzar\u00e0 nom\u00e9s en horari de mat\u00ed d&#8217;11-14h.\u00a0\u00a0<\/strong><\/p>\n<h4><\/h4>\n<h4>Centre de recursos pedag\u00f2gics (CRP)<\/h4>\n<p>Horari d&#8217;atenci\u00f3 telef\u00f2nica i presencial.<\/p>\n<p><strong>De dilluns a divendres de 11h a 14h. De dilluns a dijous de 15h a 17h.<\/strong><\/p>\n<p><strong>Divendres a la tarda amb cita pr\u00e8via.\u00a0<\/strong><\/p>\n<p>Per a concertar reunions podeu adre\u00e7ar-vos al tel\u00e8fon <strong>977663360<\/strong> o a l&#8217;adre\u00e7a <strong>e3990104@xtec.cat <\/strong>o<strong> crp-baixpenedes@xtec.cat<\/strong><\/p>\n<p>&nbsp;<\/p>\n<h4>Equip d&#8217;Assessorament Psicopedag\u00f2gic (EAP)<\/h4>\n<div><\/div>\n<div><strong>\u00a0<span style=\"font-family: inherit; font-size: 1em;\">Les demandes a l&#8217;EAP es realitzen a trav\u00e9s de l&#8217;escola de refer\u00e8ncia de cada professional.<\/span><\/strong><\/div>\n<div><\/div>\n<ul>\n<li><strong>PSICOPEDAGOGS\/GUES<\/strong>: Cal concertar la visita pr\u00e8viament.<\/li>\n<li><strong>TREBALLADORES SOCIALS <\/strong>Cal concertar la visita pr\u00e8viament.<\/li>\n<li><strong>FISOTERAPEUTES <\/strong>Cal concertar la visita pr\u00e8viament.<\/li>\n<\/ul>\n<p><strong>Les visites s&#8217;han de sol\u00b7licitar preferentment per correu electr\u00f2nic<\/strong> a <strong>eap-baixpenedes@xtec.cat\u00a0<\/strong> o a <strong>e3907123@xtec.cat<\/strong> indicant el nom del\/la professional amb qui voleu parlar o el nom de l&#8217;escola\/institut de l&#8217;alumne.<\/p>\n<p>Tamb\u00e9 podeu trucar per tel\u00e8fon <strong>977663360<\/strong> marcant l&#8217;extensi\u00f3 de cada professional en horari de dilluns de 15-17h i dimecres de 12:00 a 14:00.<\/p>\n<p>&nbsp;<\/p>\n<p><span style=\"font-size: 1.4375em; color: #339966;\">Equip de llengua, interculturalitat i cohesi\u00f3 social (ELIC)<\/span><\/p>\n<p>Cal concertar la visita pr\u00e8viament al tel\u00e8fon <strong>977663360<\/strong> o a l&#8217;adre\u00e7a electr\u00f2nica:<a href=\"mailto:elic-baixpenedes@xtec.cat\" target=\"_blank\" rel=\"noopener\">elic-baixpenedes@xtec.cat<\/a><\/p>\n<p>&nbsp;<\/p>\n<h4>Centre de recursos per a deficients auditius (CREDA)<\/h4>\n<p>Cal concertar cita pr\u00e8via a l&#8217;adre\u00e7a electr\u00f2nica: <strong>creda-tarragona@xtec.cat<\/strong><\/p>\n<p>&nbsp;<\/p>\n<h4>Inspecci\u00f3<\/h4>\n<p>Cal concertar cita pr\u00e8via al tel\u00e8fon <strong>977663360<\/strong>. L&#8217;horari d&#8217;atenci\u00f3 per demanar cita per inspecci\u00f3 \u00e9s <strong>dimarts i dijous de 11:00 a 14:00 i de 15:00 a 17:00<\/strong>.<\/p>\n","protected":false},"excerpt":{"rendered":"<p>Servei Educatiu del Baix Pened\u00e8s Tel\u00e8fon 977 66 33 60 (consulteu aqu\u00ed les extensions dels professionals del Servei Educatiu) Horari d&#8217;atenci\u00f3 del Servei Educatiu del Baix Pened\u00e8s \u00e9s de dilluns a divendres de 11:00 a 14:00 i de 15:00 a 17:00. Divendres a la tarda l&#8217;atenci\u00f3 \u00e9s amb cita pr\u00e8via. Durant la jornada intensiva (del [&hellip;]<\/p>\n","protected":false},"author":1,"featured_media":0,"parent":19,"menu_order":5,"comment_status":"closed","ping_status":"closed","template":"page-templates\/side-menu.php","meta":{"_bbp_topic_count":0,"_bbp_reply_count":0,"_bbp_total_topic_count":0,"_bbp_total_reply_count":0,"_bbp_voice_count":0,"_bbp_anonymous_reply_count":0,"_bbp_topic_count_hidden":0,"_bbp_reply_count_hidden":0,"_bbp_forum_subforum_count":0,"site-sidebar-layout":"default","site-content-layout":"","ast-site-content-layout":"","site-content-style":"default","site-sidebar-style":"default","ast-global-header-display":"","ast-banner-title-visibility":"","ast-main-header-display":"","ast-hfb-above-header-display":"","ast-hfb-below-header-display":"","ast-hfb-mobile-header-display":"","site-post-title":"","ast-breadcrumbs-content":"","ast-featured-img":"","footer-sml-layout":"","theme-transparent-header-meta":"","adv-header-id-meta":"","stick-header-meta":"","header-above-stick-meta":"","header-main-stick-meta":"","header-below-stick-meta":"","astra-migrate-meta-layouts":"default","ast-page-background-enabled":"default","ast-page-background-meta":{"desktop":{"background-color":"var(--ast-global-color-4)","background-image":"","background-repeat":"repeat","background-position":"center center","background-size":"auto","background-attachment":"scroll","background-type":"","background-media":"","overlay-type":"","overlay-color":"","overlay-opacity":"","overlay-gradient":""},"tablet":{"background-color":"","background-image":"","background-repeat":"repeat","background-position":"center center","background-size":"auto","background-attachment":"scroll","background-type":"","background-media":"","overlay-type":"","overlay-color":"","overlay-opacity":"","overlay-gradient":""},"mobile":{"background-color":"","background-image":"","background-repeat":"repeat","background-position":"center center","background-size":"auto","background-attachment":"scroll","background-type":"","background-media":"","overlay-type":"","overlay-color":"","overlay-opacity":"","overlay-gradient":""}},"ast-content-background-meta":{"desktop":{"background-color":"var(--ast-global-color-5)","background-image":"","background-repeat":"repeat","background-position":"center center","background-size":"auto","background-attachment":"scroll","background-type":"","background-media":"","overlay-type":"","overlay-color":"","overlay-opacity":"","overlay-gradient":""},"tablet":{"background-color":"var(--ast-global-color-5)","background-image":"","background-repeat":"repeat","background-position":"center center","background-size":"auto","background-attachment":"scroll","background-type":"","background-media":"","overlay-type":"","overlay-color":"","overlay-opacity":"","overlay-gradient":""},"mobile":{"background-color":"var(--ast-global-color-5)","background-image":"","background-repeat":"repeat","background-position":"center center","background-size":"auto","background-attachment":"scroll","background-type":"","background-media":"","overlay-type":"","overlay-color":"","overlay-opacity":"","overlay-gradient":""}},"footnotes":""},"class_list":["post-55","page","type-page","status-publish","hentry"],"post_mailing_queue_ids":[],"_links":{"self":[{"href":"https:\/\/serveiseducatius.xtec.cat\/baixpenedes\/wp-json\/wp\/v2\/pages\/55","targetHints":{"allow":["GET"]}}],"collection":[{"href":"https:\/\/serveiseducatius.xtec.cat\/baixpenedes\/wp-json\/wp\/v2\/pages"}],"about":[{"href":"https:\/\/serveiseducatius.xtec.cat\/baixpenedes\/wp-json\/wp\/v2\/types\/page"}],"author":[{"embeddable":true,"href":"https:\/\/serveiseducatius.xtec.cat\/baixpenedes\/wp-json\/wp\/v2\/users\/1"}],"replies":[{"embeddable":true,"href":"https:\/\/serveiseducatius.xtec.cat\/baixpenedes\/wp-json\/wp\/v2\/comments?post=55"}],"version-history":[{"count":8,"href":"https:\/\/serveiseducatius.xtec.cat\/baixpenedes\/wp-json\/wp\/v2\/pages\/55\/revisions"}],"predecessor-version":[{"id":2308,"href":"https:\/\/serveiseducatius.xtec.cat\/baixpenedes\/wp-json\/wp\/v2\/pages\/55\/revisions\/2308"}],"up":[{"embeddable":true,"href":"https:\/\/serveiseducatius.xtec.cat\/baixpenedes\/wp-json\/wp\/v2\/pages\/19"}],"wp:attachment":[{"href":"https:\/\/serveiseducatius.xtec.cat\/baixpenedes\/wp-json\/wp\/v2\/media?parent=55"}],"curies":[{"name":"wp","href":"https:\/\/api.w.org\/{rel}","templated":true}]}}