{"id":5401,"date":"2016-09-14T15:36:24","date_gmt":"2016-09-14T14:36:24","guid":{"rendered":"http:\/\/serveiseducatius.xtec.cat\/baixpenedes\/?page_id=5401"},"modified":"2023-12-04T17:31:51","modified_gmt":"2023-12-04T16:31:51","slug":"dinamitzacio","status":"publish","type":"page","link":"https:\/\/serveiseducatius.xtec.cat\/baixpenedes\/dinamitzacio\/","title":{"rendered":"DINAMITZACI\u00d3"},"content":{"rendered":"<p><strong>Dinamitzaci\u00f3 d&#8217;activitats pels centres educatius<\/strong><\/p>\n<p>En aquesta secci\u00f3 trobareu totes les activitats, programes, concursos, etc. que es desenvolupen en l\u2019\u00e0mbit local, comarcal, provincial o de tot el territori de Catalunya i en els que participen diferents centres de la comarca del Baix Pened\u00e8s com ara:<\/p>\n<p><a href=\"https:\/\/serveiseducatius.xtec.cat\/baixpenedes\/dinamitzacio\/apadrinem-el-nostre-patrimoni\/\">Apadrinem el nostre patrimoni<\/a><\/p>\n<p><a href=\"https:\/\/serveiseducatius.xtec.cat\/baixpenedes\/dinamitzacio\/ara-escric\/\">araESCRIC<\/a><\/p>\n<p><a href=\"https:\/\/serveiseducatius.xtec.cat\/baixpenedes\/categoria\/dinamitzacio\/biblioteques-escolars-del-baix-penedes\/\">BIBLIOTEQUES ESCOLARS<\/a><\/p>\n<p><a href=\"https:\/\/serveiseducatius.xtec.cat\/baixpenedes\/dinamitzacio\/bloc-daccions-formatives-territorials\/\">Blocs d&#8217;accions formatives territorials<\/a><\/p>\n<p><a href=\"https:\/\/serveiseducatius.xtec.cat\/baixpenedes\/dinamitzacio\/setmana-de-la-ciencia\/\">Dia de la Ci\u00e8ncia<\/a><\/p>\n<p><a href=\"https:\/\/serveiseducatius.xtec.cat\/baixpenedes\/categoria\/dinamitzacio\/escoles-verdes\/\">ESCOLES VERDES<\/a><\/p>\n<p><a href=\"https:\/\/serveiseducatius.xtec.cat\/baixpenedes\/dinamitzacio\/fem-bullir-les-mates\/\">Fem bullir les mates<\/a><\/p>\n<p><a href=\"https:\/\/serveiseducatius.xtec.cat\/baixpenedes\/categoria\/dinamitzacio\/festival-teatre-infantil\/\">FESTIVAL DE TEATRE INFANTIL I JUVENIL DEL BAIX PENED\u00c8S<\/a><\/p>\n<p><a href=\"https:\/\/serveiseducatius.xtec.cat\/baixpenedes\/dinamitzacio\/impuls-de-la-lectura\/\">Impuls de la lectura<\/a><\/p>\n<p><a href=\"https:\/\/serveiseducatius.xtec.cat\/baixpenedes\/dinamitzacio\/itineraris-pel-baix-penedes\/\">Itineraris pel Baix Pened\u00e8s<\/a><\/p>\n<p><a href=\"https:\/\/serveiseducatius.xtec.cat\/baixpenedes\/categoria\/dinamitzacio\/jocs-florals\/\">JOCS FLORALS ESCOLARS DE CATALUNYA<\/a><\/p>\n<p><a href=\"https:\/\/serveiseducatius.xtec.cat\/baixpenedes\/dinamitzacio\/jornades-i-activitats-tac\/\">Jornades i activitats TAC<\/a><\/p>\n<p><a href=\"https:\/\/serveiseducatius.xtec.cat\/baixpenedes\/dinamitzacio\/lectura-en-veu-alta\/\">Lectura en veu alta<\/a><\/p>\n<p><a href=\"https:\/\/serveiseducatius.xtec.cat\/baixpenedes\/dinamitzacio\/medutarraco\/\">mEduTarraco<\/a><\/p>\n<p><a href=\"https:\/\/serveiseducatius.xtec.cat\/baixpenedes\/categoria\/dinamitzacio\/portem-la-ciencia-al-carrer\/\">PORTEM LA CI\u00c8NCIA AL CARRER<\/a><\/p>\n<p><a href=\"https:\/\/serveiseducatius.xtec.cat\/baixpenedes\/categoria\/dinamitzacio\/proves-cangur\/\">PROVES CANGUR<\/a><\/p>\n<p><a href=\"https:\/\/serveiseducatius.xtec.cat\/baixpenedes\/dinamitzacio\/programacio-i-robotica-didactica\/\">Programaci\u00f3 i rob\u00f2tica did\u00e0ctica<\/a><\/p>\n<p><a href=\"https:\/\/serveiseducatius.xtec.cat\/baixpenedes\/categoria\/dinamitzacio\/servei-comunitari\/\">SERVEI COMUNITARI<\/a><\/p>\n<p><a href=\"https:\/\/serveiseducatius.xtec.cat\/baixpenedes\/categoria\/dinamitzacio\/tlap\/\">TENIM LA PARAULA<\/a><\/p>\n<p><a href=\"https:\/\/serveiseducatius.xtec.cat\/baixpenedes\/dinamitzacio\/xarxa-competencies-basiques\/\">XARXA DE COMPET\u00c8NCIES B\u00c0SIQUES<\/a><\/p>\n<p>&nbsp;<\/p>\n<p>&nbsp;<\/p>\n<p>&nbsp;<\/p>\n<p>&nbsp;<\/p>\n<p>&nbsp;<\/p>\n","protected":false},"excerpt":{"rendered":"<p>Dinamitzaci\u00f3 d&#8217;activitats pels centres educatius En aquesta secci\u00f3 trobareu totes les activitats, programes, concursos, etc. que es desenvolupen en l\u2019\u00e0mbit local, comarcal, provincial o de tot el territori de Catalunya i en els que participen diferents centres de la comarca del Baix Pened\u00e8s com ara: Apadrinem el nostre patrimoni araESCRIC BIBLIOTEQUES ESCOLARS Blocs d&#8217;accions formatives [&hellip;]<\/p>\n","protected":false},"author":46,"featured_media":0,"parent":0,"menu_order":0,"comment_status":"closed","ping_status":"closed","template":"page-templates\/side-menu.php","meta":{"_bbp_topic_count":0,"_bbp_reply_count":0,"_bbp_total_topic_count":0,"_bbp_total_reply_count":0,"_bbp_voice_count":0,"_bbp_anonymous_reply_count":0,"_bbp_topic_count_hidden":0,"_bbp_reply_count_hidden":0,"_bbp_forum_subforum_count":0,"site-sidebar-layout":"default","site-content-layout":"","ast-site-content-layout":"","site-content-style":"default","site-sidebar-style":"default","ast-global-header-display":"","ast-banner-title-visibility":"","ast-main-header-display":"","ast-hfb-above-header-display":"","ast-hfb-below-header-display":"","ast-hfb-mobile-header-display":"","site-post-title":"","ast-breadcrumbs-content":"","ast-featured-img":"","footer-sml-layout":"","theme-transparent-header-meta":"","adv-header-id-meta":"","stick-header-meta":"","header-above-stick-meta":"","header-main-stick-meta":"","header-below-stick-meta":"","astra-migrate-meta-layouts":"default","ast-page-background-enabled":"default","ast-page-background-meta":{"desktop":{"background-color":"var(--ast-global-color-4)","background-image":"","background-repeat":"repeat","background-position":"center center","background-size":"auto","background-attachment":"scroll","background-type":"","background-media":"","overlay-type":"","overlay-color":"","overlay-opacity":"","overlay-gradient":""},"tablet":{"background-color":"","background-image":"","background-repeat":"repeat","background-position":"center center","background-size":"auto","background-attachment":"scroll","background-type":"","background-media":"","overlay-type":"","overlay-color":"","overlay-opacity":"","overlay-gradient":""},"mobile":{"background-color":"","background-image":"","background-repeat":"repeat","background-position":"center center","background-size":"auto","background-attachment":"scroll","background-type":"","background-media":"","overlay-type":"","overlay-color":"","overlay-opacity":"","overlay-gradient":""}},"ast-content-background-meta":{"desktop":{"background-color":"var(--ast-global-color-5)","background-image":"","background-repeat":"repeat","background-position":"center center","background-size":"auto","background-attachment":"scroll","background-type":"","background-media":"","overlay-type":"","overlay-color":"","overlay-opacity":"","overlay-gradient":""},"tablet":{"background-color":"var(--ast-global-color-5)","background-image":"","background-repeat":"repeat","background-position":"center center","background-size":"auto","background-attachment":"scroll","background-type":"","background-media":"","overlay-type":"","overlay-color":"","overlay-opacity":"","overlay-gradient":""},"mobile":{"background-color":"var(--ast-global-color-5)","background-image":"","background-repeat":"repeat","background-position":"center center","background-size":"auto","background-attachment":"scroll","background-type":"","background-media":"","overlay-type":"","overlay-color":"","overlay-opacity":"","overlay-gradient":""}},"footnotes":""},"class_list":["post-5401","page","type-page","status-publish","hentry"],"post_mailing_queue_ids":[],"_links":{"self":[{"href":"https:\/\/serveiseducatius.xtec.cat\/baixpenedes\/wp-json\/wp\/v2\/pages\/5401","targetHints":{"allow":["GET"]}}],"collection":[{"href":"https:\/\/serveiseducatius.xtec.cat\/baixpenedes\/wp-json\/wp\/v2\/pages"}],"about":[{"href":"https:\/\/serveiseducatius.xtec.cat\/baixpenedes\/wp-json\/wp\/v2\/types\/page"}],"author":[{"embeddable":true,"href":"https:\/\/serveiseducatius.xtec.cat\/baixpenedes\/wp-json\/wp\/v2\/users\/46"}],"replies":[{"embeddable":true,"href":"https:\/\/serveiseducatius.xtec.cat\/baixpenedes\/wp-json\/wp\/v2\/comments?post=5401"}],"version-history":[{"count":6,"href":"https:\/\/serveiseducatius.xtec.cat\/baixpenedes\/wp-json\/wp\/v2\/pages\/5401\/revisions"}],"predecessor-version":[{"id":17977,"href":"https:\/\/serveiseducatius.xtec.cat\/baixpenedes\/wp-json\/wp\/v2\/pages\/5401\/revisions\/17977"}],"wp:attachment":[{"href":"https:\/\/serveiseducatius.xtec.cat\/baixpenedes\/wp-json\/wp\/v2\/media?parent=5401"}],"curies":[{"name":"wp","href":"https:\/\/api.w.org\/{rel}","templated":true}]}}